{"id":1010,"date":"2022-09-05T09:50:05","date_gmt":"2022-09-05T07:50:05","guid":{"rendered":"https:\/\/campingprovencale.com\/unterkuenfte\/"},"modified":"2025-12-10T15:15:53","modified_gmt":"2025-12-10T14:15:53","slug":"unterkuenfte","status":"publish","type":"page","link":"https:\/\/campingprovencale.com\/de\/unterkuenfte\/","title":{"rendered":". Location DE"},"content":{"rendered":"\n<div class=\"wp-block-cover alignfull\"><span aria-hidden=\"true\" class=\"wp-block-cover__gradient-background has-background-dim\"><\/span><img width=\"2560\" height=\"1920\" class=\"wp-block-cover__image-background wp-image-1958\" alt=\"Mobil-home de notre camping proche du ch\u00e2teau de Mandelieu la Napoule\" src=\"https:\/\/campingprovencale.com\/wp-content\/uploads\/2023\/07\/20230701_104350-scaled.jpg\" style=\"object-position:46% 73%\" data-object-fit=\"cover\" data-object-position=\"46% 73%\" srcset=\"https:\/\/campingprovencale.com\/wp-content\/uploads\/2023\/07\/20230701_104350-scaled.jpg 2560w, https:\/\/campingprovencale.com\/wp-content\/uploads\/2023\/07\/20230701_104350-300x225.jpg 300w, https:\/\/campingprovencale.com\/wp-content\/uploads\/2023\/07\/20230701_104350-1024x768.jpg 1024w, https:\/\/campingprovencale.com\/wp-content\/uploads\/2023\/07\/20230701_104350-768x576.jpg 768w, https:\/\/campingprovencale.com\/wp-content\/uploads\/2023\/07\/20230701_104350-1536x1152.jpg 1536w, https:\/\/campingprovencale.com\/wp-content\/uploads\/2023\/07\/20230701_104350-2048x1536.jpg 2048w\" sizes=\"(max-width: 2560px) 100vw, 2560px\" \/><div class=\"wp-block-cover__inner-container\">\n<ul class=\"pictos has-white-color has-text-color\"><li><i class=\"fal fa-house-tree\"><\/i>  Ferienwohnung<\/li><li><i class=\"fal fa-sun\"><\/i>  Urlaub an der C\u00f4te d&#8217;Azur<\/li><li><i class=\"fal fa-stars\"><\/i>  Komfort-Campingplatz<\/li><\/ul>\n<\/div><\/div>\n\n\n<ctv-searchbar><\/ctv-searchbar>\n\n\n\n<h1 class=\"has-text-align-center\" id=\"notre-offre-exceptionnelle-d-hebergements-camping-cannes-1\">Ferienwohnung in Mandelieu la Napoule, Cote d&#8217;Azur<\/h1>\n\n\n\n<p>Unser <strong>Campingplatz in Mandelieu la Napoule, in der N\u00e4he von Cannes<\/strong>, bietet Ihnen die Vermietung von Mobilheim, H\u00fctte und Loggia f\u00fcr einen Urlaub mit allem Komfort an der C\u00f4te d&#8217;Azur. Unsere <strong>Unterk\u00fcnfte <\/strong>bieten Platz f\u00fcr 2 bis 6 Personen und haben eine Fl\u00e4che von 20 bis 34 m\u00b2.<\/p>\n\n\n\n<p class=\"has-text-align-left\">Unser <strong>4-Sterne-Campingplatz an der C\u00f4te d&#8217;Azur<\/strong> bietet Ihnen eine gro\u00dfe Auswahl an Mietunterk\u00fcnften, die auf Ihre Bed\u00fcrfnisse und Ihr Budget zugeschnitten sind. Nutzen Sie alle verf\u00fcgbaren Annehmlichkeiten dieser komfortablen und auf Ihre Bed\u00fcrfnisse zugeschnittenen Modelle f\u00fcr einen gelungenen Familienurlaub in <strong>S\u00fcdfrankreich <\/strong>in der <strong>N\u00e4he des Mittelmeers<\/strong>.<\/p>\n\n\n\n<div style=\"height:42px\" aria-hidden=\"true\" class=\"wp-block-spacer\"><\/div>\n\n\n\n<h2 id=\"decouvrir-nos-mobil-homes-et-chalets-de-cannes\">Ferienunterk\u00fcnfte in Mobilheimen, Bungalows, Loggia und H\u00fctte in Mandelieu la Napoule<\/h2>\n\n\n\n<p>Unter unseren zahlreichen Mietobjekten bieten wir verschiedene Arten von Unterk\u00fcnften mit allem Komfort und 4-Sterne-Service. W\u00e4hlen Sie das f\u00fcr Sie passende Feriendomizil in der N\u00e4he von Cannes an der Riviera. Unsere Mietunterk\u00fcnfte bestehen aus 1 bis 3 separaten Schlafzimmern, einem Badezimmer mit separatem WC, einer voll ausgestatteten K\u00fcche mit Geschirr, einem Wohnzimmer und einer halb\u00fcberdachten Terrasse mit Gartenm\u00f6beln.<\/p>\n\n\n\n<p>Ein Aufenthalt in einer Ferienunterkunft auf einem <a href=\"https:\/\/campingprovencale.com\/de\/campingplatz-bei-cannes\/\" data-type=\"page\" data-id=\"2593\">Campingplatz in der N\u00e4he von Cannes <\/a>ist ideal, um Ihren Familienurlaub an der <strong>Riviera <\/strong>zu genie\u00dfen. Genie\u00dfen Sie den Komfort, die Natur und die Aktivit\u00e4ten f\u00fcr Kinder in unserer sch\u00f6nen R<strong>egion in S\u00fcdfrankreich<\/strong>.<\/p>\n\n\n\n<p>Unter unseren zahlreichen Ferienh\u00e4usern bieten wir verschiedene Arten von Unterk\u00fcnften mit allem Komfort und einem 4-Sterne-Service an. W\u00e4hlen Sie die Ferienunterkunft, die Ihnen am besten gef\u00e4llt, in der N\u00e4he von Cannes an der C\u00f4te d&#8217;Azur. Unsere Ferienh\u00e4user bestehen aus :<\/p>\n\n\n\n<ul><li>1 bis 3 separate Schlafzimmer,<\/li><li>ein Badezimmer mit separatem WC,<\/li><li>Eine voll ausgestattete K\u00fcche mit Bereitstellung von Geschirr,<\/li><li>ein Wohnzimmer<\/li><li>eine halb\u00fcberdachte Terrasse mit Gartenm\u00f6beln.<\/li><\/ul>\n\n\n\n<p>Nutzen Sie w\u00e4hrend Ihres Aufenthalts auf dem <strong>Campingplatz im Departement Alpes-Maritimes<\/strong> unsere Badelandschaft mit <strong>Pool<\/strong>, um sich zu erfrischen und Spa\u00df mit der ganzen Familie zu haben. Zwischen zwei Badeg\u00e4ngen k\u00f6nnen sich die Kinder auf dem Spielplatz vergn\u00fcgen, Trampolin springen oder an den Aktivit\u00e4ten teilnehmen (vom 5. Juli 2026 bis zum 21. August 2026). Nur 5 Kilometer von unserem Touristenbetrieb entfernt k\u00f6nnen Sie auch das <strong>Mittelmeer<\/strong> und seine feinen <strong>Sandstr\u00e4nde<\/strong> genie\u00dfen, die Urlauber begeistern werden.<\/p>\n\n\n\n<div class=\"wp-block-columns liste-loc\">\n<div class=\"wp-block-column\">\n<h2 class=\"has-text-align-center\" id=\"wahlen-sie-ihre-ferienunterkunft-auf-einem-campingplatz-an-der-cote-d-azur\">W\u00e4hlen Sie Ihre Ferienunterkunft auf einem Campingplatz an der Cote d&#8217;Azur<\/h2>\n\n\n\n<div class=\"wp-block-columns is-not-stacked-on-mobile\">\n<div class=\"wp-block-column\">\n<ctv-product data-product-id=\"122241\"><\/ctv-product>\n\n\n\n<ctv-product data-product-id=\"142726\"><\/ctv-product>\n\n\n\n<ctv-product data-product-id=\"122243\"><\/ctv-product>\n\n\n\n<ctv-product data-product-id=\"130445\"><\/ctv-product>\n\n\n\n<p class=\"new\">Neu f\u00fcr 2024<\/p>\n<\/div>\n\n\n\n<div class=\"wp-block-column\">\n<ctv-product data-product-id=\"122245\"><\/ctv-product>\n\n\n\n<ctv-product data-product-id=\"122246\"><\/ctv-product>\n\n\n\n<ctv-product data-product-id=\"122244\"><\/ctv-product>\n<\/div>\n<\/div>\n<\/div>\n<\/div>\n\n\n\n<div class=\"wp-block-cover alignfull F-10-a\"><span aria-hidden=\"true\" class=\"has-background-dim-0 wp-block-cover__gradient-background has-background-dim\"><\/span><img width=\"2560\" height=\"1920\" class=\"wp-block-cover__image-background wp-image-1949\" alt=\"\" src=\"https:\/\/campingprovencale.com\/wp-content\/uploads\/2023\/07\/20230701_104129-scaled.jpg\" style=\"object-position:50% 90%\" data-object-fit=\"cover\" data-object-position=\"50% 90%\" srcset=\"https:\/\/campingprovencale.com\/wp-content\/uploads\/2023\/07\/20230701_104129-scaled.jpg 2560w, https:\/\/campingprovencale.com\/wp-content\/uploads\/2023\/07\/20230701_104129-300x225.jpg 300w, https:\/\/campingprovencale.com\/wp-content\/uploads\/2023\/07\/20230701_104129-1024x768.jpg 1024w, https:\/\/campingprovencale.com\/wp-content\/uploads\/2023\/07\/20230701_104129-768x576.jpg 768w, https:\/\/campingprovencale.com\/wp-content\/uploads\/2023\/07\/20230701_104129-1536x1152.jpg 1536w, https:\/\/campingprovencale.com\/wp-content\/uploads\/2023\/07\/20230701_104129-2048x1536.jpg 2048w\" sizes=\"(max-width: 2560px) 100vw, 2560px\" \/><div class=\"wp-block-cover__inner-container\">\n<div class=\"wp-container-69d0c5a0e4900 wp-block-group has-typo-color has-blanc-background-color has-text-color has-background\"><div class=\"wp-block-group__inner-container\">\n<h2 id=\"wissenswertes-uber-unsere-ferienhauser-in-der-nahe-von-cannes-cote-d-azur\">Wissenswertes \u00fcber unsere Ferienh\u00e4user in der N\u00e4he von Cannes, Cote d&#8217;Azur<\/h2>\n\n\n\n<p>F\u00fcr den Komfort unserer Urlauber bieten wir auf dem Campingplatz je nach Saison unterschiedliche Ankunftszeiten an:<\/p>\n\n\n\n<ul><li>Die An- und Abreise in der Hochsaison, vom 11\/07\/2026 bis zum 21\/08\/2026, erfolgt: mittwochs, samstags und sonntags (mindestens 7 N\u00e4chte), zwischen 15 und 19 Uhr.<\/li><li>Die An- und Abreise in der Nebensaison ist frei, die Vermietung kann pro Nacht f\u00fcr mindestens 2 N\u00e4chte erfolgen, zwischen 15 und 18 Uhr.<\/li><li>Bargeld, Bankschecks und ANCV-Schecks werden akzeptiert. Schecks werden vor Ort nicht angenommen.<\/li><li>Haustiere sind erlaubt: ein Hund pro Mietobjekt (unter 6 kg, kleiner Hund).<\/li><\/ul>\n\n\n\n<p>Ein Aufenthalt in einem Mobilheim oder Chalet ist die Garantie f\u00fcr einen sch\u00f6nen Urlaub an der Mittelmeerk\u00fcste.<\/p>\n\n\n\n<div class=\"wp-block-columns\">\n<div class=\"wp-block-column has-gris-color has-text-color\"><\/div>\n<\/div>\n\n\n\n<div class=\"wp-container-69d0c5a0e45a0 wp-block-buttons\">\n<div class=\"wp-block-button\"><a class=\"wp-block-button__link\" href=\"https:\/\/campingprovencale.com\/de\/aktivitaeten-dienstleistungen\/\">Entdecken Sie unsere Leistungen<\/a><\/div>\n<\/div>\n<\/div><\/div>\n<\/div><\/div>\n\n\n\n<section class=\"wp-container-69d0c5a0e5bc4 wp-block-group\"><div class=\"wp-block-group__inner-container\">\n<div class=\"wp-block-columns\">\n<div class=\"wp-block-column\">\n<h2 class=\"deco--trait2\" id=\"notre-offre-exceptionnelle-d-hebergements-camping-cannes-1\">Aufenthalt in einer Ferienunterkunft in Mandelieu la Napoule in der N\u00e4he von Cannes<\/h2>\n\n\n\n<p>Tr\u00e4umen Sie w\u00e4hrend Ihres wohlverdienten Aufenthalts von viel Platz in einer <strong>bezaubernden Umgebung<\/strong>? Wir erf\u00fcllen Ihre W\u00fcnsche und bieten Ihnen erstklassige <strong>Ferienunterk\u00fcnfte<\/strong> in Mobilheimen oder Chalets f\u00fcr 2 bis 6 Personen mit Terrasse.<\/p>\n\n\n\n<p>Unsere sehr komfortablen und ausgestatteten <strong>Mobilmieten in Mandelieu la Napoule<\/strong> sind je nach Ihrem Budget und Ihren W\u00fcnschen in verschiedene Bereiche unterteilt:<\/p>\n\n\n\n<ul><li>K<strong>omfort-Mobilheim<\/strong>, 1 bis 3 Schlafzimmer mit <strong>Klimaanlage<\/strong><\/li><li><strong>Chalet<\/strong> Mimosa oder Escapade, 2 Schlafzimmer, mit <strong>Klimaanlage<\/strong><\/li><\/ul>\n\n\n\n<p>Ausgestattet mit allem Komfort, an angenehmen Standorten und in der N\u00e4he aller Annehmlichkeiten stellen unsere <strong>Ferienwohnungen in Mandelieu<\/strong> eine au\u00dfergew\u00f6hnliche Unterkunft f\u00fcr einen ruhigen <strong>Aufenthalt auf unserem Campingplatz<\/strong> dar.<\/p>\n\n\n\n<p>Ganz gleich, ob Sie ein Paar, eine Familie oder Freunde sind: In einem <strong>Mobilheim in der N\u00e4he von Cannes<\/strong>, das Sie verf\u00fchren wird, werden Sie die Grenzen \u00fcberschreiten, um Ihren Horizont zu erweitern.<\/p>\n\n\n\n<div class=\"wp-container-69d0c5a0e4ded wp-block-buttons\">\n<div class=\"wp-block-button btn_resa_loc\"><a class=\"wp-block-button__link\"><i class=\"fal fa-home-heart\"><\/i>  Alle Mobilheime ansehen<\/a><\/div>\n<\/div>\n<\/div>\n\n\n\n<div class=\"wp-block-column\">\n<div class=\"wp-container-69d0c5a0e582a wp-block-group alignfull\"><div class=\"wp-block-group__inner-container\">\n<div class=\"wp-block-columns\">\n<div class=\"wp-block-column\" style=\"flex-basis:100%\">\n<div class=\"wp-container-69d0c5a0e54be wp-block-group\"><div class=\"wp-block-group__inner-container\">\n<div class=\"wp-block-columns\">\n<div class=\"wp-block-column is-vertically-aligned-center\" style=\"flex-basis:100%\">\n<figure class=\"wp-block-gallery has-nested-images columns-4 is-cropped diaporama--1\">\n<figure class=\"wp-block-image size-large is-style-rounded\"><img width=\"1024\" height=\"768\" src=\"https:\/\/campingprovencale.com\/wp-content\/uploads\/2023\/07\/20230701_104211-1024x768.jpg\" alt=\"\" class=\"wp-image-1954\" srcset=\"https:\/\/campingprovencale.com\/wp-content\/uploads\/2023\/07\/20230701_104211-1024x768.jpg 1024w, https:\/\/campingprovencale.com\/wp-content\/uploads\/2023\/07\/20230701_104211-300x225.jpg 300w, https:\/\/campingprovencale.com\/wp-content\/uploads\/2023\/07\/20230701_104211-768x576.jpg 768w, https:\/\/campingprovencale.com\/wp-content\/uploads\/2023\/07\/20230701_104211-1536x1152.jpg 1536w, https:\/\/campingprovencale.com\/wp-content\/uploads\/2023\/07\/20230701_104211-2048x1536.jpg 2048w\" sizes=\"(max-width: 1024px) 100vw, 1024px\" \/><\/figure>\n\n\n\n<figure class=\"wp-block-image size-full\"><img width=\"875\" height=\"684\" src=\"https:\/\/campingprovencale.com\/wp-content\/uploads\/2023\/07\/photo-ext-pour-secure.png\" alt=\"\" class=\"wp-image-1971\" srcset=\"https:\/\/campingprovencale.com\/wp-content\/uploads\/2023\/07\/photo-ext-pour-secure.png 875w, https:\/\/campingprovencale.com\/wp-content\/uploads\/2023\/07\/photo-ext-pour-secure-300x235.png 300w, https:\/\/campingprovencale.com\/wp-content\/uploads\/2023\/07\/photo-ext-pour-secure-768x600.png 768w\" sizes=\"(max-width: 875px) 100vw, 875px\" \/><\/figure>\n\n\n\n<figure class=\"wp-block-image size-large is-style-rounded\"><img width=\"2032\" height=\"1620\" src=\"https:\/\/campingprovencale.com\/wp-content\/uploads\/2023\/03\/photos-MH44et-46-2.jpg\" alt=\"Mobilheimvermietung Mandelieu La Napoule\" class=\"wp-image-1378\" srcset=\"https:\/\/campingprovencale.com\/wp-content\/uploads\/2023\/03\/photos-MH44et-46-2.jpg 2032w, https:\/\/campingprovencale.com\/wp-content\/uploads\/2023\/03\/photos-MH44et-46-2-300x239.jpg 300w, https:\/\/campingprovencale.com\/wp-content\/uploads\/2023\/03\/photos-MH44et-46-2-1024x816.jpg 1024w, https:\/\/campingprovencale.com\/wp-content\/uploads\/2023\/03\/photos-MH44et-46-2-768x612.jpg 768w, https:\/\/campingprovencale.com\/wp-content\/uploads\/2023\/03\/photos-MH44et-46-2-1536x1225.jpg 1536w\" sizes=\"(max-width: 2032px) 100vw, 2032px\" \/><\/figure>\n\n\n\n<figure class=\"wp-block-image size-large\"><img width=\"1024\" height=\"741\" src=\"https:\/\/campingprovencale.com\/wp-content\/uploads\/2023\/07\/Exterieur-standard-modifie-1024x741.png\" alt=\"\" class=\"wp-image-1966\" srcset=\"https:\/\/campingprovencale.com\/wp-content\/uploads\/2023\/07\/Exterieur-standard-modifie-1024x741.png 1024w, https:\/\/campingprovencale.com\/wp-content\/uploads\/2023\/07\/Exterieur-standard-modifie-300x217.png 300w, https:\/\/campingprovencale.com\/wp-content\/uploads\/2023\/07\/Exterieur-standard-modifie-768x556.png 768w, https:\/\/campingprovencale.com\/wp-content\/uploads\/2023\/07\/Exterieur-standard-modifie.png 1236w\" sizes=\"(max-width: 1024px) 100vw, 1024px\" \/><\/figure>\n\n\n\n<figure class=\"wp-block-image size-large is-style-rounded\"><img width=\"1024\" height=\"768\" src=\"https:\/\/campingprovencale.com\/wp-content\/uploads\/2023\/07\/20230701_104350-1024x768.jpg\" alt=\"\" class=\"wp-image-1958\" srcset=\"https:\/\/campingprovencale.com\/wp-content\/uploads\/2023\/07\/20230701_104350-1024x768.jpg 1024w, https:\/\/campingprovencale.com\/wp-content\/uploads\/2023\/07\/20230701_104350-300x225.jpg 300w, https:\/\/campingprovencale.com\/wp-content\/uploads\/2023\/07\/20230701_104350-768x576.jpg 768w, https:\/\/campingprovencale.com\/wp-content\/uploads\/2023\/07\/20230701_104350-1536x1152.jpg 1536w, https:\/\/campingprovencale.com\/wp-content\/uploads\/2023\/07\/20230701_104350-2048x1536.jpg 2048w\" sizes=\"(max-width: 1024px) 100vw, 1024px\" \/><\/figure>\n\n\n\n<figure class=\"wp-block-image size-large\"><img width=\"1024\" height=\"766\" src=\"https:\/\/campingprovencale.com\/wp-content\/uploads\/2023\/07\/terrasse-ext-secure-1024x766.png\" alt=\"\" class=\"wp-image-1962\" srcset=\"https:\/\/campingprovencale.com\/wp-content\/uploads\/2023\/07\/terrasse-ext-secure-1024x766.png 1024w, https:\/\/campingprovencale.com\/wp-content\/uploads\/2023\/07\/terrasse-ext-secure-300x224.png 300w, https:\/\/campingprovencale.com\/wp-content\/uploads\/2023\/07\/terrasse-ext-secure-768x574.png 768w, https:\/\/campingprovencale.com\/wp-content\/uploads\/2023\/07\/terrasse-ext-secure.png 1217w\" sizes=\"(max-width: 1024px) 100vw, 1024px\" \/><\/figure>\n\n\n\n<figure class=\"wp-block-image size-large is-style-rounded\"><img width=\"800\" height=\"450\" src=\"https:\/\/campingprovencale.com\/wp-content\/uploads\/2023\/03\/PHOTOS-MH-107-ET-110-19.jpg\" alt=\"Mobilheimvermietung Mandelieu La Napoule\" class=\"wp-image-1355\" srcset=\"https:\/\/campingprovencale.com\/wp-content\/uploads\/2023\/03\/PHOTOS-MH-107-ET-110-19.jpg 800w, https:\/\/campingprovencale.com\/wp-content\/uploads\/2023\/03\/PHOTOS-MH-107-ET-110-19-300x169.jpg 300w, https:\/\/campingprovencale.com\/wp-content\/uploads\/2023\/03\/PHOTOS-MH-107-ET-110-19-768x432.jpg 768w\" sizes=\"(max-width: 800px) 100vw, 800px\" \/><\/figure>\n\n\n\n<figure class=\"wp-block-image size-large\"><img width=\"1024\" height=\"768\" src=\"https:\/\/campingprovencale.com\/wp-content\/uploads\/2023\/07\/20230719_164100-1024x768.jpg\" alt=\"\" class=\"wp-image-2048\" srcset=\"https:\/\/campingprovencale.com\/wp-content\/uploads\/2023\/07\/20230719_164100-1024x768.jpg 1024w, https:\/\/campingprovencale.com\/wp-content\/uploads\/2023\/07\/20230719_164100-300x225.jpg 300w, https:\/\/campingprovencale.com\/wp-content\/uploads\/2023\/07\/20230719_164100-768x576.jpg 768w, https:\/\/campingprovencale.com\/wp-content\/uploads\/2023\/07\/20230719_164100-1536x1152.jpg 1536w, https:\/\/campingprovencale.com\/wp-content\/uploads\/2023\/07\/20230719_164100-2048x1536.jpg 2048w\" sizes=\"(max-width: 1024px) 100vw, 1024px\" \/><\/figure>\n\n\n\n<figure class=\"wp-block-image size-large\"><img width=\"1024\" height=\"768\" src=\"https:\/\/campingprovencale.com\/wp-content\/uploads\/2023\/07\/20230719_170938-1024x768.jpg\" alt=\"\" class=\"wp-image-2052\" srcset=\"https:\/\/campingprovencale.com\/wp-content\/uploads\/2023\/07\/20230719_170938-1024x768.jpg 1024w, https:\/\/campingprovencale.com\/wp-content\/uploads\/2023\/07\/20230719_170938-300x225.jpg 300w, https:\/\/campingprovencale.com\/wp-content\/uploads\/2023\/07\/20230719_170938-768x576.jpg 768w, https:\/\/campingprovencale.com\/wp-content\/uploads\/2023\/07\/20230719_170938-1536x1152.jpg 1536w, https:\/\/campingprovencale.com\/wp-content\/uploads\/2023\/07\/20230719_170938-2048x1536.jpg 2048w\" sizes=\"(max-width: 1024px) 100vw, 1024px\" \/><\/figure>\n\n\n\n<figure class=\"wp-block-image size-large\"><img width=\"1024\" height=\"768\" src=\"https:\/\/campingprovencale.com\/wp-content\/uploads\/2023\/07\/20230719_165202-1024x768.jpg\" alt=\"\" class=\"wp-image-2057\" srcset=\"https:\/\/campingprovencale.com\/wp-content\/uploads\/2023\/07\/20230719_165202-1024x768.jpg 1024w, https:\/\/campingprovencale.com\/wp-content\/uploads\/2023\/07\/20230719_165202-300x225.jpg 300w, https:\/\/campingprovencale.com\/wp-content\/uploads\/2023\/07\/20230719_165202-768x576.jpg 768w, https:\/\/campingprovencale.com\/wp-content\/uploads\/2023\/07\/20230719_165202-1536x1152.jpg 1536w, https:\/\/campingprovencale.com\/wp-content\/uploads\/2023\/07\/20230719_165202-2048x1536.jpg 2048w\" sizes=\"(max-width: 1024px) 100vw, 1024px\" \/><\/figure>\n\n\n\n<figure class=\"wp-block-image size-large\"><img width=\"1024\" height=\"768\" src=\"https:\/\/campingprovencale.com\/wp-content\/uploads\/2023\/07\/20230719_165324-1-1024x768.jpg\" alt=\"\" class=\"wp-image-2061\" srcset=\"https:\/\/campingprovencale.com\/wp-content\/uploads\/2023\/07\/20230719_165324-1-1024x768.jpg 1024w, https:\/\/campingprovencale.com\/wp-content\/uploads\/2023\/07\/20230719_165324-1-300x225.jpg 300w, https:\/\/campingprovencale.com\/wp-content\/uploads\/2023\/07\/20230719_165324-1-768x576.jpg 768w, https:\/\/campingprovencale.com\/wp-content\/uploads\/2023\/07\/20230719_165324-1-1536x1152.jpg 1536w, https:\/\/campingprovencale.com\/wp-content\/uploads\/2023\/07\/20230719_165324-1-2048x1536.jpg 2048w\" sizes=\"(max-width: 1024px) 100vw, 1024px\" \/><\/figure>\n\n\n\n<figure class=\"wp-block-image size-large\"><img width=\"1024\" height=\"768\" src=\"https:\/\/campingprovencale.com\/wp-content\/uploads\/2023\/07\/20230723_170325-1-1024x768.jpg\" alt=\"\" class=\"wp-image-2065\" srcset=\"https:\/\/campingprovencale.com\/wp-content\/uploads\/2023\/07\/20230723_170325-1-1024x768.jpg 1024w, https:\/\/campingprovencale.com\/wp-content\/uploads\/2023\/07\/20230723_170325-1-300x225.jpg 300w, https:\/\/campingprovencale.com\/wp-content\/uploads\/2023\/07\/20230723_170325-1-768x576.jpg 768w, https:\/\/campingprovencale.com\/wp-content\/uploads\/2023\/07\/20230723_170325-1-1536x1152.jpg 1536w, https:\/\/campingprovencale.com\/wp-content\/uploads\/2023\/07\/20230723_170325-1-2048x1536.jpg 2048w\" sizes=\"(max-width: 1024px) 100vw, 1024px\" \/><\/figure>\n\n\n\n<figure class=\"wp-block-image size-large\"><img width=\"1024\" height=\"768\" src=\"https:\/\/campingprovencale.com\/wp-content\/uploads\/2023\/07\/20230719_165603-1024x768.jpg\" alt=\"\" class=\"wp-image-2069\" srcset=\"https:\/\/campingprovencale.com\/wp-content\/uploads\/2023\/07\/20230719_165603-1024x768.jpg 1024w, https:\/\/campingprovencale.com\/wp-content\/uploads\/2023\/07\/20230719_165603-300x225.jpg 300w, https:\/\/campingprovencale.com\/wp-content\/uploads\/2023\/07\/20230719_165603-768x576.jpg 768w, https:\/\/campingprovencale.com\/wp-content\/uploads\/2023\/07\/20230719_165603-1536x1152.jpg 1536w, https:\/\/campingprovencale.com\/wp-content\/uploads\/2023\/07\/20230719_165603-2048x1536.jpg 2048w\" sizes=\"(max-width: 1024px) 100vw, 1024px\" \/><\/figure>\n<\/figure>\n<\/div>\n<\/div>\n<\/div><\/div>\n<\/div>\n<\/div>\n<\/div><\/div>\n<\/div>\n<\/div>\n<\/div><\/section>\n\n\n\n<section class=\"wp-container-69d0c5a0e6490 wp-block-group\"><div class=\"wp-block-group__inner-container\">\n<h2 class=\"has-text-align-center deco--trait-bottom\" id=\"des-emplacements-de-camping-en-pleine-nature-sur-la-cote-d-azur\">Stellpl\u00e4tze f\u00fcr Zelte, Wohnwagen, Wohnmobile in Mandelieu la Napoule an der C\u00f4te d&#8217;Azur<\/h2>\n\n\n\n<p>Sind Sie eher ein Abenteurertyp und das Wort Urlaub bedeutet f\u00fcr Sie zwangsl\u00e4ufig einen kompletten Tapetenwechsel? Sie k\u00f6nnen Ihrer Naturliebhaberfaser freien Lauf lassen. Auf herrlichen <strong>Campingpl\u00e4tzen<\/strong>, die perfekt mit ihrer Umgebung harmonieren, k\u00f6nnen Sie gerne Ihr Zelt, Ihren Wohnwagen oder Ihr Wohnmobil aufstellen.<\/p>\n\n\n\n<p>Sie finden sich in Kontakt mit dieser <strong>friedlichen Natur<\/strong> wieder, die zum <strong>Gesang der Zikaden<\/strong> erwacht und sich in der N\u00e4he aller Zug\u00e4nge f\u00fcr t\u00e4gliche Entdeckungen befindet. Alles ist darauf ausgelegt, dass Sie diesen Aufenthalt in v\u00f6lliger Entspannung und m\u00f6glichst naturnah erleben. So w\u00e4hlen Sie beim Parkplatz diesen je nach Standort entweder auf dem Gel\u00e4nde, angrenzend oder in der N\u00e4he.<\/p>\n\n\n\n<p>Wir bieten <strong>4-Sterne-Services<\/strong>: Stellplatz mit Strom (10 Ampere), K\u00fchlschrankmiete oder sogar Gasgrillverleih, damit jeder Urlauber in seinem eigenen Tempo, nach seinen W\u00fcnschen und in v\u00f6lliger Freiheit leben kann.<\/p>\n\n\n\n<div class=\"wp-container-69d0c5a0e6062 wp-block-buttons\">\n<div class=\"wp-block-button\"><a class=\"wp-block-button__link\" href=\"https:\/\/campingprovencale.com\/de\/fotogalerie\/\"><i class=\"fal fa-camera\"><\/i> Zur Fotogalerie<\/a><\/div>\n\n\n\n<div class=\"wp-block-button is-style-outline\"><a class=\"wp-block-button__link\" href=\"https:\/\/campingprovencale.com\/de\/standorte\/\">Siehe Standorte<\/a><\/div>\n<\/div>\n\n\n\n<figure class=\"wp-block-gallery has-nested-images columns-2 is-cropped deco--soleil1-bas\">\n<figure class=\"wp-block-image size-large deco--cadre-gauche\"><img width=\"1024\" height=\"768\" src=\"https:\/\/campingprovencale.com\/wp-content\/uploads\/2024\/07\/20240714_093015-1-1024x768.jpg\" alt=\"\" class=\"wp-image-3766\" srcset=\"https:\/\/campingprovencale.com\/wp-content\/uploads\/2024\/07\/20240714_093015-1-1024x768.jpg 1024w, https:\/\/campingprovencale.com\/wp-content\/uploads\/2024\/07\/20240714_093015-1-300x225.jpg 300w, https:\/\/campingprovencale.com\/wp-content\/uploads\/2024\/07\/20240714_093015-1-768x576.jpg 768w, https:\/\/campingprovencale.com\/wp-content\/uploads\/2024\/07\/20240714_093015-1-1536x1152.jpg 1536w, https:\/\/campingprovencale.com\/wp-content\/uploads\/2024\/07\/20240714_093015-1-2048x1536.jpg 2048w\" sizes=\"(max-width: 1024px) 100vw, 1024px\" \/><\/figure>\n\n\n\n<figure class=\"wp-block-image size-full\"><img width=\"640\" height=\"480\" src=\"https:\/\/campingprovencale.com\/wp-content\/uploads\/2024\/07\/escapade-nouveau-1.jpg\" alt=\"\" class=\"wp-image-3770\" srcset=\"https:\/\/campingprovencale.com\/wp-content\/uploads\/2024\/07\/escapade-nouveau-1.jpg 640w, https:\/\/campingprovencale.com\/wp-content\/uploads\/2024\/07\/escapade-nouveau-1-300x225.jpg 300w\" sizes=\"(max-width: 640px) 100vw, 640px\" \/><\/figure>\n<\/figure>\n<\/div><\/section>\n","protected":false},"excerpt":{"rendered":"<p>Ferienwohnung in Mandelieu la Napoule, Cote d&#8217;Azur Unser Campingplatz in Mandelieu la Napoule, in der N\u00e4he von Cannes, bietet Ihnen die Vermietung von Mobilheim, H\u00fctte und Loggia f\u00fcr einen Urlaub mit allem Komfort an der C\u00f4te d&#8217;Azur. Unsere Unterk\u00fcnfte bieten Platz f\u00fcr 2 bis 6 Personen und haben eine Fl\u00e4che von 20 bis 34 m\u00b2. [&hellip;]<\/p>\n","protected":false},"author":1,"featured_media":1961,"parent":0,"menu_order":0,"comment_status":"closed","ping_status":"closed","template":"","meta":[],"acf":[],"_links":{"self":[{"href":"https:\/\/campingprovencale.com\/de\/wp-json\/wp\/v2\/pages\/1010"}],"collection":[{"href":"https:\/\/campingprovencale.com\/de\/wp-json\/wp\/v2\/pages"}],"about":[{"href":"https:\/\/campingprovencale.com\/de\/wp-json\/wp\/v2\/types\/page"}],"author":[{"embeddable":true,"href":"https:\/\/campingprovencale.com\/de\/wp-json\/wp\/v2\/users\/1"}],"replies":[{"embeddable":true,"href":"https:\/\/campingprovencale.com\/de\/wp-json\/wp\/v2\/comments?post=1010"}],"version-history":[{"count":6,"href":"https:\/\/campingprovencale.com\/de\/wp-json\/wp\/v2\/pages\/1010\/revisions"}],"predecessor-version":[{"id":5911,"href":"https:\/\/campingprovencale.com\/de\/wp-json\/wp\/v2\/pages\/1010\/revisions\/5911"}],"wp:featuredmedia":[{"embeddable":true,"href":"https:\/\/campingprovencale.com\/de\/wp-json\/wp\/v2\/media\/1961"}],"wp:attachment":[{"href":"https:\/\/campingprovencale.com\/de\/wp-json\/wp\/v2\/media?parent=1010"}],"curies":[{"name":"wp","href":"https:\/\/api.w.org\/{rel}","templated":true}]}}