{"id":1018,"date":"2022-09-05T09:50:57","date_gmt":"2022-09-05T07:50:57","guid":{"rendered":"https:\/\/campingprovencale.com\/swimmingpool\/"},"modified":"2025-10-14T17:33:08","modified_gmt":"2025-10-14T15:33:08","slug":"swimmingpool","status":"publish","type":"page","link":"https:\/\/campingprovencale.com\/de\/swimmingpool\/","title":{"rendered":". Piscine DE"},"content":{"rendered":"\n<div class=\"wp-block-cover alignfull\"><span aria-hidden=\"true\" class=\"wp-block-cover__gradient-background has-background-dim\"><\/span><img width=\"2016\" height=\"1512\" class=\"wp-block-cover__image-background wp-image-3734\" alt=\"camping alpes maritimes parc aquatique jacuzzi\" src=\"https:\/\/campingprovencale.com\/wp-content\/uploads\/2024\/07\/photo-piscine-cote-droit.jpg\" style=\"object-position:50% 54%\" data-object-fit=\"cover\" data-object-position=\"50% 54%\" srcset=\"https:\/\/campingprovencale.com\/wp-content\/uploads\/2024\/07\/photo-piscine-cote-droit.jpg 2016w, https:\/\/campingprovencale.com\/wp-content\/uploads\/2024\/07\/photo-piscine-cote-droit-300x225.jpg 300w, https:\/\/campingprovencale.com\/wp-content\/uploads\/2024\/07\/photo-piscine-cote-droit-1024x768.jpg 1024w, https:\/\/campingprovencale.com\/wp-content\/uploads\/2024\/07\/photo-piscine-cote-droit-768x576.jpg 768w, https:\/\/campingprovencale.com\/wp-content\/uploads\/2024\/07\/photo-piscine-cote-droit-1536x1152.jpg 1536w\" sizes=\"(max-width: 2016px) 100vw, 2016px\" \/><div class=\"wp-block-cover__inner-container\">\n<ul class=\"pictos has-white-color has-text-color\"><li><i class=\"fal fa-water-ladder\"><\/i>  Beheizter Au\u00dfenpool<\/li><li><i class=\"fal fa-child\"><\/i> Wasserspielplatz<\/li><li><i class=\"fal fa-person-sledding\"><\/i> Wasserrutsche<\/li><li><i class=\"fal fa-umbrella-beach\"><\/i> Solariumbereich<\/li><\/ul>\n<\/div><\/div>\n\n\n\n<section class=\"wp-container-69f3a31e6cea6 wp-block-group\"><div class=\"wp-block-group__inner-container\">\n<h1 class=\"has-text-align-center\" id=\"wasserpark-mit-pool-auf-dem-campingplatz-in-der-nahe-von-cannes-an-der-cote-d-azur\">Wasserpark mit Pool auf dem Campingplatz in der N\u00e4he von Cannes an der Cote d&#8217;Azur<\/h1>\n\n\n\n<p>Haben Sie Lust, sich zu erfrischen, in herrlich temperiertes Wasser einzutauchen, Wasserspiele mit Freunden oder der Familie zu teilen? Unsere Badelandschaft mit beheiztem <strong>Au\u00dfenpool in Mandelieu la Napoule<\/strong> ist so konzipiert, dass sie all Ihre W\u00fcnsche erf\u00fcllt! Ab 2024 k\u00f6nnen Sie unsere neue Wasserrutsche f\u00fcr aufregende Abfahrten entdecken, die Ihrem Aufenthalt an der <strong>C\u00f4te d&#8217;Azur<\/strong> noch mehr Spa\u00df verleiht. <strong>Mandelieu-la-Napoule <\/strong>liegt in der N\u00e4he von <strong>Cannes <\/strong>und unweit des <strong>Mittelmeers <\/strong>und ist der ideale Ort f\u00fcr einen unvergesslichen Urlaub mit der ganzen Familie.<\/p>\n<\/div><\/section>\n\n\n\n<div class=\"wp-container-69f3a31e6d36c wp-block-group F-10-b\"><div class=\"wp-block-group__inner-container\">\n<div class=\"wp-block-cover alignfull is-light\" style=\"min-height:914px\"><span aria-hidden=\"true\" class=\"has-background-dim-0 wp-block-cover__gradient-background has-background-dim has-background-gradient\" style=\"background:linear-gradient(180deg,rgba(61,130,79,0) 0%,rgb(61,130,79) 100%)\"><\/span><img width=\"2016\" height=\"1512\" class=\"wp-block-cover__image-background wp-image-3713\" alt=\"\" src=\"https:\/\/campingprovencale.com\/wp-content\/uploads\/2024\/07\/photo-piscine-nouvelle.jpg\" style=\"object-position:50% 56%\" data-object-fit=\"cover\" data-object-position=\"50% 56%\" srcset=\"https:\/\/campingprovencale.com\/wp-content\/uploads\/2024\/07\/photo-piscine-nouvelle.jpg 2016w, https:\/\/campingprovencale.com\/wp-content\/uploads\/2024\/07\/photo-piscine-nouvelle-300x225.jpg 300w, https:\/\/campingprovencale.com\/wp-content\/uploads\/2024\/07\/photo-piscine-nouvelle-1024x768.jpg 1024w, https:\/\/campingprovencale.com\/wp-content\/uploads\/2024\/07\/photo-piscine-nouvelle-768x576.jpg 768w, https:\/\/campingprovencale.com\/wp-content\/uploads\/2024\/07\/photo-piscine-nouvelle-1536x1152.jpg 1536w\" sizes=\"(max-width: 2016px) 100vw, 2016px\" \/><div class=\"wp-block-cover__inner-container\">\n<p class=\"has-text-align-center has-large-font-size\"><\/p>\n<\/div><\/div>\n\n\n\n<div class=\"wp-block-columns are-vertically-aligned-center\">\n<div class=\"wp-block-column is-vertically-aligned-center has-blanc-background-color has-background\" style=\"flex-basis:50%\">\n<p class=\"has-text-align-center\"><\/p>\n\n\n\n<p class=\"has-text-align-center\"><\/p>\n<\/div>\n\n\n\n<div class=\"wp-block-column is-vertically-aligned-center has-blanc-background-color has-background\" style=\"flex-basis:50%\">\n<h2 id=\"beheizter-aussenpool-auf-dem-campingplatz-in-french-riviera\">Beheizter Au\u00dfenpool auf dem Campingplatz in French Riviera<\/h2>\n\n\n\n<p class=\"has-text-align-left\">Unser <strong>beheizter Pool<\/strong> ist ideal, um sich unter der Sonne der<strong> C\u00f4te d&#8217;Azur<\/strong> in <strong>S\u00fcdfrankreich<\/strong> abzuk\u00fchlen. <\/p>\n\n\n\n<p class=\"has-text-align-left\">Wir bieten Ihnen ein 190m\u00b2 gro\u00dfes Becken mit anatomischen B\u00e4nken und einen Wasserspielplatz in einer privilegierten Umgebung, in der Sie in aller Ruhe baden k\u00f6nnen. Ihr <strong>Campingplatz an French Riviera mit Schwimmbad<\/strong> ist wirklich das Ziel, um all Ihre W\u00fcnsche zu erf\u00fcllen. <\/p>\n\n\n\n<p class=\"has-text-align-left\">Die Eltern k\u00f6nnen sich auf den Liegest\u00fchlen in der Sonne oder unter einem Sonnenschirm mit einem guten Buch entspannen, w\u00e4hrend die Kinder sich in den Becken vergn\u00fcgen. <\/p>\n\n\n\n<p>Der <strong>Wasserpark ist von April bis September<\/strong> ge\u00f6ffnet, die <strong>Becken sind je nach Wetterlage<\/strong> auf 23\u00b0 bis 30\u00b0 beheizt<\/p>\n\n\n\n<p class=\"has-vert-clair-background-color has-background\">Unser Badebereich ist in der Nebensaison von 10 bis 19 Uhr und im Juli\/August von 10 bis 20 Uhr ge\u00f6ffnet.<\/p>\n\n\n\n<div style=\"height:37px\" aria-hidden=\"true\" class=\"wp-block-spacer\"><\/div>\n<\/div>\n<\/div>\n<\/div><\/div>\n\n\n\n<div style=\"height:40px\" aria-hidden=\"true\" class=\"wp-block-spacer\"><\/div>\n\n\n\n<section class=\"wp-container-69f3a31e6db56 wp-block-group deco--soleil1-haut\"><div class=\"wp-block-group__inner-container\">\n<h2 class=\"has-text-align-left\" id=\"geniessen-sie-die-wasserrutsche-auf-dem-campingplatz-in-den-alpes-maritimes\">Genie\u00dfen Sie die Wasserrutsche auf dem Campingplatz in den Alpes-Maritimes<\/h2>\n\n\n\n<div class=\"wp-block-columns\">\n<div class=\"wp-block-column is-vertically-aligned-center\" style=\"flex-basis:30%\">\n<div class=\"wp-block-group encart-citation\"><div class=\"wp-block-group__inner-container\">\n<p>Neuheit 2024: Wasserrutsche auf dem Campingplatz!<\/p>\n<\/div><\/div>\n\n\n\n<div style=\"height:26px\" aria-hidden=\"true\" class=\"wp-block-spacer\"><\/div>\n\n\n\n<p>Entdecken Sie unseren <strong>Wasserbereich mit beheiztem Au\u00dfenpool<\/strong>, ideal zum Entspannen und Abk\u00fchlen. Genie\u00dfen Sie im Jahr 2024 ein noch aufregenderes Erlebnis mit unserer <strong>neuen Rutsche. <\/strong><\/p>\n\n\n\n<p>Die Rutsche ist je nach Wetterlage von Mai bis September ge\u00f6ffnet.<\/p>\n\n\n\n<p>Genie\u00dfen Sie jeden Moment in der N\u00e4he <strong>von Cannes<\/strong> unter der <strong>mediterranen Sonne<\/strong> f\u00fcr einen unvergesslichen Campingurlaub in <strong>Mandelieu-la-Napoule.<\/strong><\/p>\n\n\n\n<div class=\"wp-container-69f3a31e6d7b0 wp-block-buttons\">\n<div class=\"wp-block-button btn_resa\"><a class=\"wp-block-button__link\"><i class=\"fal fa-search\"><\/i> Buchen<\/a><\/div>\n<\/div>\n<\/div>\n\n\n\n<div class=\"wp-block-column\">\n<figure class=\"wp-block-gallery has-nested-images columns-default is-cropped\">\n<figure class=\"wp-block-image size-full\"><img width=\"640\" height=\"480\" src=\"https:\/\/campingprovencale.com\/wp-content\/uploads\/2024\/07\/photo-tobogan-avec-arthur.jpg\" alt=\"\" class=\"wp-image-3718\" srcset=\"https:\/\/campingprovencale.com\/wp-content\/uploads\/2024\/07\/photo-tobogan-avec-arthur.jpg 640w, https:\/\/campingprovencale.com\/wp-content\/uploads\/2024\/07\/photo-tobogan-avec-arthur-300x225.jpg 300w\" sizes=\"(max-width: 640px) 100vw, 640px\" \/><\/figure>\n\n\n\n<figure class=\"wp-block-image size-large\"><img width=\"1024\" height=\"768\" src=\"https:\/\/campingprovencale.com\/wp-content\/uploads\/2024\/09\/Aquafun-en-musique-1024x768.png\" alt=\"\" class=\"wp-image-3949\" srcset=\"https:\/\/campingprovencale.com\/wp-content\/uploads\/2024\/09\/Aquafun-en-musique-1024x768.png 1024w, https:\/\/campingprovencale.com\/wp-content\/uploads\/2024\/09\/Aquafun-en-musique-300x225.png 300w, https:\/\/campingprovencale.com\/wp-content\/uploads\/2024\/09\/Aquafun-en-musique-768x576.png 768w, https:\/\/campingprovencale.com\/wp-content\/uploads\/2024\/09\/Aquafun-en-musique-1536x1152.png 1536w, https:\/\/campingprovencale.com\/wp-content\/uploads\/2024\/09\/Aquafun-en-musique.png 2048w\" sizes=\"(max-width: 1024px) 100vw, 1024px\" \/><\/figure>\n<\/figure>\n<\/div>\n<\/div>\n<\/div><\/section>\n\n\n\n<div class=\"wp-block-columns\">\n<div class=\"wp-block-column\">\n<figure class=\"wp-block-image size-full is-style-rounded\"><img width=\"640\" height=\"480\" src=\"https:\/\/campingprovencale.com\/wp-content\/uploads\/2024\/07\/nouvelle-photo-jeux.jpg\" alt=\"\" class=\"wp-image-3726\" srcset=\"https:\/\/campingprovencale.com\/wp-content\/uploads\/2024\/07\/nouvelle-photo-jeux.jpg 640w, https:\/\/campingprovencale.com\/wp-content\/uploads\/2024\/07\/nouvelle-photo-jeux-300x225.jpg 300w\" sizes=\"(max-width: 640px) 100vw, 640px\" \/><\/figure>\n\n\n\n<p class=\"has-text-align-center\"><\/p>\n<\/div>\n\n\n\n<div class=\"wp-block-column\">\n<figure class=\"wp-block-image size-large is-style-rounded\"><img width=\"1024\" height=\"768\" src=\"https:\/\/campingprovencale.com\/wp-content\/uploads\/2023\/07\/piscine-animation-1-1024x768.jpg\" alt=\"\" class=\"wp-image-1922\" srcset=\"https:\/\/campingprovencale.com\/wp-content\/uploads\/2023\/07\/piscine-animation-1-1024x768.jpg 1024w, https:\/\/campingprovencale.com\/wp-content\/uploads\/2023\/07\/piscine-animation-1-300x225.jpg 300w, https:\/\/campingprovencale.com\/wp-content\/uploads\/2023\/07\/piscine-animation-1-768x576.jpg 768w, https:\/\/campingprovencale.com\/wp-content\/uploads\/2023\/07\/piscine-animation-1-1536x1152.jpg 1536w, https:\/\/campingprovencale.com\/wp-content\/uploads\/2023\/07\/piscine-animation-1-2048x1536.jpg 2048w\" sizes=\"(max-width: 1024px) 100vw, 1024px\" \/><\/figure>\n\n\n\n<p class=\"has-text-align-center\"><\/p>\n<\/div>\n\n\n\n<div class=\"wp-block-column\">\n<figure class=\"wp-block-image size-large is-style-rounded\"><img width=\"1024\" height=\"768\" src=\"https:\/\/campingprovencale.com\/wp-content\/uploads\/2024\/01\/20240118_110552-1024x768.jpg\" alt=\"\" class=\"wp-image-2659\" srcset=\"https:\/\/campingprovencale.com\/wp-content\/uploads\/2024\/01\/20240118_110552-1024x768.jpg 1024w, https:\/\/campingprovencale.com\/wp-content\/uploads\/2024\/01\/20240118_110552-300x225.jpg 300w, https:\/\/campingprovencale.com\/wp-content\/uploads\/2024\/01\/20240118_110552-768x576.jpg 768w, https:\/\/campingprovencale.com\/wp-content\/uploads\/2024\/01\/20240118_110552-1536x1152.jpg 1536w, https:\/\/campingprovencale.com\/wp-content\/uploads\/2024\/01\/20240118_110552-2048x1536.jpg 2048w\" sizes=\"(max-width: 1024px) 100vw, 1024px\" \/><\/figure>\n\n\n\n<p class=\"has-text-align-center\"><\/p>\n<\/div>\n<\/div>\n\n\n\n<section class=\"wp-container-69f3a31e6e112 wp-block-group\"><div class=\"wp-block-group__inner-container\">\n<div class=\"wp-block-columns\">\n<div class=\"wp-block-column\">\n<figure class=\"wp-block-image alignfull size-full is-style-rounded\"><img width=\"640\" height=\"548\" src=\"https:\/\/campingprovencale.com\/wp-content\/uploads\/2024\/07\/photo-fleur-2.jpg\" alt=\"\" class=\"wp-image-3745\" srcset=\"https:\/\/campingprovencale.com\/wp-content\/uploads\/2024\/07\/photo-fleur-2.jpg 640w, https:\/\/campingprovencale.com\/wp-content\/uploads\/2024\/07\/photo-fleur-2-300x257.jpg 300w\" sizes=\"(max-width: 640px) 100vw, 640px\" \/><\/figure>\n<\/div>\n\n\n\n<div class=\"wp-block-column\">\n<h2 id=\"une-piscine-exterieure-cloturee-pour-vous-baigner-en-toute-securite-1\">Ein eingez\u00e4unter Au\u00dfenpool f\u00fcr sicheres Baden!<\/h2>\n\n\n\n<p>W\u00e4hrend Sie auf der <strong>Terrasse mit Liegest\u00fchlen<\/strong> in Mandelieu-la-Napoule faulenzen, k\u00f6nnen Ihre Kinder ungest\u00f6rt spielen. <\/p>\n\n\n\n<p>Sie profitieren von <strong>Momenten der Ruhe<\/strong>, um sich auf unserem <strong>Campingplatz in der N\u00e4he von Cannes mit Schwimmbad<\/strong> gr\u00fcndlich und nachhaltig zu <strong>erholen<\/strong>. Ihre Kinder teilen diesen sicheren Bereich nach Ihren Empfehlungen und Sie k\u00f6nnen sich ohne Sorgen f\u00fcr einen gelungenen Familienurlaub <strong>ausruhen<\/strong>.<\/p>\n\n\n\n<p><strong>Hier findet jeder Urlauber das, was er sucht<\/strong>, die Eltern k\u00f6nnen im gro\u00dfen Pool <strong>schwimmen<\/strong>, w\u00e4hrend sich die Kinder bei den <strong>Wasserspielen<\/strong> vergn\u00fcgen.<\/p>\n\n\n\n<div style=\"height:22px\" aria-hidden=\"true\" class=\"wp-block-spacer\"><\/div>\n\n\n\n<div class=\"wp-block-group encart-citation\"><div class=\"wp-block-group__inner-container\">\n<p>Was gibt es Sch\u00f6neres, als in einem gesicherten Bereich herumzuliegen!  <\/p>\n<\/div><\/div>\n\n\n\n<div style=\"height:22px\" aria-hidden=\"true\" class=\"wp-block-spacer\"><\/div>\n\n\n\n<p>Da wir die <strong>Wasserqualit\u00e4t<\/strong> unserer Teiche regelm\u00e4\u00dfig \u00fcberpr\u00fcfen, genie\u00dfen Sie eine hohe Wasserqualit\u00e4t mit maximalem Spa\u00dffaktor. Unser Campingplatz versorgt alle Ihre W\u00fcnsche nach perfekter Erfrischung.<\/p>\n<\/div>\n<\/div>\n<\/div><\/section>\n\n\n\n<div style=\"height:40px\" aria-hidden=\"true\" class=\"wp-block-spacer\"><\/div>\n\n\n\n<section class=\"wp-container-69f3a31e6e84f wp-block-group\"><div class=\"wp-block-group__inner-container\">\n<div class=\"wp-block-columns\">\n<div class=\"wp-block-column\">\n<h2 class=\"has-text-align-center\" id=\"pataugeoire-et-espace-peu-profond-pour-les-petits-poissons-1\">Wasserpark mit Pool, f\u00fcr Kinder an der Cote d&#8217;Azur<\/h2>\n\n\n\n<p>Auch Ihre Kinder wollen das kristallklare Wasser genie\u00dfen, das sie anzieht. Um dies in aller Sicherheit tun zu k\u00f6nnen, stellen wir Ihnen einen idealen <strong>Wasserspielplatz zur Verf\u00fcgung<\/strong>, auf dem sich die Kinder <strong>in aller Sicherheit<\/strong> vergn\u00fcgen k\u00f6nnen. Sie k\u00f6nnen mit Ihnen schnell alles \u00fcber das Schwimmen lernen und mit Begeisterung in ein Becken unter Ihrer Kontrolle tauchen.  <\/p>\n\n\n\n<p>Ihr <strong>Campingplatz mit Schwimmbad<\/strong> ist wirklich der Partner der Wahl, wenn es darum geht, dass Ihre Kinder ihre Leidenschaft f\u00fcr das Element Wasser voll ausleben. Am Ende Ihres Aufenthalts werden sie eine unerl\u00e4ssliche Vertrautheit mit dem Wasser erlangt haben, vielleicht sogar schon schwimmen k\u00f6nnen und Ihnen ihre wundersch\u00f6nen Tauchg\u00e4nge zeigen.<\/p>\n\n\n\n<p>Genie\u00dfen Sie zwischen zwei Schwimmz\u00fcgen auch die <strong>Aktivit\u00e4ten und Unterhaltung auf dem Campingplatz (vom 5. Juli 2026 bis 21. August 2026)<\/strong>, ohne das weniger als 5 Kilometer entfernte <strong>Mittelmeer<\/strong> mit seinen feinen Sandstr\u00e4nden und Wasseraktivit\u00e4ten zu vergessen. <\/p>\n\n\n\n<div class=\"wp-container-69f3a31e6e51d wp-block-buttons\">\n<div class=\"wp-block-button\"><a class=\"wp-block-button__link\" href=\"https:\/\/campingprovencale.com\/de\/fotogalerie\/\">Bildergalerie<\/a><\/div>\n<\/div>\n<\/div>\n\n\n\n<div class=\"wp-block-column\">\n<figure class=\"wp-block-image alignfull size-full is-style-rounded\"><img width=\"640\" height=\"620\" src=\"https:\/\/campingprovencale.com\/wp-content\/uploads\/2024\/07\/photo-water-polo.jpg\" alt=\"\" class=\"wp-image-3750\" srcset=\"https:\/\/campingprovencale.com\/wp-content\/uploads\/2024\/07\/photo-water-polo.jpg 640w, https:\/\/campingprovencale.com\/wp-content\/uploads\/2024\/07\/photo-water-polo-300x291.jpg 300w\" sizes=\"(max-width: 640px) 100vw, 640px\" \/><\/figure>\n<\/div>\n<\/div>\n<\/div><\/section>\n\n\n\n<div style=\"height:40px\" aria-hidden=\"true\" class=\"wp-block-spacer\"><\/div>\n\n\n\n<section class=\"wp-container-69f3a31e6ef17 wp-block-group\"><div class=\"wp-block-group__inner-container\">\n<div class=\"wp-block-columns\">\n<div class=\"wp-block-column\">\n<h2 id=\"a-retenir-sur-la-piscine-chauffee-du-camping\">Wissenswertes \u00fcber den beheizten Pool auf dem Campingplatz in der Provence<\/h2>\n\n\n\n<p>Es gibt nichts Besseres als einen <strong>Pool<\/strong>, um sich zu am\u00fcsieren und die Sonne zu genie\u00dfen. Sie tauchen mit Wonne darin ein. Erleben Sie wirklich au\u00dfergew\u00f6hnliche Eindr\u00fccke auf unserem <a href=\"https:\/\/campingprovencale.com\/de\/campingplatz-bei-cannes\/\" data-type=\"page\" data-id=\"2593\">Campingplatz in der N\u00e4he von Cannes<\/a>. F\u00fcr die Bequemlichkeit aller sind hier einige Empfehlungen: <\/p>\n\n\n\n<ul><li>Empfohlenes Badetuch f\u00fcr Ihr Sonnenbad,<\/li><li>Badeslip erforderlich,<\/li><li>Das Tragen von Shorts oder Bermudas ist verboten,<\/li><li>Beachten Sie die internen Vorschriften des Wasserparks, der sich am Eingang zum Schwimmbad befindet.<\/li><\/ul>\n\n\n\n<p>Ein Aufenthalt in einem Mobilheim auf unserem <strong>4-Sterne-Campingplatz<\/strong> ist die Garantie f\u00fcr einen angenehmen Urlaub in der <strong>Provence Alpes C\u00f4te d&#8217;Azur<\/strong>, in der N\u00e4he von Cannes. Unser Campingplatz ist die ideale Einrichtung, um die Region, ihre nahegelegenen Str\u00e4nde, das Esterel-Massiv, Saint Rapha\u00ebl, Saint Tropez und viele andere Ziele zu erkunden. Unsere Unterk\u00fcnfte sind voll ausgestattet, damit Sie einen besseren Urlaub an der <strong>C\u00f4te d&#8217;Azur<\/strong> verbringen k\u00f6nnen, unter dem Gesang der Zikaden und mit <strong>4-Sterne-Service<\/strong>. Ob am Meer oder im Hinterland, entdecken Sie die <strong>Reicht\u00fcmer der Provence<\/strong> und die <strong>Hauptstadt der Mimose<\/strong>. <\/p>\n\n\n\n<div class=\"wp-container-69f3a31e6ec2f wp-block-buttons\"><\/div>\n<\/div>\n<\/div>\n<\/div><\/section>\n\n\n\n<div class=\"wp-block-cover alignfull is-light F-10-a\"><span aria-hidden=\"true\" class=\"has-background-dim-0 wp-block-cover__gradient-background has-background-dim\"><\/span><img width=\"2560\" height=\"1707\" class=\"wp-block-cover__image-background wp-image-3554\" alt=\"transat piscine au camping \u00e0 Mandelieu\" src=\"https:\/\/campingprovencale.com\/wp-content\/uploads\/2024\/06\/AdobeStock_16489786-1-scaled.jpeg\" style=\"object-position:49% 29%\" data-object-fit=\"cover\" data-object-position=\"49% 29%\" srcset=\"https:\/\/campingprovencale.com\/wp-content\/uploads\/2024\/06\/AdobeStock_16489786-1-scaled.jpeg 2560w, https:\/\/campingprovencale.com\/wp-content\/uploads\/2024\/06\/AdobeStock_16489786-1-300x200.jpeg 300w, https:\/\/campingprovencale.com\/wp-content\/uploads\/2024\/06\/AdobeStock_16489786-1-1024x683.jpeg 1024w, https:\/\/campingprovencale.com\/wp-content\/uploads\/2024\/06\/AdobeStock_16489786-1-768x512.jpeg 768w, https:\/\/campingprovencale.com\/wp-content\/uploads\/2024\/06\/AdobeStock_16489786-1-1536x1024.jpeg 1536w, https:\/\/campingprovencale.com\/wp-content\/uploads\/2024\/06\/AdobeStock_16489786-1-2048x1365.jpeg 2048w\" sizes=\"(max-width: 2560px) 100vw, 2560px\" \/><div class=\"wp-block-cover__inner-container\">\n<div class=\"wp-container-69f3a31e6f574 wp-block-group has-blanc-background-color has-background\"><div class=\"wp-block-group__inner-container\">\n<h2 id=\"activites-au-camping-en-paca\">Aktivit\u00e4ten auf dem Campingplatz an der frankreich C\u00f4te d&#8217;Azur<\/h2>\n\n\n\n<p>Zus\u00e4tzlich zu unserem Wasserbereich bietet unser <strong>Campingplatz mit Schwimmbad in Mandelieu<\/strong> viele Aktivit\u00e4ten f\u00fcr Kinder und Eltern. Genie\u00dfen Sie <strong>P\u00e9tanque-Turniere<\/strong>, w\u00e4hrend die Kinder auf dem <strong>Spielplatz<\/strong> spielen.<\/p>\n\n\n\n<p>Die Familie kann sich bei <strong>Aktivit\u00e4ten<\/strong> wie Tischtennis, Trampolin und H\u00fcpfburg vergn\u00fcgen. Ohne unseren Gastgeber zu vergessen<strong> <\/strong>mit seinen Aktivit\u00e4ten f\u00fcr Kinder in der Saison (vom 5. Juli 2026 bis 21. August 2026). Der Campingplatz bietet von April bis Ende Oktober auch einen <strong>Catering-Service<\/strong> an. <\/p>\n\n\n\n<p>Es ist alles vorhanden, um einen ruhigen und <strong>famili\u00e4ren Aufenthalt an der Mittelmeerk\u00fcste<\/strong> in der N\u00e4he von Cannes zu verbringen. <\/p>\n\n\n\n<div class=\"wp-container-69f3a31e6f2c6 wp-block-buttons\">\n<div class=\"wp-block-button\"><a class=\"wp-block-button__link\" href=\"https:\/\/campingprovencale.com\/de\/aktivitaeten-dienstleistungen\/\">Entdecken Sie unsere Aktivit\u00e4ten<\/a><\/div>\n<\/div>\n<\/div><\/div>\n<\/div><\/div>\n","protected":false},"excerpt":{"rendered":"<p>Wasserpark mit Pool auf dem Campingplatz in der N\u00e4he von Cannes an der Cote d&#8217;Azur Haben Sie Lust, sich zu erfrischen, in herrlich temperiertes Wasser einzutauchen, Wasserspiele mit Freunden oder der Familie zu teilen? Unsere Badelandschaft mit beheiztem Au\u00dfenpool in Mandelieu la Napoule ist so konzipiert, dass sie all Ihre W\u00fcnsche erf\u00fcllt! Ab 2024 k\u00f6nnen [&hellip;]<\/p>\n","protected":false},"author":1,"featured_media":3970,"parent":0,"menu_order":0,"comment_status":"closed","ping_status":"closed","template":"","meta":[],"acf":[],"_links":{"self":[{"href":"https:\/\/campingprovencale.com\/de\/wp-json\/wp\/v2\/pages\/1018"}],"collection":[{"href":"https:\/\/campingprovencale.com\/de\/wp-json\/wp\/v2\/pages"}],"about":[{"href":"https:\/\/campingprovencale.com\/de\/wp-json\/wp\/v2\/types\/page"}],"author":[{"embeddable":true,"href":"https:\/\/campingprovencale.com\/de\/wp-json\/wp\/v2\/users\/1"}],"replies":[{"embeddable":true,"href":"https:\/\/campingprovencale.com\/de\/wp-json\/wp\/v2\/comments?post=1018"}],"version-history":[{"count":6,"href":"https:\/\/campingprovencale.com\/de\/wp-json\/wp\/v2\/pages\/1018\/revisions"}],"predecessor-version":[{"id":5792,"href":"https:\/\/campingprovencale.com\/de\/wp-json\/wp\/v2\/pages\/1018\/revisions\/5792"}],"wp:featuredmedia":[{"embeddable":true,"href":"https:\/\/campingprovencale.com\/de\/wp-json\/wp\/v2\/media\/3970"}],"wp:attachment":[{"href":"https:\/\/campingprovencale.com\/de\/wp-json\/wp\/v2\/media?parent=1018"}],"curies":[{"name":"wp","href":"https:\/\/api.w.org\/{rel}","templated":true}]}}