{"id":2480,"date":"2023-11-21T09:39:03","date_gmt":"2023-11-21T08:39:03","guid":{"rendered":"https:\/\/campingprovencale.com\/?page_id=2480"},"modified":"2024-11-19T15:22:43","modified_gmt":"2024-11-19T14:22:43","slug":"mandelieu-la-napoule-frankreich","status":"publish","type":"page","link":"https:\/\/campingprovencale.com\/de\/mandelieu-la-napoule-frankreich\/","title":{"rendered":"Mandelieu la Napoule DE"},"content":{"rendered":"\n<h1 id=\"entdecken-sie-mandelieu-la-napoule-an-der-cote-d-azur\">Entdecken Sie Mandelieu-la Napoule an der Cote d&#8217;Azur<\/h1>\n\n\n\n<p>Tr\u00e4umen Sie von der <strong>C\u00f4te d&#8217;Azur<\/strong>, der Natur und den Str\u00e4nden des <strong>Mittelmeers<\/strong>? Entdecken Sie <strong>Mandelieu la Napoule<\/strong> w\u00e4hrend Ihres Familienurlaubs in den Seealpen. Die Hauptstadt der Mimose ist der ideale Ort, um diesen Sommer Ihre Koffer zu packen. Faulenzen, Spazierg\u00e4nge in der Natur, Sport und kulturelle Besichtigungen stehen bei Ihrem Familienurlaub auf dem <strong>Campingplatz in Mandelieu la Napoule<\/strong> auf dem Programm!<\/p>\n\n\n\n<div class=\"wp-block-columns\">\n<div class=\"wp-block-column\">\n<figure class=\"wp-block-image size-large\"><img width=\"1024\" height=\"677\" src=\"https:\/\/campingprovencale.com\/wp-content\/uploads\/2024\/02\/Adobe-Mandelieu-La-Napoule-1024x677.png\" alt=\"Mandelieu la Napoule chateau\" class=\"wp-image-2856\" srcset=\"https:\/\/campingprovencale.com\/wp-content\/uploads\/2024\/02\/Adobe-Mandelieu-La-Napoule-1024x677.png 1024w, https:\/\/campingprovencale.com\/wp-content\/uploads\/2024\/02\/Adobe-Mandelieu-La-Napoule-300x198.png 300w, https:\/\/campingprovencale.com\/wp-content\/uploads\/2024\/02\/Adobe-Mandelieu-La-Napoule-768x508.png 768w, https:\/\/campingprovencale.com\/wp-content\/uploads\/2024\/02\/Adobe-Mandelieu-La-Napoule.png 1416w\" sizes=\"(max-width: 1024px) 100vw, 1024px\" \/><\/figure>\n<\/div>\n\n\n\n<div class=\"wp-block-column\">\n<h2 id=\"geniessen-sie-ihren-urlaub-in-mandelieu-la-napoule-cote-d-azur\">Genie\u00dfen Sie Ihren Urlaub in Mandelieu-la Napoule, Cote d&#8217;Azur<\/h2>\n\n\n\n<p><strong>Mandelieu-la Napoule<\/strong> ist ein anerkanntes Badeziel und verf\u00fcgt \u00fcber sieben <strong>Str\u00e4nde <\/strong>mit unterschiedlichem Charme. Familien-, Sport- oder intimere Str\u00e4nde &#8211; es gibt f\u00fcr jeden Geschmack etwas! Der feine Sand und der Blick auf die wundersch\u00f6nen L\u00e9rins-Inseln sind jedoch gemeinsame Merkmale, die Ihre Momente am Meer sublimieren werden. Es werden mehr als drei\u00dfig <strong>Wassersportaktivit\u00e4ten <\/strong>angeboten. Segeln, Tauchen, Paddeln oder auch Windsurfen: Sie haben die Qual der Wahl!<\/p>\n\n\n\n<p>Nach einem erfrischenden Bad laden Sie die Ufer der Siagne zu einem bukolischen Ausflug ein. Der K\u00fcstenfluss verbindet das Meer mit dem Viertel der Mimosisten. Ein paar Musiknoten aus den Guinguettes und der Duft der Mimosen werden Ihren Spaziergang bereichern. Elektroboote und Schw\u00e4ne kreuzen sich harmonisch in diesem einzigartigen Naturraum.<\/p>\n\n\n\n<p>Im Viertel La Napoule warten malerische kleine Pl\u00e4tze, Kunsthandwerksl\u00e4den und der sommerliche Designermarkt nur darauf, von Ihnen entdeckt zu werden. Kunst und Kultur haben hier einen wichtigen Stellenwert. Das erfahren Sie bei einem Besuch des Schlosses, das als eine der sch\u00f6nsten K\u00fcnstlerresidenzen der Welt gilt. Auch der ber\u00fchmte Riviera Golf de Barbossi ist dank der monumentalen Kunstwerke, die auf dem Golfplatz ausgestellt sind, einen Besuch wert.<\/p>\n<\/div>\n<\/div>\n\n\n\n<h2 id=\"mandelieu-la-napoule-naturziel-an-der-cote-d-azur\">Mandelieu la Napoule, Naturziel an der C\u00f4te d&#8217;Azur<\/h2>\n\n\n\n<p><strong>Destination Nature Mandelieu-La Napoule<\/strong>&nbsp;empf\u00e4ngt Sie f\u00fcr einen Urlaub inmitten abwechslungsreicher Landschaften. Zwischen den<strong>&nbsp;Str\u00e4nden des Mittelmeers<\/strong>, den roten Felsen des&nbsp;<strong>Esterel-Massivs<\/strong>&nbsp;und dem<strong>&nbsp;Mimosenwald<\/strong>&nbsp;des Tanneron genie\u00dfen Sie 365 Tage lang Natursch\u00f6nheit. Das Massif de l&#8217;Est\u00e9rel mit seinen 400 km markierten Wegen ist ein Paradies f\u00fcr Wanderer und Mountainbiker. Entdecken Sie auch die&nbsp;<strong>Caldeira de Maure Vieil<\/strong>, ein geologisches \u00dcberbleibsel des ehemaligen Vulkans.<\/p>\n\n\n\n<p>Am&nbsp;<strong>Mont San Peyre<\/strong> bietet ein 18 Hektar gro\u00dfer Park ein 360\u00b0-Panorama \u00fcber den&nbsp;<strong>Golfe de la Napoule<\/strong>&nbsp;und die&nbsp;<strong>\u00celes de L\u00e9rins<\/strong>. Ein 3,4 km langer Fu\u00dfweg f\u00fchrt durch eine typische Macchia-Vegetation. Der<strong>&nbsp;Wald des Grand Duc und das Tanneron-Massiv<\/strong>, die f\u00fcr ihre Mimosenb\u00e4ume bekannt sind, lassen sich besonders im Januar und Februar entdecken. Die<strong>&nbsp;Ufer der Siagne<\/strong>, des Flusses, der durch Mandelieu flie\u00dft, bieten einen sanften Spaziergang inmitten einer dichten Vegetation, der ideal ist, um die lokale Tierwelt zu beobachten. Erkunden Sie schlie\u00dflich das&nbsp;<strong>Mittelmeer&nbsp;<\/strong> und seine wilden Buchten oder fahren Sie aufs Meer hinaus, um der gro\u00dfen Unterwasserfauna zu begegnen.<\/p>\n\n\n\n<p>Mandelieu-La Napoule,&nbsp;<strong>Sportbadeort<\/strong>, bietet eine Vielzahl von Aktivit\u00e4ten. Mit&nbsp;<strong>400 km markierten Wanderwegen im Esterel-Massiv<\/strong> ist es ein Paradies f\u00fcr Liebhaber von&nbsp;<strong>Wanderungen&nbsp;<\/strong> und Mountainbiketouren. Durch die Stadt flie\u00dft der einzige schiffbare Fluss des Departements, ideal zum&nbsp;<strong>Kajakfahren&nbsp;<\/strong> und f\u00fcr&nbsp;<strong>Bootstouren<\/strong>. Die Fernwanderwege GR 51 und GR 653A ziehen Fernwanderer an, w\u00e4hrend&nbsp;<strong>die EuroV\u00e9lo 8&nbsp;<\/strong> Radtouristen in ihren Bann zieht. Der<strong>&nbsp;Golf von La Napoule&nbsp;<\/strong> bietet vielf\u00e4ltige Wassersportaktivit\u00e4ten. Au\u00dferdem umrahmen &nbsp;<strong>zwei emblematische Golfpl\u00e4tze<\/strong>&nbsp;der Region die Stadt, die sich an Umweltverpflichtungen halten. Im Sommer erwacht Mandelieu mit<strong>&nbsp;Kunsthandwerkerm\u00e4rkten, Feuerwerken, Auff\u00fchrungen und Ausstellungen<\/strong> zum Leben. Sportveranstaltungen wie der<strong>&nbsp;Trail des Balcons d&#8217;Azur&nbsp;<\/strong>und das&nbsp;<strong>Race<\/strong>&nbsp;<strong>Across France&nbsp;<\/strong> bestimmen das Jahr und ziehen L\u00e4ufer, Radfahrer und Liebhaber sportlicher Herausforderungen in der freien Natur. <\/p>\n\n\n\n<div style=\"height:30px\" aria-hidden=\"true\" class=\"wp-block-spacer\"><\/div>\n\n\n\n<h2 id=\"die-hafen-von-mandelieu-la-napoule\">Die Hafen von Mandelieu la Napoule<\/h2>\n\n\n\n<p><strong>In Mandelieu-La Napoule<\/strong> finden die&nbsp;<strong>Segler&nbsp;<\/strong> ein wahres Paradies mit fast 6000 Liegepl\u00e4tzen, die sich auf<strong>&nbsp;7 H\u00e4fen verteilen, die der Freizeitschifffahrt gewidmet sind<\/strong>. Die Seeh\u00e4fen, die in Fl\u00fcssen oder auf dem Trockenen liegen, bieten qualitativ hochwertige Dienstleistungen. Bei einem Spaziergang entlang der Kais des&nbsp;<strong>Port la Napoule&nbsp;<\/strong>oder des<strong>&nbsp;Port de la Rague<\/strong>&nbsp;k\u00f6nnen Sie au\u00dfergew\u00f6hnliche Boote bewundern und auf den M\u00e4rkten frischen Fisch kaufen. F\u00fchrerscheinfreie Elektroboote sind ideal f\u00fcr kleine, gesellige Kreuzfahrten. In Port la Napoule findet jeden April<strong>&nbsp;die Napoule Boat Show<\/strong> statt, ein Gro\u00dfereignis f\u00fcr Bootsliebhaber. Mandelieu, ein Premium-Nautikreiseziel.<\/p>\n\n\n\n<p>Die <strong>Napoule Boat Show<\/strong> ist der unumg\u00e4ngliche Treffpunkt an der <strong>C\u00f4te d&#8217;Azur<\/strong> f\u00fcr Liebhaber von Sportbooten. Mehr als 100 internationale Marken werden hier pr\u00e4sentiert, darunter Beneteau, Jeanneau, Sunseeker und Zodiac. Auf 10.000 m\u00b2 Ausstellungsfl\u00e4che werden 200 Boote von 4 bis 26 Metern L\u00e4nge gezeigt, 60% davon sind gebraucht. Die Besucher k\u00f6nnen verschiedene Produkte und Dienstleistungen f\u00fcr den Wassersport entdecken. Der Hafen von <strong>La Napoule<\/strong>, der zwischen den roten Felsen des<strong> Esterel-Gebirges<\/strong> und den goldenen H\u00fcgeln des<strong> Tanneron-Gebirges<\/strong> liegt, ist jedes Fr\u00fchjahr im April Austragungsort dieser Veranstaltung und bietet eine idyllische Umgebung und hochwertige Einrichtungen f\u00fcr Bootsfahrer.<\/p>\n\n\n\n<div style=\"height:40px\" aria-hidden=\"true\" class=\"wp-block-spacer\"><\/div>\n\n\n\n<h2 id=\"restaurants-in-mandelieu-la-napoule\">Restaurants in Mandelieu la Napoule<\/h2>\n\n\n\n<p>Mandelieu-la-Napoule liegt an der wundersch\u00f6nen C\u00f4te d&#8217;Azur und ist aufgrund seiner Str\u00e4nde, seines Kulturerbes und seiner Gastronomie ein beliebtes Reiseziel. Ein Aufenthalt auf dem Campingplatz La Proven\u00e7ale bringt Sie in das Herz dieser bezaubernden Region und bietet Ihnen einen privilegierten Zugang zu einer Vielzahl von abwechslungsreichen Restaurants, die Ihren Gaumen verw\u00f6hnen werden.<\/p>\n\n\n\n<p>In Mandelieu la Napoule gibt es viele Restaurants mit Meerblick oder <strong>direkt am Strand<\/strong>. Hier sind einige Beispiele f\u00fcr <a rel=\"noreferrer noopener\" href=\"https:\/\/www.mandelieu-tourisme.com\/mon-sejour\/restaurants\/\" target=\"_blank\">Restaurants:<\/a><\/p>\n\n\n\n<ul><li>&#8222;Le Bistrot de la Rague&#8220; bietet traditionelle franz\u00f6sische K\u00fcche mit einem herrlichen Blick auf das Meer.<\/li><li>&#8222;BAIA PLAGE&#8220; bietet eine entspannte Atmosph\u00e4re mit den F\u00fc\u00dfen im Sand und ist ideal, um mediterrane Gerichte zu genie\u00dfen.<\/li><li>&#8222;CALA MIA&#8220; zeichnet sich durch seine freundliche Atmosph\u00e4re und seine italienischen Spezialit\u00e4ten aus. &#8222;PLAYA CHICA&#8220; ist eine weitere ausgezeichnete Wahl, um frische Meeresfr\u00fcchte mit einem atemberaubenden Ausblick zu genie\u00dfen.<\/li><li>F\u00fcr ein schickeres Erlebnis bieten &#8222;La Rotonde&#8220; und &#8222;Le Blue Lemon&#8220; raffinierte Gerichte mit einem Panoramablick auf das Mittelmeer.<\/li><\/ul>\n\n\n\n<p>Genie\u00dfen Sie diese Adressen, w\u00e4hrend Sie sich auf dem <strong>Campingplatz La Proven\u00e7ale<\/strong> aufhalten. Das Stadtzentrum von Mandelieu bietet au\u00dferdem eine Vielfalt an internationalen K\u00fcchen, von spanischen Tapas bis hin zu japanischem Sushi. Ein Aufenthalt auf einem<strong> Campingplatz in Mandelieu la Napoule <\/strong>erm\u00f6glicht es Ihnen, diesen kulinarischen Reichtum zu entdecken und gleichzeitig eine komfortable und freundliche Unterkunft zu genie\u00dfen. Ob Sie nun ein gastronomisches Erlebnis oder eine einfache, authentische Mahlzeit suchen, Mandelieu-la-Napoule hat f\u00fcr jeden kulinarischen Wunsch etwas zu bieten.<\/p>\n\n\n\n<div class=\"wp-block-columns\">\n<div class=\"wp-block-column\">\n<h2 id=\"besuchen-sie-die-umgebung-von-mandelieu-la-napoule\">Besuchen Sie die Umgebung von Mandelieu-la Napoule<\/h2>\n\n\n\n<p>Sind Sie von der Magie der Umgebung begeistert und bereit, die Ausl\u00e4ufer des Esterel-Gebirges zu erkunden, die nur wenige Kilometer vom <strong>Campingplatz<\/strong> entfernt liegen? Zu Fu\u00df oder mit dem Fahrrad gibt es zahlreiche markierte Wanderwege. Der Charme des scharlachroten Felsens, die atemberaubenden <strong>Panoramen<\/strong>, die H\u00f6hlen und Aussichtspunkte werden Ihnen unvergessliche Erinnerungen bescheren.<\/p>\n\n\n\n<p>Fahren Sie nach Ihrer Wanderung auf der Touristenroute der <strong>Corniche d&#8217;Or<\/strong>. Das Meer auf der einen Seite, das <strong>Esterel-Massiv<\/strong> auf der anderen: Sie werden von der Explosion der Farben des Felsens und des Ozeans \u00fcberw\u00e4ltigt sein. Um die Landschaft zu bewundern, ist ein Halt an einem der in den Buchten versteckten roten <strong>Sandstr\u00e4nde <\/strong>eine willkommene Abwechslung.<\/p>\n\n\n\n<p>Der Hafen von La Napoule ist der Ausgangspunkt f\u00fcr die Fahrt zu den<strong> L\u00e9rins-Inseln<\/strong>. Der Archipel ist ein wahres Konzentrat aus Natur und Kultur und sollte bei Ihrem Aufenthalt nicht fehlen.<\/p>\n\n\n\n<p>Ruhe und Spiritualit\u00e4t bestimmen die Atmosph\u00e4re auf der Insel <strong>Saint-Honorat<\/strong>, die von sechzehn Jahrhunderten kl\u00f6sterlichen Lebens gepr\u00e4gt ist. Auf der Insel <strong>Sainte-Marguerite<\/strong> tanken Sie Natur und Geschichte.<\/p>\n\n\n\n<p>Das <strong>Fort Royal<\/strong>, das Gef\u00e4ngnis des ber\u00fchmten Mannes mit der eisernen Maske, wird Sie auf eine Reise in die Vergangenheit mitnehmen. Nach einem erholsamen Spaziergang durch den 152 Hektar gro\u00dfen Staatswald k\u00f6nnen Sie sich an Bord eines Shuttlebusses nach <strong>Cannes <\/strong>begeben. Die Stadt, die f\u00fcr ihre Filmfestspiele bekannt ist, ist ein charmanter Zwischenstopp. Ein Spaziergang auf der <strong>Croisette <\/strong>oder ein Bummel durch die Gassen der Altstadt: Was f\u00fcr eine sch\u00f6ne Art, Ihren Sommertag ausklingen zu lassen!<\/p>\n<\/div>\n\n\n\n<div class=\"wp-block-column\">\n<figure class=\"wp-block-image size-large\"><img width=\"1024\" height=\"653\" src=\"https:\/\/campingprovencale.com\/wp-content\/uploads\/2024\/02\/Adobe-Esteel-1024x653.png\" alt=\"Massif Est\u00e9rel Cote d'Azur\" class=\"wp-image-2861\" srcset=\"https:\/\/campingprovencale.com\/wp-content\/uploads\/2024\/02\/Adobe-Esteel-1024x653.png 1024w, https:\/\/campingprovencale.com\/wp-content\/uploads\/2024\/02\/Adobe-Esteel-300x191.png 300w, https:\/\/campingprovencale.com\/wp-content\/uploads\/2024\/02\/Adobe-Esteel-768x490.png 768w, https:\/\/campingprovencale.com\/wp-content\/uploads\/2024\/02\/Adobe-Esteel.png 1469w\" sizes=\"(max-width: 1024px) 100vw, 1024px\" \/><\/figure>\n<\/div>\n<\/div>\n\n\n\n<div class=\"wp-block-cover alignfull is-light F-10-a\"><span aria-hidden=\"true\" class=\"has-background-dim-20 wp-block-cover__gradient-background has-background-dim\"><\/span><img width=\"2560\" height=\"1920\" class=\"wp-block-cover__image-background wp-image-3075\" alt=\"\" src=\"https:\/\/campingprovencale.com\/wp-content\/uploads\/2024\/04\/20240417_100247-scaled.jpg\" style=\"object-position:50% 71%\" data-object-fit=\"cover\" data-object-position=\"50% 71%\" srcset=\"https:\/\/campingprovencale.com\/wp-content\/uploads\/2024\/04\/20240417_100247-scaled.jpg 2560w, https:\/\/campingprovencale.com\/wp-content\/uploads\/2024\/04\/20240417_100247-300x225.jpg 300w, https:\/\/campingprovencale.com\/wp-content\/uploads\/2024\/04\/20240417_100247-1024x768.jpg 1024w, https:\/\/campingprovencale.com\/wp-content\/uploads\/2024\/04\/20240417_100247-768x576.jpg 768w, https:\/\/campingprovencale.com\/wp-content\/uploads\/2024\/04\/20240417_100247-1536x1152.jpg 1536w, https:\/\/campingprovencale.com\/wp-content\/uploads\/2024\/04\/20240417_100247-2048x1536.jpg 2048w\" sizes=\"(max-width: 2560px) 100vw, 2560px\" \/><div class=\"wp-block-cover__inner-container\">\n<div class=\"wp-container-69e1e73a2c25e wp-block-group has-blanc-background-color has-background\"><div class=\"wp-block-group__inner-container\">\n<h2 id=\"aufenthalt-auf-dem-campingplatz-la-provencale-in-mandelieu-la-napoule-cote-d-azur\">Aufenthalt auf dem Campingplatz La Proven\u00e7ale in Mandelieu-la Napoule, Cote d&#8217;Azur<\/h2>\n\n\n\n<p>In der N\u00e4he der Str\u00e4nde und des Dorfzentrums ist unser <a href=\"https:\/\/campingprovencale.com\/de\/\" data-type=\"page\" data-id=\"972\">Campingplatz in Mandelieu-la Napoule<\/a> ideal gelegen. Nach einem sch\u00f6nen Tag im Familienurlaub k\u00f6nnen Sie unseren Wasserpark nutzen und in eines unserer beiden beheizten <strong>Schwimmb\u00e4der <\/strong>eintauchen. Die Kinder werden sich auf den Rutschen und dem Spielplatz vergn\u00fcgen, die f\u00fcr sie gedacht sind. Im Sommer bietet unser <strong>4-Sterne-Campingplatz<\/strong> Animationen an. Sie vertrauensvoll zur\u00fccklassen und sich Zeit f\u00fcr sich selbst nehmen, auch das ist Urlaub! Was die Unterk\u00fcnfte betrifft, so bietet der <strong>Campingplatz <\/strong>die Vermietung von Ferien in <strong>Mobilheimen und Bungalows <\/strong>mit allem Komfort an, wobei einige <strong>Unterk\u00fcnfte <\/strong>\u00fcber eine halb\u00fcberdachte Terrasse, eine Klimaanlage usw. verf\u00fcgen.<\/p>\n\n\n\n<p>Nutzen Sie auch die ausgestatteten Zelte f\u00fcr einen ungew\u00f6hnlichen Familienurlaub und die schattigen Campingpl\u00e4tze f\u00fcr einen naturnahen Urlaub mit<strong> 4-Sterne-Service<\/strong> zum besten Preis-Leistungs-Verh\u00e4ltnis.<\/p>\n\n\n\n<p>Sie suchen einen <strong>Familiencampingplatz <\/strong>f\u00fcr einen sonnigen Urlaub in den Seealpen? Der Campingplatz La Proven\u00e7ale wird Ihre Erwartungen dank der Qualit\u00e4t seiner Leistungen und seiner perfekten Lage in der N\u00e4he von Cannes erf\u00fcllen. Unser Campingplatz ist der ideale Ausgangspunkt, um die <strong>Provence Alpes C\u00f4te d&#8217;Azur<\/strong> und ihre unumg\u00e4nglichen Reiseziele zu entdecken: Saint Rapha\u00ebl, Saint Tropez, Nizza, <strong>Cannes <\/strong>etc.<\/p>\n\n\n\n<p>Buchen Sie und fangen Sie an zu tr\u00e4umen: <a href=\"https:\/\/www.frankreich-mandelieu.com\/\" target=\"_blank\" rel=\"noreferrer noopener\">Mandelieu-la-Napoule<\/a>, seine Str\u00e4nde und seine einzigartige Umgebung erwarten Sie diesen Sommer!<\/p>\n<\/div><\/div>\n<\/div><\/div>\n\n\n\n<div style=\"height:100px\" aria-hidden=\"true\" class=\"wp-block-spacer\"><\/div>\n","protected":false},"excerpt":{"rendered":"<p>Entdecken Sie Mandelieu-la Napoule an der Cote d&#8217;Azur Tr\u00e4umen Sie von der C\u00f4te d&#8217;Azur, der Natur und den Str\u00e4nden des Mittelmeers? Entdecken Sie Mandelieu la Napoule w\u00e4hrend Ihres Familienurlaubs in den Seealpen. Die Hauptstadt der Mimose ist der ideale Ort, um diesen Sommer Ihre Koffer zu packen. Faulenzen, Spazierg\u00e4nge in der Natur, Sport und kulturelle [&hellip;]<\/p>\n","protected":false},"author":1,"featured_media":2017,"parent":0,"menu_order":0,"comment_status":"closed","ping_status":"closed","template":"","meta":[],"acf":[],"_links":{"self":[{"href":"https:\/\/campingprovencale.com\/de\/wp-json\/wp\/v2\/pages\/2480"}],"collection":[{"href":"https:\/\/campingprovencale.com\/de\/wp-json\/wp\/v2\/pages"}],"about":[{"href":"https:\/\/campingprovencale.com\/de\/wp-json\/wp\/v2\/types\/page"}],"author":[{"embeddable":true,"href":"https:\/\/campingprovencale.com\/de\/wp-json\/wp\/v2\/users\/1"}],"replies":[{"embeddable":true,"href":"https:\/\/campingprovencale.com\/de\/wp-json\/wp\/v2\/comments?post=2480"}],"version-history":[{"count":6,"href":"https:\/\/campingprovencale.com\/de\/wp-json\/wp\/v2\/pages\/2480\/revisions"}],"predecessor-version":[{"id":4382,"href":"https:\/\/campingprovencale.com\/de\/wp-json\/wp\/v2\/pages\/2480\/revisions\/4382"}],"wp:featuredmedia":[{"embeddable":true,"href":"https:\/\/campingprovencale.com\/de\/wp-json\/wp\/v2\/media\/2017"}],"wp:attachment":[{"href":"https:\/\/campingprovencale.com\/de\/wp-json\/wp\/v2\/media?parent=2480"}],"curies":[{"name":"wp","href":"https:\/\/api.w.org\/{rel}","templated":true}]}}