{"id":3608,"date":"2024-06-24T17:02:05","date_gmt":"2024-06-24T15:02:05","guid":{"rendered":"https:\/\/campingprovencale.com\/?page_id=3608"},"modified":"2024-06-24T17:02:05","modified_gmt":"2024-06-24T15:02:05","slug":"mandelieu-la-napoule-strande","status":"publish","type":"page","link":"https:\/\/campingprovencale.com\/de\/mandelieu-la-napoule-strande\/","title":{"rendered":"Mandelieu plages DE"},"content":{"rendered":"\n<div class=\"wp-block-cover alignfull is-light\"><span aria-hidden=\"true\" class=\"wp-block-cover__gradient-background has-background-dim\"><\/span><img width=\"1411\" height=\"939\" class=\"wp-block-cover__image-background wp-image-2843\" alt=\"Cannes\" src=\"https:\/\/campingprovencale.com\/wp-content\/uploads\/2024\/02\/Adobe-Cannes-La-Napoule.png\" style=\"object-position:57% 45%\" data-object-fit=\"cover\" data-object-position=\"57% 45%\" srcset=\"https:\/\/campingprovencale.com\/wp-content\/uploads\/2024\/02\/Adobe-Cannes-La-Napoule.png 1411w, https:\/\/campingprovencale.com\/wp-content\/uploads\/2024\/02\/Adobe-Cannes-La-Napoule-300x200.png 300w, https:\/\/campingprovencale.com\/wp-content\/uploads\/2024\/02\/Adobe-Cannes-La-Napoule-1024x681.png 1024w, https:\/\/campingprovencale.com\/wp-content\/uploads\/2024\/02\/Adobe-Cannes-La-Napoule-768x511.png 768w\" sizes=\"(max-width: 1411px) 100vw, 1411px\" \/><div class=\"wp-block-cover__inner-container\">\n<ul class=\"pictos has-white-color has-text-color\"><li><\/li><\/ul>\n<\/div><\/div>\n\n\n\n<div class=\"wp-container-69e1e7f6dd41c wp-block-group\"><div class=\"wp-block-group__inner-container\">\n<h1 class=\"has-text-align-center\" id=\"de-stranden-van-mandelieu-la-napoule-aan-de-cote-d-azur\">De stranden van Mandelieu la Napoule, aan de C\u00f4te d&#8217;Azur<\/h1>\n\n\n\n<p>Vom Campingplatz La Proven\u00e7ale in Mandelieu la Napoule aus k\u00f6nnen Sie die Stadt besuchen, die <strong>Hauptstadt der Mimosen<\/strong> und auch ein <strong>Badeort an der C\u00f4te d&#8217;Azur<\/strong> ist, der f\u00fcr seine 7 Str\u00e4nde mit klarem Wasser gesch\u00e4tzt wird. \u00dcbernachten Sie in <strong>Komfortablen Ferienh\u00e4usern in der N\u00e4he von Cannes<\/strong> und genie\u00dfen Sie die N\u00e4he dieser sch\u00f6nen, feinen Sandstr\u00e4nde.<\/p>\n<\/div><\/div>\n\n\n\n<div class=\"wp-block-columns\">\n<div class=\"wp-block-column\">\n<figure class=\"wp-block-image size-large\"><img width=\"1024\" height=\"682\" src=\"https:\/\/campingprovencale.com\/wp-content\/uploads\/2024\/05\/ADO-plage-1024x682.jpeg\" alt=\"plage m\u00e9diterran\u00e9e\" class=\"wp-image-3289\" srcset=\"https:\/\/campingprovencale.com\/wp-content\/uploads\/2024\/05\/ADO-plage-1024x682.jpeg 1024w, https:\/\/campingprovencale.com\/wp-content\/uploads\/2024\/05\/ADO-plage-300x200.jpeg 300w, https:\/\/campingprovencale.com\/wp-content\/uploads\/2024\/05\/ADO-plage-768x512.jpeg 768w, https:\/\/campingprovencale.com\/wp-content\/uploads\/2024\/05\/ADO-plage-1536x1023.jpeg 1536w, https:\/\/campingprovencale.com\/wp-content\/uploads\/2024\/05\/ADO-plage-2048x1365.jpeg 2048w\" sizes=\"(max-width: 1024px) 100vw, 1024px\" \/><\/figure>\n<\/div>\n\n\n\n<div class=\"wp-block-column\">\n<h2 id=\"geniessen-sie-die-strande-von-mandelieu-la-napoule-an-der-cote-d-azur\">Genie\u00dfen Sie die Str\u00e4nde von Mandelieu la Napoule an der C\u00f4te d&#8217;Azur<\/h2>\n\n\n\n<p>In Mandelieu la Napoule in der N\u00e4he von Cannes gibt es <strong>7 feine Sandstr\u00e4nde<\/strong>, von denen jeder anders ist als der andere. Was die Str\u00e4nde gemeinsam haben, ist ihre idyllische Lage <strong>mit den L\u00e9rins-Inseln und den roten Felsen des Esterel<\/strong> als Kulisse.<\/p>\n\n\n\n<p>Besonders beliebt bei Familien sind die <strong>Plage de la Raguette<\/strong> und der Strand in der N\u00e4he des Ch\u00e2teau de la Napoule. Diese Sandstr\u00e4nde entlang der K\u00fcste haben n\u00e4mlich \u00fcber eine l\u00e4ngere Strecke flaches Wasser, so dass die Kinder in aller Ruhe spielen k\u00f6nnen.<\/p>\n\n\n\n<p>Andere, sportlichere Str\u00e4nde wie der <strong>Plage des Dauphins<\/strong>, der <strong>Plage de Robinson<\/strong>, der <strong>Plage de Fon Marina<\/strong> oder der <strong>Plage du Sable d&#8217;Or<\/strong> sind ebenfalls f\u00fcr Familien geeignet. Diese Str\u00e4nde verf\u00fcgen \u00fcber einen <strong>Nautikst\u00fctzpunkt<\/strong> und Beachvolleyballpl\u00e4tze. Diese Str\u00e4nde laden zu zahlreichen <strong>Wassersportaktivit\u00e4ten<\/strong> (Paddeln, Kajakfahren, Jetski, usw.) und zum Entspannen <strong>unter der Sonne der Alpes-Maritimes<\/strong> ein!<\/p>\n\n\n\n<p>Nutzen Sie Ihre <strong>Tage am Strand<\/strong> f\u00fcr ein unvergessliches Abenteuer f\u00fcr die ganze Familie. Beginnen Sie mit einem morgendlichen <strong>Yoga<\/strong> oder einem entspannenden <strong>Paddelausflug<\/strong>, um in die Sch\u00f6nheit des <strong>Mittelmeers<\/strong> einzutauchen. Entdecken Sie die <strong>Wasseraktivit\u00e4ten<\/strong>, die an der \u00f6rtlichen Basis angeboten werden: Katamaran, Kajak, Paddeln, es ist f\u00fcr jeden etwas dabei. Nach dem Mittagessen mit den F\u00fc\u00dfen im Sand k\u00f6nnen die Kinder ihrer Fantasie bei <strong>Spielen am Strand<\/strong> oder einer Erkundung der Umgebung freien Lauf lassen. Beenden Sie den Tag mit einem <strong>Entspannungsspaziergang<\/strong> in der Abendd\u00e4mmerung, gefolgt von einer entspannten Zeit mit der Familie beim Beobachten des <strong>Sonnenuntergangs<\/strong>.<\/p>\n<\/div>\n<\/div>\n\n\n\n<div class=\"wp-block-columns\">\n<div class=\"wp-block-column\">\n<h2 id=\"alle-arten-von-aktivitaten-in-und-um-mandelieu\">Alle Arten von Aktivit\u00e4ten in und um Mandelieu<\/h2>\n\n\n\n<p>Mandelieu la Napoule in der N\u00e4he von Cannes verf\u00fcgt \u00fcber<strong>7 feinsandige Str\u00e4nde<\/strong>\u00a0jeder anders als der andere. Was die Str\u00e4nde gemeinsam haben, ist ihre idyllische Lage<strong>mit den L\u00e9rins-Inseln und den roten Felsen des Esterel<\/strong>\u00a0als Kulisse.<\/p>\n\n\n\n<p>Von Mandelieu la Napoule nehmen Sie Kurs auf die<strong>L\u00e9rins-Inseln<\/strong> gegen\u00fcber <a href=\"https:\/\/campingprovencale.com\/de\/campingplatz-bei-cannes\/\">Cannes<\/a>. Genie\u00dfen Sie paradiesische Str\u00e4nde und unber\u00fchrte Natur auf den Inseln Sainte-Marguerite und Saint-Honorat, die zu den L\u00e9rins-Inseln geh\u00f6ren.<\/p>\n\n\n\n<p>Um die sch\u00f6ne, unber\u00fchrte Natur weiter zu genie\u00dfen, sollten Sie die Reicht\u00fcmer des <strong>Massif de l&#8217;Esterel<\/strong> entdecken. Dieses Massiv mit seinen roten Felsen und steilen H\u00e4ngen bietet 400 km markierte Wanderwege, die Sie zu Fu\u00df oder mit dem Mountainbike erkunden k\u00f6nnen.<\/p>\n\n\n\n<p>Und vers\u00e4umen Sie w\u00e4hrend Ihres Campingurlaubs nicht <strong>einen Ausflug nach Cannes<\/strong>. Bekannt f\u00fcr das internationale Filmfestival, das dort jedes Jahr stattfindet, ist Cannes auch wegen seiner malerischen Viertel wie dem <strong>Suquet<\/strong>, dem ber\u00fchmten Boulevard de la <strong>Croisette<\/strong>, seinen Luxuspal\u00e4sten oder dem <strong>March\u00e9 Forville<\/strong> und seinen hochwertigen lokalen Produkten einen Besuch wert.<\/p>\n\n\n\n<p>In der N\u00e4he unseres Campingplatzes in Mandelieu la Napoule gibt es zahlreiche Aktivit\u00e4ten f\u00fcr die ganze Familie: Wassersport, Golf, Wandern, usw.<\/p>\n<\/div>\n\n\n\n<div class=\"wp-block-column\">\n<figure class=\"wp-block-image size-large\"><img width=\"1024\" height=\"683\" src=\"https:\/\/campingprovencale.com\/wp-content\/uploads\/2024\/05\/AdobeStock_91309342-1-1024x683.jpeg\" alt=\"paddle activit\u00e9s mandelieu\" class=\"wp-image-3283\" srcset=\"https:\/\/campingprovencale.com\/wp-content\/uploads\/2024\/05\/AdobeStock_91309342-1-1024x683.jpeg 1024w, https:\/\/campingprovencale.com\/wp-content\/uploads\/2024\/05\/AdobeStock_91309342-1-300x200.jpeg 300w, https:\/\/campingprovencale.com\/wp-content\/uploads\/2024\/05\/AdobeStock_91309342-1-768x512.jpeg 768w, https:\/\/campingprovencale.com\/wp-content\/uploads\/2024\/05\/AdobeStock_91309342-1-1536x1024.jpeg 1536w, https:\/\/campingprovencale.com\/wp-content\/uploads\/2024\/05\/AdobeStock_91309342-1-2048x1365.jpeg 2048w\" sizes=\"(max-width: 1024px) 100vw, 1024px\" \/><\/figure>\n<\/div>\n<\/div>\n\n\n\n<div class=\"wp-block-cover alignfull F-10-a\"><span aria-hidden=\"true\" class=\"has-background-dim-20 wp-block-cover__gradient-background has-background-dim\"><\/span><img width=\"1469\" height=\"937\" class=\"wp-block-cover__image-background wp-image-2860\" alt=\"Massif Est\u00e9rel Cote d'Azur\" src=\"https:\/\/campingprovencale.com\/wp-content\/uploads\/2024\/02\/Adobe-Esteel.png\" style=\"object-position:47% 23%\" data-object-fit=\"cover\" data-object-position=\"47% 23%\" srcset=\"https:\/\/campingprovencale.com\/wp-content\/uploads\/2024\/02\/Adobe-Esteel.png 1469w, https:\/\/campingprovencale.com\/wp-content\/uploads\/2024\/02\/Adobe-Esteel-300x191.png 300w, https:\/\/campingprovencale.com\/wp-content\/uploads\/2024\/02\/Adobe-Esteel-1024x653.png 1024w, https:\/\/campingprovencale.com\/wp-content\/uploads\/2024\/02\/Adobe-Esteel-768x490.png 768w\" sizes=\"(max-width: 1469px) 100vw, 1469px\" \/><div class=\"wp-block-cover__inner-container\">\n<div class=\"wp-container-69e1e7f6dd9e0 wp-block-group\"><div class=\"wp-block-group__inner-container\">\n<h2 id=\"aufenthalt-auf-einem-campingplatz-in-der-nahe-der-strande-von-mandelieu-la-napoule\">Aufenthalt auf einem Campingplatz in der N\u00e4he der Str\u00e4nde von Mandelieu la Napoule<\/h2>\n\n\n\n<p>Der Campingplatz La Proven\u00e7ale bietet alles, was Sie f\u00fcr einen gelungenen Urlaub an der C\u00f4te d&#8217;Azur brauchen. Dieser <strong>4-Sterne-Campingplatz<\/strong> ist ideal gelegen zwischen den Str\u00e4nden von Mandelieu la Napoule und dem Esterel-Massiv.<\/p>\n\n\n\n<p>Genie\u00dfen Sie au\u00dferdem eine <strong>gro\u00dfe Auswahl an Unterk\u00fcnften<\/strong> (Mobilheime oder Chalets mit halb \u00fcberdachter Terrasse und Gartenm\u00f6beln) und ger\u00e4umige Stellpl\u00e4tze zum Aufstellen Ihres Zeltes, Wohnwagens oder Wohnmobils. W\u00e4hrend Ihres Aufenthalts k\u00f6nnen Sie den <em>Wasserpark<\/em> mit beheiztem Pool, Rutschen und Wasserspielen nutzen. Sie k\u00f6nnen auch eine breite Palette von Dienstleistungen in Anspruch nehmen: Restaurant im Sommer, Wi-Fi, W\u00e4scherei usw.<\/p>\n\n\n\n<p>Der <strong>Sonnenschein der C\u00f4te d&#8217;Azur<\/strong>, paradiesische Str\u00e4nde und Aktivit\u00e4ten f\u00fcr die ganze Familie, was will man mehr bei einem<strong>Urlaub in den Alpes-Maritimes<\/strong>? Eine hochwertige Unterkunft und einen beheizten Pool? Dann buchen Sie schnell Ihren Aufenthalt auf dem <a href=\"https:\/\/campingprovencale.com\/de\/mandelieu-la-napoule-frankreich\/\" data-type=\"page\" data-id=\"2480\">Camping La Proven\u00e7ale in Mandelieu la Napoule<\/a> und genie\u00dfen Sie Ihren sch\u00f6nsten Urlaub aller Zeiten!<\/p>\n<\/div><\/div>\n<\/div><\/div>\n","protected":false},"excerpt":{"rendered":"<p>De stranden van Mandelieu la Napoule, aan de C\u00f4te d&#8217;Azur Vom Campingplatz La Proven\u00e7ale in Mandelieu la Napoule aus k\u00f6nnen Sie die Stadt besuchen, die Hauptstadt der Mimosen und auch ein Badeort an der C\u00f4te d&#8217;Azur ist, der f\u00fcr seine 7 Str\u00e4nde mit klarem Wasser gesch\u00e4tzt wird. \u00dcbernachten Sie in Komfortablen Ferienh\u00e4usern in der N\u00e4he [&hellip;]<\/p>\n","protected":false},"author":1,"featured_media":3292,"parent":0,"menu_order":0,"comment_status":"closed","ping_status":"closed","template":"","meta":[],"acf":[],"_links":{"self":[{"href":"https:\/\/campingprovencale.com\/de\/wp-json\/wp\/v2\/pages\/3608"}],"collection":[{"href":"https:\/\/campingprovencale.com\/de\/wp-json\/wp\/v2\/pages"}],"about":[{"href":"https:\/\/campingprovencale.com\/de\/wp-json\/wp\/v2\/types\/page"}],"author":[{"embeddable":true,"href":"https:\/\/campingprovencale.com\/de\/wp-json\/wp\/v2\/users\/1"}],"replies":[{"embeddable":true,"href":"https:\/\/campingprovencale.com\/de\/wp-json\/wp\/v2\/comments?post=3608"}],"version-history":[{"count":2,"href":"https:\/\/campingprovencale.com\/de\/wp-json\/wp\/v2\/pages\/3608\/revisions"}],"predecessor-version":[{"id":3610,"href":"https:\/\/campingprovencale.com\/de\/wp-json\/wp\/v2\/pages\/3608\/revisions\/3610"}],"wp:featuredmedia":[{"embeddable":true,"href":"https:\/\/campingprovencale.com\/de\/wp-json\/wp\/v2\/media\/3292"}],"wp:attachment":[{"href":"https:\/\/campingprovencale.com\/de\/wp-json\/wp\/v2\/media?parent=3608"}],"curies":[{"name":"wp","href":"https:\/\/api.w.org\/{rel}","templated":true}]}}