{"id":3615,"date":"2024-06-24T17:17:45","date_gmt":"2024-06-24T15:17:45","guid":{"rendered":"https:\/\/campingprovencale.com\/?page_id=3615"},"modified":"2024-06-24T17:23:10","modified_gmt":"2024-06-24T15:23:10","slug":"nautische-aktivitaten-mandelieu-la-napoule","status":"publish","type":"page","link":"https:\/\/campingprovencale.com\/de\/nautische-aktivitaten-mandelieu-la-napoule\/","title":{"rendered":"Mandelieu activit\u00e9s nautiques DE"},"content":{"rendered":"\n<div class=\"wp-block-cover alignfull is-light\"><span aria-hidden=\"true\" class=\"wp-block-cover__gradient-background has-background-dim\"><\/span><img width=\"1411\" height=\"939\" class=\"wp-block-cover__image-background wp-image-2843\" alt=\"Cannes\" src=\"https:\/\/campingprovencale.com\/wp-content\/uploads\/2024\/02\/Adobe-Cannes-La-Napoule.png\" style=\"object-position:57% 45%\" data-object-fit=\"cover\" data-object-position=\"57% 45%\" srcset=\"https:\/\/campingprovencale.com\/wp-content\/uploads\/2024\/02\/Adobe-Cannes-La-Napoule.png 1411w, https:\/\/campingprovencale.com\/wp-content\/uploads\/2024\/02\/Adobe-Cannes-La-Napoule-300x200.png 300w, https:\/\/campingprovencale.com\/wp-content\/uploads\/2024\/02\/Adobe-Cannes-La-Napoule-1024x681.png 1024w, https:\/\/campingprovencale.com\/wp-content\/uploads\/2024\/02\/Adobe-Cannes-La-Napoule-768x511.png 768w\" sizes=\"(max-width: 1411px) 100vw, 1411px\" \/><div class=\"wp-block-cover__inner-container\">\n<ul class=\"pictos has-white-color has-text-color\"><li><\/li><\/ul>\n<\/div><\/div>\n\n\n\n<h1 id=\"wassersportaktivitaten-in-mandelieu-la-napoule-an-der-cote-d-azur\">Wassersportaktivit\u00e4ten in Mandelieu la Napoule an der C\u00f4te d&#8217;Azur<\/h1>\n\n\n\n<p>In der N\u00e4he der Str\u00e4nde des Mittelmeers bietet der Campingplatz La Proven\u00e7ale in Mandelieu la Napoule einen idealen Rahmen f\u00fcr Wassersportaktivit\u00e4ten f\u00fcr die ganze Familie. W\u00e4hrend Ihres Aufenthalts k\u00f6nnen Sie auch den herrlichen Golf von Mandelieu la Napoule entdecken.<\/p>\n\n\n\n<div class=\"wp-block-columns\">\n<div class=\"wp-block-column\">\n<h2 id=\"de-golf-van-la-napoule-tussen-cannes-en-theoule-sur-mer\">De Golf van La Napoule, tussen Cannes en Th\u00e9oule sur Mer<\/h2>\n\n\n\n<p>Der Golf von La Napoule erstreckt sich \u00fcber Cannes, Mandelieu la Napoule und Th\u00e9oule sur Mer.<\/p>\n\n\n\n<p>Verlassen Sie den alten Hafen von Cannes f\u00fcr einen Ausflug zu den <strong>les \u00eeles de L\u00e9rins<\/strong>. Ihr erster Anlaufpunkt ist die Insel Sainte Marguerite, ein Naturjuwel im Wasser. Auf den markierten Wanderwegen k\u00f6nnen Sie ein au\u00dfergew\u00f6hnliches Natur- und Geschichtserbe entdecken.<\/p>\n\n\n\n<p>Verpassen Sie nicht den Etang du Bat\u00e9guier, das Fort Royal oder das Mus\u00e9e de la Mer. Ein ganz anderes Ambiente erwartet Sie auf der Insel Saint-Honorat. In dieser Oase der Ruhe leben die M\u00f6nche der Abtei von L\u00e9rins, die ihren eigenen Wein und ihr eigenes Oliven\u00f6l herstellen.<\/p>\n\n\n\n<p>Zur\u00fcck an der K\u00fcste, lockt der <strong>Vieux Port de Cannes<\/strong> in der N\u00e4he der Altstadt. Bewundern Sie die Luxusjachten und alten Takelagen, die vom Palais des Festivals umgeben sind. Gegen\u00fcber befindet sich das pr\u00e4chtige Rathaus von Cannes. Ein idealer Ort f\u00fcr einen Spaziergang mit der Familie oder den Liebsten.<\/p>\n\n\n\n<p>Schlie\u00dflich ist auch <strong>Th\u00e9oule sur Mer<\/strong> einen Besuch wert. Neben dem Yachthafen und dem wei\u00df-roten Mini-Leuchtturm kann man hier die sch\u00f6nen Villen inmitten einer \u00fcppigen Vegetation bewundern. In diesem Ferienort befinden sich auch die roten Felsenbuchten von <strong>l&#8217;Esterel<\/strong>. Die perfekte Gelegenheit f\u00fcr ein Bad im t\u00fcrkisfarbenen Wasser des <strong>Mittelmeeres<\/strong>.<\/p>\n<\/div>\n\n\n\n<div class=\"wp-block-column\">\n<figure class=\"wp-block-image size-large is-style-rounded\"><img width=\"1024\" height=\"653\" src=\"https:\/\/campingprovencale.com\/wp-content\/uploads\/2024\/02\/Adobe-Esteel-1024x653.png\" alt=\"Massif Est\u00e9rel Cote d'Azur\" class=\"wp-image-2860\" srcset=\"https:\/\/campingprovencale.com\/wp-content\/uploads\/2024\/02\/Adobe-Esteel-1024x653.png 1024w, https:\/\/campingprovencale.com\/wp-content\/uploads\/2024\/02\/Adobe-Esteel-300x191.png 300w, https:\/\/campingprovencale.com\/wp-content\/uploads\/2024\/02\/Adobe-Esteel-768x490.png 768w, https:\/\/campingprovencale.com\/wp-content\/uploads\/2024\/02\/Adobe-Esteel.png 1469w\" sizes=\"(max-width: 1024px) 100vw, 1024px\" \/><\/figure>\n<\/div>\n<\/div>\n\n\n\n<h2 id=\"wassersportaktivitaten-fur-familien-in-mandelieu-la-napoule\">Wassersportaktivit\u00e4ten f\u00fcr Familien in Mandelieu la Napoule<\/h2>\n\n\n\n<p>Wenn Sie das Meer und Wasseraktivit\u00e4ten im Allgemeinen lieben, werden Sie Ihren Aufenthalt auf dem <a href=\"https:\/\/campingprovencale.com\/nl\/mandelieu-la-napoule-frankrijk\/\">Campingplatz in Mandelieu la Napoule<\/a><strong> lieben. <\/strong>Dieser familienfreundliche Badeort in den Alpes-Maritimes bietet in der Tat eine unglaubliche Anzahl von Aktivit\u00e4ten rund um das Mittelmeer: Str\u00e4nde, Wassersport.<\/p>\n\n\n\n<div class=\"wp-block-columns has-vert-clair-background-color has-background\">\n<div class=\"wp-block-column\">\n<figure class=\"wp-block-image size-large is-style-rounded\"><img width=\"1024\" height=\"682\" src=\"https:\/\/campingprovencale.com\/wp-content\/uploads\/2023\/05\/plage-1024x682.jpg\" alt=\"\" class=\"wp-image-1722\" srcset=\"https:\/\/campingprovencale.com\/wp-content\/uploads\/2023\/05\/plage-1024x682.jpg 1024w, https:\/\/campingprovencale.com\/wp-content\/uploads\/2023\/05\/plage-300x200.jpg 300w, https:\/\/campingprovencale.com\/wp-content\/uploads\/2023\/05\/plage-768x511.jpg 768w, https:\/\/campingprovencale.com\/wp-content\/uploads\/2023\/05\/plage.jpg 1280w\" sizes=\"(max-width: 1024px) 100vw, 1024px\" \/><\/figure>\n<\/div>\n\n\n\n<div class=\"wp-block-column\">\n<h3 id=\"mediterrane-strande\">Mediterrane Str\u00e4nde<\/h3>\n\n\n\n<p>Beginnen wir mit den <a href=\"https:\/\/campingprovencale.com\/de\/mandelieu-la-napoule-strande\/\">Str\u00e4nden von Mandelieu<\/a>, von denen es insgesamt 7 gibt, die man gesehen haben muss! Diese feinen Sandstr\u00e4nde sind echte Fotokarten mit Blick auf die L\u00e9rins-Inseln und die roten Felsen von <strong>l&#8217;Est\u00e9rel<\/strong>.<\/p>\n\n\n\n<p>Wenn Sie einen familienfreundlichen und gleichzeitig sportlichen Strand suchen, sollten Sie Ihr Handtuch am Plage des Dauphins, Plage du Sable d&#8217;Or oder Plage de Robinson ausbreiten. Hier finden Sie ein Wassersportzentrum und Beachvolleyballpl\u00e4tze. Sie k\u00f6nnen auch segeln, paddeln, Kajak fahren und vieles mehr.<\/p>\n\n\n\n<p>Wenn Sie einen sichereren Strand f\u00fcr Ihre Kinder suchen, sollten Sie den K\u00fcstenweg w\u00e4hlen. Die Str\u00e4nde von La Raguette und<strong> Ch\u00e2teau de la Napoule<\/strong> sind leicht abfallend. Sie sind ideal f\u00fcr Kinder, die sich am\u00fcsieren k\u00f6nnen, w\u00e4hrend sie ihre F\u00fc\u00dfe lange am Strand lassen.<\/p>\n\n\n\n<p>Sie k\u00f6nnen Ihren Aufenthalt auch nutzen, um auf das offene Meer hinauszufahren! In Mandelieu la Napoule finden Sie mehrere <strong>Bootvermieter<\/strong>, um die Inseln von L\u00e9rins und die Esterel-K\u00fcste zu entdecken.<\/p>\n<\/div>\n<\/div>\n\n\n\n<div class=\"wp-block-columns\">\n<div class=\"wp-block-column\">\n<h3 id=\"wassersport-an-der-cote-d-azur\">Wassersport an der C\u00f4te d&#8217;Azur<\/h3>\n\n\n\n<p>Neben<strong>feinen Sandstr\u00e4nden<\/strong> ist Mandelieu-la-Napoule der ideale Ort f\u00fcr eine Vielzahl von Wassersportarten f\u00fcr die ganze Familie. F\u00fcr Liebhaber des <strong>Wassersports<\/strong> bietet die Region unendlich viele M\u00f6glichkeiten. Sie k\u00f6nnen Aktivit\u00e4ten wie Wasserski, Jetski, Segeln, Paddelboarding, Tauchen und sogar Angeln nachgehen. Segel- und Tauchschulen bieten Kurse f\u00fcr alle Niveaus an, auch f\u00fcr Anf\u00e4nger.<\/p>\n\n\n\n<p>Nutzen Sie Ihren Aufenthalt in Mandelieu, um eine neue Wassersportart auszuprobieren, z. B. Wakesurfen oder Wasserskifahren. Genie\u00dfen Sie den Nervenkitzel von Schleppbojen, Parasailing oder Jetski. Wenn Sie entspanntere Aktivit\u00e4ten bevorzugen, k\u00f6nnen Sie die Mittelmeerk\u00fcste mit dem Paddleboard oder einem gemieteten Boot erkunden. Sie k\u00f6nnen auch einen Halbtagesausflug oder einen Ausflug bei Sonnenuntergang an Bord eines Katamarans unternehmen und so ein einzigartiges Erlebnis genie\u00dfen.<\/p>\n\n\n\n<p>Ob Sie nun Segeln, Wasserski, Tauchen oder eine Bootsfahrt bevorzugen, es ist f\u00fcr jeden etwas dabei. Der Ferienort bietet zahlreiche M\u00f6glichkeiten, um in einer malerischen Umgebung an der C\u00f4te d&#8217;Azur unvergessliche Abenteuer auf dem Wasser mit Ihren Lieben zu erleben.<\/p>\n<\/div>\n\n\n\n<div class=\"wp-block-column\">\n<figure class=\"wp-block-image size-large is-style-rounded\"><img width=\"1024\" height=\"682\" src=\"https:\/\/campingprovencale.com\/wp-content\/uploads\/2023\/10\/Paddle-2-1024x682.jpg\" alt=\"\" class=\"wp-image-2395\" srcset=\"https:\/\/campingprovencale.com\/wp-content\/uploads\/2023\/10\/Paddle-2-1024x682.jpg 1024w, https:\/\/campingprovencale.com\/wp-content\/uploads\/2023\/10\/Paddle-2-300x200.jpg 300w, https:\/\/campingprovencale.com\/wp-content\/uploads\/2023\/10\/Paddle-2-768x512.jpg 768w, https:\/\/campingprovencale.com\/wp-content\/uploads\/2023\/10\/Paddle-2.jpg 1280w\" sizes=\"(max-width: 1024px) 100vw, 1024px\" \/><\/figure>\n<\/div>\n<\/div>\n\n\n\n<div style=\"height:48px\" aria-hidden=\"true\" class=\"wp-block-spacer\"><\/div>\n\n\n\n<div class=\"wp-block-cover alignfull is-light F-10-a\"><span aria-hidden=\"true\" class=\"has-blanc-background-color has-background-dim-20 wp-block-cover__gradient-background has-background-dim\"><\/span><img width=\"2560\" height=\"1920\" class=\"wp-block-cover__image-background wp-image-3075\" alt=\"\" src=\"https:\/\/campingprovencale.com\/wp-content\/uploads\/2024\/04\/20240417_100247-scaled.jpg\" style=\"object-position:50% 71%\" data-object-fit=\"cover\" data-object-position=\"50% 71%\" srcset=\"https:\/\/campingprovencale.com\/wp-content\/uploads\/2024\/04\/20240417_100247-scaled.jpg 2560w, https:\/\/campingprovencale.com\/wp-content\/uploads\/2024\/04\/20240417_100247-300x225.jpg 300w, https:\/\/campingprovencale.com\/wp-content\/uploads\/2024\/04\/20240417_100247-1024x768.jpg 1024w, https:\/\/campingprovencale.com\/wp-content\/uploads\/2024\/04\/20240417_100247-768x576.jpg 768w, https:\/\/campingprovencale.com\/wp-content\/uploads\/2024\/04\/20240417_100247-1536x1152.jpg 1536w, https:\/\/campingprovencale.com\/wp-content\/uploads\/2024\/04\/20240417_100247-2048x1536.jpg 2048w\" sizes=\"(max-width: 2560px) 100vw, 2560px\" \/><div class=\"wp-block-cover__inner-container\">\n<div class=\"wp-container-69f37632c6557 wp-block-group has-blanc-background-color has-background\"><div class=\"wp-block-group__inner-container\">\n<h2 id=\"camping-in-mandelieu-la-napoule-an-der-cote-d-azur\">Camping in Mandelieu la Napoule an der C\u00f4te d&#8217;Azur<\/h2>\n\n\n\n<p>Der <strong>Campingplatz La Proven\u00e7ale in Mandelieu la Napoule<\/strong> genie\u00dft eine privilegierte Lage, in der N\u00e4he des Meeres, aber auch des Est\u00e9rel-Massivs. Ein idealer Ort zum Wandern und f\u00fcr Wassersportaktivit\u00e4ten. Au\u00dferdem verf\u00fcgt dieser 4-Sterne-Familiencampingplatz \u00fcber einen Wasserpark mit einem beheizten Au\u00dfenpool, Wasserspielen und einer Wasserrutsche, alles neu f\u00fcr 2024! So k\u00f6nnen Sie den Wasserspa\u00df mit der ganzen Familie genie\u00dfen. Dieser Campingplatz in den Alpes-Maritimes bietet eine gro\u00dfe Auswahl an Mobilheimen und Chalets f\u00fcr bis zu 6 Personen. Die Unterk\u00fcnfte sind sehr komfortabel und verf\u00fcgen \u00fcber separate Schlafzimmer, ein Badezimmer, eine voll ausgestattete K\u00fcche und eine halb \u00fcberdachte Terrasse mit Gartenm\u00f6beln.<\/p>\n\n\n\n<p>Eine Bootsfahrt zu den L\u00e9rins-Inseln, Schwimmen im klaren, glitzernden Wasser des Meeres, ein Traumurlaub und Aktivit\u00e4ten f\u00fcr alle\u2026 Genie\u00dfen Sie ein einzigartiges Erlebnis auf dem Campingplatz La Proven\u00e7ale in Mandelieu la Napoule!Eine Bootsfahrt zu den L\u00e9rins-Inseln, Schwimmen im klaren, glitzernden Wasser des Meeres, ein Traumurlaub und Aktivit\u00e4ten f\u00fcr alle\u2026 Genie\u00dfen Sie eine einzigartige Erfahrung auf dem Campingplatz La Proven\u00e7ale in Mandelieu la Napoule!Eine Bootsfahrt zu den L\u00e9rins-Inseln, Schwimmen im klaren, glitzernden Wasser des Meeres, ein Traumurlaub und Aktivit\u00e4ten f\u00fcr alle&#8230; Genie\u00dfen Sie ein einzigartiges Erlebnis auf dem Campingplatz La Proven\u00e7ale in Mandelieu la Napoule!Eine Bootsfahrt zu den L\u00e9rins-Inseln, Schwimmen im klaren, glitzernden Wasser des Meeres, ein Traumurlaub und Aktivit\u00e4ten f\u00fcr alle&#8230; Genie\u00dfen Sie eine einzigartige Erfahrung auf dem Campingplatz La Proven\u00e7ale in Mandelieu la Napoule!<\/p>\n<\/div><\/div>\n<\/div><\/div>\n","protected":false},"excerpt":{"rendered":"<p>Wassersportaktivit\u00e4ten in Mandelieu la Napoule an der C\u00f4te d&#8217;Azur In der N\u00e4he der Str\u00e4nde des Mittelmeers bietet der Campingplatz La Proven\u00e7ale in Mandelieu la Napoule einen idealen Rahmen f\u00fcr Wassersportaktivit\u00e4ten f\u00fcr die ganze Familie. W\u00e4hrend Ihres Aufenthalts k\u00f6nnen Sie auch den herrlichen Golf von Mandelieu la Napoule entdecken. De Golf van La Napoule, tussen Cannes [&hellip;]<\/p>\n","protected":false},"author":1,"featured_media":3286,"parent":0,"menu_order":0,"comment_status":"closed","ping_status":"closed","template":"","meta":[],"acf":[],"_links":{"self":[{"href":"https:\/\/campingprovencale.com\/de\/wp-json\/wp\/v2\/pages\/3615"}],"collection":[{"href":"https:\/\/campingprovencale.com\/de\/wp-json\/wp\/v2\/pages"}],"about":[{"href":"https:\/\/campingprovencale.com\/de\/wp-json\/wp\/v2\/types\/page"}],"author":[{"embeddable":true,"href":"https:\/\/campingprovencale.com\/de\/wp-json\/wp\/v2\/users\/1"}],"replies":[{"embeddable":true,"href":"https:\/\/campingprovencale.com\/de\/wp-json\/wp\/v2\/comments?post=3615"}],"version-history":[{"count":2,"href":"https:\/\/campingprovencale.com\/de\/wp-json\/wp\/v2\/pages\/3615\/revisions"}],"predecessor-version":[{"id":3621,"href":"https:\/\/campingprovencale.com\/de\/wp-json\/wp\/v2\/pages\/3615\/revisions\/3621"}],"wp:featuredmedia":[{"embeddable":true,"href":"https:\/\/campingprovencale.com\/de\/wp-json\/wp\/v2\/media\/3286"}],"wp:attachment":[{"href":"https:\/\/campingprovencale.com\/de\/wp-json\/wp\/v2\/media?parent=3615"}],"curies":[{"name":"wp","href":"https:\/\/api.w.org\/{rel}","templated":true}]}}