{"id":4220,"date":"2024-09-17T10:34:02","date_gmt":"2024-09-17T08:34:02","guid":{"rendered":"https:\/\/campingprovencale.com\/?page_id=4220"},"modified":"2025-05-15T14:35:11","modified_gmt":"2025-05-15T12:35:11","slug":"french-riviera","status":"publish","type":"page","link":"https:\/\/campingprovencale.com\/de\/french-riviera\/","title":{"rendered":"Cote d&#8217;Azur French Riviera DE"},"content":{"rendered":"\n<div class=\"wp-block-cover alignfull is-light\"><span aria-hidden=\"true\" class=\"wp-block-cover__gradient-background has-background-dim\"><\/span><img width=\"1411\" height=\"939\" class=\"wp-block-cover__image-background wp-image-2843\" alt=\"Cannes\" src=\"https:\/\/campingprovencale.com\/wp-content\/uploads\/2024\/02\/Adobe-Cannes-La-Napoule.png\" style=\"object-position:57% 45%\" data-object-fit=\"cover\" data-object-position=\"57% 45%\" srcset=\"https:\/\/campingprovencale.com\/wp-content\/uploads\/2024\/02\/Adobe-Cannes-La-Napoule.png 1411w, https:\/\/campingprovencale.com\/wp-content\/uploads\/2024\/02\/Adobe-Cannes-La-Napoule-300x200.png 300w, https:\/\/campingprovencale.com\/wp-content\/uploads\/2024\/02\/Adobe-Cannes-La-Napoule-1024x681.png 1024w, https:\/\/campingprovencale.com\/wp-content\/uploads\/2024\/02\/Adobe-Cannes-La-Napoule-768x511.png 768w\" sizes=\"(max-width: 1411px) 100vw, 1411px\" \/><div class=\"wp-block-cover__inner-container\">\n<ul class=\"pictos has-white-color has-text-color\"><li><\/li><\/ul>\n<\/div><\/div>\n\n\n<ctv-searchbar><\/ctv-searchbar>\n\n\n\n<h1 id=\"entdecken-sie-die-french-riviera-von-unserem-campingplatz-aus\">Entdecken Sie die French Riviera von unserem Campingplatz aus<\/h1>\n\n\n\n<p>Die <strong>C\u00f4te d&#8217;Azur<\/strong> ist bekannt f\u00fcr ihre atemberaubenden Landschaften und ihre bezaubernde mediterrane Atmosph\u00e4re und bietet eine Vielzahl faszinierender St\u00e4dte, die es zu entdecken gilt. Vom <strong>Campingplatz La Proven\u00e7ale<\/strong> <strong>in Mandelieu-la-Napoule<\/strong> aus haben Sie einen privilegierten Zugang zu diesen <strong>sehenswerten St\u00e4dten<\/strong>, von denen jede ihren eigenen Charme und ihre einzigartigen Attraktionen hat.<\/p>\n\n\n\n<div class=\"wp-block-columns\">\n<div class=\"wp-block-column\">\n<h2 id=\"tauchen-sie-ein-in-den-charme-des-mittelmeers-nizza-cannes-antibes\">Tauchen Sie ein in den Charme des Mittelmeers: Nizza, Cannes, Antibes<\/h2>\n\n\n\n<p>Beginnen Sie Ihre Erkundungstour in <a href=\"https:\/\/campingprovencale.com\/de\/campingplatz-nice-frankreich\/\" data-type=\"page\" data-id=\"5123\">Nizza<\/a>, der Perle der <a href=\"https:\/\/campingprovencale.com\/de\/camping-cote-dazur\/\" data-type=\"page\" data-id=\"3880\">C\u00f4te d&#8217;Azur<\/a>. Die <strong>Promenade des Anglais<\/strong> mit ihrem atemberaubenden Blick auf die Bucht der Engel ist ideal f\u00fcr einen gem\u00fctlichen Spaziergang. <strong>Die Altstadt von Nizza<\/strong> mit ihren farbenfrohen Gassen und lebhaften M\u00e4rkten bietet ein authentisches Eintauchen in die lokale Kultur. Setzen Sie Ihre Erkundungstour mit dem <strong>Matisse-Museum<\/strong> und dem <strong>Colline du Ch\u00e2teau<\/strong> fort, wo Sie einen au\u00dfergew\u00f6hnlichen Panoramablick \u00fcber die Stadt genie\u00dfen k\u00f6nnen.<\/p>\n\n\n\n<p>Nur wenige Kilometer entfernt l\u00e4dt <a href=\"https:\/\/campingprovencale.com\/de\/campingplatz-bei-cannes\/\" data-type=\"page\" data-id=\"2593\">Cannes <\/a>Sie ein, in die Welt des Glamours und des Kinos einzutauchen. Die ber\u00fchmten <strong>Filmfestspiele von Cannes<\/strong> ziehen jedes Jahr die Stars der Leinwand an, w\u00e4hrend die <strong>Croisette<\/strong> mit ihren Luxusboutiquen und mond\u00e4nen Str\u00e4nden verf\u00fchrt. Verpassen Sie nicht einen Besuch im <strong>Palais des Festivals<\/strong> und einen Bummel durch den <strong>March\u00e9 Forville<\/strong>, um die lokalen K\u00f6stlichkeiten zu entdecken.<\/p>\n\n\n\n<p>Das nicht weit entfernte <a href=\"https:\/\/campingprovencale.com\/de\/antibes-camping\/\" data-type=\"page\" data-id=\"4947\">Antibes <\/a>ist eine perfekte Mischung aus Geschichte und Moderne. Das <strong>Picasso-Museum<\/strong> im <strong>Ch\u00e2teau Grimaldi<\/strong> beherbergt einige der bedeutendsten Werke des Malers, w\u00e4hrend die von mittelalterlichen Stadtmauern umgebene Altstadt zu einem Spaziergang einl\u00e4dt. Zum Abschluss Ihres Besuchs k\u00f6nnen Sie am <strong>Strand von La Gravette<\/strong> entspannen.<\/p>\n\n\n\n<div class=\"wp-container-69e014af2e5be wp-block-buttons\">\n<div class=\"wp-block-button\"><a class=\"wp-block-button__link\" href=\"https:\/\/campingprovencale.com\/de\/swimmingpool\/\">Campingplatz mit Schwimmbad<\/a><\/div>\n<\/div>\n<\/div>\n\n\n\n<div class=\"wp-block-column is-vertically-aligned-center\">\n<figure class=\"wp-block-image size-full\"><img width=\"640\" height=\"426\" src=\"https:\/\/campingprovencale.com\/wp-content\/uploads\/2024\/09\/nice-1818378_640.jpg\" alt=\"nice cote d'azur\" class=\"wp-image-4183\" srcset=\"https:\/\/campingprovencale.com\/wp-content\/uploads\/2024\/09\/nice-1818378_640.jpg 640w, https:\/\/campingprovencale.com\/wp-content\/uploads\/2024\/09\/nice-1818378_640-300x200.jpg 300w\" sizes=\"(max-width: 640px) 100vw, 640px\" \/><\/figure>\n<\/div>\n<\/div>\n\n\n\n<div class=\"wp-block-columns\">\n<div class=\"wp-block-column is-vertically-aligned-center\">\n<figure class=\"wp-block-image size-full\"><img width=\"640\" height=\"424\" src=\"https:\/\/campingprovencale.com\/wp-content\/uploads\/2024\/09\/menton-7093335_640.jpg\" alt=\"Menton cote d'azur\" class=\"wp-image-4188\" srcset=\"https:\/\/campingprovencale.com\/wp-content\/uploads\/2024\/09\/menton-7093335_640.jpg 640w, https:\/\/campingprovencale.com\/wp-content\/uploads\/2024\/09\/menton-7093335_640-300x199.jpg 300w\" sizes=\"(max-width: 640px) 100vw, 640px\" \/><\/figure>\n<\/div>\n\n\n\n<div class=\"wp-block-column\">\n<h2 id=\"ontdek-an-der-cote-d-azur-grasse-menton-monaco-st-tropez\">Ontdek an der C\u00f4te d&#8217;Azur: Grasse, Menton, Monaco, St. Tropez<\/h2>\n\n\n\n<p>Auf dem Weg ins Landesinnere entpuppt sich <a href=\"https:\/\/campingprovencale.com\/de\/grasse-frankreich\/\" data-type=\"page\" data-id=\"4352\">Grasse <\/a>als Welthauptstadt des Parfums. Erkunden Sie <strong>historische Parf\u00fcmfabriken<\/strong> wie Fragonard und Molinard und tauchen Sie im <strong>Mus\u00e9e International de la Parfumerie<\/strong> in die Kunst der Parf\u00fcmherstellung ein.<\/p>\n\n\n\n<p>Weiter \u00f6stlich bietet <strong>Menton<\/strong> \u00fcppige G\u00e4rten und ein mildes Mikroklima. Der <strong>Jardin Serre de la Madone<\/strong> und der <strong>Jardin des Citronniers<\/strong> sind Oasen der Ruhe, in denen Sie die Blumenpracht bewundern k\u00f6nnen. Das <strong>Zitronenfest<\/strong>, bei dem die Zitrusfr\u00fcchte gefeiert werden, ist ein lebhaftes Ereignis, das man nicht verpassen sollte.<\/p>\n\n\n\n<p>Setzen Sie Ihre Reise nach <strong>Monaco<\/strong> fort, wo das <strong>Casino de Monte-Carlo<\/strong> und der <strong>Palais Princier<\/strong> Luxus und Eleganz verk\u00f6rpern. Das auf den Klippen gelegene <strong>Ozeanographische Museum<\/strong> bietet einen faszinierenden Einblick in das Meeresleben.<\/p>\n\n\n\n<p>Etwas weiter entfernt lockt <strong>Saint-Tropez<\/strong> mit seinen goldenen Str\u00e4nden und seiner mond\u00e4nen Atmosph\u00e4re. Der <strong>Place des Lices<\/strong> und der <strong>Hafen von Saint-Tropez<\/strong> sind emblematische Orte, an denen man sich in das lokale Leben einmischen kann, w\u00e4hrend das <strong>Mus\u00e9e de l&#8217;Annonciade<\/strong> Werke von K\u00fcnstlern ausstellt, die der Stadt ihren Stempel aufgedr\u00fcckt haben.<\/p>\n\n\n\n<p><a href=\"https:\/\/campingprovencale.com\/de\/saint-raphael-camping\/\" data-type=\"page\" data-id=\"5055\">Saint-Rapha\u00ebl <\/a>und <strong>Hy\u00e8res<\/strong> schlie\u00dflich runden diese Entdeckungsreise an der C\u00f4te d&#8217;Azur mit ihren sch\u00f6nen Str\u00e4nden und beeindruckenden Naturlandschaften ab. Das <a href=\"https:\/\/campingprovencale.com\/de\/camping-esterel-frankreich\/\" data-type=\"page\" data-id=\"4230\">Massif de l&#8217;Est\u00e9rel<\/a> in Saint-Rapha\u00ebl ist ideal f\u00fcr Wanderfreunde, w\u00e4hrend Hy\u00e8res mit dem <strong>Jardin Olbius Riquier<\/strong> und dem <strong>Parc National de Port-Cros<\/strong> einen authentischen Einblick in das <strong>provenzalische Leben<\/strong> bietet.<\/p>\n\n\n\n<div class=\"wp-container-69e014af2ea52 wp-block-buttons\">\n<div class=\"wp-block-button\"><a class=\"wp-block-button__link\" href=\"https:\/\/campingprovencale.com\/de\/unterkuenfte\/\">Unsere Unterk\u00fcnfte<\/a><\/div>\n<\/div>\n<\/div>\n<\/div>\n\n\n\n<h2 id=\"malerische-dorfer-an-der-cote-d-azur-zu-entdecken\">Malerische D\u00f6rfer an der C\u00f4te d&#8217;Azur zu entdecken<\/h2>\n\n\n\n<p>Die C\u00f4te d&#8217;Azur ist \u00fcbers\u00e4t mit <strong>malerischen D\u00f6rfern<\/strong>, die durch ihren authentischen Charme und ihre nat\u00fcrliche Sch\u00f6nheit bezaubern. <strong>Saint-Paul-de-Vence<\/strong> ist ein mittelalterliches Kleinod, das f\u00fcr seine Kunstgalerien und Kopfsteinpflasterstra\u00dfen ber\u00fchmt ist und ein Eintauchen in das k\u00fcnstlerische und historische Leben der Region erm\u00f6glicht. Das Dorf beherbergt auch die <strong>Fondation Maeght<\/strong>, ein Zentrum f\u00fcr moderne und zeitgen\u00f6ssische Kunst, das man nicht verpassen sollte.<\/p>\n\n\n\n<p>Das auf einem H\u00fcgel gelegene <strong>Eze<\/strong> bietet einen spektakul\u00e4ren Panoramablick auf das Mittelmeer und verf\u00fcgt \u00fcber einen faszinierenden <strong>exotischen Garten<\/strong>. Die engen, verwinkelten Gassen laden zu einem gem\u00fctlichen Spaziergang ein, und das Dorf ist f\u00fcr seine handwerklichen Parf\u00fcml\u00e4den bekannt.<\/p>\n\n\n\n<p>Das nahe gelegene <strong>Mougins<\/strong> ist ein lebhaftes Dorf mit gastronomischer und k\u00fcnstlerischer Kultur. In seinen malerischen Stra\u00dfen gibt es viele gute Restaurants und es ist bekannt f\u00fcr seine kulturellen und k\u00fcnstlerischen Veranstaltungen. <strong>Gourdon<\/strong> mit seinen gepflasterten Stra\u00dfen und seiner historischen Festung ist ideal f\u00fcr Liebhaber von Geschichte und Naturlandschaften.<\/p>\n\n\n\n<div class=\"wp-block-columns\">\n<div class=\"wp-block-column\">\n<h2 id=\"french-riviera-beach\">French Riviera beach<\/h2>\n\n\n\n<p>Die C\u00f4te d&#8217;Azur ist weltber\u00fchmt f\u00fcr ihre <strong>idyllischen Str\u00e4nde<\/strong>. Einige dieser <strong>Str\u00e4nde<\/strong> zeichnen sich durch ihre Qualit\u00e4t und Umweltfreundlichkeit aus, da sie mit dem Label <strong>Pavillon Bleu<\/strong> ausgezeichnet sind. Dieses prestigetr\u00e4chtige Siegel garantiert die Sauberkeit der Str\u00e4nde, die Qualit\u00e4t des Badewassers sowie eine naturfreundliche Gestaltung.<\/p>\n\n\n\n<p>Zu den sch\u00f6nsten Str\u00e4nden mit dem G\u00fctesiegel geh\u00f6rt der <strong>Plage de la Salis<\/strong> in Antibes, der mit seinem ruhigen Wasser und dem feinen Sand ideal f\u00fcr Familien ist. Der <strong>Plage de la Garoupe<\/strong>, ebenfalls in Antibes, bietet einen intimeren Rahmen, der von unber\u00fchrter Natur umgeben ist.<\/p>\n\n\n\n<p>In <strong>Nizza<\/strong> ist der <strong>Plage de Carras<\/strong> einer der wenigen Str\u00e4nde, die f\u00fcr Menschen mit eingeschr\u00e4nkter Mobilit\u00e4t zug\u00e4nglich sind. Er vereint Modernit\u00e4t und Komfort und bietet gleichzeitig einen atemberaubenden Blick auf die Baie des Anges.<\/p>\n\n\n\n<p><strong>In Menton<\/strong>, das oft als Perle der C\u00f4te d&#8217;Azur bezeichnet wird, befindet sich der wundersch\u00f6ne <strong>Plage des Sablettes<\/strong>, der von einer blumengeschm\u00fcckten Promenade ges\u00e4umt wird und einen herrlichen Blick auf die umliegenden Berge bietet.<\/p>\n\n\n\n<h3 id=\"wassersportaktivitaten-an-der-cote-d-azur\">Wassersportaktivit\u00e4ten an der Cote d&#8217;Azur<\/h3>\n\n\n\n<p>Die C\u00f4te d&#8217;Azur ist ein Paradies f\u00fcr Liebhaber von<strong>Wassersportaktivit\u00e4ten<\/strong>. Die <strong>Iles d&#8217;Hy\u00e8res<\/strong> mit ihrem kristallklaren Wasser eignen sich hervorragend zum <strong>Tauchen<\/strong>, wo Sie die artenreiche Unterwasserwelt erkunden k\u00f6nnen.<\/p>\n\n\n\n<p>In <strong>Cannes<\/strong> und <strong>Saint-Tropez<\/strong> k\u00f6nnen Sie mit <strong>Jet-Ski<\/strong> oder <strong>Wakeboard<\/strong> den Nervenkitzel erleben. <strong>Segelfans<\/strong> k\u00f6nnen vor <strong>Monaco<\/strong> oder in der Bucht von <strong>Antibes<\/strong> segeln, w\u00e4hrend <strong>Paddel<\/strong> und <strong>Kajak<\/strong> ideal f\u00fcr eine ruhigere Erkundung der K\u00fcsten sind, vor allem rund um die <strong>Calanques d&#8217;Esterel<\/strong>. Diese Aktivit\u00e4ten bieten Ihnen einen einzigartigen Zugang zu den symboltr\u00e4chtigen Meereslandschaften der Region.<\/p>\n<\/div>\n\n\n\n<div class=\"wp-block-column is-vertically-aligned-center\">\n<figure class=\"wp-block-image size-large\"><img width=\"1024\" height=\"682\" src=\"https:\/\/campingprovencale.com\/wp-content\/uploads\/2024\/05\/ADO-plage-1024x682.jpeg\" alt=\"plage m\u00e9diterran\u00e9e\" class=\"wp-image-3292\" srcset=\"https:\/\/campingprovencale.com\/wp-content\/uploads\/2024\/05\/ADO-plage-1024x682.jpeg 1024w, https:\/\/campingprovencale.com\/wp-content\/uploads\/2024\/05\/ADO-plage-300x200.jpeg 300w, https:\/\/campingprovencale.com\/wp-content\/uploads\/2024\/05\/ADO-plage-768x512.jpeg 768w, https:\/\/campingprovencale.com\/wp-content\/uploads\/2024\/05\/ADO-plage-1536x1023.jpeg 1536w, https:\/\/campingprovencale.com\/wp-content\/uploads\/2024\/05\/ADO-plage-2048x1365.jpeg 2048w\" sizes=\"(max-width: 1024px) 100vw, 1024px\" \/><\/figure>\n<\/div>\n<\/div>\n\n\n\n<div class=\"wp-block-columns\">\n<div class=\"wp-block-column is-vertically-aligned-center\">\n<figure class=\"wp-block-image size-full\"><img width=\"640\" height=\"427\" src=\"https:\/\/campingprovencale.com\/wp-content\/uploads\/2024\/09\/road-5904909_640.jpg\" alt=\"route mythique cote d'Azur\" class=\"wp-image-4195\" srcset=\"https:\/\/campingprovencale.com\/wp-content\/uploads\/2024\/09\/road-5904909_640.jpg 640w, https:\/\/campingprovencale.com\/wp-content\/uploads\/2024\/09\/road-5904909_640-300x200.jpg 300w\" sizes=\"(max-width: 640px) 100vw, 640px\" \/><\/figure>\n<\/div>\n\n\n\n<div class=\"wp-block-column\">\n<h2 id=\"die-mythischen-strassen-zum-entdecken\">Die mythischen Stra\u00dfen zum Entdecken<\/h2>\n\n\n\n<p>Die <strong>C\u00f4te d&#8217;Azur<\/strong> ist ein wahrer Spielplatz f\u00fcr Liebhaber von <strong>mythischen Stra\u00dfen<\/strong> mit atemberaubenden Panoramen.<\/p>\n\n\n\n<p>Die <strong>Corniche d&#8217;Or<\/strong>, die sich <strong>von Cannes bis Saint-Rapha\u00ebl<\/strong> erstreckt, ist f\u00fcr ihre spektakul\u00e4re K\u00fcstenlandschaft bekannt. Sie fahren an den roten Felsformationen des Est\u00e9rel vorbei, perfekt f\u00fcr unvergessliche Fotos und<strong> atemberaubende Ausblicke auf das Mittelmeer<\/strong>.<\/p>\n\n\n\n<p>Die <strong>Route Napol\u00e9on<\/strong>, die <strong>Grasse mit Cannes<\/strong> verbindet, ist eine geschichtstr\u00e4chtige Strecke, die dem Weg folgt, den <strong>Napol\u00e9on Bonaparte<\/strong> auf seiner R\u00fcckkehr von Elba im Jahr 1815 nahm. Die Route f\u00fchrt durch die Berge der<strong> Region Grasse<\/strong> und bietet eine Vielfalt an Landschaften, von \u00fcppig gr\u00fcnen H\u00fcgeln bis hin zu spektakul\u00e4ren Ausblicken auf die <strong>Mittelmeerk\u00fcste<\/strong>.<\/p>\n\n\n\n<p>Die <strong>Route des Cr\u00eates<\/strong> zwischen <strong>Cassis und La Ciotat<\/strong> ist bekannt f\u00fcr ihre steilen Klippen und die atemberaubenden Ausblicke auf das <strong>Mittelmeer<\/strong>. Diese Route ist ideal f\u00fcr diejenigen, die eine aufregende Fahrt mit einer sch\u00f6nen Landschaft kombinieren m\u00f6chten, mit Aussichtspunkten, die atemberaubende Panoramen \u00fcber die <strong>Calanques<\/strong> bieten.<\/p>\n<\/div>\n<\/div>\n\n\n\n<div class=\"wp-block-cover alignfull is-light F-10-a\"><span aria-hidden=\"true\" class=\"has-background-dim-20 wp-block-cover__gradient-background has-background-dim\"><\/span><img width=\"1280\" height=\"853\" class=\"wp-block-cover__image-background wp-image-3498\" alt=\"plage camping mandelieu la napoule\" src=\"https:\/\/campingprovencale.com\/wp-content\/uploads\/2024\/06\/beach-3369140_1280.jpg\" style=\"object-position:51% 50%\" data-object-fit=\"cover\" data-object-position=\"51% 50%\" srcset=\"https:\/\/campingprovencale.com\/wp-content\/uploads\/2024\/06\/beach-3369140_1280.jpg 1280w, https:\/\/campingprovencale.com\/wp-content\/uploads\/2024\/06\/beach-3369140_1280-300x200.jpg 300w, https:\/\/campingprovencale.com\/wp-content\/uploads\/2024\/06\/beach-3369140_1280-1024x682.jpg 1024w, https:\/\/campingprovencale.com\/wp-content\/uploads\/2024\/06\/beach-3369140_1280-768x512.jpg 768w\" sizes=\"(max-width: 1280px) 100vw, 1280px\" \/><div class=\"wp-block-cover__inner-container\">\n<div class=\"wp-container-69e014af2f0ff wp-block-group has-blanc-background-color has-background\"><div class=\"wp-block-group__inner-container\">\n<h2 id=\"aufenthalt-auf-dem-campingplatz-la-provencale-in-mandelieu-la-napoule\">Aufenthalt auf dem Campingplatz La Proven\u00e7ale in Mandelieu la Napoule<\/h2>\n\n\n\n<p><strong>Der<\/strong> in <a href=\"https:\/\/campingprovencale.com\/de\/mandelieu-la-napoule-frankreich\/\" data-type=\"page\" data-id=\"2480\">Mandelieu-la-Napoule<\/a> gelegene <strong>Campingplatz La Proven\u00e7ale<\/strong> bietet den idealen Rahmen f\u00fcr einen Urlaub im Herzen der <strong>French Riviera<\/strong>. <\/p>\n\n\n\n<p>Sie finden hier eine gro\u00dfe Auswahl an <strong>komfortablen Mobilheimen<\/strong>, die f\u00fcr alle Arten von Reisenden geeignet sind, ob Familien, Paare oder <strong>Freundein S\u00fcdfrankreich<\/strong>.<\/p>\n<\/div><\/div>\n<\/div><\/div>\n","protected":false},"excerpt":{"rendered":"<p>Entdecken Sie die French Riviera von unserem Campingplatz aus Die C\u00f4te d&#8217;Azur ist bekannt f\u00fcr ihre atemberaubenden Landschaften und ihre bezaubernde mediterrane Atmosph\u00e4re und bietet eine Vielzahl faszinierender St\u00e4dte, die es zu entdecken gilt. Vom Campingplatz La Proven\u00e7ale in Mandelieu-la-Napoule aus haben Sie einen privilegierten Zugang zu diesen sehenswerten St\u00e4dten, von denen jede ihren eigenen [&hellip;]<\/p>\n","protected":false},"author":1,"featured_media":4191,"parent":0,"menu_order":0,"comment_status":"closed","ping_status":"closed","template":"","meta":[],"acf":[],"_links":{"self":[{"href":"https:\/\/campingprovencale.com\/de\/wp-json\/wp\/v2\/pages\/4220"}],"collection":[{"href":"https:\/\/campingprovencale.com\/de\/wp-json\/wp\/v2\/pages"}],"about":[{"href":"https:\/\/campingprovencale.com\/de\/wp-json\/wp\/v2\/types\/page"}],"author":[{"embeddable":true,"href":"https:\/\/campingprovencale.com\/de\/wp-json\/wp\/v2\/users\/1"}],"replies":[{"embeddable":true,"href":"https:\/\/campingprovencale.com\/de\/wp-json\/wp\/v2\/comments?post=4220"}],"version-history":[{"count":6,"href":"https:\/\/campingprovencale.com\/de\/wp-json\/wp\/v2\/pages\/4220\/revisions"}],"predecessor-version":[{"id":5240,"href":"https:\/\/campingprovencale.com\/de\/wp-json\/wp\/v2\/pages\/4220\/revisions\/5240"}],"wp:featuredmedia":[{"embeddable":true,"href":"https:\/\/campingprovencale.com\/de\/wp-json\/wp\/v2\/media\/4191"}],"wp:attachment":[{"href":"https:\/\/campingprovencale.com\/de\/wp-json\/wp\/v2\/media?parent=4220"}],"curies":[{"name":"wp","href":"https:\/\/api.w.org\/{rel}","templated":true}]}}