{"id":4230,"date":"2024-09-17T11:16:23","date_gmt":"2024-09-17T09:16:23","guid":{"rendered":"https:\/\/campingprovencale.com\/?page_id=4230"},"modified":"2025-06-24T15:25:54","modified_gmt":"2025-06-24T13:25:54","slug":"camping-esterel-frankreich","status":"publish","type":"page","link":"https:\/\/campingprovencale.com\/de\/camping-esterel-frankreich\/","title":{"rendered":"Alentours Esterel DE"},"content":{"rendered":"\n<div class=\"wp-block-cover alignfull\"><span aria-hidden=\"true\" class=\"wp-block-cover__gradient-background has-background-dim\"><\/span><img width=\"1469\" height=\"937\" class=\"wp-block-cover__image-background wp-image-2861\" alt=\"Massif Est\u00e9rel Cote d'Azur\" src=\"https:\/\/campingprovencale.com\/wp-content\/uploads\/2024\/02\/Adobe-Esteel.png\" style=\"object-position:60% 41%\" data-object-fit=\"cover\" data-object-position=\"60% 41%\" srcset=\"https:\/\/campingprovencale.com\/wp-content\/uploads\/2024\/02\/Adobe-Esteel.png 1469w, https:\/\/campingprovencale.com\/wp-content\/uploads\/2024\/02\/Adobe-Esteel-300x191.png 300w, https:\/\/campingprovencale.com\/wp-content\/uploads\/2024\/02\/Adobe-Esteel-1024x653.png 1024w, https:\/\/campingprovencale.com\/wp-content\/uploads\/2024\/02\/Adobe-Esteel-768x490.png 768w\" sizes=\"(max-width: 1469px) 100vw, 1469px\" \/><div class=\"wp-block-cover__inner-container\">\n<ul class=\"pictos has-white-color has-text-color\"><li><\/li><\/ul>\n<\/div><\/div>\n\n\n\n<h1 id=\"das-massif-de-l-esterel-in-der-nahe-des-campingplatzes-an-der-cote-d-azur\">Das Massif de l&#8217;Esterel in der N\u00e4he des Campingplatzes an der C\u00f4te d&#8217;Azur<\/h1>\n\n\n\n<p>Das <strong>am Mittelmeer<\/strong> gelegene Esterel-Massiv erstreckt sich zwischen den D\u00e9partements <strong>Var <\/strong>und <strong>Alpes-Maritimes<\/strong>. Dieses vulkanische Bergmassiv mit einer nat\u00fcrlichen Fl\u00e4che von 32.000 Hektar zeichnet sich durch seine <strong>roten Felsen mit steilen Reliefs<\/strong> aus. Dieses Massiv, von dem ein Teil <strong>als Natura 2000 ausgewiesen<\/strong> ist, bietet atemberaubende Landschaften, die den Blick der Besucher vom ersten Augenblick an fesseln.<\/p>\n\n\n\n<div class=\"wp-block-columns\">\n<div class=\"wp-block-column is-vertically-aligned-center\">\n<figure class=\"wp-block-image size-large\"><img width=\"1024\" height=\"576\" src=\"https:\/\/campingprovencale.com\/wp-content\/uploads\/2023\/12\/Massif-Esterel-1024x576.jpeg\" alt=\"camping Massif Esterel Provence\" class=\"wp-image-2579\" srcset=\"https:\/\/campingprovencale.com\/wp-content\/uploads\/2023\/12\/Massif-Esterel-1024x576.jpeg 1024w, https:\/\/campingprovencale.com\/wp-content\/uploads\/2023\/12\/Massif-Esterel-300x169.jpeg 300w, https:\/\/campingprovencale.com\/wp-content\/uploads\/2023\/12\/Massif-Esterel-768x432.jpeg 768w, https:\/\/campingprovencale.com\/wp-content\/uploads\/2023\/12\/Massif-Esterel-1536x864.jpeg 1536w, https:\/\/campingprovencale.com\/wp-content\/uploads\/2023\/12\/Massif-Esterel-2048x1152.jpeg 2048w, https:\/\/campingprovencale.com\/wp-content\/uploads\/2023\/12\/Massif-Esterel-1920x1080.jpeg 1920w\" sizes=\"(max-width: 1024px) 100vw, 1024px\" \/><\/figure>\n<\/div>\n\n\n\n<div class=\"wp-block-column\">\n<h2 id=\"entdecken-sie-das-massif-de-l-esterel-in-den-seealpen\">Entdecken Sie das Massif de l&#8217;Est\u00e9rel in den Seealpen<\/h2>\n\n\n\n<p>Dieser fantastische nat\u00fcrliche Spielplatz erstreckt sich \u00fcber die Gemeinden <a href=\"https:\/\/campingprovencale.com\/de\/frejus-cote-d-azur\/\">Fr\u00e9jus<\/a><strong>, <\/strong>Saint-Rapha\u00ebl<strong>, Bagnols <\/strong>en for\u00eat und Les Adrets de l&#8217;Est\u00e9rel <strong>, <\/strong>ein charmantes Dorf <strong>,<\/strong> das 16 km vom <a href=\"https:\/\/campingprovencale.com\/de\/mandelieu-la-napoule-frankreich\/\" data-type=\"page\" data-id=\"2480\">Campingplatz La Proven\u00e7ale in Mandelieu la Napoule<\/a> entfernt liegt. Das <strong>Massif de l&#8217;Est\u00e9rel<\/strong> l\u00e4sst sich durch zahlreiche M\u00f6glichkeiten f\u00fcr Outdoor-Aktivit\u00e4ten voll entfalten: <strong>Wanderungen <\/strong>(40 km markierte Wanderwege), <strong>Radtouren <\/strong>(100 km markierte <strong>Radwege <\/strong>), <strong>Ausritte<\/strong>, Klettern etc.<\/p>\n\n\n\n<p>Weniger anstrengend, aber genauso atemberaubend ist eine Fahrt mit dem Auto auf der <strong>Route de la Corniche d&#8217;Or<\/strong>. Diese Route f\u00fchrt \u00fcber 30 km von Saint-Rapha\u00ebl nach <a href=\"https:\/\/campingprovencale.com\/camping-proche-cannes\/\">Cannes<\/a>, entlang der K\u00fcste und mit Blick auf die <strong>Calanques<\/strong>. Diese wundersch\u00f6ne Route bietet eine harmonische Verbindung der feurigen Farben zwischen den roten Felsen des Massivs und dem strahlenden Blau des <strong>Mittelmeers<\/strong>.<\/p>\n<\/div>\n<\/div>\n\n\n\n<p>Die zahlreichen Buchten am Fu\u00dfe des <strong>Esterel-Massivs<\/strong> laden zum Entspannen, Baden und zur Erkundung des Meeresbodens beim Tauchen ein. Wenn Sie mit Ihrer Familie einen unvergesslichen Moment verbringen m\u00f6chten, sollten Sie sich nach <a href=\"https:\/\/campingprovencale.com\/de\/mandelieu-la-napoule-strande\/\" data-type=\"page\" data-id=\"3608\">Mandelieu la Napoule<\/a> begeben und sich auf den Weg zum Pelagos-Schutzgebiet machen. In diesem gesch\u00fctzten Meeresreservat k\u00f6nnen Sie auf Tuchf\u00fchlung mit Delfinen gehen!<\/p>\n\n\n\n<p>Das <strong>Esterel-Massiv<\/strong> in der N\u00e4he von Saint-Rapha\u00ebl ist ber\u00fchmt f\u00fcr seine spektakul\u00e4ren <strong>Calanques<\/strong>, die sich ins Mittelmeer st\u00fcrzen. Diese felsigen Buchten, die von roten Vulkanformationen eingerahmt werden, bieten ein beeindruckendes Meerespanorama. Zu den bemerkenswertesten geh\u00f6rt die <strong>Calanque de l&#8217;Anglais<\/strong>, ein idealer Ort, um das kristallklare Wasser zu bewundern, das von steilen Klippen umgeben ist.<\/p>\n\n\n\n<div class=\"wp-block-columns\">\n<div class=\"wp-block-column\">\n<h2 id=\"wanderungen-im-esterel-massiv\">Wanderungen im Esterel-Massiv<\/h2>\n\n\n\n<p>Das <strong>Esterel-Massiv<\/strong> mit seinen roten vulkanischen Felsformationen ist ein wahres Paradies f\u00fcr <strong>Wanderfreunde<\/strong>. Das Massiv liegt zwischen <strong>Saint-Rapha\u00ebl<\/strong> und <strong>Mandelieu-la-Napoule<\/strong> und bietet abwechslungsreiche Wanderwege, die sich durch atemberaubende Landschaften mit Panoramablick auf das <strong>Mittelmeer<\/strong> schl\u00e4ngeln.<\/p>\n\n\n\n<p>Zu den symboltr\u00e4chtigsten Wanderungen geh\u00f6rt der <strong>Pic de l&#8217;Ours<\/strong>, mit dem Sie einen der h\u00f6chsten Punkte des Massivs erreichen k\u00f6nnen. Es erwarten Sie ca. 6 km Wanderung mit atemberaubenden Ausblicken auf die K\u00fcste und die<strong> L\u00e9rins-Inseln<\/strong>. F\u00fcr eine sanftere Wanderung bietet der <strong>Rocher de Saint-Barth\u00e9l\u00e9my<\/strong> einen leichten Aufstieg, der zu einem Aussichtspunkt f\u00fchrt, von dem aus Sie das Meer und die K\u00fcste \u00fcberblicken k\u00f6nnen.<\/p>\n\n\n\n<p>Eine weitere Option, die Sie sich nicht entgehen lassen sollten, ist der <strong>Wanderweg Balcons d&#8217;Azur<\/strong>, eine 10 km lange Route durch die wilde Landschaft des Bergmassivs mit herrlichen Ausblicken auf die Bucht von Cannes. Naturliebhaber werden auch die <strong>Randonn\u00e9e du Cap Roux<\/strong> zu sch\u00e4tzen wissen, bei der Sie durch Pinienw\u00e4lder und \u00fcber steile, ins Meer abfallende Klippen wandern.<\/p>\n\n\n\n<p>Die Wanderung &#8222;<strong> Balcons du Cap Roux<\/strong> &#8220; in der Gemeinde<strong> <\/strong><a href=\"https:\/\/campingprovencale.com\/de\/saint-raphael-camping\/\" data-type=\"page\" data-id=\"5055\">Saint-Rapha\u00ebl<\/a> geh\u00f6rt zu den <strong>sch\u00f6nsten Wanderwegen des Esterel<\/strong>. Sehen Sie auf dieser 10 km langen Wanderstrecke (ca. 4,5 Stunden) den Felsen von Saint-Barth\u00e9lemy und die au\u00dfergew\u00f6hnliche Aussicht vom <strong>Pic Saint-Loup<\/strong>.<\/p>\n\n\n\n<p>Die <strong>Wanderwege des Esterel-Massivs eignen<\/strong> sich hervorragend, um die Natur zu genie\u00dfen und gleichzeitig spektakul\u00e4re Ausblicke auf die <a href=\"https:\/\/campingprovencale.com\/de\/camping-cote-dazur\/\" data-type=\"page\" data-id=\"3880\">C\u00f4te d&#8217;Azur<\/a> zu bewundern.<\/p>\n\n\n\n<p>Ein Aufenthalt auf einem <strong>Campingplatz<\/strong> in der N\u00e4he des <strong>Massif de l&#8217;Esterel<\/strong> ist eine einzigartige Gelegenheit, die nat\u00fcrliche Sch\u00f6nheit dieser au\u00dfergew\u00f6hnlichen Region zu genie\u00dfen. Unser <strong>Campingplatz<\/strong> liegt in der Region <strong>Provence-Alpes-C\u00f4te d&#8217;Azur<\/strong> und bietet Ihnen einen privilegierten Zugang zu einer vielf\u00e4ltigen Landschaft, in der <strong>rote Berge<\/strong>, <strong>mediterrane Vegetation<\/strong> und idyllische <strong>Str\u00e4nde<\/strong> aufeinandertreffen. Das <a rel=\"noreferrer noopener\" href=\"https:\/\/www.esterel-cotedazur.com\/de\/\" target=\"_blank\">Massif de l&#8217;Esterel<\/a> mit seinen ikonischen Felsformationen und atemberaubenden Panoramen ist die ideale Kulisse f\u00fcr <strong>Wanderungen<\/strong>, <strong>Familienausfl\u00fcge<\/strong> oder <strong>Aktivit\u00e4ten im Freien<\/strong>.<\/p>\n<\/div>\n\n\n\n<div class=\"wp-block-column is-vertically-aligned-center\">\n<figure class=\"wp-block-image size-large\"><img width=\"1024\" height=\"683\" src=\"https:\/\/campingprovencale.com\/wp-content\/uploads\/2024\/09\/ADO-randonnee-3-1024x683.jpeg\" alt=\"rando massif Esterel\" class=\"wp-image-4236\" srcset=\"https:\/\/campingprovencale.com\/wp-content\/uploads\/2024\/09\/ADO-randonnee-3-1024x683.jpeg 1024w, https:\/\/campingprovencale.com\/wp-content\/uploads\/2024\/09\/ADO-randonnee-3-300x200.jpeg 300w, https:\/\/campingprovencale.com\/wp-content\/uploads\/2024\/09\/ADO-randonnee-3-768x512.jpeg 768w, https:\/\/campingprovencale.com\/wp-content\/uploads\/2024\/09\/ADO-randonnee-3-1536x1024.jpeg 1536w, https:\/\/campingprovencale.com\/wp-content\/uploads\/2024\/09\/ADO-randonnee-3-2048x1365.jpeg 2048w\" sizes=\"(max-width: 1024px) 100vw, 1024px\" \/><\/figure>\n<\/div>\n<\/div>\n\n\n\n<div class=\"wp-block-cover alignfull is-light F-10-a\"><span aria-hidden=\"true\" class=\"has-background-dim-0 wp-block-cover__gradient-background has-background-dim\"><\/span><img width=\"2016\" height=\"1512\" class=\"wp-block-cover__image-background wp-image-3713\" alt=\"camping alpes maritimes parc aquatique avec toboggan\" src=\"https:\/\/campingprovencale.com\/wp-content\/uploads\/2024\/07\/photo-piscine-nouvelle.jpg\" style=\"object-position:48% 62%\" data-object-fit=\"cover\" data-object-position=\"48% 62%\" srcset=\"https:\/\/campingprovencale.com\/wp-content\/uploads\/2024\/07\/photo-piscine-nouvelle.jpg 2016w, https:\/\/campingprovencale.com\/wp-content\/uploads\/2024\/07\/photo-piscine-nouvelle-300x225.jpg 300w, https:\/\/campingprovencale.com\/wp-content\/uploads\/2024\/07\/photo-piscine-nouvelle-1024x768.jpg 1024w, https:\/\/campingprovencale.com\/wp-content\/uploads\/2024\/07\/photo-piscine-nouvelle-768x576.jpg 768w, https:\/\/campingprovencale.com\/wp-content\/uploads\/2024\/07\/photo-piscine-nouvelle-1536x1152.jpg 1536w\" sizes=\"(max-width: 2016px) 100vw, 2016px\" \/><div class=\"wp-block-cover__inner-container\">\n<div class=\"wp-container-69e1d290cbde8 wp-block-group has-typo-color has-blanc-background-color has-text-color has-background\"><div class=\"wp-block-group__inner-container\">\n<h2 id=\"aufenthalt-auf-einem-campingplatz-in-der-nahe-des-esterel-massivs\">Aufenthalt auf einem Campingplatz in der N\u00e4he des Esterel-Massivs<\/h2>\n\n\n\n<p>Situ\u00e9 entre mer et montagne, notre <strong>camping 4 \u00e9toiles \u00e0 Mandelieu-la-Napoule avec piscine<\/strong> vous invite \u00e0 explorer les perles de la r\u00e9gion : la douceur de vivre \u00e0 <a href=\"https:\/\/campingprovencale.com\/de\/antibes-camping\/\" data-type=\"page\" data-id=\"4947\">Antibes<\/a>, les ruelles artistiques de<strong> Saint-Tropez<\/strong>, les plages de <strong>Saint-Rapha\u00ebl<\/strong> ou encore les senteurs de <a href=\"https:\/\/campingprovencale.com\/de\/grasse-frankreich\/\" data-type=\"page\" data-id=\"4352\">Grasse<\/a>. Depuis le camping, partez chaque jour \u00e0 la d\u00e9couverte d\u2019un nouveau d\u00e9cor. De retour, profitez d\u2019un cadre reposant, d\u2019un bassin chauff\u00e9 et d\u2019une ambiance familiale. Une adresse id\u00e9ale pour combiner d\u00e9tente, culture et aventure <strong>en bord de M\u00e9diterran\u00e9e<\/strong> sur la <a href=\"https:\/\/campingprovencale.com\/de\/french-riviera\/\" data-type=\"page\" data-id=\"4220\">French Riviera<\/a>.<\/p>\n\n\n\n<p>Wenn Sie bei uns \u00fcbernachten, k\u00f6nnen Sie diese <strong>Pfade<\/strong> erkunden und dabei alle modernen Annehmlichkeiten genie\u00dfen, die wir zu bieten haben. Auf unserem <strong>Campingplatz<\/strong> stehen Ihnen verschiedene <strong>Unterk\u00fcnfte<\/strong> f\u00fcr jeden Geschmack zur Verf\u00fcgung, von <strong>Zeltpl\u00e4tzen<\/strong> bis hin zu voll ausgestatteten <strong>Mobilheimen<\/strong>. Die <strong>Einrichtungen<\/strong> vor Ort, wie das Schwimmbad, der Spielplatz und das Restaurant, werden Ihren Aufenthalt noch mehr bereichern.<\/p>\n\n\n\n<div class=\"wp-container-69e1d290cbaff wp-block-buttons\">\n<div class=\"wp-block-button\"><a class=\"wp-block-button__link\" href=\"https:\/\/campingprovencale.com\/de\/unterkuenfte\/\">Unterk\u00fcnfte<\/a><\/div>\n<\/div>\n<\/div><\/div>\n<\/div><\/div>\n\n\n\n<div style=\"height:44px\" aria-hidden=\"true\" class=\"wp-block-spacer\"><\/div>\n","protected":false},"excerpt":{"rendered":"<p>Das Massif de l&#8217;Esterel in der N\u00e4he des Campingplatzes an der C\u00f4te d&#8217;Azur Das am Mittelmeer gelegene Esterel-Massiv erstreckt sich zwischen den D\u00e9partements Var und Alpes-Maritimes. Dieses vulkanische Bergmassiv mit einer nat\u00fcrlichen Fl\u00e4che von 32.000 Hektar zeichnet sich durch seine roten Felsen mit steilen Reliefs aus. Dieses Massiv, von dem ein Teil als Natura 2000 [&hellip;]<\/p>\n","protected":false},"author":1,"featured_media":2861,"parent":0,"menu_order":0,"comment_status":"closed","ping_status":"closed","template":"","meta":[],"acf":[],"_links":{"self":[{"href":"https:\/\/campingprovencale.com\/de\/wp-json\/wp\/v2\/pages\/4230"}],"collection":[{"href":"https:\/\/campingprovencale.com\/de\/wp-json\/wp\/v2\/pages"}],"about":[{"href":"https:\/\/campingprovencale.com\/de\/wp-json\/wp\/v2\/types\/page"}],"author":[{"embeddable":true,"href":"https:\/\/campingprovencale.com\/de\/wp-json\/wp\/v2\/users\/1"}],"replies":[{"embeddable":true,"href":"https:\/\/campingprovencale.com\/de\/wp-json\/wp\/v2\/comments?post=4230"}],"version-history":[{"count":6,"href":"https:\/\/campingprovencale.com\/de\/wp-json\/wp\/v2\/pages\/4230\/revisions"}],"predecessor-version":[{"id":5329,"href":"https:\/\/campingprovencale.com\/de\/wp-json\/wp\/v2\/pages\/4230\/revisions\/5329"}],"wp:featuredmedia":[{"embeddable":true,"href":"https:\/\/campingprovencale.com\/de\/wp-json\/wp\/v2\/media\/2861"}],"wp:attachment":[{"href":"https:\/\/campingprovencale.com\/de\/wp-json\/wp\/v2\/media?parent=4230"}],"curies":[{"name":"wp","href":"https:\/\/api.w.org\/{rel}","templated":true}]}}