{"id":4386,"date":"2024-11-19T16:26:29","date_gmt":"2024-11-19T15:26:29","guid":{"rendered":"https:\/\/campingprovencale.com\/?page_id=4386"},"modified":"2025-07-25T11:03:24","modified_gmt":"2025-07-25T09:03:24","slug":"cannes-film-festival","status":"publish","type":"page","link":"https:\/\/campingprovencale.com\/de\/cannes-film-festival\/","title":{"rendered":"Cannes festival"},"content":{"rendered":"\n<div class=\"wp-block-cover alignfull is-light\"><span aria-hidden=\"true\" class=\"wp-block-cover__gradient-background has-background-dim\"><\/span><img width=\"1411\" height=\"939\" class=\"wp-block-cover__image-background wp-image-2843\" alt=\"Cannes\" src=\"https:\/\/campingprovencale.com\/wp-content\/uploads\/2024\/02\/Adobe-Cannes-La-Napoule.png\" style=\"object-position:57% 45%\" data-object-fit=\"cover\" data-object-position=\"57% 45%\" srcset=\"https:\/\/campingprovencale.com\/wp-content\/uploads\/2024\/02\/Adobe-Cannes-La-Napoule.png 1411w, https:\/\/campingprovencale.com\/wp-content\/uploads\/2024\/02\/Adobe-Cannes-La-Napoule-300x200.png 300w, https:\/\/campingprovencale.com\/wp-content\/uploads\/2024\/02\/Adobe-Cannes-La-Napoule-1024x681.png 1024w, https:\/\/campingprovencale.com\/wp-content\/uploads\/2024\/02\/Adobe-Cannes-La-Napoule-768x511.png 768w\" sizes=\"(max-width: 1411px) 100vw, 1411px\" \/><div class=\"wp-block-cover__inner-container\">\n<p class=\"has-text-align-center has-large-font-size\"><\/p>\n<\/div><\/div>\n\n\n\n<h2 id=\"entdecken-sie-cannes-und-sein-festival-ideal-fur-einen-unvergesslichen-aufenthalt-an-der-cote-d-azur\">Entdecken Sie Cannes und sein Festival, ideal f\u00fcr einen unvergesslichen Aufenthalt an der Cote d&#8217;Azur<\/h2>\n\n\n\n<p>Jedes Jahr kommen Tausende von Besuchern nach Cannes, um an den Filmfestspielen von Cannes teilzunehmen, die zu den wichtigsten Veranstaltungen der Welt z\u00e4hlen. Um das Beste daraus zu machen, sollten Sie so nah wie m\u00f6glich an dieser Stadt in den<strong> Alpes-Maritimes<\/strong> wohnen. Der <strong>Campingplatz La Proven\u00e7ale, der 10 km vom Palais des Festivals entfernt liegt<\/strong>, hat eine hervorragende Lage, um diesem internationalen Kulturereignis beizuwohnen.<\/p>\n\n\n\n<div class=\"wp-block-columns\">\n<div class=\"wp-block-column\">\n<figure class=\"wp-block-image size-large\"><img width=\"1024\" height=\"678\" src=\"https:\/\/campingprovencale.com\/wp-content\/uploads\/2024\/11\/ADO-Cannes-Festival-1024x678.jpeg\" alt=\"cannes film festival\" class=\"wp-image-4396\" srcset=\"https:\/\/campingprovencale.com\/wp-content\/uploads\/2024\/11\/ADO-Cannes-Festival-1024x678.jpeg 1024w, https:\/\/campingprovencale.com\/wp-content\/uploads\/2024\/11\/ADO-Cannes-Festival-300x199.jpeg 300w, https:\/\/campingprovencale.com\/wp-content\/uploads\/2024\/11\/ADO-Cannes-Festival-768x509.jpeg 768w, https:\/\/campingprovencale.com\/wp-content\/uploads\/2024\/11\/ADO-Cannes-Festival-1536x1017.jpeg 1536w, https:\/\/campingprovencale.com\/wp-content\/uploads\/2024\/11\/ADO-Cannes-Festival-2048x1356.jpeg 2048w\" sizes=\"(max-width: 1024px) 100vw, 1024px\" \/><\/figure>\n<\/div>\n\n\n\n<div class=\"wp-block-column\">\n<h2 id=\"das-filmfestival-von-cannes-an-der-cote-d-azur\">Das Filmfestival von Cannes an der C\u00f4te d&#8217;Azur<\/h2>\n\n\n\n<p>Die <strong>Filmfestspiele von Cannes<\/strong>, die 1946 zum ersten Mal stattfanden, werden jedes Jahr im Mai f\u00fcr 15 Tage abgehalten. Ziel dieses weltweit am meisten beachteten kulturellen Ereignisses ist es,<strong> die 7\u1d49-Kunst <\/strong>international<strong> zu feiern <\/strong>, indem hochwertige Filmwerke enth\u00fcllt und hervorgehoben werden. Sowohl die gr\u00f6\u00dften Filmk\u00fcnstler als auch aufstrebende Talente werden in Cannes an der Cote d&#8217;Azur gefeiert. Der Aufstieg auf die 24 roten Stufen ist der medienwirksamste Teil des Festivals. W\u00e4hrend dieser Veranstaltung werden verschiedene Preise verliehen, die prestigetr\u00e4chtigsten sind die<strong> Goldene Palme des Filmfestivals von Cannes<\/strong> und der Gro\u00dfe Preis.<\/p>\n\n\n\n<p>Die<strong> Filmfestspiele von Cannes<\/strong> sind ein Muss f\u00fcr die weltweite Filmindustrie und ziehen jedes Jahr Tausende von Filmbegeisterten, Ber\u00fchmtheiten und Branchenprofis an. Mit seinen prestigetr\u00e4chtigen Filmvorf\u00fchrungen, glamour\u00f6sen Partys und exklusiven Begegnungen bietet das Event ein einzigartiges und unvergessliches Erlebnis. Um diese berauschende Atmosph\u00e4re in vollen Z\u00fcgen genie\u00dfen zu k\u00f6nnen, ist es unerl\u00e4sslich, eine Unterkunft zu finden, die Ihren Bed\u00fcrfnissen entspricht.<\/p>\n\n\n\n<p>Unauff\u00e4llig in die Landschaft von Cannes integriert, ist der <a href=\"https:\/\/campingprovencale.com\/de\/cannes-walk-of-fame\/\" data-type=\"page\" data-id=\"5413\">Walk of Fame<\/a> ein unverzichtbarer Halt f\u00fcr alle Liebhaber der 7\u1d49 Kunst auf der Suche nach Anekdoten und Glamour.<\/p>\n<\/div>\n<\/div>\n\n\n\n<div class=\"wp-block-cover alignfull F-10-a\"><span aria-hidden=\"true\" class=\"has-background-dim-0 wp-block-cover__gradient-background has-background-dim\"><\/span><img width=\"1774\" height=\"912\" class=\"wp-block-cover__image-background wp-image-2977\" alt=\"cannes film festival\" src=\"https:\/\/campingprovencale.com\/wp-content\/uploads\/2024\/03\/ADO-Festival-de-Cannes.png\" style=\"object-position:51% 51%\" data-object-fit=\"cover\" data-object-position=\"51% 51%\" srcset=\"https:\/\/campingprovencale.com\/wp-content\/uploads\/2024\/03\/ADO-Festival-de-Cannes.png 1774w, https:\/\/campingprovencale.com\/wp-content\/uploads\/2024\/03\/ADO-Festival-de-Cannes-300x154.png 300w, https:\/\/campingprovencale.com\/wp-content\/uploads\/2024\/03\/ADO-Festival-de-Cannes-1024x526.png 1024w, https:\/\/campingprovencale.com\/wp-content\/uploads\/2024\/03\/ADO-Festival-de-Cannes-768x395.png 768w, https:\/\/campingprovencale.com\/wp-content\/uploads\/2024\/03\/ADO-Festival-de-Cannes-1536x790.png 1536w\" sizes=\"(max-width: 1774px) 100vw, 1774px\" \/><div class=\"wp-block-cover__inner-container\">\n<div class=\"wp-container-69e55f9358efb wp-block-group has-typo-color has-blanc-background-color has-text-color has-background\"><div class=\"wp-block-group__inner-container\">\n<h2 id=\"cannes-film-festival-weltberuhmt\">Cannes film festival: weltber\u00fchmt<\/h2>\n\n\n\n<p>Jedes Jahr findet in <strong>Cannes<\/strong> eines der prestigetr\u00e4chtigsten Ereignisse der Filmwelt statt: das <strong>Filmfestival von Cannes<\/strong>. Das 1946 gegr\u00fcndete Festival ist ein Muss f\u00fcr jeden Filmliebhaber. Es zeigt au\u00dfergew\u00f6hnliche Filmkreationen und bietet aufstrebenden Talenten und etablierten Regisseuren ein einzigartiges Schaufenster. Es findet <strong>jedes Fr\u00fchjahr im Palais des Festivals<\/strong> an der ber\u00fchmten Croisette statt und zieht Tausende von Fachleuten und Liebhabern der siebten Kunst an.<\/p>\n\n\n\n<p>Das <strong>Filmfestival von Cannes<\/strong> zeichnet sich durch seine <strong>offizielle Auswahl aus<\/strong>, die Kategorien wie Wettbewerb, Un Certain Regard und Kurzfilme umfasst. Jeder eingereichte Film wird von einer Jury aus einflussreichen Pers\u00f6nlichkeiten der internationalen Filmbranche gepr\u00fcft. Die begehrteste Troph\u00e4e, die <strong>Goldene Palme<\/strong>, wird f\u00fcr den besten Film des Wettbewerbs verliehen und macht Cannes zu einem einzigartigen Sprungbrett f\u00fcr k\u00fcnstlerische Karrieren.<\/p>\n\n\n\n<p>Neben den Filmvorf\u00fchrungen ist <strong>Cannes<\/strong> auch ein Ort der Begegnung, an dem Produzenten, Regisseure und renommierte Schauspieler zusammenkommen. Der <strong>Filmmarkt<\/strong>, der am Rande des Festivals stattfindet, ist eine wichtige Plattform f\u00fcr den Kauf und Verkauf von Filmrechten. Daneben verk\u00f6rpern die <strong>Stufenaufstiege<\/strong> mit ihren Stars und pr\u00e4chtigen Kleidern den Glamour und die Medienpr\u00e4senz dieses einzigartigen Ereignisses.<\/p>\n\n\n\n<p>Dank des <strong>Filmfestivals<\/strong> hat sich <strong>Cannes<\/strong> als Welthauptstadt des Kinos etabliert. Dieses j\u00e4hrliche Treffen tr\u00e4gt nicht nur zum Aufschwung der siebten Kunst bei, sondern auch zur internationalen Attraktivit\u00e4t der Stadt. Ein Ereignis, bei dem Kreativit\u00e4t, Talent und Glamour aufeinandertreffen, um das Kino in all seinen Formen zu feiern.<\/p>\n<\/div><\/div>\n<\/div><\/div>\n\n\n\n<div class=\"wp-block-columns\">\n<div class=\"wp-block-column\">\n<h2 id=\"wo-kann-man-eine-unterkunft-in-der-nahe-der-cannes-film-festival-wahlen\">Wo kann man eine Unterkunft in der N\u00e4he der Cannes film festival w\u00e4hlen ?<\/h2>\n\n\n\n<p>Ob Sie nun den Komfort eines Hotelzimmers, die Privatsph\u00e4re eines Apartments oder die Gem\u00fctlichkeit einer Villa bevorzugen, die Stadt <strong>Cannes <\/strong>und die umliegenden St\u00e4dte bieten eine gro\u00dfe Auswahl an Unterk\u00fcnften.<\/p>\n\n\n\n<p>Zwischen Luxusunterk\u00fcnften mit Meerblick, Appartements nur wenige Schritte vom Palais des Festivals entfernt, einem Hotelzimmer oder einem Campingplatz haben Sie die Qual der Wahl f\u00fcr einen <strong>unvergesslichen Aufenthalt an der C\u00f4te d&#8217;Azur<\/strong>, der Ihrem Budget entspricht.<\/p>\n\n\n\n<p><strong>Mandelieu la Napoule<\/strong>, die Hauptstadt der Mimose, liegt am Fu\u00dfe des <strong>Esterel-Massivs <\/strong>und verf\u00fcgt \u00fcber zahlreiche Unterkunftsm\u00f6glichkeiten, um Sie w\u00e4hrend des Filmfestivals von Cannes zu empfangen. Dazu geh\u00f6rt auch der Campingplatz La Proven\u00e7ale in der N\u00e4he von Cannes, der Festivalbesuchern und Gesch\u00e4ftsleuten die M\u00f6glichkeit bietet, ihre Koffer in einer erholsamen und famili\u00e4ren Umgebung abzustellen und einen unvergesslichen Aufenthalt <strong>zwischen Mittelmeer und Bergen<\/strong> zu verbringen. Von diesem <strong>4-Sterne-Campingplatz<\/strong> aus erreichen Sie <strong>die Stadt Cannes<\/strong> in nur <strong>10 km Entfernung<\/strong>.<\/p>\n\n\n\n<div class=\"wp-container-69e55f93592e8 wp-block-buttons\">\n<div class=\"wp-block-button\"><a class=\"wp-block-button__link\" href=\"https:\/\/campingprovencale.com\/de\/unterkuenfte\/\" target=\"_blank\" rel=\"noreferrer noopener\">Mobilheimvermietung in der N\u00e4he von Cannes<\/a><\/div>\n<\/div>\n<\/div>\n\n\n\n<div class=\"wp-block-column\">\n<figure class=\"wp-block-image size-large\"><img width=\"1024\" height=\"768\" src=\"https:\/\/campingprovencale.com\/wp-content\/uploads\/2023\/07\/20230701_104350-1024x768.jpg\" alt=\"Mobil-home Filmfestival von Cannes\" class=\"wp-image-1958\" srcset=\"https:\/\/campingprovencale.com\/wp-content\/uploads\/2023\/07\/20230701_104350-1024x768.jpg 1024w, https:\/\/campingprovencale.com\/wp-content\/uploads\/2023\/07\/20230701_104350-300x225.jpg 300w, https:\/\/campingprovencale.com\/wp-content\/uploads\/2023\/07\/20230701_104350-768x576.jpg 768w, https:\/\/campingprovencale.com\/wp-content\/uploads\/2023\/07\/20230701_104350-1536x1152.jpg 1536w, https:\/\/campingprovencale.com\/wp-content\/uploads\/2023\/07\/20230701_104350-2048x1536.jpg 2048w\" sizes=\"(max-width: 1024px) 100vw, 1024px\" \/><\/figure>\n<\/div>\n<\/div>\n\n\n\n<div class=\"wp-block-columns\">\n<div class=\"wp-block-column\">\n<figure class=\"wp-block-image size-large\"><img width=\"1024\" height=\"768\" src=\"https:\/\/campingprovencale.com\/wp-content\/uploads\/2023\/07\/20230719_170938-1024x768.jpg\" alt=\"Unterk\u00fcnfte cannes film festival\" class=\"wp-image-2052\" srcset=\"https:\/\/campingprovencale.com\/wp-content\/uploads\/2023\/07\/20230719_170938-1024x768.jpg 1024w, https:\/\/campingprovencale.com\/wp-content\/uploads\/2023\/07\/20230719_170938-300x225.jpg 300w, https:\/\/campingprovencale.com\/wp-content\/uploads\/2023\/07\/20230719_170938-768x576.jpg 768w, https:\/\/campingprovencale.com\/wp-content\/uploads\/2023\/07\/20230719_170938-1536x1152.jpg 1536w, https:\/\/campingprovencale.com\/wp-content\/uploads\/2023\/07\/20230719_170938-2048x1536.jpg 2048w\" sizes=\"(max-width: 1024px) 100vw, 1024px\" \/><\/figure>\n<\/div>\n\n\n\n<div class=\"wp-block-column\">\n<h2 id=\"warum-sollte-man-wahrend-der-filmfestspiele-in-cannes-eine-unterkunft-mieten\">Warum sollte man w\u00e4hrend der Filmfestspiele in Cannes eine Unterkunft mieten?<\/h2>\n\n\n\n<p>Suchen Sie ein gem\u00fctliches Zimmer, um sich nach einem hektischen Tag auszuruhen, oder einen ger\u00e4umigeren, unabh\u00e4ngigen Raum? W\u00e4hrend der<strong> Filmfestspiele in Cannes<\/strong> gibt es viele verschiedene Arten von Unterk\u00fcnften, die Sie buchen k\u00f6nnen. Einige von ihnen erweisen sich jedoch als teurer als andere.<\/p>\n\n\n\n<p>Wenn Sie eine <strong>erschwingliche und flexible Unterkunftsm\u00f6glichkeit<\/strong> suchen, sollten Sie sich die verschiedenen<strong> Unterk\u00fcnfte auf dem Campingplatz La Proven\u00e7ale<\/strong> ansehen. F\u00fcr einen komfortablen Aufenthalt profitieren Sie von den voll ausgestatteten <strong>Mobilheimen<\/strong>, die bis zu 6 Personen beherbergen k\u00f6nnen.<\/p>\n\n\n\n<p>Wer das traditionelle Camping liebt, bucht einen<strong> g\u00fcnstigen Stellplatz<\/strong> inmitten der Natur auf dem Campingplatz. So k\u00f6nnen Sie eine nat\u00fcrliche und friedliche Umgebung genie\u00dfen, nur zwei Schritte vom Trubel und den Menschenmassen des Festivals entfernt.<\/p>\n\n\n\n<div class=\"wp-container-69e55f9359736 wp-block-buttons\">\n<div class=\"wp-block-button\"><a class=\"wp-block-button__link\" href=\"https:\/\/campingprovencale.com\/de\/swimmingpool\/\" target=\"_blank\" rel=\"noreferrer noopener\">Campingplatz Wasserpark in der N\u00e4he von Cannes<\/a><\/div>\n<\/div>\n<\/div>\n<\/div>\n\n\n\n<div class=\"wp-block-columns\">\n<div class=\"wp-block-column\">\n<h2 id=\"wie-komme-ich-von-mandelieu-la-napoule-zum-filmfestival-von-cannes\">Wie komme ich von Mandelieu la Napoule zum Filmfestival von Cannes?<\/h2>\n\n\n\n<p>Mandelieu la Napoule liegt im Departement <strong>Alpes Maritimes<\/strong> und grenzt an die Stadt <strong>Cannes<\/strong>. Mandelieu la Napoule bietet eine ideale geografische Lage, um leicht zu den Filmfestspielen von Cannes zu gelangen. Mit dem Auto brauchen Sie nur die Avenue de la Mer und die D6098 entlang der K\u00fcste zu nehmen, bevor Sie auf dem Boulevard de la Croisette in <strong>Cannes <\/strong>ankommen (ca.<strong> 20 Minuten Fahrzeit<\/strong>).<\/p>\n\n\n\n<p>Eine andere M\u00f6glichkeit besteht darin, zum <strong>Bahnhof Mandelieu la Napoule<\/strong> zu gehen und von dort aus <strong>mit dem Zug in<\/strong> etwa <strong>7 Minuten<\/strong> Fahrzeit <strong>ins Zentrum von Cannes<\/strong> zu gelangen.<\/p>\n\n\n\n<p>Eingebettet zwischen Cannes und dem Esterel-Gebirge genie\u00dft unser Campingplatz eine hervorragende Lage, um die <strong>C\u00f4te d&#8217;Azur<\/strong> zu erkunden. Dank unserer N\u00e4he zu den \u00f6ffentlichen Verkehrsmitteln k\u00f6nnen Sie von unserem Campingplatz aus schnell und einfach das Herz des Festivals erreichen.<\/p>\n\n\n\n<p>Neben dem Festival k\u00f6nnen Sie in Cannes zahlreiche Aktivit\u00e4ten unternehmen.<\/p>\n<\/div>\n\n\n\n<div class=\"wp-block-column\">\n<figure class=\"wp-block-image size-large\"><img width=\"1024\" height=\"677\" src=\"https:\/\/campingprovencale.com\/wp-content\/uploads\/2024\/02\/Adobe-Mandelieu-La-Napoule-1024x677.png\" alt=\"Chateau Mandelieu la Napoule in der N\u00e4he von cannes film festival\" class=\"wp-image-2855\" srcset=\"https:\/\/campingprovencale.com\/wp-content\/uploads\/2024\/02\/Adobe-Mandelieu-La-Napoule-1024x677.png 1024w, https:\/\/campingprovencale.com\/wp-content\/uploads\/2024\/02\/Adobe-Mandelieu-La-Napoule-300x198.png 300w, https:\/\/campingprovencale.com\/wp-content\/uploads\/2024\/02\/Adobe-Mandelieu-La-Napoule-768x508.png 768w, https:\/\/campingprovencale.com\/wp-content\/uploads\/2024\/02\/Adobe-Mandelieu-La-Napoule.png 1416w\" sizes=\"(max-width: 1024px) 100vw, 1024px\" \/><\/figure>\n<\/div>\n<\/div>\n\n\n\n<div style=\"height:39px\" aria-hidden=\"true\" class=\"wp-block-spacer\"><\/div>\n\n\n\n<h2 id=\"aufenthalt-auf-einem-miet-campingplatz-in-der-nahe-von-cannes-und-seinen-filmfestspielen\">Aufenthalt auf einem Miet-Campingplatz in der N\u00e4he von Cannes und seinen Filmfestspielen<\/h2>\n\n\n\n<p>Die Wahl der besten Unterkunft w\u00e4hrend der<a href=\"https:\/\/www.festival-cannes.com\/en\/\"> Filmfestspiele von Cannes<\/a> h\u00e4ngt von Ihren W\u00fcnschen, Bed\u00fcrfnissen und Ihrem Budget ab. Entscheiden Sie auch, ob Sie lieber etwas abseits der Massen stehen oder im Gegenteil das Festival hautnah erleben m\u00f6chten. Einer der Vorteile des Campingplatzes La Proven\u00e7ale ist seine <strong>N\u00e4he zu Cannes<\/strong> und seine idyllische Lage in der N\u00e4he des Meeres und des <strong>Esterel-Massivs<\/strong>. Wenn Sie in einem perfekt eingerichteten Mobilheim oder auf einem freien Platz mit Ihrem Zelt, Wohnwagen oder Wohnmobil \u00fcbernachten, genie\u00dfen Sie nicht nur das Festival, sondern auch alle Aktivit\u00e4ten und Dienstleistungen dieses Campingplatzes.<\/p>\n\n\n\n<p>Unser ruhiger<strong> Familiencampingplatz<\/strong> liegt zwischen dem<strong> Mittelmeer und dem Esterel-Massiv<\/strong> und verspricht Ihnen einen traumhaften Aufenthalt. Mit einer vielf\u00e4ltigen Auswahl an Mobilheimen mit allem Komfort und ger\u00e4umigen Stellpl\u00e4tzen f\u00fcr traditionelles Camping findet jeder Urlauber seine Oase der Ruhe. Genie\u00dfen Sie unseren <strong>Wasserpark mit Au\u00dfenpool<\/strong>, die Sommeranimationen f\u00fcr die ganze Familie und entdecken Sie die kulturellen Sch\u00e4tze der <strong>C\u00f4te d&#8217;Azur<\/strong>. Ein unvergessliches Erlebnis erwartet Sie auf dem Campingplatz La Proven\u00e7ale.<\/p>\n\n\n\n<p class=\"has-vert-color has-vert-clair-background-color has-text-color has-background\">Das n\u00e4chste Filmfestival in Cannes steht vor der T\u00fcr! Buchen Sie schon jetzt Ihre Unterkunft f\u00fcr ein unvergessliches Festival, indem Sie die Internetseite des 4-Sterne-Campingplatzes La Proven\u00e7ale besuchen. Sie k\u00f6nnen diesen Campingplatz in der N\u00e4he von Cannes auch per E-Mail an campinglaprovencale@gmail.com oder telefonisch unter 04 92 97 23 92 von 9 bis 12 Uhr und von 14 bis 18 Uhr erreichen.<\/p>\n\n\n\n<div style=\"height:100px\" aria-hidden=\"true\" class=\"wp-block-spacer\"><\/div>\n","protected":false},"excerpt":{"rendered":"<p>Entdecken Sie Cannes und sein Festival, ideal f\u00fcr einen unvergesslichen Aufenthalt an der Cote d&#8217;Azur Jedes Jahr kommen Tausende von Besuchern nach Cannes, um an den Filmfestspielen von Cannes teilzunehmen, die zu den wichtigsten Veranstaltungen der Welt z\u00e4hlen. Um das Beste daraus zu machen, sollten Sie so nah wie m\u00f6glich an dieser Stadt in den [&hellip;]<\/p>\n","protected":false},"author":1,"featured_media":2977,"parent":0,"menu_order":0,"comment_status":"closed","ping_status":"closed","template":"","meta":[],"acf":[],"_links":{"self":[{"href":"https:\/\/campingprovencale.com\/de\/wp-json\/wp\/v2\/pages\/4386"}],"collection":[{"href":"https:\/\/campingprovencale.com\/de\/wp-json\/wp\/v2\/pages"}],"about":[{"href":"https:\/\/campingprovencale.com\/de\/wp-json\/wp\/v2\/types\/page"}],"author":[{"embeddable":true,"href":"https:\/\/campingprovencale.com\/de\/wp-json\/wp\/v2\/users\/1"}],"replies":[{"embeddable":true,"href":"https:\/\/campingprovencale.com\/de\/wp-json\/wp\/v2\/comments?post=4386"}],"version-history":[{"count":6,"href":"https:\/\/campingprovencale.com\/de\/wp-json\/wp\/v2\/pages\/4386\/revisions"}],"predecessor-version":[{"id":5452,"href":"https:\/\/campingprovencale.com\/de\/wp-json\/wp\/v2\/pages\/4386\/revisions\/5452"}],"wp:featuredmedia":[{"embeddable":true,"href":"https:\/\/campingprovencale.com\/de\/wp-json\/wp\/v2\/media\/2977"}],"wp:attachment":[{"href":"https:\/\/campingprovencale.com\/de\/wp-json\/wp\/v2\/media?parent=4386"}],"curies":[{"name":"wp","href":"https:\/\/api.w.org\/{rel}","templated":true}]}}