{"id":5055,"date":"2025-05-13T16:16:29","date_gmt":"2025-05-13T14:16:29","guid":{"rendered":"https:\/\/campingprovencale.com\/?page_id=5055"},"modified":"2025-06-24T15:26:38","modified_gmt":"2025-06-24T13:26:38","slug":"saint-raphael-camping","status":"publish","type":"page","link":"https:\/\/campingprovencale.com\/de\/saint-raphael-camping\/","title":{"rendered":"Alentours Saint Raphael DE"},"content":{"rendered":"\n<h1 id=\"entdecken-sie-saint-raphael-an-der-cote-d-azur\">Entdecken Sie Saint-Rapha\u00ebl an der C\u00f4te d&#8217;Azur<\/h1>\n\n\n\n<p>Das zwischen <a href=\"https:\/\/campingprovencale.com\/de\/campingplatz-bei-cannes\/\" data-type=\"page\" data-id=\"2593\">Cannes <\/a>und Saint-Tropez gelegene <strong>Saint-Rapha\u00ebl<\/strong> besticht durch seine vielf\u00e4ltigen Landschaften, sein sonniges provenzalisches Klima und seine zahlreichen Aktivit\u00e4ten f\u00fcr Gro\u00df und Klein. Zwischen Str\u00e4nden, Natur und Kulturerbe ist dieser Badeort an der <a href=\"https:\/\/campingprovencale.com\/de\/camping-cote-dazur\/\" data-type=\"page\" data-id=\"3880\">C\u00f4te d&#8217;Azur<\/a> ein Traumziel f\u00fcr Familien, die auf der Suche nach Entspannung, Entdeckungen und Abenteuern sind.<\/p>\n\n\n\n<div class=\"wp-block-columns\">\n<div class=\"wp-block-column\">\n<figure class=\"wp-block-image size-large is-style-rounded\"><img width=\"1024\" height=\"683\" src=\"https:\/\/campingprovencale.com\/wp-content\/uploads\/2025\/05\/ADO-St-Raphael-PACA-1024x683.jpeg\" alt=\"\" class=\"wp-image-5057\" srcset=\"https:\/\/campingprovencale.com\/wp-content\/uploads\/2025\/05\/ADO-St-Raphael-PACA-1024x683.jpeg 1024w, https:\/\/campingprovencale.com\/wp-content\/uploads\/2025\/05\/ADO-St-Raphael-PACA-300x200.jpeg 300w, https:\/\/campingprovencale.com\/wp-content\/uploads\/2025\/05\/ADO-St-Raphael-PACA-768x512.jpeg 768w, https:\/\/campingprovencale.com\/wp-content\/uploads\/2025\/05\/ADO-St-Raphael-PACA-1536x1024.jpeg 1536w, https:\/\/campingprovencale.com\/wp-content\/uploads\/2025\/05\/ADO-St-Raphael-PACA-2048x1365.jpeg 2048w\" sizes=\"(max-width: 1024px) 100vw, 1024px\" \/><\/figure>\n<\/div>\n\n\n\n<div class=\"wp-block-column is-vertically-aligned-center\">\n<h2 id=\"st-raphael-ein-hubscher-badeort-an-der-cote-d-azur\">St Raphael, ein h\u00fcbscher Badeort an der Cote d&#8217;Azur<\/h2>\n\n\n\n<p>Sobald Sie in <strong>Saint-Rapha\u00ebl<\/strong> ankommen, entfaltet es seinen Charme: eine <strong>lebhafte Strandpromenade<\/strong>, feine Sandstr\u00e4nde und verschwiegene Buchten. Die Stadt verf\u00fcgt \u00fcber <strong>eine 36 km lange Mittelmeerk\u00fcste<\/strong> mit zahlreichen Spots, die sich perfekt zum Schwimmen oder f\u00fcr Wassersportaktivit\u00e4ten eignen. Der <strong>Strand von Veillat<\/strong>, der sich im Stadtzentrum befindet, ist dank seines ruhigen Wassers und der nahe gelegenen Einrichtungen ideal f\u00fcr Familien.<\/p>\n\n\n\n<p>Saint-Rapha\u00ebl bietet zu jeder Jahreszeit ein <strong>reichhaltiges und abwechslungsreiches Unterhaltungsprogramm<\/strong>: Auff\u00fchrungen, Festivals, Nachtm\u00e4rkte, aber auch Naturaktivit\u00e4ten im Massif de l&#8217;Est\u00e9rel. Diese au\u00dfergew\u00f6hnliche Naturlandschaft mit ihren vulkanischen Reliefs bietet eine Vielzahl an Wander- und Radtouren mit atemberaubenden Panoramen auf das Mittelmeer.<\/p>\n<\/div>\n<\/div>\n\n\n\n<div class=\"wp-block-columns\">\n<div class=\"wp-block-column is-vertically-aligned-center\">\n<h2 id=\"kultur-kulturerbe-und-freizeit-fur-alle-in-st-raphael\">Kultur, Kulturerbe und Freizeit f\u00fcr alle in St Raphael<\/h2>\n\n\n\n<p>Neugierige Familien werden die kulturellen Besichtigungen zu sch\u00e4tzen wissen: das arch\u00e4ologische Museum, die Kirche San Raf\u00e9u und ihr Panorama vom Turm aus oder die gallo-r\u00f6mischen \u00dcberreste im Viertel Les Platanes. Was die Freizeit angeht, so kann man mit dem kleinen Touristenzug, Bootsfahrten oder Paddeltouren die Stadt auf andere Weise entdecken und S\u00fcdfrankreich genie\u00dfen.<\/p>\n\n\n\n<p>Wenn Sie sich daf\u00fcr entscheiden, <strong>Saint-Rapha\u00ebl zu entdecken<\/strong>, entscheiden Sie sich f\u00fcr einen <strong>Familienurlaub<\/strong>, der Faulenzen, Entdeckungen und unvergessliche Erinnerungen miteinander verbindet. Ein Konzentrat des Mittelmeers, das gleichzeitig lebendig, zug\u00e4nglich und voller Charme ist.<\/p>\n<\/div>\n\n\n\n<div class=\"wp-block-column\">\n<figure class=\"wp-block-image size-large is-style-rounded\"><img width=\"1024\" height=\"683\" src=\"https:\/\/campingprovencale.com\/wp-content\/uploads\/2025\/05\/ADO-St-Raphael-PACA-2-1024x683.jpeg\" alt=\"\" class=\"wp-image-5061\" srcset=\"https:\/\/campingprovencale.com\/wp-content\/uploads\/2025\/05\/ADO-St-Raphael-PACA-2-1024x683.jpeg 1024w, https:\/\/campingprovencale.com\/wp-content\/uploads\/2025\/05\/ADO-St-Raphael-PACA-2-300x200.jpeg 300w, https:\/\/campingprovencale.com\/wp-content\/uploads\/2025\/05\/ADO-St-Raphael-PACA-2-768x512.jpeg 768w, https:\/\/campingprovencale.com\/wp-content\/uploads\/2025\/05\/ADO-St-Raphael-PACA-2-1536x1024.jpeg 1536w, https:\/\/campingprovencale.com\/wp-content\/uploads\/2025\/05\/ADO-St-Raphael-PACA-2-2048x1366.jpeg 2048w\" sizes=\"(max-width: 1024px) 100vw, 1024px\" \/><\/figure>\n<\/div>\n<\/div>\n\n\n\n<div class=\"wp-block-cover alignfull F-10-a\"><span aria-hidden=\"true\" class=\"has-background-dim-60 wp-block-cover__gradient-background has-background-dim\"><\/span><img width=\"2032\" height=\"1620\" class=\"wp-block-cover__image-background wp-image-1227\" alt=\"Mandelieu la Napoule camping location mobil home\" src=\"https:\/\/campingprovencale.com\/wp-content\/uploads\/2023\/02\/photos-MH44et-46-2.jpg\" style=\"object-position:51% 72%\" data-object-fit=\"cover\" data-object-position=\"51% 72%\" srcset=\"https:\/\/campingprovencale.com\/wp-content\/uploads\/2023\/02\/photos-MH44et-46-2.jpg 2032w, https:\/\/campingprovencale.com\/wp-content\/uploads\/2023\/02\/photos-MH44et-46-2-300x239.jpg 300w, https:\/\/campingprovencale.com\/wp-content\/uploads\/2023\/02\/photos-MH44et-46-2-1024x816.jpg 1024w, https:\/\/campingprovencale.com\/wp-content\/uploads\/2023\/02\/photos-MH44et-46-2-768x612.jpg 768w, https:\/\/campingprovencale.com\/wp-content\/uploads\/2023\/02\/photos-MH44et-46-2-1536x1225.jpg 1536w\" sizes=\"(max-width: 2032px) 100vw, 2032px\" \/><div class=\"wp-block-cover__inner-container\">\n<div class=\"wp-container-69e1e80c63814 wp-block-group has-blanc-background-color has-background\"><div class=\"wp-block-group__inner-container\">\n<h2 class=\"has-vert-color has-text-color\" id=\"aufenthalt-auf-einem-campingplatz-in-der-nahe-von-saint-raphael-in-den-seealpen\">Aufenthalt auf einem Campingplatz in der N\u00e4he von saint Raphael in den Seealpen<\/h2>\n\n\n\n<p class=\"has-typo-color has-text-color\">Verbringen Sie Ihren Aufenthalt auf unserem <strong>Campingplatz <\/strong>in der N\u00e4he von <strong>Saint Raphael<\/strong> mit einer gro\u00dfen Auswahl an Mobilheimen und Campingpl\u00e4tzen. Die ganze Familie kann den Wasserpark mit <strong>Schwimmbad <\/strong>und Rutsche sowie die Aktivit\u00e4ten und Animationen des <strong>4-Sterne-Campingplatzes<\/strong> bei <a href=\"https:\/\/campingprovencale.com\/de\/mandelieu-la-napoule-frankreich\/\" data-type=\"page\" data-id=\"2480\">Mandelieu la Napoule<\/a> genie\u00dfen. Unser 4-Sterne-Service wird Ihren Familienurlaub in der <strong>Provence <\/strong>zu einem angenehmen Erlebnis machen.<\/p>\n\n\n\n<p class=\"has-typo-color has-text-color\">Wenn Sie sich f\u00fcr unseren <strong>4-Sterne-Campingplatz mit Schwimmbad in Mandelieu-la-Napoule<\/strong> entscheiden, befinden Sie<a href=\"https:\/\/campingprovencale.com\/de\/french-riviera\/\"> sich im Herzen der Franz\u00f6sischen Riviera<\/a>, zwischen Str\u00e4nden, hochgelegenen D\u00f6rfern und legend\u00e4ren Ferienorten. G\u00f6nnen Sie sich einen Tag in <a href=\"https:\/\/campingprovencale.com\/de\/grasse-frankreich\/\">Grasse <\/a>mit seinen Parf\u00fcmerien, schlendern Sie durch die belebten Stra\u00dfen von <a href=\"https:\/\/campingprovencale.com\/de\/campingplatz-nice-frankreich\/\">Nizza<\/a>, erkunden Sie <a href=\"https:\/\/campingprovencale.com\/de\/frejus-cote-d-azur\/\">Fr\u00e9jus <\/a>mit seiner reichen r\u00f6mischen Vergangenheit oder bewundern Sie die Stadtmauern <a href=\"https:\/\/campingprovencale.com\/de\/antibes-camping\/\">von Antibes<\/a>, machen Sie einen Spaziergang im <a href=\"https:\/\/campingprovencale.com\/de\/camping-esterel-frankreich\/\">Massif de l&#8217;Esterel<\/a>. Jeder Ausflug bietet die Gelegenheit, ein neues Gesicht der Region zu entdecken. Am Abend finden Sie die Ruhe des Campingplatzes, seinen Komfort und seine herzliche Atmosph\u00e4re f\u00fcr einen unvergesslichen Familienurlaub in <strong>S\u00fcdfrankreich<\/strong>.<\/p>\n\n\n\n<div class=\"wp-container-69e1e80c63505 wp-block-buttons\">\n<div class=\"wp-block-button\"><a class=\"wp-block-button__link\" href=\"https:\/\/campingprovencale.com\/de\/unterkuenfte\/\">Unsere Unterk\u00fcnfte<\/a><\/div>\n<\/div>\n<\/div><\/div>\n<\/div><\/div>\n","protected":false},"excerpt":{"rendered":"<p>Entdecken Sie Saint-Rapha\u00ebl an der C\u00f4te d&#8217;Azur Das zwischen Cannes und Saint-Tropez gelegene Saint-Rapha\u00ebl besticht durch seine vielf\u00e4ltigen Landschaften, sein sonniges provenzalisches Klima und seine zahlreichen Aktivit\u00e4ten f\u00fcr Gro\u00df und Klein. Zwischen Str\u00e4nden, Natur und Kulturerbe ist dieser Badeort an der C\u00f4te d&#8217;Azur ein Traumziel f\u00fcr Familien, die auf der Suche nach Entspannung, Entdeckungen und [&hellip;]<\/p>\n","protected":false},"author":1,"featured_media":5057,"parent":0,"menu_order":0,"comment_status":"closed","ping_status":"closed","template":"","meta":[],"acf":[],"_links":{"self":[{"href":"https:\/\/campingprovencale.com\/de\/wp-json\/wp\/v2\/pages\/5055"}],"collection":[{"href":"https:\/\/campingprovencale.com\/de\/wp-json\/wp\/v2\/pages"}],"about":[{"href":"https:\/\/campingprovencale.com\/de\/wp-json\/wp\/v2\/types\/page"}],"author":[{"embeddable":true,"href":"https:\/\/campingprovencale.com\/de\/wp-json\/wp\/v2\/users\/1"}],"replies":[{"embeddable":true,"href":"https:\/\/campingprovencale.com\/de\/wp-json\/wp\/v2\/comments?post=5055"}],"version-history":[{"count":6,"href":"https:\/\/campingprovencale.com\/de\/wp-json\/wp\/v2\/pages\/5055\/revisions"}],"predecessor-version":[{"id":5332,"href":"https:\/\/campingprovencale.com\/de\/wp-json\/wp\/v2\/pages\/5055\/revisions\/5332"}],"wp:featuredmedia":[{"embeddable":true,"href":"https:\/\/campingprovencale.com\/de\/wp-json\/wp\/v2\/media\/5057"}],"wp:attachment":[{"href":"https:\/\/campingprovencale.com\/de\/wp-json\/wp\/v2\/media?parent=5055"}],"curies":[{"name":"wp","href":"https:\/\/api.w.org\/{rel}","templated":true}]}}