{"id":5123,"date":"2025-05-15T10:05:36","date_gmt":"2025-05-15T08:05:36","guid":{"rendered":"https:\/\/campingprovencale.com\/?page_id=5123"},"modified":"2025-06-24T15:26:26","modified_gmt":"2025-06-24T13:26:26","slug":"campingplatz-nice-frankreich","status":"publish","type":"page","link":"https:\/\/campingprovencale.com\/de\/campingplatz-nice-frankreich\/","title":{"rendered":"Alentours Nice DE campingplatz nice frankreich"},"content":{"rendered":"\n<h1 id=\"nizza-mit-der-familie-entdecken-ein-unumganglicher-ausflug-an-die-cote-d-azur\">Nizza mit der Familie entdecken: ein unumg\u00e4nglicher Ausflug an die C\u00f4te d&#8217;Azur<\/h1>\n\n\n\n<p><strong>Haben Sie Lust, in Ihrem Urlaub Entspannung, Kultur und au\u00dfergew\u00f6hnliche Landschaften miteinander zu verbinden?<\/strong> Das zwischen Meer und H\u00fcgeln gelegene <strong>Nizza<\/strong> empf\u00e4ngt Sie mit seinem milden Klima, seinen Mittelmeerstr\u00e4nden und seinen bunten Gassen. Dieses emblematische Reiseziel an der <a href=\"https:\/\/campingprovencale.com\/de\/camping-cote-dazur\/\">C\u00f4te d&#8217;Azur<\/a> bietet eine Vielzahl von Aktivit\u00e4ten f\u00fcr Gro\u00df und Klein. Ob Sie nun gerne am Meer spazieren gehen, kulturelle Entdeckungen machen oder einfach nur auf der Suche nach sch\u00f6nen Momenten sind, die Sie mit anderen teilen k\u00f6nnen &#8211; <strong>Nizza <\/strong>wird all Ihren W\u00fcnschen gerecht. Kurs auf eine lebendige und famili\u00e4re Stadt, in der jeder Augenblick zu einer Erinnerung an die<strong> French Riviera wird<\/strong>.<\/p>\n\n\n\n<div class=\"wp-block-columns\">\n<div class=\"wp-block-column\">\n<figure class=\"wp-block-image size-large\"><img width=\"1024\" height=\"683\" src=\"https:\/\/campingprovencale.com\/wp-content\/uploads\/2025\/05\/ADO-Nice-1024x683.jpeg\" alt=\"camping Nice\" class=\"wp-image-5124\" srcset=\"https:\/\/campingprovencale.com\/wp-content\/uploads\/2025\/05\/ADO-Nice-1024x683.jpeg 1024w, https:\/\/campingprovencale.com\/wp-content\/uploads\/2025\/05\/ADO-Nice-300x200.jpeg 300w, https:\/\/campingprovencale.com\/wp-content\/uploads\/2025\/05\/ADO-Nice-768x512.jpeg 768w, https:\/\/campingprovencale.com\/wp-content\/uploads\/2025\/05\/ADO-Nice-1536x1024.jpeg 1536w, https:\/\/campingprovencale.com\/wp-content\/uploads\/2025\/05\/ADO-Nice-2048x1365.jpeg 2048w\" sizes=\"(max-width: 1024px) 100vw, 1024px\" \/><\/figure>\n<\/div>\n\n\n\n<div class=\"wp-block-column is-vertically-aligned-center\">\n<h2 id=\"nizza-eine-familienstadt-zwischen-mittelmeer-kultur-und-provenzalischer-lebenskunst\">Nizza, eine Familienstadt zwischen Mittelmeer, Kultur und provenzalischer Lebenskunst<\/h2>\n\n\n\n<p>Nur wenige Kilometer vom Campingplatz entfernt entfaltet <strong>Nizza<\/strong> den ganzen Charme einer mediterranen Stadt mit reicher Vergangenheit. Die <strong>Promenade des Anglais<\/strong>, die <strong>zum UNESCO-Weltkulturerbe geh\u00f6rt<\/strong>, l\u00e4dt zu einem unvergesslichen Spaziergang am Meer ein. Familien sch\u00e4tzen die weitl\u00e4ufigen Str\u00e4nde, die ideal f\u00fcr eine Entspannungspause oder ein erfrischendes Bad sind.<\/p>\n\n\n\n<p>Das historische Herz von <strong>Nizza<\/strong>, das Vieux-Nice, enth\u00fcllt ein Labyrinth aus belebten Gassen, schattigen Pl\u00e4tzen und Fassaden in warmen Farben. Hier schlendert man gerne zwischen Handwerksl\u00e4den, ber\u00fchmten Eisdielen und den St\u00e4nden des ber\u00fchmten <strong>Marktes Cours Saleya<\/strong>, einem wahren Festival der D\u00fcfte und Farben, umher.<\/p>\n\n\n\n<p>Was die Kultur angeht, \u00fcberrascht Nizza mit einem reichhaltigen Angebot: <strong>Matisse-Museum<\/strong>, Marc-Chagall-Museum, aber auch das MAMAC (Museum f\u00fcr moderne und zeitgen\u00f6ssische Kunst). Familien finden hier spielerische und zug\u00e4ngliche Besichtigungen, die perfekt geeignet sind, um die Neugier der Kinder zu wecken.<\/p>\n\n\n\n<p>Nizza ist auch ein Ziel f\u00fcr Feinschmecker: Zwischen <strong>Socca<\/strong>, Pissaladi\u00e8re und Gelato begeistern die lokalen Spezialit\u00e4ten Gro\u00df und Klein.<\/p>\n\n\n\n<p>Umgeben von H\u00fcgeln und am Mittelmeer gelegen, ist <strong>Nizza<\/strong> ein Ausflug, den Sie sich w\u00e4hrend Ihres Urlaubs nicht entgehen lassen sollten. Die Stadt ist leicht zu erreichen und verbindet kulturelle Entdeckungen, Badefreuden und authentisches Ambiente in einer zauberhaften Umgebung.<\/p>\n<\/div>\n<\/div>\n\n\n\n<div class=\"wp-block-cover alignfull F-10-a\"><span aria-hidden=\"true\" class=\"has-background-dim-60 wp-block-cover__gradient-background has-background-dim\"><\/span><img width=\"640\" height=\"427\" class=\"wp-block-cover__image-background wp-image-4198\" alt=\"route mythique cote d'Azur\" src=\"https:\/\/campingprovencale.com\/wp-content\/uploads\/2024\/09\/road-5904909_640.jpg\" style=\"object-position:49% 64%\" data-object-fit=\"cover\" data-object-position=\"49% 64%\" srcset=\"https:\/\/campingprovencale.com\/wp-content\/uploads\/2024\/09\/road-5904909_640.jpg 640w, https:\/\/campingprovencale.com\/wp-content\/uploads\/2024\/09\/road-5904909_640-300x200.jpg 300w\" sizes=\"(max-width: 640px) 100vw, 640px\" \/><div class=\"wp-block-cover__inner-container\">\n<div class=\"wp-container-69e9dcaa87750 wp-block-group has-blanc-background-color has-background\"><div class=\"wp-block-group__inner-container\">\n<h2 class=\"has-vert-color has-text-color\" id=\"entdecken-sie-die-cote-d-azur-in-der-nahe-des-campingplatzes\">Entdecken Sie die C\u00f4te d&#8217;Azur in der N\u00e4he des Campingplatzes<\/h2>\n\n\n\n<p class=\"has-typo-color has-text-color\">Wie w\u00e4re es, wenn Sie das Abenteuer verl\u00e4ngern und auf unserem <a href=\"https:\/\/campingprovencale.com\/de\/mandelieu-la-napoule-frankreich\/\">Campingplatz in Mandelieu la Napoule in<\/a> der N\u00e4he von <a href=\"https:\/\/campingprovencale.com\/de\/campingplatz-bei-cannes\/\">Cannes<\/a> \u00fcbernachten? <\/p>\n\n\n\n<p class=\"has-typo-color has-text-color\">Von Nizza aus k\u00f6nnen Sie die Sch\u00e4tze der <a href=\"https:\/\/campingprovencale.com\/de\/french-riviera\/\">French Riviera<\/a> entdecken: Schlendern Sie durch die duftenden Gassen von <a href=\"https:\/\/campingprovencale.com\/de\/grasse-frankreich\/\">Grasse<\/a>, tauchen Sie ein in die r\u00f6mische Geschichte von <a href=\"https:\/\/campingprovencale.com\/de\/frejus-cote-d-azur\/\">Fr\u00e9jus<\/a>, erkunden Sie die Stadtmauern und Str\u00e4nde von <a href=\"https:\/\/campingprovencale.com\/de\/antibes-camping\/\">Antibes<\/a>, genie\u00dfen Sie die lebhafte K\u00fcste von <a href=\"https:\/\/campingprovencale.com\/de\/saint-raphael-camping\/\">Saint-Rapha\u00ebl<\/a> oder lassen Sie sich vom legend\u00e4ren Charme von <strong>Saint-Tropez<\/strong> verf\u00fchren. <\/p>\n\n\n\n<p class=\"has-typo-color has-text-color\">Die zahlreichen Ausflugsziele in der N\u00e4he sind ideal, um Ihren <strong>Familienurlaub in den Alpes Maritimes<\/strong> zu bereichern.<\/p>\n<\/div><\/div>\n<\/div><\/div>\n\n\n\n<p><\/p>\n","protected":false},"excerpt":{"rendered":"<p>Nizza mit der Familie entdecken: ein unumg\u00e4nglicher Ausflug an die C\u00f4te d&#8217;Azur Haben Sie Lust, in Ihrem Urlaub Entspannung, Kultur und au\u00dfergew\u00f6hnliche Landschaften miteinander zu verbinden? Das zwischen Meer und H\u00fcgeln gelegene Nizza empf\u00e4ngt Sie mit seinem milden Klima, seinen Mittelmeerstr\u00e4nden und seinen bunten Gassen. Dieses emblematische Reiseziel an der C\u00f4te d&#8217;Azur bietet eine Vielzahl [&hellip;]<\/p>\n","protected":false},"author":1,"featured_media":5124,"parent":0,"menu_order":0,"comment_status":"closed","ping_status":"closed","template":"","meta":[],"acf":[],"_links":{"self":[{"href":"https:\/\/campingprovencale.com\/de\/wp-json\/wp\/v2\/pages\/5123"}],"collection":[{"href":"https:\/\/campingprovencale.com\/de\/wp-json\/wp\/v2\/pages"}],"about":[{"href":"https:\/\/campingprovencale.com\/de\/wp-json\/wp\/v2\/types\/page"}],"author":[{"embeddable":true,"href":"https:\/\/campingprovencale.com\/de\/wp-json\/wp\/v2\/users\/1"}],"replies":[{"embeddable":true,"href":"https:\/\/campingprovencale.com\/de\/wp-json\/wp\/v2\/comments?post=5123"}],"version-history":[{"count":6,"href":"https:\/\/campingprovencale.com\/de\/wp-json\/wp\/v2\/pages\/5123\/revisions"}],"predecessor-version":[{"id":5331,"href":"https:\/\/campingprovencale.com\/de\/wp-json\/wp\/v2\/pages\/5123\/revisions\/5331"}],"wp:featuredmedia":[{"embeddable":true,"href":"https:\/\/campingprovencale.com\/de\/wp-json\/wp\/v2\/media\/5124"}],"wp:attachment":[{"href":"https:\/\/campingprovencale.com\/de\/wp-json\/wp\/v2\/media?parent=5123"}],"curies":[{"name":"wp","href":"https:\/\/api.w.org\/{rel}","templated":true}]}}