{"id":5300,"date":"2025-06-24T15:19:51","date_gmt":"2025-06-24T13:19:51","guid":{"rendered":"https:\/\/campingprovencale.com\/?page_id=5300"},"modified":"2025-06-24T15:24:02","modified_gmt":"2025-06-24T13:24:02","slug":"frejus-cote-d-azur","status":"publish","type":"page","link":"https:\/\/campingprovencale.com\/de\/frejus-cote-d-azur\/","title":{"rendered":"Alentours Frejus DE"},"content":{"rendered":"\n<h1 id=\"mit-der-familie-frejus-an-der-cote-d-azur-entdecken\">Mit der Familie Fr\u00e9jus an der C\u00f4te d&#8217;Azur entdecken<\/h1>\n\n\n\n<p><strong>Fr\u00e9jus<\/strong> liegt zwischen <a href=\"https:\/\/campingprovencale.com\/de\/campingplatz-bei-cannes\/\">Cannes<\/a> und Saint-Tropez und begeistert Familien mit seiner reichen r\u00f6mischen Vergangenheit, seinen sonnigen Landschaften und seiner sanften Lebensweise. Diese <strong>Stadt<\/strong> im <strong>Var<\/strong> im Herzen der <a href=\"https:\/\/campingprovencale.com\/de\/french-riviera\/\">C\u00f4te d&#8217;Azur<\/a>, bietet ein perfektes Gleichgewicht zwischen Kultur, Freizeitaktivit\u00e4ten im Freien und Faulenzen an der Mittelmeerk\u00fcste.<\/p>\n\n\n\n<div class=\"wp-block-columns\">\n<div class=\"wp-block-column\">\n<figure class=\"wp-block-image size-large is-style-rounded\"><img width=\"1024\" height=\"590\" src=\"https:\/\/campingprovencale.com\/wp-content\/uploads\/2025\/06\/ADO-Frejus-1024x590.jpeg\" alt=\"\" class=\"wp-image-5303\" srcset=\"https:\/\/campingprovencale.com\/wp-content\/uploads\/2025\/06\/ADO-Frejus-1024x590.jpeg 1024w, https:\/\/campingprovencale.com\/wp-content\/uploads\/2025\/06\/ADO-Frejus-300x173.jpeg 300w, https:\/\/campingprovencale.com\/wp-content\/uploads\/2025\/06\/ADO-Frejus-768x443.jpeg 768w, https:\/\/campingprovencale.com\/wp-content\/uploads\/2025\/06\/ADO-Frejus-1536x885.jpeg 1536w, https:\/\/campingprovencale.com\/wp-content\/uploads\/2025\/06\/ADO-Frejus-2048x1180.jpeg 2048w\" sizes=\"(max-width: 1024px) 100vw, 1024px\" \/><\/figure>\n<\/div>\n\n\n\n<div class=\"wp-block-column is-vertically-aligned-center\">\n<h2 id=\"das-historische-erbe-von-frejus-an-der-cote-d-azur\">Das historische Erbe von Fr\u00e9jus an der Cote d&#8217;Azur<\/h2>\n\n\n\n<p>Fr\u00e9jus ist ein wahres Freilichtmuseum. Das alte <em>Forum Julii<\/em> wurde von Julius C\u00e4sar gegr\u00fcndet und beherbergt noch immer <strong>zahlreiche r\u00f6mische \u00dcberreste<\/strong>, darunter das beeindruckende <strong>Amphitheater und das Aqu\u00e4dukt<\/strong>, das \u00fcber mehrere Kilometer hinweg sichtbar ist.<\/p>\n\n\n\n<p>Verpassen Sie nicht den Besuch der <strong>Kathedrale Saint-L\u00e9once <\/strong>und ihres Kreuzgangs, einem Juwel der provenzalischen Romanik. Diese \u00f6ffentlich zug\u00e4nglichen Bauwerke erm\u00f6glichen es Familien, in mehr als 2000 Jahre Geschichte einzutauchen, w\u00e4hrend sie die Gassen des alten Zentrums erkunden.<\/p>\n<\/div>\n<\/div>\n\n\n\n<div class=\"wp-block-columns\">\n<div class=\"wp-block-column is-vertically-aligned-center\">\n<h2 id=\"aktivitaten-im-freien-geniessen\">Aktivit\u00e4ten im Freien genie\u00dfen<\/h2>\n\n\n\n<p>Mit \u00fcber 300 Sonnentagen im Jahr ist <strong>Fr\u00e9jus <\/strong>ein idealer Spielplatz f\u00fcr Naturliebhaber. Das <a href=\"https:\/\/campingprovencale.com\/de\/camping-esterel-frankreich\/\">Esterel-Massiv<\/a> mit seinen roten Felsen und markierten Wegen eignet sich perfekt zum <strong>Wandern <\/strong>oder Mountainbiken.<\/p>\n\n\n\n<p>Die <strong>feinen Sandstr\u00e4nde<\/strong>, wie die von<strong> Fr\u00e9jus-Plage<\/strong> oder <strong>Saint-Aygulf<\/strong>, laden zum Schwimmen, Spielen mit der Familie und zu Wassersportarten ein. Der <strong>Parc Ar\u00e9ca<\/strong>, ein mediterraner Garten direkt am Meer, bietet eine ruhige Umgebung f\u00fcr einen schattigen Spaziergang.<\/p>\n\n\n\n<p>Fr\u00e9jus bietet eine Vielzahl an spielerischen Aktivit\u00e4ten f\u00fcr Gro\u00df und Klein. Themenparks wie <strong>Aqualand <\/strong>und <strong>Luna Park<\/strong> garantieren erlebnisreiche Tage. F\u00fcr einen Moment der Entspannung bietet sich die <strong>Base Nature Fran\u00e7ois L\u00e9otard<\/strong> an, ein riesiges Freizeitgebiet von 135 Hektar, in dem sich Skateparks, Spielpl\u00e4tze, Radwege und Str\u00e4nde befinden. Diese Gr\u00fcnfl\u00e4che am Meer ist ideal, um sich mit der ganzen Familie in einer nat\u00fcrlichen und sicheren Umgebung zu treffen.<\/p>\n<\/div>\n\n\n\n<div class=\"wp-block-column\">\n<figure class=\"wp-block-image size-large is-style-rounded\"><img width=\"1024\" height=\"653\" src=\"https:\/\/campingprovencale.com\/wp-content\/uploads\/2024\/02\/Adobe-Esteel-1024x653.png\" alt=\"Massif Est\u00e9rel Cote d'Azur\" class=\"wp-image-2861\" srcset=\"https:\/\/campingprovencale.com\/wp-content\/uploads\/2024\/02\/Adobe-Esteel-1024x653.png 1024w, https:\/\/campingprovencale.com\/wp-content\/uploads\/2024\/02\/Adobe-Esteel-300x191.png 300w, https:\/\/campingprovencale.com\/wp-content\/uploads\/2024\/02\/Adobe-Esteel-768x490.png 768w, https:\/\/campingprovencale.com\/wp-content\/uploads\/2024\/02\/Adobe-Esteel.png 1469w\" sizes=\"(max-width: 1024px) 100vw, 1024px\" \/><\/figure>\n<\/div>\n<\/div>\n\n\n\n<h2 id=\"in-frejus-in-die-provenzalische-kultur-eintauchen\">In Frejus in die provenzalische Kultur eintauchen<\/h2>\n\n\n\n<p>Das ganze Jahr \u00fcber pulsiert <strong>Fr\u00e9jus<\/strong> im Rhythmus von M\u00e4rkten, Festivals und kulturellen Veranstaltungen. Der<strong> provenzalische Markt<\/strong> im Herzen der Stadt l\u00e4dt dazu ein, die Geschm\u00e4cker und Produkte der Region zu entdecken. In den <strong>Arenen <\/strong>und auf den Pl\u00e4tzen finden Auff\u00fchrungen statt, w\u00e4hrend Museen wie das der <strong>Marine-Truppen<\/strong> das kulturelle Angebot vervollst\u00e4ndigen. Im Sommer beleben Freiluftveranstaltungen und kostenlose Konzerte die Abende mit der Familie.<\/p>\n\n\n\n<div class=\"wp-block-cover alignfull is-light F-10-a\"><span aria-hidden=\"true\" class=\"has-background-dim-20 wp-block-cover__gradient-background has-background-dim\"><\/span><img width=\"2560\" height=\"1920\" class=\"wp-block-cover__image-background wp-image-1792\" alt=\"piscine camping mandelieu\" src=\"https:\/\/campingprovencale.com\/wp-content\/uploads\/2023\/05\/20230521_161554-1-scaled.jpg\" style=\"object-position:50% 38%\" data-object-fit=\"cover\" data-object-position=\"50% 38%\" srcset=\"https:\/\/campingprovencale.com\/wp-content\/uploads\/2023\/05\/20230521_161554-1-scaled.jpg 2560w, https:\/\/campingprovencale.com\/wp-content\/uploads\/2023\/05\/20230521_161554-1-300x225.jpg 300w, https:\/\/campingprovencale.com\/wp-content\/uploads\/2023\/05\/20230521_161554-1-1024x768.jpg 1024w, https:\/\/campingprovencale.com\/wp-content\/uploads\/2023\/05\/20230521_161554-1-768x576.jpg 768w, https:\/\/campingprovencale.com\/wp-content\/uploads\/2023\/05\/20230521_161554-1-1536x1152.jpg 1536w, https:\/\/campingprovencale.com\/wp-content\/uploads\/2023\/05\/20230521_161554-1-2048x1536.jpg 2048w\" sizes=\"(max-width: 2560px) 100vw, 2560px\" \/><div class=\"wp-block-cover__inner-container\">\n<div class=\"wp-container-69e1e707c7fec wp-block-group has-typo-color has-blanc-background-color has-text-color has-background\"><div class=\"wp-block-group__inner-container\">\n<h2 id=\"aufenthalt-auf-einem-campingplatz-in-der-nahe-von-frejus-an-der-franzosischen-riviera\">Aufenthalt auf einem Campingplatz in der N\u00e4he von Fr\u00e9jus an der Franz\u00f6sischen Riviera<\/h2>\n\n\n\n<p>Verbringen Sie Ihren Aufenthalt auf einem <strong>4-Sterne-Campingplatz<\/strong> in <strong>der N\u00e4he von Fr\u00e9jus<\/strong> mit einer gro\u00dfen Auswahl an Mietunterk\u00fcnften in Mobilheimen oder Chalets sowie Stellpl\u00e4tzen f\u00fcr Zelte, Wohnwagen und Wohnmobile. Nutzen Sie die Aktivit\u00e4ten, das Schwimmbad und den Service auf dem <a href=\"https:\/\/campingprovencale.com\/de\/mandelieu-la-napoule-frankreich\/\">Campingplatz in Mandelieu la Napoule<\/a>. <\/p>\n\n\n\n<p>Entdecken Sie von unserem Campingplatz aus die <a href=\"https:\/\/campingprovencale.com\/de\/camping-cote-dazur\/\">Cote d&#8217;Azur <\/a>: die Mittelmeerk\u00fcste, <a href=\"https:\/\/campingprovencale.com\/de\/campingplatz-bei-cannes\/\" data-type=\"page\" data-id=\"2593\">Cannes <\/a>und sein ber\u00fchmtes Festival, <a href=\"https:\/\/campingprovencale.com\/de\/grasse-frankreich\/\" data-type=\"page\" data-id=\"4352\">Grasse<\/a> und seine D\u00fcfte, Nizza, Saint Tropez etc.<\/p>\n\n\n\n<div class=\"wp-container-69e1e707c7721 wp-block-buttons\">\n<div class=\"wp-block-button\"><a class=\"wp-block-button__link\" href=\"https:\/\/campingprovencale.com\/de\/unterkuenfte\/\">No Unterk\u00fcnfte<\/a><\/div>\n<\/div>\n<\/div><\/div>\n<\/div><\/div>\n","protected":false},"excerpt":{"rendered":"<p>Mit der Familie Fr\u00e9jus an der C\u00f4te d&#8217;Azur entdecken Fr\u00e9jus liegt zwischen Cannes und Saint-Tropez und begeistert Familien mit seiner reichen r\u00f6mischen Vergangenheit, seinen sonnigen Landschaften und seiner sanften Lebensweise. Diese Stadt im Var im Herzen der C\u00f4te d&#8217;Azur, bietet ein perfektes Gleichgewicht zwischen Kultur, Freizeitaktivit\u00e4ten im Freien und Faulenzen an der Mittelmeerk\u00fcste. Das historische [&hellip;]<\/p>\n","protected":false},"author":1,"featured_media":5303,"parent":0,"menu_order":0,"comment_status":"closed","ping_status":"closed","template":"","meta":[],"acf":[],"_links":{"self":[{"href":"https:\/\/campingprovencale.com\/de\/wp-json\/wp\/v2\/pages\/5300"}],"collection":[{"href":"https:\/\/campingprovencale.com\/de\/wp-json\/wp\/v2\/pages"}],"about":[{"href":"https:\/\/campingprovencale.com\/de\/wp-json\/wp\/v2\/types\/page"}],"author":[{"embeddable":true,"href":"https:\/\/campingprovencale.com\/de\/wp-json\/wp\/v2\/users\/1"}],"replies":[{"embeddable":true,"href":"https:\/\/campingprovencale.com\/de\/wp-json\/wp\/v2\/comments?post=5300"}],"version-history":[{"count":6,"href":"https:\/\/campingprovencale.com\/de\/wp-json\/wp\/v2\/pages\/5300\/revisions"}],"predecessor-version":[{"id":5326,"href":"https:\/\/campingprovencale.com\/de\/wp-json\/wp\/v2\/pages\/5300\/revisions\/5326"}],"wp:featuredmedia":[{"embeddable":true,"href":"https:\/\/campingprovencale.com\/de\/wp-json\/wp\/v2\/media\/5303"}],"wp:attachment":[{"href":"https:\/\/campingprovencale.com\/de\/wp-json\/wp\/v2\/media?parent=5300"}],"curies":[{"name":"wp","href":"https:\/\/api.w.org\/{rel}","templated":true}]}}