{"id":5413,"date":"2025-07-24T16:55:28","date_gmt":"2025-07-24T14:55:28","guid":{"rendered":"https:\/\/campingprovencale.com\/?page_id=5413"},"modified":"2025-07-25T11:06:21","modified_gmt":"2025-07-25T09:06:21","slug":"cannes-walk-of-fame","status":"publish","type":"page","link":"https:\/\/campingprovencale.com\/de\/cannes-walk-of-fame\/","title":{"rendered":"Cannes walk of Fame"},"content":{"rendered":"\n<div class=\"wp-block-cover alignfull\"><span aria-hidden=\"true\" class=\"wp-block-cover__gradient-background has-background-dim\"><\/span><img width=\"2560\" height=\"1696\" class=\"wp-block-cover__image-background wp-image-4396\" alt=\"Cannes festival\" src=\"https:\/\/campingprovencale.com\/wp-content\/uploads\/2024\/11\/ADO-Cannes-Festival-scaled.jpeg\" style=\"object-position:50% 28%\" data-object-fit=\"cover\" data-object-position=\"50% 28%\" srcset=\"https:\/\/campingprovencale.com\/wp-content\/uploads\/2024\/11\/ADO-Cannes-Festival-scaled.jpeg 2560w, https:\/\/campingprovencale.com\/wp-content\/uploads\/2024\/11\/ADO-Cannes-Festival-300x199.jpeg 300w, https:\/\/campingprovencale.com\/wp-content\/uploads\/2024\/11\/ADO-Cannes-Festival-1024x678.jpeg 1024w, https:\/\/campingprovencale.com\/wp-content\/uploads\/2024\/11\/ADO-Cannes-Festival-768x509.jpeg 768w, https:\/\/campingprovencale.com\/wp-content\/uploads\/2024\/11\/ADO-Cannes-Festival-1536x1017.jpeg 1536w, https:\/\/campingprovencale.com\/wp-content\/uploads\/2024\/11\/ADO-Cannes-Festival-2048x1356.jpeg 2048w\" sizes=\"(max-width: 2560px) 100vw, 2560px\" \/><div class=\"wp-block-cover__inner-container\">\n<p class=\"has-text-align-center has-large-font-size\"><\/p>\n<\/div><\/div>\n\n\n\n<h1 id=\"der-walk-of-fame-von-cannes\">Der Walk of Fame von Cannes<\/h1>\n\n\n\n<p>Nur wenige Schritte von den Str\u00e4nden der Croisette und dem gesch\u00e4ftigen Treiben im <strong>Palais des Festivals<\/strong> entfernt , l\u00e4dt der Walk of Fame in <a href=\"https:\/\/campingprovencale.com\/de\/campingplatz-bei-cannes\/\">Cannes<\/a> die Besucher zu einem einzigartigen Spaziergang zwischen Glamour und Erinnerung an die 7\u1d49 Kunst ein. Dieser unauff\u00e4llige, aber geschichtstr\u00e4chtige Spaziergang ehrt die gro\u00dfen Figuren des <strong>internationalen Kinos<\/strong>. Ob Sie nun ein leidenschaftlicher Cineast oder einfach nur ein neugieriger Urlauber sind, folgen Sie dem F\u00fchrer, um diese symboltr\u00e4chtige Allee und ihre gut geh\u00fcteten Geheimnisse zu erkunden.<\/p>\n\n\n\n<div class=\"wp-block-columns\">\n<div class=\"wp-block-column\">\n<figure class=\"wp-block-image size-large\"><img width=\"1024\" height=\"683\" src=\"https:\/\/campingprovencale.com\/wp-content\/uploads\/2025\/04\/ADO-Cannes-Festival-1024x683.jpeg\" alt=\"\" class=\"wp-image-4863\" srcset=\"https:\/\/campingprovencale.com\/wp-content\/uploads\/2025\/04\/ADO-Cannes-Festival-1024x683.jpeg 1024w, https:\/\/campingprovencale.com\/wp-content\/uploads\/2025\/04\/ADO-Cannes-Festival-300x200.jpeg 300w, https:\/\/campingprovencale.com\/wp-content\/uploads\/2025\/04\/ADO-Cannes-Festival-768x512.jpeg 768w, https:\/\/campingprovencale.com\/wp-content\/uploads\/2025\/04\/ADO-Cannes-Festival-1536x1025.jpeg 1536w, https:\/\/campingprovencale.com\/wp-content\/uploads\/2025\/04\/ADO-Cannes-Festival-2048x1366.jpeg 2048w\" sizes=\"(max-width: 1024px) 100vw, 1024px\" \/><\/figure>\n<\/div>\n\n\n\n<div class=\"wp-block-column is-vertically-aligned-center\">\n<h2 id=\"entdeckung-des-walk-of-fame-in-cannes\">Entdeckung des Walk of Fame in Cannes<\/h2>\n\n\n\n<p>Inspiriert vom <strong>ber\u00fchmten Hollywood Walk of Fame<\/strong>, entstand die Cannes-Version in den 2000er Jahren mit einem klaren Ziel: die gro\u00dfen Namen der Filmindustrie, die das <a href=\"https:\/\/campingprovencale.com\/de\/cannes-film-festival\/\">Filmfestival von Cannes<\/a> gepr\u00e4gt haben, im Boden zu verankern. Vor dem Palais des Festivals gelegen, umfasst dieser Spaziergang mehr als <strong>150 Handabdr\u00fccke<\/strong>, die in Zementplatten gegossen und alle von renommierten K\u00fcnstlern signiert wurden.<\/p>\n\n\n\n<p>Dieser Weg ist mehr als nur eine Hommage, er symbolisiert die Anerkennung von Cannes als <strong>Welthauptstadt des <\/strong>Autoren- und Ausnahmekinos. Er erinnert jedes Jahr an die Bedeutung der Stadt f\u00fcr die <strong>internationale kulturelle Ausstrahlung<\/strong>, w\u00e4hrend er den Besuchern ein greifbares Eintauchen in <strong>die Welt der 7\u1d49 Kunst<\/strong> bietet. Jeder Fu\u00dfabdruck ist ein Fragment der Geschichte, eingefroren f\u00fcr die Ewigkeit.<\/p>\n<\/div>\n<\/div>\n\n\n\n<div class=\"wp-block-columns\">\n<div class=\"wp-block-column is-vertically-aligned-center\">\n<h2 id=\"die-ikonischen-stars-des-walk-of-fame\">Die ikonischen Stars des Walk of Fame<\/h2>\n\n\n\n<p>Die gr\u00f6\u00dften Ikonen des Kinos haben hier ihre Spuren hinterlassen, wie zum Beispiel Schauspieler: <strong>Catherine Deneuve, Meryl Streep, Forest Whitaker<\/strong>, oder auch die renommierten Regisseure <strong>Pedro Almod\u00f3var, Quentin Tarantino, Tim Burton<\/strong>. Jede Tafel erinnert an einen bedeutenden Auftritt beim Festival, eine <strong>Goldene Palme<\/strong>, einen Kultfilm oder einen unvergesslichen Moment.<\/p>\n\n\n\n<p>Die Anbringung eines Fingerabdrucks ist keineswegs nur eine symbolische Geste, sondern muss verdient werden. Sie ist h\u00e4ufig K\u00fcnstlern vorbehalten, die das Festival nachhaltig gepr\u00e4gt haben, sei es durch ihr Werk, ihre Karriere oder ihr Engagement f\u00fcr das Kino. Es sind die Organisatoren des Filmfestivals von Cannes, die entscheiden, welche Pers\u00f6nlichkeiten geehrt werden, im Sinne der Anerkennung und Weitergabe.<\/p>\n<\/div>\n\n\n\n<div class=\"wp-block-column\">\n<figure class=\"wp-block-image size-large\"><img width=\"1024\" height=\"683\" src=\"https:\/\/campingprovencale.com\/wp-content\/uploads\/2025\/04\/ADO-Cannes-Festival-palais-1024x683.jpeg\" alt=\"\" class=\"wp-image-4881\" srcset=\"https:\/\/campingprovencale.com\/wp-content\/uploads\/2025\/04\/ADO-Cannes-Festival-palais-1024x683.jpeg 1024w, https:\/\/campingprovencale.com\/wp-content\/uploads\/2025\/04\/ADO-Cannes-Festival-palais-300x200.jpeg 300w, https:\/\/campingprovencale.com\/wp-content\/uploads\/2025\/04\/ADO-Cannes-Festival-palais-768x513.jpeg 768w, https:\/\/campingprovencale.com\/wp-content\/uploads\/2025\/04\/ADO-Cannes-Festival-palais-1536x1025.jpeg 1536w, https:\/\/campingprovencale.com\/wp-content\/uploads\/2025\/04\/ADO-Cannes-Festival-palais-2048x1367.jpeg 2048w\" sizes=\"(max-width: 1024px) 100vw, 1024px\" \/><\/figure>\n<\/div>\n<\/div>\n\n\n\n<div class=\"wp-block-columns\">\n<div class=\"wp-block-column\">\n<figure class=\"wp-block-image size-large\"><img width=\"1024\" height=\"641\" src=\"https:\/\/campingprovencale.com\/wp-content\/uploads\/2025\/07\/AdobeStock_668795237-1-1024x641.jpeg\" alt=\"\" class=\"wp-image-5418\" srcset=\"https:\/\/campingprovencale.com\/wp-content\/uploads\/2025\/07\/AdobeStock_668795237-1-1024x641.jpeg 1024w, https:\/\/campingprovencale.com\/wp-content\/uploads\/2025\/07\/AdobeStock_668795237-1-300x188.jpeg 300w, https:\/\/campingprovencale.com\/wp-content\/uploads\/2025\/07\/AdobeStock_668795237-1-768x481.jpeg 768w, https:\/\/campingprovencale.com\/wp-content\/uploads\/2025\/07\/AdobeStock_668795237-1-1536x962.jpeg 1536w, https:\/\/campingprovencale.com\/wp-content\/uploads\/2025\/07\/AdobeStock_668795237-1-2048x1282.jpeg 2048w\" sizes=\"(max-width: 1024px) 100vw, 1024px\" \/><\/figure>\n<\/div>\n\n\n\n<div class=\"wp-block-column is-vertically-aligned-center\">\n<h2 id=\"besuchen-sie-den-walk-of-fame-in-cannes\">Besuchen Sie den Walk of Fame in Cannes<\/h2>\n\n\n\n<p>Um den Chemin des \u00c9toiles zu entdecken, beginnen Sie Ihren Spaziergang auf <strong>der Esplanade Pompidou<\/strong>, direkt vor den Stufen des Palais des Festivals. Gehen Sie dann den Weg entlang bis zur <strong>Croisette<\/strong> und nehmen Sie sich die Zeit, die Namen zu lesen und die Fu\u00dfabdr\u00fccke zu betrachten. Am besten besuchen Sie die St\u00e4tte am fr\u00fchen Morgen oder am Ende des Tages, wenn das weiche Licht die Reliefs der Platten hervorhebt.<\/p>\n\n\n\n<p>W\u00e4hrend der <strong>Filmfestspiele von Cannes<\/strong>, wird die Promenade zum Leben erweckt. Es ist nicht ungew\u00f6hnlich, in einer festlichen und feierlichen Atmosph\u00e4re neue Live-Pr\u00e4gungen zu erleben. Au\u00dferhalb der Saison erfahren Sie auf gef\u00fchrten Touren mehr \u00fcber Anekdoten zu den K\u00fcnstlern, die<strong> Geheimnisse des Festivals<\/strong> und die Geschichte des symboltr\u00e4chtigen Palastgeb\u00e4udes.<\/p>\n<\/div>\n<\/div>\n\n\n\n<div class=\"wp-block-columns\">\n<div class=\"wp-block-column is-vertically-aligned-center\">\n<h2 id=\"der-fussabdruck-der-filmfestspiele-von-cannes-auf-dem-walk-of-fame\">Der Fu\u00dfabdruck der Filmfestspiele von Cannes auf dem Walk of Fame<\/h2>\n\n\n\n<p>Das Filmfestival von Cannes ist ein au\u00dfergew\u00f6hnliches Schaufenster. F\u00fcr den offiziellen Wettbewerb ausgew\u00e4hlt zu werden, eine Palme zu erhalten oder hier einen Film zu pr\u00e4sentieren, bedeutet oft weltweite Anerkennung. Der <strong>Walk of Fame <\/strong>verl\u00e4ngert diese Aura: Er h\u00e4lt die H\u00f6hepunkte und die unumg\u00e4nglichen Figuren des Festivals in Stein gemei\u00dfelt fest.<\/p>\n\n\n\n<p>Jedes Jahr schafft und zerst\u00f6rt <a href=\"https:\/\/campingprovencale.com\/de\/cannes-cote-d-azur\/\" data-type=\"page\" data-id=\"3926\">Cannes <\/a>einen guten Ruf. Der Walk of Fame veranschaulicht diese einzigartige F\u00e4higkeit der Stadt, eine Karriere zu ver\u00e4ndern, ein Talent zu enth\u00fcllen oder ein Genie der 7\u1d49-Kunst zu weihen. Er zieht au\u00dferdem Fachleute und Enthusiasten aus der ganzen Welt an, die auf der Suche nach Inspiration und Begegnungen sind.<\/p>\n<\/div>\n\n\n\n<div class=\"wp-block-column\">\n<figure class=\"wp-block-image size-large\"><img width=\"1024\" height=\"526\" src=\"https:\/\/campingprovencale.com\/wp-content\/uploads\/2024\/03\/ADO-Festival-de-Cannes-1024x526.png\" alt=\"Location festival Cannes\" class=\"wp-image-2977\" srcset=\"https:\/\/campingprovencale.com\/wp-content\/uploads\/2024\/03\/ADO-Festival-de-Cannes-1024x526.png 1024w, https:\/\/campingprovencale.com\/wp-content\/uploads\/2024\/03\/ADO-Festival-de-Cannes-300x154.png 300w, https:\/\/campingprovencale.com\/wp-content\/uploads\/2024\/03\/ADO-Festival-de-Cannes-768x395.png 768w, https:\/\/campingprovencale.com\/wp-content\/uploads\/2024\/03\/ADO-Festival-de-Cannes-1536x790.png 1536w, https:\/\/campingprovencale.com\/wp-content\/uploads\/2024\/03\/ADO-Festival-de-Cannes.png 1774w\" sizes=\"(max-width: 1024px) 100vw, 1024px\" \/><\/figure>\n<\/div>\n<\/div>\n\n\n\n<div class=\"wp-block-cover alignfull F-10-a\"><span aria-hidden=\"true\" class=\"has-background-dim-0 wp-block-cover__gradient-background has-background-dim\"><\/span><img width=\"2560\" height=\"853\" class=\"wp-block-cover__image-background wp-image-3847\" alt=\"Cannes cote d'azur\" src=\"https:\/\/campingprovencale.com\/wp-content\/uploads\/2024\/07\/AdobeStock_165480002-1-scaled.jpeg\" style=\"object-position:47% 68%\" data-object-fit=\"cover\" data-object-position=\"47% 68%\" srcset=\"https:\/\/campingprovencale.com\/wp-content\/uploads\/2024\/07\/AdobeStock_165480002-1-scaled.jpeg 2560w, https:\/\/campingprovencale.com\/wp-content\/uploads\/2024\/07\/AdobeStock_165480002-1-300x100.jpeg 300w, https:\/\/campingprovencale.com\/wp-content\/uploads\/2024\/07\/AdobeStock_165480002-1-1024x341.jpeg 1024w, https:\/\/campingprovencale.com\/wp-content\/uploads\/2024\/07\/AdobeStock_165480002-1-768x256.jpeg 768w, https:\/\/campingprovencale.com\/wp-content\/uploads\/2024\/07\/AdobeStock_165480002-1-1536x512.jpeg 1536w, https:\/\/campingprovencale.com\/wp-content\/uploads\/2024\/07\/AdobeStock_165480002-1-2048x683.jpeg 2048w\" sizes=\"(max-width: 2560px) 100vw, 2560px\" \/><div class=\"wp-block-cover__inner-container\">\n<div class=\"wp-container-69e54617d844c wp-block-group has-gris-color has-blanc-background-color has-text-color has-background\"><div class=\"wp-block-group__inner-container\">\n<h2 id=\"aufenthalt-auf-dem-campingplatz-la-provencale-in-der-nahe-von-cannes-und-seinem-festival\">Aufenthalt auf dem Campingplatz La Proven\u00e7ale in der N\u00e4he von Cannes und seinem Festival<\/h2>\n\n\n\n<p>Wenn Sie den <strong>Campingplatz La Proven\u00e7ale<\/strong> f\u00fcr Ihren Urlaub w\u00e4hlen, profitieren Sie von einer bevorzugten Lage in der N\u00e4he von Cannes und des Mittelmeers und genie\u00dfen gleichzeitig eine friedliche und famili\u00e4re Umgebung. Ob Sie sich f\u00fcr ein <strong>voll ausgestattetes Mobilheim<\/strong> oder einen <strong>schattigen Stellplatz f\u00fcr Zelt oder Wohnwagen<\/strong> entscheiden, jedes Angebot bietet ein ausgewogenes Verh\u00e4ltnis zwischen Komfort und Natur. Alle Unterk\u00fcnfte sind auf die Bed\u00fcrfnisse von Familien zugeschnitten <strong>und verf\u00fcgen \u00fcber gut ausgestattete, klimatisierte R\u00e4ume und private Terrassen<\/strong>, auf denen Sie die lauen Mittelmeerabende in vollen Z\u00fcgen genie\u00dfen k\u00f6nnen.<\/p>\n\n\n\n<p>Einer der gr\u00f6\u00dften Pluspunkte des Campingplatzes ist seine <strong>Badelandschaft<\/strong>, die ideal ist, um sich nach einem Tag voller Entdeckungen auf der Croisette, dem Port Canto oder dem Walk of Fame zu erfrischen. Der <strong>gro\u00dfe Au\u00dfenpool<\/strong>, die <strong>Liegefl\u00e4chen<\/strong> und das <strong>Kinderbecken<\/strong> bieten alles, was Sie f\u00fcr einen entspannten Urlaub in <strong>S\u00fcdfrankreich<\/strong> brauchen. Nach dem Trubel von Cannes finden Sie hier Ruhe und Geselligkeit inmitten einer typisch provenzalischen Naturlandschaft.<\/p>\n\n\n\n<div class=\"wp-container-69e54617d8159 wp-block-buttons\">\n<div class=\"wp-block-button\"><a class=\"wp-block-button__link\" href=\"https:\/\/campingprovencale.com\/de\/unterkuenfte\/\">Unsere Unterk\u00fcnfte<\/a><\/div>\n<\/div>\n<\/div><\/div>\n<\/div><\/div>\n","protected":false},"excerpt":{"rendered":"<p>Der Walk of Fame von Cannes Nur wenige Schritte von den Str\u00e4nden der Croisette und dem gesch\u00e4ftigen Treiben im Palais des Festivals entfernt , l\u00e4dt der Walk of Fame in Cannes die Besucher zu einem einzigartigen Spaziergang zwischen Glamour und Erinnerung an die 7\u1d49 Kunst ein. Dieser unauff\u00e4llige, aber geschichtstr\u00e4chtige Spaziergang ehrt die gro\u00dfen Figuren [&hellip;]<\/p>\n","protected":false},"author":1,"featured_media":4396,"parent":0,"menu_order":0,"comment_status":"closed","ping_status":"closed","template":"","meta":[],"acf":[],"_links":{"self":[{"href":"https:\/\/campingprovencale.com\/de\/wp-json\/wp\/v2\/pages\/5413"}],"collection":[{"href":"https:\/\/campingprovencale.com\/de\/wp-json\/wp\/v2\/pages"}],"about":[{"href":"https:\/\/campingprovencale.com\/de\/wp-json\/wp\/v2\/types\/page"}],"author":[{"embeddable":true,"href":"https:\/\/campingprovencale.com\/de\/wp-json\/wp\/v2\/users\/1"}],"replies":[{"embeddable":true,"href":"https:\/\/campingprovencale.com\/de\/wp-json\/wp\/v2\/comments?post=5413"}],"version-history":[{"count":6,"href":"https:\/\/campingprovencale.com\/de\/wp-json\/wp\/v2\/pages\/5413\/revisions"}],"predecessor-version":[{"id":5455,"href":"https:\/\/campingprovencale.com\/de\/wp-json\/wp\/v2\/pages\/5413\/revisions\/5455"}],"wp:featuredmedia":[{"embeddable":true,"href":"https:\/\/campingprovencale.com\/de\/wp-json\/wp\/v2\/media\/4396"}],"wp:attachment":[{"href":"https:\/\/campingprovencale.com\/de\/wp-json\/wp\/v2\/media?parent=5413"}],"curies":[{"name":"wp","href":"https:\/\/api.w.org\/{rel}","templated":true}]}}