{"id":5876,"date":"2025-10-31T16:54:50","date_gmt":"2025-10-31T15:54:50","guid":{"rendered":"https:\/\/campingprovencale.com\/?page_id=5876"},"modified":"2025-10-31T16:57:32","modified_gmt":"2025-10-31T15:57:32","slug":"monaco","status":"publish","type":"page","link":"https:\/\/campingprovencale.com\/de\/monaco\/","title":{"rendered":"Alentours Monaco"},"content":{"rendered":"\n<h1 id=\"familienurlaub-in-monaco-an-der-cote-d-azur\">Familienurlaub in Monaco an der C\u00f4te d&#8217;Azur<\/h1>\n\n\n\n<p>Das F\u00fcrstentum Monaco liegt nur wenige Kilometer von Nizza entfernt und ist das perfekte Ziel f\u00fcr einen Familienausflug an der <strong>C\u00f4te d\u2019Azur<\/strong>. Dieser Kleinstaat verbindet auf harmonische Weise Luxus, Kulturerbe und Natur \u2013 eine ideale Kombination f\u00fcr einen ausgewogenen Aufenthalt zwischen Entspannung und Entdeckungen auf unserem Campingplatz.<\/p>\n\n\n\n<div class=\"wp-block-columns\">\n<div class=\"wp-block-column\">\n<figure class=\"wp-block-image size-large\"><img width=\"1024\" height=\"683\" src=\"https:\/\/campingprovencale.com\/wp-content\/uploads\/2025\/10\/AdobeStock_820066553-1-1024x683.jpeg\" alt=\"Monaco Cote d'Azur\" class=\"wp-image-5878\" srcset=\"https:\/\/campingprovencale.com\/wp-content\/uploads\/2025\/10\/AdobeStock_820066553-1-1024x683.jpeg 1024w, https:\/\/campingprovencale.com\/wp-content\/uploads\/2025\/10\/AdobeStock_820066553-1-300x200.jpeg 300w, https:\/\/campingprovencale.com\/wp-content\/uploads\/2025\/10\/AdobeStock_820066553-1-768x512.jpeg 768w, https:\/\/campingprovencale.com\/wp-content\/uploads\/2025\/10\/AdobeStock_820066553-1-1536x1024.jpeg 1536w, https:\/\/campingprovencale.com\/wp-content\/uploads\/2025\/10\/AdobeStock_820066553-1-2048x1365.jpeg 2048w\" sizes=\"(max-width: 1024px) 100vw, 1024px\" \/><\/figure>\n<\/div>\n\n\n\n<div class=\"wp-block-column\">\n<h2 id=\"was-kann-man-in-monaco-mit-der-familie-unternehmen\">Was kann man in Monaco mit der Familie unternehmen?<\/h2>\n\n\n\n<p>Beginnen Sie Ihren Rundgang im historischen Viertel <strong>Rocher de Monaco<\/strong> und in der <strong>Altstadt<\/strong>. Dort k\u00f6nnen Sie die bunten mittelalterlichen Gassen erkunden und anschlie\u00dfend zum <strong>F\u00fcrstenpalast<\/strong> weitergehen: Jeden Tag um 11:55 Uhr k\u00f6nnen Sie der <strong>Wachabl\u00f6sung<\/strong> beiwohnen, ein beeindruckendes Erlebnis f\u00fcr Kinder und Erwachsene. Die <strong>Prunkr\u00e4ume des Palastes <\/strong>sind von April bis Oktober f\u00fcr Besucher ge\u00f6ffnet und zeigen unter anderem die Herkules-Galerie, den Spiegelsaal und den Thronsaal.<\/p>\n\n\n\n<p>Begeben Sie sich anschlie\u00dfend zum <strong>Ozeanographischen Museum von Monaco<\/strong>: Es liegt an einem Felshang und bietet einen herrlichen Blick auf das <strong>Mittelmeer <\/strong>sowie eine faszinierende Welt aus Aquarien und Ausstellungen, die dem Leben im Meer gewidmet sind. Ein idealer Ausflug f\u00fcr neugierige Familien.<\/p>\n\n\n\n<p>F\u00fcr einen Moment Natur und spektakul\u00e4re Aussicht sollten Sie sich den <strong>Exotischen Garten von Monaco<\/strong> nicht entgehen lassen. Dieser Garten beherbergt Hunderte von Sukkulenten und bietet einen bemerkenswerten Ausblick auf das F\u00fcrstentum \u2013 eine ruhige und inspirierende Pause nach den eher st\u00e4dtischen Besichtigungen.<\/p>\n\n\n\n<p>Beenden Sie Ihren Tag schlie\u00dflich mit einem Spaziergang durch das <strong>Viertel Monte-Carlo<\/strong>: Bewundern Sie den <strong>ber\u00fchmten Place du Casino<\/strong> mit seinen Fassaden aus der Belle \u00c9poque und den Luxusboutiquen. Auch wenn Sie nicht spielen, wird die Atmosph\u00e4re Jung und Alt gleicherma\u00dfen in ihren Bann ziehen.<\/p>\n<\/div>\n<\/div>\n\n\n\n<p>Kombinieren Sie Ihren Ausflug nach Monaco mit einem Aufenthalt auf dem Campingplatz und verbinden Sie historische Besichtigungen, leicht zug\u00e4ngliche Natur und das prestigetr\u00e4chtige Ambiente der <a href=\"https:\/\/campingprovencale.com\/de\/camping-cote-dazur\/\">C\u00f4te d\u2019Azur<\/a>. Das F\u00fcrstentum Monaco ist f\u00fcr einen Tagesausflug erschwinglich und eignet sich perfekt f\u00fcr einen charmanten Familienurlaub.<\/p>\n\n\n\n<div style=\"height:100px\" aria-hidden=\"true\" class=\"wp-block-spacer\"><\/div>\n","protected":false},"excerpt":{"rendered":"<p>Familienurlaub in Monaco an der C\u00f4te d&#8217;Azur Das F\u00fcrstentum Monaco liegt nur wenige Kilometer von Nizza entfernt und ist das perfekte Ziel f\u00fcr einen Familienausflug an der C\u00f4te d\u2019Azur. Dieser Kleinstaat verbindet auf harmonische Weise Luxus, Kulturerbe und Natur \u2013 eine ideale Kombination f\u00fcr einen ausgewogenen Aufenthalt zwischen Entspannung und Entdeckungen auf unserem Campingplatz. Was [&hellip;]<\/p>\n","protected":false},"author":1,"featured_media":5878,"parent":0,"menu_order":0,"comment_status":"closed","ping_status":"closed","template":"","meta":[],"acf":[],"_links":{"self":[{"href":"https:\/\/campingprovencale.com\/de\/wp-json\/wp\/v2\/pages\/5876"}],"collection":[{"href":"https:\/\/campingprovencale.com\/de\/wp-json\/wp\/v2\/pages"}],"about":[{"href":"https:\/\/campingprovencale.com\/de\/wp-json\/wp\/v2\/types\/page"}],"author":[{"embeddable":true,"href":"https:\/\/campingprovencale.com\/de\/wp-json\/wp\/v2\/users\/1"}],"replies":[{"embeddable":true,"href":"https:\/\/campingprovencale.com\/de\/wp-json\/wp\/v2\/comments?post=5876"}],"version-history":[{"count":4,"href":"https:\/\/campingprovencale.com\/de\/wp-json\/wp\/v2\/pages\/5876\/revisions"}],"predecessor-version":[{"id":5885,"href":"https:\/\/campingprovencale.com\/de\/wp-json\/wp\/v2\/pages\/5876\/revisions\/5885"}],"wp:featuredmedia":[{"embeddable":true,"href":"https:\/\/campingprovencale.com\/de\/wp-json\/wp\/v2\/media\/5878"}],"wp:attachment":[{"href":"https:\/\/campingprovencale.com\/de\/wp-json\/wp\/v2\/media?parent=5876"}],"curies":[{"name":"wp","href":"https:\/\/api.w.org\/{rel}","templated":true}]}}