{"id":980,"date":"2022-09-05T09:45:50","date_gmt":"2022-09-05T07:45:50","guid":{"rendered":"https:\/\/campingprovencale.com\/aktivitaeten-dienstleistungen\/"},"modified":"2025-09-23T10:20:34","modified_gmt":"2025-09-23T08:20:34","slug":"aktivitaeten-dienstleistungen","status":"publish","type":"page","link":"https:\/\/campingprovencale.com\/de\/aktivitaeten-dienstleistungen\/","title":{"rendered":". Activit\u00e9 DE"},"content":{"rendered":"\n<div class=\"wp-block-cover alignfull\"><span aria-hidden=\"true\" class=\"wp-block-cover__gradient-background has-background-dim\"><\/span><img width=\"1920\" height=\"1440\" class=\"wp-block-cover__image-background wp-image-2779\" alt=\"activit\u00e9 camping\" src=\"https:\/\/campingprovencale.com\/wp-content\/uploads\/2024\/02\/webp-20240223_102425.webp\" style=\"object-position:60% 38%\" data-object-fit=\"cover\" data-object-position=\"60% 38%\" srcset=\"https:\/\/campingprovencale.com\/wp-content\/uploads\/2024\/02\/webp-20240223_102425.webp 1920w, https:\/\/campingprovencale.com\/wp-content\/uploads\/2024\/02\/webp-20240223_102425-300x225.webp 300w, https:\/\/campingprovencale.com\/wp-content\/uploads\/2024\/02\/webp-20240223_102425-1024x768.webp 1024w, https:\/\/campingprovencale.com\/wp-content\/uploads\/2024\/02\/webp-20240223_102425-768x576.webp 768w, https:\/\/campingprovencale.com\/wp-content\/uploads\/2024\/02\/webp-20240223_102425-1536x1152.webp 1536w\" sizes=\"(max-width: 1920px) 100vw, 1920px\" \/><div class=\"wp-block-cover__inner-container\">\n<ul class=\"pictos has-white-color has-text-color\"><li><i class=\"fal fa-plus\"><\/i> 4-Sterne-Service<\/li><li><i class=\"fal fa-trophy-star\"><\/i>  Turniere &amp; Freizeit<\/li><li><i class=\"fal fa-water-ladder\"><\/i>  Wasserraum<\/li><li><i class=\"fal fa-family\"><\/i> Snack-Catering<\/li><\/ul>\n<\/div><\/div>\n\n\n\n<section class=\"wp-container-69d4955b2c3a6 wp-block-group\"><div class=\"wp-block-group__inner-container\">\n<div class=\"wp-block-columns\">\n<div class=\"wp-block-column\" style=\"flex-basis:30%\">\n<h1 id=\"aktivitaten-auf-dem-campingplatz-in-mandelieu-la-napoule\">Aktivit\u00e4ten auf dem Campingplatz in Mandelieu La Napoule<\/h1>\n\n\n\n<ul class=\"pictos\"><li><i class=\"fal fa-family\"><\/i>  Aktivit\u00e4ten<br>f\u00fcr Gro\u00df und Klein<\/li><li><i class=\"fal fa-baseball\"><\/i>  Turniere<br>von Petanque<\/li><li><i class=\"fal fa-child\"><\/i> Kinderspielpl\u00e4tze<\/li><\/ul>\n\n\n\n<p>M\u00f6chten Sie auf Ihrem<a href=\"https:\/\/campingprovencale.com\/de\/camping-cote-dazur\/\" data-type=\"page\" data-id=\"3880\"> Campingplatz an der C\u00f4te d&#8217;Azur <\/a>verschiedene Aktivit\u00e4ten aus\u00fcben k\u00f6nnen? M\u00f6chten Sie qualitativ hochwertige Dienstleistungen in Anspruch nehmen? <\/p>\n\n\n\n<p>Unser <strong>Campingplatz in Mandelieu la Napoule<\/strong> verf\u00fcgt \u00fcber zahlreiche Strukturen und Ausstattungen, um all Ihren Bed\u00fcrfnissen und W\u00fcnschen gerecht zu werden. <\/p>\n\n\n\n<p>Wir sind Gastgeber, die sich um Ihr Wohlbefinden und die Qualit\u00e4t Ihres Aufenthalts bei uns bem\u00fchen.<\/p>\n<\/div>\n\n\n\n<div class=\"wp-block-column\">\n<figure class=\"wp-block-image alignfull size-large deco--cadre-droite is-style-rounded\"><img width=\"1024\" height=\"768\" src=\"https:\/\/campingprovencale.com\/wp-content\/uploads\/2024\/09\/IMG_0295-retouchee-1024x768.jpg\" alt=\"\" class=\"wp-image-3961\" srcset=\"https:\/\/campingprovencale.com\/wp-content\/uploads\/2024\/09\/IMG_0295-retouchee-1024x768.jpg 1024w, https:\/\/campingprovencale.com\/wp-content\/uploads\/2024\/09\/IMG_0295-retouchee-300x225.jpg 300w, https:\/\/campingprovencale.com\/wp-content\/uploads\/2024\/09\/IMG_0295-retouchee-768x576.jpg 768w, https:\/\/campingprovencale.com\/wp-content\/uploads\/2024\/09\/IMG_0295-retouchee-1536x1152.jpg 1536w, https:\/\/campingprovencale.com\/wp-content\/uploads\/2024\/09\/IMG_0295-retouchee.jpg 2016w\" sizes=\"(max-width: 1024px) 100vw, 1024px\" \/><\/figure>\n<\/div>\n<\/div>\n<\/div><\/section>\n\n\n\n<section class=\"wp-container-69d4955b2d184 wp-block-group\"><div class=\"wp-block-group__inner-container\">\n<h2 class=\"has-text-align-center\" id=\"des-activites-pour-votre-sejour-en-cote-d-azur\">Aktivit\u00e4ten auf dem Campingplatz bei Cannes<\/h2>\n\n\n\n<p>Wir bieten eine<strong>&nbsp;gro\u00dfe Auswahl an Aktivit\u00e4ten<\/strong>&nbsp;f\u00fcr Familien und Spielpl\u00e4tze f\u00fcr Kinder. Auf diesen speziellen Grundst\u00fccken k\u00f6nnen Sie sich an&nbsp;<strong>Freizeitaktivit\u00e4ten<\/strong>&nbsp;beteiligen, wie z. B. :<\/p>\n\n\n\n<ul><li><strong>P\u00e9tanque <\/strong>ist ideal f\u00fcr gesellige Stunden mit der Familie im Urlaub. Ob Anf\u00e4nger oder erfahrener Spieler, P\u00e9tanque macht Spa\u00df und ist f\u00fcr alle geeignet. Gro\u00df und Klein k\u00f6nnen sich in entspannter und fr\u00f6hlicher Atmosph\u00e4re messen.<\/li><li><strong>Trampolinspringen <\/strong>f\u00fcr die J\u00fcngsten, um den Nervenkitzel zu erleben und neue Freunde kennen zu lernen,<\/li><li>ein <strong>Spielplatz<\/strong>, der auf die Bed\u00fcrfnisse der Kleinsten abgestimmt ist.<\/li><\/ul>\n\n\n\n<p>Jeder Bereich ist ausgestattet, um Ihnen ein angenehmes Erlebnis zu garantieren. Organisieren Sie Boule-Turniere mit Freunden oder der Familie, w\u00e4hrend Ihre Kinder sich auf den Rutschen vergn\u00fcgen und die speziell f\u00fcr sie vorgesehenen Spielger\u00e4te erkunden. W\u00e4hrend Sie gesellige Momente und Wettk\u00e4mpfe auf den Boule-Pl\u00e4tzen genie\u00dfen, k\u00f6nnen sich Ihre Kinder in aller Sicherheit vergn\u00fcgen, sodass alle unvergessliche Momente auf unserem<strong>&nbsp;Campingplatz in den Alpes Maritimes <\/strong>erleben k\u00f6nnen.<\/p>\n\n\n\n<p>Was gibt es Sch\u00f6neres, als w\u00e4hrend Ihres Urlaubs in <strong>Mandelieu la Napoule<\/strong> Spiele im Freien zu genie\u00dfen? In diesem Sinne bietet Ihnen unser <a href=\"https:\/\/campingprovencale.com\/de\/campingplatz-bei-cannes\/\" data-type=\"page\" data-id=\"2593\">Campingplatz in der N\u00e4he von Cannes<\/a> eine Vielzahl an Freizeitaktivit\u00e4ten und familienfreundlichen Dienstleistungen.<\/p>\n\n\n\n<div style=\"height:30px\" aria-hidden=\"true\" class=\"wp-block-spacer\"><\/div>\n\n\n\n<div class=\"wp-container-69d4955b2cb01 wp-block-group\"><div class=\"wp-block-group__inner-container\">\n<div class=\"wp-block-columns\">\n<div class=\"wp-block-column\">\n<figure class=\"wp-block-image size-large is-style-rounded\"><img width=\"1024\" height=\"768\" src=\"https:\/\/campingprovencale.com\/wp-content\/uploads\/2024\/04\/20240419_145109-1024x768.jpg\" alt=\"Activit\u00e9s camping Mandelieu, \" class=\"wp-image-3051\" srcset=\"https:\/\/campingprovencale.com\/wp-content\/uploads\/2024\/04\/20240419_145109-1024x768.jpg 1024w, https:\/\/campingprovencale.com\/wp-content\/uploads\/2024\/04\/20240419_145109-300x225.jpg 300w, https:\/\/campingprovencale.com\/wp-content\/uploads\/2024\/04\/20240419_145109-768x576.jpg 768w, https:\/\/campingprovencale.com\/wp-content\/uploads\/2024\/04\/20240419_145109-1536x1152.jpg 1536w, https:\/\/campingprovencale.com\/wp-content\/uploads\/2024\/04\/20240419_145109-2048x1536.jpg 2048w\" sizes=\"(max-width: 1024px) 100vw, 1024px\" \/><\/figure>\n\n\n\n<p class=\"has-text-align-center\">Unsere neue H\u00fcpfburg<\/p>\n<\/div>\n\n\n\n<div class=\"wp-block-column\">\n<figure class=\"wp-block-image size-large is-style-rounded\"><img width=\"1024\" height=\"768\" src=\"https:\/\/campingprovencale.com\/wp-content\/uploads\/2025\/09\/20250919_145200-1024x768.jpg\" alt=\"\" class=\"wp-image-5680\" srcset=\"https:\/\/campingprovencale.com\/wp-content\/uploads\/2025\/09\/20250919_145200-1024x768.jpg 1024w, https:\/\/campingprovencale.com\/wp-content\/uploads\/2025\/09\/20250919_145200-300x225.jpg 300w, https:\/\/campingprovencale.com\/wp-content\/uploads\/2025\/09\/20250919_145200-768x576.jpg 768w, https:\/\/campingprovencale.com\/wp-content\/uploads\/2025\/09\/20250919_145200-1536x1152.jpg 1536w, https:\/\/campingprovencale.com\/wp-content\/uploads\/2025\/09\/20250919_145200-2048x1536.jpg 2048w\" sizes=\"(max-width: 1024px) 100vw, 1024px\" \/><\/figure>\n\n\n\n<p class=\"has-text-align-center\">Basketballplatz<\/p>\n<\/div>\n\n\n\n<div class=\"wp-block-column\">\n<figure class=\"wp-block-image size-large is-style-rounded\"><img width=\"1024\" height=\"768\" src=\"https:\/\/campingprovencale.com\/wp-content\/uploads\/2024\/09\/20240402_144410-1024x768.jpg\" alt=\"\" class=\"wp-image-4119\" srcset=\"https:\/\/campingprovencale.com\/wp-content\/uploads\/2024\/09\/20240402_144410-1024x768.jpg 1024w, https:\/\/campingprovencale.com\/wp-content\/uploads\/2024\/09\/20240402_144410-300x225.jpg 300w, https:\/\/campingprovencale.com\/wp-content\/uploads\/2024\/09\/20240402_144410-768x576.jpg 768w, https:\/\/campingprovencale.com\/wp-content\/uploads\/2024\/09\/20240402_144410-1536x1152.jpg 1536w, https:\/\/campingprovencale.com\/wp-content\/uploads\/2024\/09\/20240402_144410-2048x1536.jpg 2048w\" sizes=\"(max-width: 1024px) 100vw, 1024px\" \/><\/figure>\n\n\n\n<p class=\"has-text-align-center\">Kinderspielplatz mit Rutsche<\/p>\n<\/div>\n\n\n\n<div class=\"wp-block-column\">\n<figure class=\"wp-block-image size-large is-style-rounded\"><img width=\"1024\" height=\"768\" src=\"https:\/\/campingprovencale.com\/wp-content\/uploads\/2025\/09\/20250919_145222-1024x768.jpg\" alt=\"\" class=\"wp-image-5684\" srcset=\"https:\/\/campingprovencale.com\/wp-content\/uploads\/2025\/09\/20250919_145222-1024x768.jpg 1024w, https:\/\/campingprovencale.com\/wp-content\/uploads\/2025\/09\/20250919_145222-300x225.jpg 300w, https:\/\/campingprovencale.com\/wp-content\/uploads\/2025\/09\/20250919_145222-768x576.jpg 768w, https:\/\/campingprovencale.com\/wp-content\/uploads\/2025\/09\/20250919_145222-1536x1152.jpg 1536w, https:\/\/campingprovencale.com\/wp-content\/uploads\/2025\/09\/20250919_145222-2048x1536.jpg 2048w\" sizes=\"(max-width: 1024px) 100vw, 1024px\" \/><\/figure>\n\n\n\n<p class=\"has-text-align-center\">Schaukeln<\/p>\n<\/div>\n<\/div>\n\n\n\n<div class=\"wp-block-columns\">\n<div class=\"wp-block-column\">\n<figure class=\"wp-block-image size-large is-style-rounded\"><img width=\"1024\" height=\"768\" src=\"https:\/\/campingprovencale.com\/wp-content\/uploads\/2024\/04\/20240402_144336-1024x768.jpg\" alt=\"activit\u00e9 C\u00f4te d'Azur\" class=\"wp-image-3068\" srcset=\"https:\/\/campingprovencale.com\/wp-content\/uploads\/2024\/04\/20240402_144336-1024x768.jpg 1024w, https:\/\/campingprovencale.com\/wp-content\/uploads\/2024\/04\/20240402_144336-300x225.jpg 300w, https:\/\/campingprovencale.com\/wp-content\/uploads\/2024\/04\/20240402_144336-768x576.jpg 768w, https:\/\/campingprovencale.com\/wp-content\/uploads\/2024\/04\/20240402_144336-1536x1152.jpg 1536w, https:\/\/campingprovencale.com\/wp-content\/uploads\/2024\/04\/20240402_144336-2048x1536.jpg 2048w\" sizes=\"(max-width: 1024px) 100vw, 1024px\" \/><\/figure>\n\n\n\n<p class=\"has-text-align-center\">Tischtennis<\/p>\n<\/div>\n\n\n\n<div class=\"wp-block-column\">\n<figure class=\"wp-block-image size-large is-style-rounded\"><img width=\"1024\" height=\"768\" src=\"https:\/\/campingprovencale.com\/wp-content\/uploads\/2024\/02\/webp-20240223_102425-1024x768.webp\" alt=\"activit\u00e9 camping\" class=\"wp-image-2777\" srcset=\"https:\/\/campingprovencale.com\/wp-content\/uploads\/2024\/02\/webp-20240223_102425-1024x768.webp 1024w, https:\/\/campingprovencale.com\/wp-content\/uploads\/2024\/02\/webp-20240223_102425-300x225.webp 300w, https:\/\/campingprovencale.com\/wp-content\/uploads\/2024\/02\/webp-20240223_102425-768x576.webp 768w, https:\/\/campingprovencale.com\/wp-content\/uploads\/2024\/02\/webp-20240223_102425-1536x1152.webp 1536w, https:\/\/campingprovencale.com\/wp-content\/uploads\/2024\/02\/webp-20240223_102425.webp 1920w\" sizes=\"(max-width: 1024px) 100vw, 1024px\" \/><\/figure>\n\n\n\n<p class=\"has-text-align-center\">Unser neues Spiel: Acro-Spiele<\/p>\n<\/div>\n\n\n\n<div class=\"wp-block-column\">\n<figure class=\"wp-block-image size-large is-style-rounded\"><img width=\"1024\" height=\"768\" src=\"https:\/\/campingprovencale.com\/wp-content\/uploads\/2025\/09\/Petanque-2-1024x768.jpeg\" alt=\"\" class=\"wp-image-5640\" srcset=\"https:\/\/campingprovencale.com\/wp-content\/uploads\/2025\/09\/Petanque-2-1024x768.jpeg 1024w, https:\/\/campingprovencale.com\/wp-content\/uploads\/2025\/09\/Petanque-2-300x225.jpeg 300w, https:\/\/campingprovencale.com\/wp-content\/uploads\/2025\/09\/Petanque-2-768x576.jpeg 768w, https:\/\/campingprovencale.com\/wp-content\/uploads\/2025\/09\/Petanque-2-1536x1152.jpeg 1536w, https:\/\/campingprovencale.com\/wp-content\/uploads\/2025\/09\/Petanque-2-2048x1536.jpeg 2048w\" sizes=\"(max-width: 1024px) 100vw, 1024px\" \/><\/figure>\n\n\n\n<p class=\"has-text-align-center\">Petanque veld<\/p>\n<\/div>\n<\/div>\n<\/div><\/div>\n\n\n\n<div class=\"wp-container-69d4955b2ce7c wp-block-buttons\">\n<div class=\"wp-block-button\"><a class=\"wp-block-button__link\" href=\"https:\/\/campingprovencale.com\/de\/fotogalerie\/\">Sehen Sie sich die Fotogalerie an<\/a><\/div>\n<\/div>\n<\/div><\/section>\n\n\n\n<section class=\"wp-container-69d4955b2d619 wp-block-group\"><div class=\"wp-block-group__inner-container\">\n<div class=\"wp-block-columns\">\n<div class=\"wp-block-column\">\n<figure class=\"wp-block-image alignfull size-large\"><img width=\"1024\" height=\"819\" src=\"https:\/\/campingprovencale.com\/wp-content\/uploads\/2024\/09\/Publication-Montage-photo-planche-Voyage_20240903_105745_0000-1024x819.png\" alt=\"\" class=\"wp-image-3974\" srcset=\"https:\/\/campingprovencale.com\/wp-content\/uploads\/2024\/09\/Publication-Montage-photo-planche-Voyage_20240903_105745_0000-1024x819.png 1024w, https:\/\/campingprovencale.com\/wp-content\/uploads\/2024\/09\/Publication-Montage-photo-planche-Voyage_20240903_105745_0000-300x240.png 300w, https:\/\/campingprovencale.com\/wp-content\/uploads\/2024\/09\/Publication-Montage-photo-planche-Voyage_20240903_105745_0000-768x614.png 768w, https:\/\/campingprovencale.com\/wp-content\/uploads\/2024\/09\/Publication-Montage-photo-planche-Voyage_20240903_105745_0000-1536x1229.png 1536w, https:\/\/campingprovencale.com\/wp-content\/uploads\/2024\/09\/Publication-Montage-photo-planche-Voyage_20240903_105745_0000.png 2000w\" sizes=\"(max-width: 1024px) 100vw, 1024px\" \/><\/figure>\n<\/div>\n\n\n\n<div class=\"wp-block-column\">\n<h2 class=\"deco--trait2\" id=\"des-animations-pour-des-hotes-divertis-et-heureux\">Familienaktivit\u00e4ten an der C\u00f4te d&#8217;Azur<\/h2>\n\n\n\n<p>Ihr&nbsp;<strong>Campingplatz in der N\u00e4he von Cannes<\/strong>&nbsp;organisiert Termine, bei denen Ihre Kinder w\u00e4hrend der Monate Juli und August (vom 5. Juli 2026 bis zum 21. August 2026) an&nbsp;<strong>Aktivit\u00e4ten&nbsp;<\/strong> teilnehmen k\u00f6nnen. Die Animationen, die den Urlaubern auf dem Campingplatz vorbehalten sind, bieten den J\u00fcngsten die M\u00f6glichkeit, neue Erfahrungen zu sammeln und neue Freunde auf dem Campingplatz zu treffen.<\/p>\n\n\n\n<p>Lassen Sie Ihre Kinder von Montag bis Freitag an diesen spielerischen und entdeckungsreichen Terminen teilnehmen.<\/p>\n\n\n\n<p>Nicht zu vergessen unser Wasserbereich mit unserer brandneuen&nbsp;<strong>Wasserrutsche<\/strong>&nbsp;um w\u00e4hrend Ihres&nbsp;<strong>Urlaubs in S\u00fcdfrankreich<\/strong>e unweit des&nbsp;<strong>Mittelmeeres<\/strong> Sensationen und Erfrischung zu tanken.<\/p>\n<\/div>\n<\/div>\n<\/div><\/section>\n","protected":false},"excerpt":{"rendered":"<p>Aktivit\u00e4ten auf dem Campingplatz in Mandelieu La Napoule Aktivit\u00e4tenf\u00fcr Gro\u00df und Klein Turnierevon Petanque Kinderspielpl\u00e4tze M\u00f6chten Sie auf Ihrem Campingplatz an der C\u00f4te d&#8217;Azur verschiedene Aktivit\u00e4ten aus\u00fcben k\u00f6nnen? M\u00f6chten Sie qualitativ hochwertige Dienstleistungen in Anspruch nehmen? Unser Campingplatz in Mandelieu la Napoule verf\u00fcgt \u00fcber zahlreiche Strukturen und Ausstattungen, um all Ihren Bed\u00fcrfnissen und W\u00fcnschen gerecht [&hellip;]<\/p>\n","protected":false},"author":1,"featured_media":2779,"parent":0,"menu_order":0,"comment_status":"closed","ping_status":"closed","template":"","meta":[],"acf":[],"_links":{"self":[{"href":"https:\/\/campingprovencale.com\/de\/wp-json\/wp\/v2\/pages\/980"}],"collection":[{"href":"https:\/\/campingprovencale.com\/de\/wp-json\/wp\/v2\/pages"}],"about":[{"href":"https:\/\/campingprovencale.com\/de\/wp-json\/wp\/v2\/types\/page"}],"author":[{"embeddable":true,"href":"https:\/\/campingprovencale.com\/de\/wp-json\/wp\/v2\/users\/1"}],"replies":[{"embeddable":true,"href":"https:\/\/campingprovencale.com\/de\/wp-json\/wp\/v2\/comments?post=980"}],"version-history":[{"count":6,"href":"https:\/\/campingprovencale.com\/de\/wp-json\/wp\/v2\/pages\/980\/revisions"}],"predecessor-version":[{"id":5739,"href":"https:\/\/campingprovencale.com\/de\/wp-json\/wp\/v2\/pages\/980\/revisions\/5739"}],"wp:featuredmedia":[{"embeddable":true,"href":"https:\/\/campingprovencale.com\/de\/wp-json\/wp\/v2\/media\/2779"}],"wp:attachment":[{"href":"https:\/\/campingprovencale.com\/de\/wp-json\/wp\/v2\/media?parent=980"}],"curies":[{"name":"wp","href":"https:\/\/api.w.org\/{rel}","templated":true}]}}