{"id":986,"date":"2022-09-05T09:46:45","date_gmt":"2022-09-05T07:46:45","guid":{"rendered":"https:\/\/campingprovencale.com\/umgebung\/"},"modified":"2025-10-31T16:56:24","modified_gmt":"2025-10-31T15:56:24","slug":"umgebung","status":"publish","type":"page","link":"https:\/\/campingprovencale.com\/de\/umgebung\/","title":{"rendered":". Alentours DE"},"content":{"rendered":"\n<div class=\"wp-block-cover alignfull is-light\"><span aria-hidden=\"true\" class=\"wp-block-cover__gradient-background has-background-dim\"><\/span><img width=\"1411\" height=\"939\" class=\"wp-block-cover__image-background wp-image-2846\" alt=\"Cannes\" src=\"https:\/\/campingprovencale.com\/wp-content\/uploads\/2024\/02\/Adobe-Cannes-La-Napoule.png\" style=\"object-position:52% 51%\" data-object-fit=\"cover\" data-object-position=\"52% 51%\" srcset=\"https:\/\/campingprovencale.com\/wp-content\/uploads\/2024\/02\/Adobe-Cannes-La-Napoule.png 1411w, https:\/\/campingprovencale.com\/wp-content\/uploads\/2024\/02\/Adobe-Cannes-La-Napoule-300x200.png 300w, https:\/\/campingprovencale.com\/wp-content\/uploads\/2024\/02\/Adobe-Cannes-La-Napoule-1024x681.png 1024w, https:\/\/campingprovencale.com\/wp-content\/uploads\/2024\/02\/Adobe-Cannes-La-Napoule-768x511.png 768w\" sizes=\"(max-width: 1411px) 100vw, 1411px\" \/><div class=\"wp-block-cover__inner-container\">\n<ul class=\"pictos has-white-color has-text-color\"><li><i class=\"fal fa-mountains\"><\/i>  Ein Urlaub in den Bergen<\/li><li><i class=\"fal fa-binoculars\"><\/i>  Touristische Orte, die es zu entdecken gilt<\/li><li><i class=\"fal fa-family\"><\/i>  Erinnerungen an die Familie<\/li><li><i class=\"fal fa-camera\"><\/i>  Besichtigungen &amp; Aktivit\u00e4ten in der Region<\/li><\/ul>\n<\/div><\/div>\n\n\n\n<h1 class=\"has-text-align-center\" id=\"entdecken-sie-die-umgebung-des-campingplatzes-an-der-cote-d-azur\">Entdecken Sie die Umgebung des Campingplatzes an der C\u00f4te d&#8217;Azur<\/h1>\n\n\n\n<p class=\"has-text-align-left\">Gef\u00e4llt Ihnen unser Campingplatz, unsere Aktivit\u00e4ten und alles, was Sie dort unternehmen k\u00f6nnen? Sie werden es lieben, seine Umgebung und all die<strong> nat\u00fcrlichen oder architektonischen Sehensw\u00fcrdigkeiten <\/strong>zu entdecken, die Ihnen in <strong>Alpes-Maritimes<\/strong> zur Verf\u00fcgung stehen.<\/p>\n\n\n\n<p class=\"has-text-align-left\">Genie\u00dfen Sie die <strong>Natur <\/strong>mit dem Massif de <strong>l&#8217;Est\u00e9rel<\/strong> oder dem <strong>Massif du Tanneron<\/strong>, die <strong>Str\u00e4nde des Mittelmeers<\/strong> und die <strong>Ufer der Siagne<\/strong>. Entdecken Sie die beiden <strong>Schl\u00f6sser von Mandelieu<\/strong>, die dem Mittelmeer zugewandt sind. Zwischen Sehensw\u00fcrdigkeiten, Wanderungen und Spazierg\u00e4ngen, Strandausfl\u00fcgen und Wassersportaktivit\u00e4ten werden Sie unvergleichliche Momente in einer einzigartigen Umgebung erleben. So k\u00f6nnen Sie viele sonnige Erinnerungen an der <strong>C\u00f4te d&#8217;Azur<\/strong> sammeln.<\/p>\n\n\n\n<div class=\"wp-block-cover alignfull F-10-a\"><span aria-hidden=\"true\" class=\"has-background-dim-60 wp-block-cover__gradient-background has-background-dim\"><\/span><img width=\"2560\" height=\"853\" class=\"wp-block-cover__image-background wp-image-3847\" alt=\"Cannes cote d'azur\" src=\"https:\/\/campingprovencale.com\/wp-content\/uploads\/2024\/07\/AdobeStock_165480002-1-scaled.jpeg\" data-object-fit=\"cover\" srcset=\"https:\/\/campingprovencale.com\/wp-content\/uploads\/2024\/07\/AdobeStock_165480002-1-scaled.jpeg 2560w, https:\/\/campingprovencale.com\/wp-content\/uploads\/2024\/07\/AdobeStock_165480002-1-300x100.jpeg 300w, https:\/\/campingprovencale.com\/wp-content\/uploads\/2024\/07\/AdobeStock_165480002-1-1024x341.jpeg 1024w, https:\/\/campingprovencale.com\/wp-content\/uploads\/2024\/07\/AdobeStock_165480002-1-768x256.jpeg 768w, https:\/\/campingprovencale.com\/wp-content\/uploads\/2024\/07\/AdobeStock_165480002-1-1536x512.jpeg 1536w, https:\/\/campingprovencale.com\/wp-content\/uploads\/2024\/07\/AdobeStock_165480002-1-2048x683.jpeg 2048w\" sizes=\"(max-width: 2560px) 100vw, 2560px\" \/><div class=\"wp-block-cover__inner-container\">\n<div class=\"wp-container-69f3d804c645b wp-block-group has-blanc-background-color has-background\"><div class=\"wp-block-group__inner-container\">\n<h2 class=\"has-vert-color has-text-color\" id=\"wandern-rund-um-mandelieu-la-napoule-an-der-cote-d-azur\">Wandern rund um Mandelieu la Napoule an der Cote d&#8217;Azur<\/h2>\n\n\n\n<p class=\"has-typo-color has-text-color\">Zahlreiche touristische Ausfl\u00fcge in der N\u00e4he des Campingplatzes bieten sich Ihnen an, um Sie zu \u00fcberraschen und zu verf\u00fchren. Machen Sie einen Spaziergang in der N\u00e4he unseres Campingplatzes in Mandelieu la Napoule und entdecken Sie zahlreiche Sehensw\u00fcrdigkeiten :<\/p>\n\n\n\n<ul class=\"has-typo-color has-text-color\"><li>Das nahe gelegene Ch\u00e2teau <strong>de la Napoule<\/strong>, eine ehemalige mittelalterliche Festung, die von dem amerikanischen K\u00fcnstlerpaar Henry und Marie Clews w\u00e4hrend der &#8222;Roaring Twenties&#8220; saniert wurde, entfaltet seine Vorz\u00fcge und seinen Turm, um Ihnen ein einzigartiges Entdeckungsfeld zu bieten. Die pr\u00e4chtigen G\u00e4rten vervollst\u00e4ndigen diesen zeitlosen Besuch. Kostenlos f\u00fcr Kinder unter 8 Jahren, Panoramen, Parks und nat\u00fcrliche Orte,<\/li><li>Das <strong>Schloss Agecroft<\/strong> in Mandelieu l\u00e4dt Sie zu historischen Entdeckungen und zum Entspannen ein.<\/li><li><strong>Parc de la pointe de l&#8217;Aiguille<\/strong>: Die Corniche d&#8217;or f\u00fchrt Sie auf einem Pfad \u00fcber steile Buchten bis zum Strand von l&#8217;Aiguille. Eine prachtvolle Kulisse f\u00fcr eine leuchtende Wanderung \u00fcber t\u00fcrkisfarbenem Wasser.<\/li><\/ul>\n\n\n\n<p class=\"has-typo-color has-text-color\">Mit<a href=\"https:\/\/campingprovencale.com\/de\/mandelieu-la-napoule-strande\/\"> sieben feinen Sandstr\u00e4nden<\/a> in Mandelieu, darunter der Strand Plage du Chateau, haben Sie eine gro\u00dfe Auswahl, um Ihre Handt\u00fccher aufzuh\u00e4ngen und das Nichtstun zu genie\u00dfen. Sie k\u00f6nnen auch die verschiedenen <a href=\"https:\/\/campingprovencale.com\/de\/nautische-aktivitaten-mandelieu-la-napoule\/\">Wassersportarten<\/a> der Stadt aus\u00fcben. Angeln, Tauchen, Ausfl\u00fcge&#8230;, alles steht Ihnen zur Verf\u00fcgung, um das Meer in all seinen Facetten zu genie\u00dfen.<\/p>\n\n\n\n<p class=\"has-typo-color has-text-color\">Was die Aktivit\u00e4ten in Mandelieu betrifft, so k\u00f6nnen Sie auch bodenst\u00e4ndigere Sportarten wie Tennis, Reiten, Fitness, Yoga, Golf usw. finden. Nichts wird dem Zufall \u00fcberlassen, damit Sie einen absolut perfekten Aufenthalt in dieser Umgebung verbringen, die sich ganz Ihrem Vergn\u00fcgen verschrieben hat!<\/p>\n\n\n\n<div class=\"wp-container-69f3d804c6168 wp-block-buttons\">\n<div class=\"wp-block-button is-style-fill\"><a class=\"wp-block-button__link\" href=\"https:\/\/campingprovencale.com\/de\/mandelieu-la-napoule-frankreich\/\">Mandelieu la Napoule entdecken<\/a><\/div>\n<\/div>\n<\/div><\/div>\n<\/div><\/div>\n\n\n\n<section class=\"wp-container-69f3d804c6b36 wp-block-group F-15-a\"><div class=\"wp-block-group__inner-container\">\n<div class=\"wp-block-columns deco--soleil2\">\n<div class=\"wp-block-column\">\n<figure class=\"wp-block-image size-large\"><img width=\"1024\" height=\"682\" src=\"https:\/\/campingprovencale.com\/wp-content\/uploads\/2024\/05\/ADO-plage-1024x682.jpeg\" alt=\"plage m\u00e9diterran\u00e9e\" class=\"wp-image-3292\" srcset=\"https:\/\/campingprovencale.com\/wp-content\/uploads\/2024\/05\/ADO-plage-1024x682.jpeg 1024w, https:\/\/campingprovencale.com\/wp-content\/uploads\/2024\/05\/ADO-plage-300x200.jpeg 300w, https:\/\/campingprovencale.com\/wp-content\/uploads\/2024\/05\/ADO-plage-768x512.jpeg 768w, https:\/\/campingprovencale.com\/wp-content\/uploads\/2024\/05\/ADO-plage-1536x1023.jpeg 1536w, https:\/\/campingprovencale.com\/wp-content\/uploads\/2024\/05\/ADO-plage-2048x1365.jpeg 2048w\" sizes=\"(max-width: 1024px) 100vw, 1024px\" \/><\/figure>\n<\/div>\n\n\n\n<div class=\"wp-block-column\">\n<figure class=\"wp-block-image size-large deco--cadre-droite\"><img width=\"1024\" height=\"653\" src=\"https:\/\/campingprovencale.com\/wp-content\/uploads\/2024\/02\/Adobe-Esteel-1024x653.png\" alt=\"Massif Est\u00e9rel Cote d'Azur\" class=\"wp-image-2861\" srcset=\"https:\/\/campingprovencale.com\/wp-content\/uploads\/2024\/02\/Adobe-Esteel-1024x653.png 1024w, https:\/\/campingprovencale.com\/wp-content\/uploads\/2024\/02\/Adobe-Esteel-300x191.png 300w, https:\/\/campingprovencale.com\/wp-content\/uploads\/2024\/02\/Adobe-Esteel-768x490.png 768w, https:\/\/campingprovencale.com\/wp-content\/uploads\/2024\/02\/Adobe-Esteel.png 1469w\" sizes=\"(max-width: 1024px) 100vw, 1024px\" \/><\/figure>\n\n\n\n<div class=\"wp-container-69f3d804c685f wp-block-buttons\">\n<div class=\"wp-block-button btn_galerie\"><a class=\"wp-block-button__link\" href=\"https:\/\/campingprovencale.com\/de\/fotogalerie\/\"><i class=\"fal fa-camera\"><\/i> Zur Fotogalerie<\/a><\/div>\n<\/div>\n<\/div>\n<\/div>\n<\/div><\/section>\n\n\n\n<section class=\"wp-container-69f3d804c6f4d wp-block-group\"><div class=\"wp-block-group__inner-container\">\n<div class=\"wp-block-columns\">\n<div class=\"wp-block-column\">\n<figure class=\"wp-block-image alignfull size-large\"><img width=\"1024\" height=\"677\" src=\"https:\/\/campingprovencale.com\/wp-content\/uploads\/2024\/02\/Adobe-Mandelieu-La-Napoule-1024x677.png\" alt=\"Mandelieu la Napoule chateau\" class=\"wp-image-2856\" srcset=\"https:\/\/campingprovencale.com\/wp-content\/uploads\/2024\/02\/Adobe-Mandelieu-La-Napoule-1024x677.png 1024w, https:\/\/campingprovencale.com\/wp-content\/uploads\/2024\/02\/Adobe-Mandelieu-La-Napoule-300x198.png 300w, https:\/\/campingprovencale.com\/wp-content\/uploads\/2024\/02\/Adobe-Mandelieu-La-Napoule-768x508.png 768w, https:\/\/campingprovencale.com\/wp-content\/uploads\/2024\/02\/Adobe-Mandelieu-La-Napoule.png 1416w\" sizes=\"(max-width: 1024px) 100vw, 1024px\" \/><\/figure>\n<\/div>\n\n\n\n<div class=\"wp-block-column\">\n<h2 id=\"mandelieu-ein-naturziel-am-mittelmeer\">Mandelieu, ein Naturziel am Mittelmeer<\/h2>\n\n\n\n<p>Unser Campingplatz liegt in einer&nbsp;<strong>Naturlandschaft<\/strong>&nbsp;die zahlreiche M\u00f6glichkeiten zum&nbsp;<strong>Wandern<\/strong> bietet, f\u00fcr alle, die gerne am Meer oder im Hinterland wandern, das wundersch\u00f6ne Panoramen bereith\u00e4lt.<\/p>\n\n\n\n<p>Mit dem<strong>&nbsp;Bergmassiv Esterel<\/strong> entdecken Sie&nbsp;<strong>400 Kilometer markierte Wanderwege<\/strong>&nbsp;die Sie zu Fu\u00df oder mit dem Mountainbike bew\u00e4ltigen k\u00f6nnen. Der h\u00f6chste Punkt ist der&nbsp;<strong>Mont Vinaigre&nbsp;<\/strong> mit einer H\u00f6he von \u00fcber 600 Metern. Machen Sie auch Spazierg\u00e4nge in&nbsp;<strong>Maure Vieil&nbsp;<\/strong>und seiner Caldera, dem Mont San Peyre und seinem herrlichen Panorama oder dem&nbsp;<strong>Massif du Tanneron<\/strong>&nbsp;und dem&nbsp;<strong>gr\u00f6\u00dften Mimosenwald Europas<\/strong>.<\/p>\n\n\n\n<p>Wandern Sie auf der&nbsp;<strong>Mimosenroute<\/strong>&nbsp;zwischen <strong>Bormes les Mimosas und <\/strong>Grasse. Die 130 km lange Duftroute wird vor allem zwischen Januar und M\u00e4rz begangen und l\u00e4dt zu einer&nbsp;<strong>Reise<\/strong>&nbsp;zwischen D\u00fcften, Kostproben und Begegnungen ein. Machen Sie in&nbsp;P\u00e9gomas&nbsp;auf der Mimosenstra\u00dfe Halt, um Ihre Sinne zwischen Mimosen, Rosen und Jasmin zu erwecken.<\/p>\n\n\n\n<p>Die Ufer<strong>&nbsp;der Siagne<\/strong>&nbsp;die sich friedlich durch Mandelieu schl\u00e4ngelt und in das&nbsp;<strong>Mittelmeer<\/strong> m\u00fcndet, entfaltet ihre gr\u00fcnen Ufer, die mit Spielger\u00e4ten f\u00fcr Kinder ausgestattet sind, f\u00fcr einen<strong>&nbsp;Moment der Entspannung<\/strong>&nbsp;den man mit der Familie oder mit Freunden teilen kann.<\/p>\n\n\n\n<p><strong>Roquette sur Siagne<\/strong>&nbsp;ein paar Kilometer vom Campingplatz entfernt, bietet Wanderungen mit sch\u00f6nen Ausblicken auf die Bucht von Cannes.<\/p>\n<\/div>\n<\/div>\n<\/div><\/section>\n\n\n\n<div class=\"wp-block-columns\">\n<div class=\"wp-block-column\">\n<h2 id=\"entdecken-sie-cannes-und-seine-umgebung\">Entdecken Sie Cannes und seine Umgebung<\/h2>\n\n\n\n<p>Ein Besuch in Cannes w\u00e4hrend Ihres Aufenthaltes auf&nbsp;<strong>Camping in Mandelieu-la-Napoule<\/strong>&nbsp;bietet ein unvergessliches Erlebnis. Entdecken Sie die ber\u00fchmte <strong>Croisette<\/strong>&nbsp;&nbsp;mit Luxusboutiquen und schicken Restaurants. Erkunden Sie den <strong>Palais des Festivals<\/strong>, wo das prestigetr\u00e4chtige <strong>Festival de Cannes<\/strong> stattfindet. Genie\u00dfen Sie die Sandstr\u00e4nde und das kristallklare Wasser des Mittelmeers.<\/p>\n\n\n\n<p>Bewundern Sie die&nbsp;<strong>Luxusjachten<\/strong>&nbsp;im Hafen von Cannes. Genie\u00dfen Sie die glamour\u00f6se Atmosph\u00e4re und den Charme dieser kultigen Stadt. Besuchen Sie das historische Viertel Le Suquet mit seinen malerischen Gassen und Panoramablicken. Probieren Sie die<strong>&nbsp;provenzalische K\u00fcche&nbsp;<\/strong>in den zahlreichen Restaurants. Cannes bietet eine kulturelle und touristische Vielfalt, die Sie w\u00e4hrend Ihres Aufenthalts auf dem Campingplatz bei Cannes entdecken k\u00f6nnen.<\/p>\n\n\n\n<p>Weitere interessante Orte sind das Aquarium Scandia in Cannes oder das Hinterland mit der Stadt des Parfums: <strong>Grasse<\/strong>.<\/p>\n\n\n\n<div class=\"wp-container-69f3d804c72fa wp-block-buttons\">\n<div class=\"wp-block-button\"><a class=\"wp-block-button__link\" href=\"https:\/\/campingprovencale.com\/de\/campingplatz-bei-cannes\/\" target=\"_blank\" rel=\"noreferrer noopener\">Cannes<\/a><\/div>\n\n\n\n<div class=\"wp-block-button\"><a class=\"wp-block-button__link\" href=\"https:\/\/campingprovencale.com\/de\/cannes-cote-d-azur\/\" target=\"_blank\" rel=\"noreferrer noopener\">Was kann man in Cannes unternehmen?<\/a><\/div>\n<\/div>\n<\/div>\n\n\n\n<div class=\"wp-block-column\">\n<figure class=\"wp-block-image size-large\"><img width=\"1024\" height=\"682\" src=\"https:\/\/campingprovencale.com\/wp-content\/uploads\/2024\/05\/AdobeStock_122361474-1-1024x682.jpeg\" alt=\"Cannes\" class=\"wp-image-3336\" srcset=\"https:\/\/campingprovencale.com\/wp-content\/uploads\/2024\/05\/AdobeStock_122361474-1-1024x682.jpeg 1024w, https:\/\/campingprovencale.com\/wp-content\/uploads\/2024\/05\/AdobeStock_122361474-1-300x200.jpeg 300w, https:\/\/campingprovencale.com\/wp-content\/uploads\/2024\/05\/AdobeStock_122361474-1-768x512.jpeg 768w, https:\/\/campingprovencale.com\/wp-content\/uploads\/2024\/05\/AdobeStock_122361474-1-1536x1024.jpeg 1536w, https:\/\/campingprovencale.com\/wp-content\/uploads\/2024\/05\/AdobeStock_122361474-1-2048x1365.jpeg 2048w\" sizes=\"(max-width: 1024px) 100vw, 1024px\" \/><\/figure>\n<\/div>\n<\/div>\n\n\n\n<div class=\"wp-block-columns\">\n<div class=\"wp-block-column\">\n<figure class=\"wp-block-image size-large\"><img width=\"1024\" height=\"678\" src=\"https:\/\/campingprovencale.com\/wp-content\/uploads\/2024\/11\/ADO-Cannes-Festival-1024x678.jpeg\" alt=\"Cannes festival\" class=\"wp-image-4396\" srcset=\"https:\/\/campingprovencale.com\/wp-content\/uploads\/2024\/11\/ADO-Cannes-Festival-1024x678.jpeg 1024w, https:\/\/campingprovencale.com\/wp-content\/uploads\/2024\/11\/ADO-Cannes-Festival-300x199.jpeg 300w, https:\/\/campingprovencale.com\/wp-content\/uploads\/2024\/11\/ADO-Cannes-Festival-768x509.jpeg 768w, https:\/\/campingprovencale.com\/wp-content\/uploads\/2024\/11\/ADO-Cannes-Festival-1536x1017.jpeg 1536w, https:\/\/campingprovencale.com\/wp-content\/uploads\/2024\/11\/ADO-Cannes-Festival-2048x1356.jpeg 2048w\" sizes=\"(max-width: 1024px) 100vw, 1024px\" \/><\/figure>\n<\/div>\n\n\n\n<div class=\"wp-block-column\">\n<h2 id=\"cannes-und-sein-festival\">Cannes und sein Festival<\/h2>\n\n\n\n<p>Cannes, das Juwel der C\u00f4te d&#8217;Azur, ist dank des prestigetr\u00e4chtigen Filmfestivals von Cannes weltber\u00fchmt.<\/p>\n\n\n\n<p>Jeden Mai wird diese glamour\u00f6se Stadt zum unumg\u00e4nglichen Treffpunkt der internationalen Filmszene. Die 1946 ins Leben gerufene Veranstaltung feiert die gr\u00f6\u00dften Talente der siebten Kunst mit exklusiven Vorf\u00fchrungen und Auszeichnungen wie der <a href=\"https:\/\/campingprovencale.com\/de\/cannes-walk-of-fame\/\" data-type=\"page\" data-id=\"5413\">Goldenen Palme<\/a>.<\/p>\n\n\n\n<p>Auf der Croisette treffen sich Stars, Regisseure und Filmfans, was Cannes eine einzigartige Atmosph\u00e4re verleiht. Am Rande des Festivals bietet die Stadt idyllische Str\u00e4nde, eine reiche Kultur und eine au\u00dfergew\u00f6hnliche mediterrane Umgebung, die Besucher und Filmfans aus der ganzen Welt anzieht.<\/p>\n\n\n\n<div class=\"wp-container-69f3d804c776a wp-block-buttons\">\n<div class=\"wp-block-button\"><a class=\"wp-block-button__link\" href=\"https:\/\/campingprovencale.com\/de\/cannes-film-festival\/\" target=\"_blank\" rel=\"noreferrer noopener\">Festival Cannes<\/a><\/div>\n<\/div>\n<\/div>\n<\/div>\n\n\n\n<section class=\"wp-container-69f3d804c7f4f wp-block-group\"><div class=\"wp-block-group__inner-container\">\n<h2 id=\"entdecken-sie-die-seealpen-und-die-cote-d-azur\">Entdecken Sie die Seealpen und die C\u00f4te d&#8217;Azur<\/h2>\n\n\n\n<p>Entdecken Sie die Wunder der <strong>Alpes-Maritimes<\/strong> in der <strong>Provence<\/strong>, einer sonnigen Region im <strong>S\u00fcden Frankreichs<\/strong>. Eingebettet zwischen den Alpen und dem <strong>Mittelmeer <\/strong>bietet das D\u00e9partement Alpes-Maritimes goldene Str\u00e4nde, malerische St\u00e4dte und majest\u00e4tische Berge.&nbsp;<\/p>\n\n\n\n<p>Das Hinterland beherbergt hochgelegene D\u00f6rfer, <strong>Lavendelfelder <\/strong>und den <strong>Nationalpark Mercantour<\/strong>, ein Wanderparadies. Alpes-Maritimes verk\u00f6rpert die perfekte Kombination aus provenzalischem Charme und alpiner Pracht und ist ein unverzichtbares Reiseziel f\u00fcr Natur-, Kultur- und Sonnenliebhaber. Nicht zu vergessen seine alpine Landschaft mit den Skigebieten, die es im Winter wie im Sommer zu entdecken gilt.<\/p>\n\n\n\n<div class=\"wp-container-69f3d804c7ae0 wp-block-buttons\">\n<div class=\"wp-block-button\"><a class=\"wp-block-button__link\" href=\"https:\/\/campingprovencale.com\/de\/camping-cote-dazur\/\">Die Cote d&#8217;Azur entdecken<\/a><\/div>\n<\/div>\n\n\n\n<div style=\"height:50px\" aria-hidden=\"true\" class=\"wp-block-spacer\"><\/div>\n\n\n\n<div class=\"wp-block-columns\">\n<div class=\"wp-block-column is-vertically-aligned-center\">\n<h3 id=\"entdeckenswerte-reiseziele-rund-um-das-camping-an-der-cote-d-azur\">Entdeckenswerte Reiseziele rund um das Camping an der C\u00f4te d&#8217;Azur :<\/h3>\n\n\n\n<ul id=\"block-cf55d72f-c437-473a-9cdb-d576e990e737\"><li><a href=\"https:\/\/campingprovencale.com\/de\/campingplatz-nice-frankreich\/\">Nizza<\/a>, die gr\u00f6\u00dfte Stadt, strahlt mit seiner ber\u00fchmten Strandpromenade, der Promenade des Anglais, und seinem reichen k\u00fcnstlerischen Erbe.\u00a0Die Altstadt von Nizza bezaubert mit ihren engen Gassen und lebhaften M\u00e4rkten.\u00a0<\/li><li>Cannes steht f\u00fcr Glamour und Festivals, insbesondere die <strong>Filmfestspiele von Cannes<\/strong>.<\/li><li><a href=\"https:\/\/campingprovencale.com\/de\/grasse-frankreich\/\">Grasse<\/a>, das f\u00fcr seine Parf\u00fcms weltber\u00fchmt ist.<\/li><li><a href=\"https:\/\/campingprovencale.com\/de\/antibes-camping\/\">Antibes <\/a>besticht durch sein mittelalterliches Zentrum, seine Stadtmauer und seine Str\u00e4nde mit kristallklarem Wasser.\u00a0<\/li><li><a href=\"https:\/\/campingprovencale.com\/de\/saint-raphael-camping\/\">Saint-Rapha\u00ebl<\/a> ist ein sonniger Badeort an der C\u00f4te d&#8217;Azur, ideal f\u00fcr einen Familienurlaub zwischen Str\u00e4nden, unber\u00fchrter Natur und kulturellen Entdeckungen.<\/li><li>Begeben Sie sich auf ein Abenteuer im spektakul\u00e4ren<a href=\"https:\/\/campingprovencale.com\/de\/camping-esterel-frankreich\/\"> Esterel-Massiv<\/a>, zwischen roten Felsen, wilden Buchten und atemberaubenden Ausblicken auf das Mittelmeer.<\/li><li><a href=\"https:\/\/campingprovencale.com\/de\/frejus-cote-d-azur\/\">Fr\u00e9jus <\/a>besticht durch sein reiches r\u00f6misches Erbe, seine feinen Sandstr\u00e4nde und die gesellige Atmosph\u00e4re am Meer.<\/li><li><a href=\"https:\/\/campingprovencale.com\/de\/saint-tropez\/\">Saint-Tropez<\/a> bezaubert mit seinem emblematischen Hafen, den belebten Gassen und den ber\u00fchmten Mittelmeerstr\u00e4nden.<\/li><li>Eingebettet zwischen Meer und Bergen besticht <a href=\"https:\/\/campingprovencale.com\/de\/monaco\/\">Monaco <\/a>durch seine Eleganz, sein f\u00fcrstliches Erbe und seine mediterranen Panoramen und bietet einen einzigartigen Ausflug zwischen Kultur, Natur und Glamour an der <strong>C\u00f4te d\u2019Azur<\/strong>.<\/li><\/ul>\n<\/div>\n\n\n\n<div class=\"wp-block-column\">\n<figure class=\"wp-block-image size-full\"><img width=\"640\" height=\"424\" src=\"https:\/\/campingprovencale.com\/wp-content\/uploads\/2024\/09\/menton-7093335_640.jpg\" alt=\"Menton cote d'azur\" class=\"wp-image-4191\" srcset=\"https:\/\/campingprovencale.com\/wp-content\/uploads\/2024\/09\/menton-7093335_640.jpg 640w, https:\/\/campingprovencale.com\/wp-content\/uploads\/2024\/09\/menton-7093335_640-300x199.jpg 300w\" sizes=\"(max-width: 640px) 100vw, 640px\" \/><\/figure>\n<\/div>\n<\/div>\n\n\n\n<div style=\"height:20px\" aria-hidden=\"true\" class=\"wp-block-spacer\"><\/div>\n\n\n\n<p>F\u00fcr Liebhaber von Wassersportarten bieten die<strong> Str\u00e4nde des Esterel<\/strong> den perfekten Rahmen zwischen Schwimmen, Tauchen, Segeln oder Kajakfahren im kristallklaren Wasser. Die abgelegenen Buchten sind eine ideale Kulisse, um die Mittelmeersonne zu genie\u00dfen.<\/p>\n\n\n\n<p id=\"notre-camping-de-mandelieu-la-napoule-la-provencale-offre-un-point-de-depart-ideal-pour-les-amoureux-de-la-nature-en-quete-d-exploration-notamment-celui-du-superbe-massif-de-l-esterel-repute-pour-ses-nombreuses-activites-points-de-vue-et-sa-beaute-vous-saurez-vous-laisser-seduire-par-ce-massif-montagneux-tout-d-abord-les-amateurs-de-randonnees-seront-combles-en-decouvrant-les-sentiers-balises-a-travers-tous-les-paysages-de-l-esterel-il-y-en-a-pour-tous-les-niveaux-que-vous-soyez-un-debutant-ou-plus-experimente-chacun-pourra-trouver-son-itineraire-ideal-a-travers-les-forets-les-falaises-et-les-vues-panoramiques-a-couper-le-souffle-sur-la-cote-et-les-alpes-maritimes\">Unser<strong> Campingplatz in Mandelieu-la-Napoule<\/strong>, la Proven\u00e7ale bietet einen idealen Ausgangspunkt f\u00fcr Naturliebhaber, die auf der Suche nach Entdeckungen sind, insbesondere die des wundersch\u00f6nen <strong>Massif de l&#8217;Est\u00e9rel<\/strong>. Ber\u00fchmt f\u00fcr seine zahlreichen Aktivit\u00e4ten, Aussichtspunkte und seine Sch\u00f6nheit, werden Sie sich von diesem Bergmassiv verf\u00fchren lassen. Zun\u00e4chst einmal werden Wanderfreunde auf ihre Kosten kommen, wenn sie die markierten Wanderwege durch die gesamte Landschaft des Esterel entdecken. Es gibt f\u00fcr jedes Niveau etwas, ob Anf\u00e4nger oder Fortgeschrittener, jeder wird seine ideale Route durch W\u00e4lder, \u00fcber Klippen und mit atemberaubenden Panoramablicken auf die K\u00fcste und die<strong> Alpes-Maritimes<\/strong> finden.<\/p>\n\n\n\n<p>G\u00f6nnen Sie sich eine ruhige Nacht in einem gem\u00fctlichen Zimmer oder auf einem schattigen Stellplatz, der ideal f\u00fcr Ihren Urlaub im Freien ist. Nutzen Sie den Wasserbereich mit Pool, der perfekt f\u00fcr Gro\u00df und Klein ist. Das Anwesen verf\u00fcgt \u00fcber einen praktischen Parkplatz und akzeptiert Ihr Haustier. In der N\u00e4he k\u00f6nnen Sie die Region Var, die Stadt Fr\u00e9jus und die Sch\u00e4tze der<strong> Region PACA<\/strong> erkunden. Eine idyllische Umgebung f\u00fcr unvergessliche Erinnerungen unter der Sonne des Mittelmeers. Ein Aufenthalt in der <strong>Provence<\/strong>, der sich auf Entspannung und Flucht aus dem Alltag reimt.<\/p>\n\n\n\n<figure class=\"wp-block-gallery has-nested-images columns-2 is-cropped deco--soleil1-bas\">\n<figure class=\"wp-block-image size-large\"><img width=\"891\" height=\"371\" src=\"https:\/\/campingprovencale.com\/wp-content\/uploads\/2022\/07\/Camping-provencale_ile-de-lerins.jpg\" alt=\"Campingplatz Alpes Maritime Inseln von Lerins\" class=\"wp-image-715\" srcset=\"https:\/\/campingprovencale.com\/wp-content\/uploads\/2022\/07\/Camping-provencale_ile-de-lerins.jpg 891w, https:\/\/campingprovencale.com\/wp-content\/uploads\/2022\/07\/Camping-provencale_ile-de-lerins-300x125.jpg 300w, https:\/\/campingprovencale.com\/wp-content\/uploads\/2022\/07\/Camping-provencale_ile-de-lerins-768x320.jpg 768w\" sizes=\"(max-width: 891px) 100vw, 891px\" \/><\/figure>\n\n\n\n<figure class=\"wp-block-image size-large\"><img width=\"1024\" height=\"685\" src=\"https:\/\/campingprovencale.com\/wp-content\/uploads\/2023\/10\/plages-1024x685.jpg\" alt=\"plage C\u00f4te d'Azur\" class=\"wp-image-2392\" srcset=\"https:\/\/campingprovencale.com\/wp-content\/uploads\/2023\/10\/plages-1024x685.jpg 1024w, https:\/\/campingprovencale.com\/wp-content\/uploads\/2023\/10\/plages-300x201.jpg 300w, https:\/\/campingprovencale.com\/wp-content\/uploads\/2023\/10\/plages-768x514.jpg 768w, https:\/\/campingprovencale.com\/wp-content\/uploads\/2023\/10\/plages-1536x1028.jpg 1536w, https:\/\/campingprovencale.com\/wp-content\/uploads\/2023\/10\/plages-2048x1371.jpg 2048w\" sizes=\"(max-width: 1024px) 100vw, 1024px\" \/><\/figure>\n<\/figure>\n<\/div><\/section>\n\n\n\n<p><\/p>\n","protected":false},"excerpt":{"rendered":"<p>Entdecken Sie die Umgebung des Campingplatzes an der C\u00f4te d&#8217;Azur Gef\u00e4llt Ihnen unser Campingplatz, unsere Aktivit\u00e4ten und alles, was Sie dort unternehmen k\u00f6nnen? Sie werden es lieben, seine Umgebung und all die nat\u00fcrlichen oder architektonischen Sehensw\u00fcrdigkeiten zu entdecken, die Ihnen in Alpes-Maritimes zur Verf\u00fcgung stehen. Genie\u00dfen Sie die Natur mit dem Massif de l&#8217;Est\u00e9rel oder [&hellip;]<\/p>\n","protected":false},"author":1,"featured_media":3336,"parent":0,"menu_order":0,"comment_status":"closed","ping_status":"closed","template":"","meta":[],"acf":[],"_links":{"self":[{"href":"https:\/\/campingprovencale.com\/de\/wp-json\/wp\/v2\/pages\/986"}],"collection":[{"href":"https:\/\/campingprovencale.com\/de\/wp-json\/wp\/v2\/pages"}],"about":[{"href":"https:\/\/campingprovencale.com\/de\/wp-json\/wp\/v2\/types\/page"}],"author":[{"embeddable":true,"href":"https:\/\/campingprovencale.com\/de\/wp-json\/wp\/v2\/users\/1"}],"replies":[{"embeddable":true,"href":"https:\/\/campingprovencale.com\/de\/wp-json\/wp\/v2\/comments?post=986"}],"version-history":[{"count":6,"href":"https:\/\/campingprovencale.com\/de\/wp-json\/wp\/v2\/pages\/986\/revisions"}],"predecessor-version":[{"id":5884,"href":"https:\/\/campingprovencale.com\/de\/wp-json\/wp\/v2\/pages\/986\/revisions\/5884"}],"wp:featuredmedia":[{"embeddable":true,"href":"https:\/\/campingprovencale.com\/de\/wp-json\/wp\/v2\/media\/3336"}],"wp:attachment":[{"href":"https:\/\/campingprovencale.com\/de\/wp-json\/wp\/v2\/media?parent=986"}],"curies":[{"name":"wp","href":"https:\/\/api.w.org\/{rel}","templated":true}]}}