{"id":992,"date":"2022-09-05T09:47:27","date_gmt":"2022-09-05T07:47:27","guid":{"rendered":"https:\/\/campingprovencale.com\/kontakt-anreise\/"},"modified":"2025-09-22T10:01:31","modified_gmt":"2025-09-22T08:01:31","slug":"kontakt-anreise","status":"publish","type":"page","link":"https:\/\/campingprovencale.com\/de\/kontakt-anreise\/","title":{"rendered":"Kontakt &amp; Anreise"},"content":{"rendered":"\n<div class=\"wp-block-cover alignfull is-light\"><span aria-hidden=\"true\" class=\"wp-block-cover__gradient-background has-background-dim\"><\/span><img width=\"1411\" height=\"939\" class=\"wp-block-cover__image-background wp-image-2843\" alt=\"Cannes\" src=\"https:\/\/campingprovencale.com\/wp-content\/uploads\/2024\/02\/Adobe-Cannes-La-Napoule.png\" style=\"object-position:49% 61%\" data-object-fit=\"cover\" data-object-position=\"49% 61%\" srcset=\"https:\/\/campingprovencale.com\/wp-content\/uploads\/2024\/02\/Adobe-Cannes-La-Napoule.png 1411w, https:\/\/campingprovencale.com\/wp-content\/uploads\/2024\/02\/Adobe-Cannes-La-Napoule-300x200.png 300w, https:\/\/campingprovencale.com\/wp-content\/uploads\/2024\/02\/Adobe-Cannes-La-Napoule-1024x681.png 1024w, https:\/\/campingprovencale.com\/wp-content\/uploads\/2024\/02\/Adobe-Cannes-La-Napoule-768x511.png 768w\" sizes=\"(max-width: 1411px) 100vw, 1411px\" \/><div class=\"wp-block-cover__inner-container\">\n<p class=\"has-text-align-center has-large-font-size\"><\/p>\n<\/div><\/div>\n\n\n\n<section class=\"wp-container-69f355b2a9e32 wp-block-group\"><div class=\"wp-block-group__inner-container\">\n<h1 class=\"has-text-align-center\" id=\"kontakt-und-anfahrt-zum-campingplatzin-mandelieu-la-napoule-in-der-nahe-von-cannes\">Kontakt und Anfahrt zum Campingplatz<br>in Mandelieu-la-Napoule, in der N\u00e4he von Cannes<\/h1>\n\n\n\n<p class=\"has-text-align-center\">Die Telefonzentrale ist <strong>von April bis Ende Oktober von 8:30 bis 12:00 Uhr und von 15:00 bis 18:00 Uhr ge\u00f6ffnet<\/strong>. Derzeit empfehlen wir Ihnen, alle Anfragen vorzugsweise per E-Mail zu stellen.<\/p>\n\n\n\n<ul class=\"pictos center has-vert-clair-background-color has-background\"><li><i class=\"fal fa-phone\"><\/i> <a itemprop=\"telephone\" href=\"tel:+33492972392\">04 92 97 23 92<\/a><\/li><li><i class=\"fal fa-paper-plane\"><\/i> <a itemprop=\"email\" href=\"mailto:campinglaprovencale@gmail.com\">campinglaprovencale@gmail.com<\/a><\/li><li><i class=\"fal fa-location-dot\"><\/i> <span class=\"wrp_adresse\"><span itemprop=\"address\">1198 Rue Jean Monnet, 06210 - Mandelieu la-Napoule, France<\/span><\/span><\/li><\/ul>\n\n\n\n<div style=\"height:30px\" aria-hidden=\"true\" class=\"wp-block-spacer\"><\/div>\n\n\n\n<div class=\"wp-block-columns\">\n<div class=\"wp-block-column\">\n<h2 class=\"has-text-align-center\" id=\"kontaktieren-sie-uns\">Kontaktieren Sie uns<\/h2>\n\n\n<script type=\"text\/javascript\">var gform;gform||(document.addEventListener(\"gform_main_scripts_loaded\",function(){gform.scriptsLoaded=!0}),window.addEventListener(\"DOMContentLoaded\",function(){gform.domLoaded=!0}),gform={domLoaded:!1,scriptsLoaded:!1,initializeOnLoaded:function(o){gform.domLoaded&&gform.scriptsLoaded?o():!gform.domLoaded&&gform.scriptsLoaded?window.addEventListener(\"DOMContentLoaded\",o):document.addEventListener(\"gform_main_scripts_loaded\",o)},hooks:{action:{},filter:{}},addAction:function(o,n,r,t){gform.addHook(\"action\",o,n,r,t)},addFilter:function(o,n,r,t){gform.addHook(\"filter\",o,n,r,t)},doAction:function(o){gform.doHook(\"action\",o,arguments)},applyFilters:function(o){return gform.doHook(\"filter\",o,arguments)},removeAction:function(o,n){gform.removeHook(\"action\",o,n)},removeFilter:function(o,n,r){gform.removeHook(\"filter\",o,n,r)},addHook:function(o,n,r,t,i){null==gform.hooks[o][n]&&(gform.hooks[o][n]=[]);var e=gform.hooks[o][n];null==i&&(i=n+\"_\"+e.length),gform.hooks[o][n].push({tag:i,callable:r,priority:t=null==t?10:t})},doHook:function(n,o,r){var t;if(r=Array.prototype.slice.call(r,1),null!=gform.hooks[n][o]&&((o=gform.hooks[n][o]).sort(function(o,n){return o.priority-n.priority}),o.forEach(function(o){\"function\"!=typeof(t=o.callable)&&(t=window[t]),\"action\"==n?t.apply(null,r):r[0]=t.apply(null,r)})),\"filter\"==n)return r[0]},removeHook:function(o,n,t,i){var r;null!=gform.hooks[o][n]&&(r=(r=gform.hooks[o][n]).filter(function(o,n,r){return!!(null!=i&&i!=o.tag||null!=t&&t!=o.priority)}),gform.hooks[o][n]=r)}});<\/script>\n                <div class='gf_browser_gecko gform_wrapper gravity-theme' id='gform_wrapper_1' ><div id='gf_1' class='gform_anchor' tabindex='-1'><\/div>\n                        <div class='gform_heading'>\n\t\t\t\t\t\t\t<p class='gform_required_legend'>\u201e<span class=\"gfield_required gfield_required_asterisk\">*<\/span>\u201c zeigt erforderliche Felder an<\/p>\n                        <\/div><form method='post' enctype='multipart\/form-data' target='gform_ajax_frame_1' id='gform_1'  action='\/de\/wp-json\/wp\/v2\/pages\/992#gf_1' novalidate>\n                        <div class='gform_body gform-body'><div id='gform_fields_1' class='gform_fields top_label form_sublabel_below description_below'><div id=\"field_1_1\"  class=\"gfield gfield--width-full field_sublabel_below field_description_below gfield_visibility_visible\"  data-js-reload=\"field_1_1\"><label class='gfield_label' for='input_1_1' >Vorname Name<\/label><div class='ginput_container ginput_container_text'><input name='input_1' id='input_1_1' type='text' value='' class='large'    placeholder='John Doe'  aria-invalid=\"false\"   \/> <\/div><\/div><div id=\"field_1_6\"  class=\"gfield gfield--width-full gfield_contains_required field_sublabel_below field_description_below gfield_visibility_visible\"  data-js-reload=\"field_1_6\"><label class='gfield_label' for='input_1_6' >E-mail<span class=\"gfield_required\"><span class=\"gfield_required gfield_required_asterisk\">*<\/span><\/span><\/label><div class='ginput_container ginput_container_email'>\n                            <input name='input_6' id='input_1_6' type='email' value='' class='large'   placeholder='beispiel@camping.com' aria-required=\"true\" aria-invalid=\"false\"  \/>\n                        <\/div><\/div><div id=\"field_1_7\"  class=\"gfield gfield--width-full field_sublabel_below field_description_below gfield_visibility_visible\"  data-js-reload=\"field_1_7\"><label class='gfield_label' for='input_1_7' >Objekt<\/label><div class='ginput_container ginput_container_text'><input name='input_7' id='input_1_7' type='text' value='' class='large'    placeholder='Gegenstand des Antrags'  aria-invalid=\"false\"   \/> <\/div><\/div><div id=\"field_1_2\"  class=\"gfield gfield--width-full gfield_contains_required field_sublabel_below field_description_below gfield_visibility_visible\"  data-js-reload=\"field_1_2\"><label class='gfield_label' for='input_1_2' >Nachricht<span class=\"gfield_required\"><span class=\"gfield_required gfield_required_asterisk\">*<\/span><\/span><\/label><div class='ginput_container ginput_container_textarea'><textarea name='input_2' id='input_1_2' class='textarea large'    placeholder='Schreiben Sie Ihre Nachricht' aria-required=\"true\" aria-invalid=\"false\"   rows='10' cols='50'><\/textarea><\/div><\/div><fieldset id=\"field_1_5\"  class=\"gfield gfield--width-full gfield_contains_required field_sublabel_below field_description_below hidden_label gfield_visibility_visible\"  data-js-reload=\"field_1_5\"><legend class='gfield_label gfield_label_before_complex'  >RGPD<span class=\"gfield_required\"><span class=\"gfield_required gfield_required_asterisk\">*<\/span><\/span><\/legend><div class='ginput_container ginput_container_consent'><input name='input_5.1' id='input_1_5_1' type='checkbox' value='1'   aria-required=\"true\" aria-invalid=\"false\"   \/> <label class=\"gfield_consent_label\" for='input_1_5_1' >Ich stimme der Verwendung meiner pers\u00f6nlichen Daten zu, die in der <a href=\"https:\/\/provencale.francecom.com\/de\/datenschutz-und-persoenliche-daten\/\" target=\"_blank\">Datenschutzrichtlinie und dem Umgang mit pers\u00f6nlichen Daten aufgef\u00fchrt sind.<\/a><\/label><span class=\"gfield_required gfield_required_asterisk\">*<\/span><input type='hidden' name='input_5.2' value='Ich stimme der Verwendung meiner pers\u00f6nlichen Daten zu, die in der &lt;a href=&quot;https:\/\/provencale.francecom.com\/de\/datenschutz-und-persoenliche-daten\/&quot; target=&quot;_blank&quot;&gt;Datenschutzrichtlinie und dem Umgang mit pers\u00f6nlichen Daten aufgef\u00fchrt sind.&lt;\/a&gt;' class='gform_hidden' \/><input type='hidden' name='input_5.3' value='1' class='gform_hidden' \/><\/div><\/fieldset><div id=\"field_1_4\"  class=\"gfield gfield--width-full field_sublabel_below field_description_below hidden_label gfield_visibility_visible\"  data-js-reload=\"field_1_4\"><label class='gfield_label' for='input_1_4' >CAPTCHA<\/label><div id='input_1_4' class='ginput_container ginput_recaptcha' data-sitekey='6LdLB6cbAAAAAGw0BpdrRrM75XmzErnVQruBfK_0'  data-theme='light' data-tabindex='-1' data-size='invisible' data-badge='bottomright'><\/div><\/div><\/div><\/div>\n        <div class='gform_footer top_label'> <input type='submit' id='gform_submit_button_1' class='gform_button button' value='Senden Sie'  onclick='if(window[\"gf_submitting_1\"]){return false;}  if( !jQuery(\"#gform_1\")[0].checkValidity || jQuery(\"#gform_1\")[0].checkValidity()){window[\"gf_submitting_1\"]=true;}  ' onkeypress='if( event.keyCode == 13 ){ if(window[\"gf_submitting_1\"]){return false;} if( !jQuery(\"#gform_1\")[0].checkValidity || jQuery(\"#gform_1\")[0].checkValidity()){window[\"gf_submitting_1\"]=true;}  jQuery(\"#gform_1\").trigger(\"submit\",[true]); }' \/> <input type='hidden' name='gform_ajax' value='form_id=1&amp;title=&amp;description=&amp;tabindex=0' \/>\n            <input type='hidden' class='gform_hidden' name='is_submit_1' value='1' \/>\n            <input type='hidden' class='gform_hidden' name='gform_submit' value='1' \/>\n            \n            <input type='hidden' class='gform_hidden' name='gform_unique_id' value='' \/>\n            <input type='hidden' class='gform_hidden' name='state_1' value='WyJ7XCI1LjFcIjpcIjY2MzkxMzY2MmNiM2Q0MzljOTY1Nzc5NTZlMmYxOTZhXCIsXCI1LjJcIjpcIjMxNWQyYmM0ZmJkNmE2MzkzZTJiMGViM2FiZTc4M2EyXCIsXCI1LjNcIjpcIjY2MzkxMzY2MmNiM2Q0MzljOTY1Nzc5NTZlMmYxOTZhXCJ9IiwiZjYyZTg5NGM2NzU3NmFkNzQzZWJmNmNkYjYwMDUwOTQiXQ==' \/>\n            <input type='hidden' class='gform_hidden' name='gform_target_page_number_1' id='gform_target_page_number_1' value='0' \/>\n            <input type='hidden' class='gform_hidden' name='gform_source_page_number_1' id='gform_source_page_number_1' value='1' \/>\n            <input type='hidden' name='gform_field_values' value='' \/>\n            \n        <\/div>\n                        <p style=\"display: none !important;\"><label>&#916;<textarea name=\"ak_hp_textarea\" cols=\"45\" rows=\"8\" maxlength=\"100\"><\/textarea><\/label><input type=\"hidden\" id=\"ak_js_1\" name=\"ak_js\" value=\"0\"\/><script>document.getElementById( \"ak_js_1\" ).setAttribute( \"value\", ( new Date() ).getTime() );<\/script><\/p><\/form>\n                        <\/div>\n                <iframe style='display:none;width:0px;height:0px;' src='about:blank' name='gform_ajax_frame_1' id='gform_ajax_frame_1' title='Dieser iframe enth\u00e4lt die erforderliche Logik um Gravity Forms Formulare mit AJAX zu handhaben.'><\/iframe>\n                <script type=\"text\/javascript\">\ngform.initializeOnLoaded( function() {gformInitSpinner( 1, 'https:\/\/campingprovencale.com\/wp-content\/plugins\/gravityforms\/images\/spinner.svg' );jQuery('#gform_ajax_frame_1').on('load',function(){var contents = jQuery(this).contents().find('*').html();var is_postback = contents.indexOf('GF_AJAX_POSTBACK') >= 0;if(!is_postback){return;}var form_content = jQuery(this).contents().find('#gform_wrapper_1');var is_confirmation = jQuery(this).contents().find('#gform_confirmation_wrapper_1').length > 0;var is_redirect = contents.indexOf('gformRedirect(){') >= 0;var is_form = form_content.length > 0 && ! is_redirect && ! is_confirmation;var mt = parseInt(jQuery('html').css('margin-top'), 10) + parseInt(jQuery('body').css('margin-top'), 10) + 100;if(is_form){jQuery('#gform_wrapper_1').html(form_content.html());if(form_content.hasClass('gform_validation_error')){jQuery('#gform_wrapper_1').addClass('gform_validation_error');} else {jQuery('#gform_wrapper_1').removeClass('gform_validation_error');}setTimeout( function() { \/* delay the scroll by 50 milliseconds to fix a bug in chrome *\/ jQuery(document).scrollTop(jQuery('#gform_wrapper_1').offset().top - mt); }, 50 );if(window['gformInitDatepicker']) {gformInitDatepicker();}if(window['gformInitPriceFields']) {gformInitPriceFields();}var current_page = jQuery('#gform_source_page_number_1').val();gformInitSpinner( 1, 'https:\/\/campingprovencale.com\/wp-content\/plugins\/gravityforms\/images\/spinner.svg' );jQuery(document).trigger('gform_page_loaded', [1, current_page]);window['gf_submitting_1'] = false;}else if(!is_redirect){var confirmation_content = jQuery(this).contents().find('.GF_AJAX_POSTBACK').html();if(!confirmation_content){confirmation_content = contents;}setTimeout(function(){jQuery('#gform_wrapper_1').replaceWith(confirmation_content);jQuery(document).scrollTop(jQuery('#gf_1').offset().top - mt);jQuery(document).trigger('gform_confirmation_loaded', [1]);window['gf_submitting_1'] = false;wp.a11y.speak(jQuery('#gform_confirmation_message_1').text());}, 50);}else{jQuery('#gform_1').append(contents);if(window['gformRedirect']) {gformRedirect();}}jQuery(document).trigger('gform_post_render', [1, current_page]);} );} );\n<\/script>\n<\/div>\n<\/div>\n<\/div><\/section>\n\n\n\n<div class=\"wp-block-columns\">\n<div class=\"wp-block-column\">\n<figure class=\"wp-block-image size-large\"><img width=\"1024\" height=\"639\" src=\"https:\/\/campingprovencale.com\/wp-content\/uploads\/2025\/09\/AdobeStock_276787783-1-1024x639.jpeg\" alt=\"vacances en famille cote d'azur\" class=\"wp-image-5722\" srcset=\"https:\/\/campingprovencale.com\/wp-content\/uploads\/2025\/09\/AdobeStock_276787783-1-1024x639.jpeg 1024w, https:\/\/campingprovencale.com\/wp-content\/uploads\/2025\/09\/AdobeStock_276787783-1-300x187.jpeg 300w, https:\/\/campingprovencale.com\/wp-content\/uploads\/2025\/09\/AdobeStock_276787783-1-768x480.jpeg 768w, https:\/\/campingprovencale.com\/wp-content\/uploads\/2025\/09\/AdobeStock_276787783-1-1536x959.jpeg 1536w, https:\/\/campingprovencale.com\/wp-content\/uploads\/2025\/09\/AdobeStock_276787783-1-2048x1279.jpeg 2048w\" sizes=\"(max-width: 1024px) 100vw, 1024px\" \/><\/figure>\n<\/div>\n\n\n\n<div class=\"wp-block-column\">\n<h2 id=\"wegbeschreibung-zum-campingplatz\">Wegbeschreibung zum Campingplatz:<\/h2>\n\n\n\n<p>Unser Campingplatz ist mit allen Verkehrsmitteln Leicht zu erreichen.<\/p>\n\n\n\n<ul><li><strong>Mit dem Auto<\/strong> erreichen Sie unseren Campingplatz schnell \u00fcber die Autobahn A8 von Marseille oder Toulon aus.<\/li><li><strong>Mit dem Zug<\/strong>: Der SNCF-Bahnhof Mandelieu liegt etwa 3 km von unserem Campingplatz entfernt.<\/li><li><strong>Mit dem Bus<\/strong>, eine Haltestelle in der Stadt Mandelieu, in der N\u00e4he des Campingplatzeingangs<\/li><li><strong>Mit dem Flugzeug<\/strong>: Der n\u00e4chstgelegene Flughafen befindet sich in NIZZA, 30 km von unserem 4-Sterne-Campingplatz entfernt.<\/li><\/ul>\n<\/div>\n<\/div>\n\n\n\n<div class=\"wp-block-columns\">\n<div class=\"wp-block-column\">\n<h2 id=\"gut-zu-wissen\">Gut zu wissen<\/h2>\n\n\n\n<ul><li>Um Ihnen die Ankunft so angenehm wie m\u00f6glich zu gestalten, k\u00f6nnen Sie uns <strong>telefonisch oder per E-Mail kontaktieren<\/strong>. Unsere Teams stehen Ihnen gerne zur Verf\u00fcgung, um alle Ihre Fragen zu beantworten und Ihnen bei der optimalen Planung Ihres Aufenthalts zu helfen.<\/li><li>Die <strong>Reservierung<\/strong> k\u00f6nnen Sie mit wenigen Klicks \u00fcber unsere Website vornehmen oder sich telefonisch an unsere Mitarbeiter wenden, die Ihnen gerne bei der Suche nach einem f\u00fcr Sie passenden Termin behilflich sind.<\/li><li>F\u00fcr einen erholsamen Urlaub inmitten einer au\u00dfergew\u00f6hnlichen Naturlandschaft z\u00f6gern Sie nicht, Ihre Unterkunft auf unserem Campingplatz La Proven\u00e7ale zu reservieren.<\/li><li>Auf unserem 4-Sterne-Campingplatz La Proven\u00e7ale legen wir gro\u00dfen Wert darauf, Ihnen einen optimalen Service zu bieten, damit Ihr Aufenthalt so angenehm wie m\u00f6glich wird. Daher halten wir uns an eine Reihe von Hygiene- und Reinigungsvorschriften, damit Sie w\u00e4hrend Ihres gesamten Aufenthalts eine angenehme und komfortable Umgebung genie\u00dfen k\u00f6nnen.<\/li><li>Damit Sie ganz beruhigt verreisen k\u00f6nnen, haben wir auch eine <strong>Reiser\u00fccktrittsversicherung<\/strong> eingerichtet, um alle m\u00f6glichen unvorhergesehenen Ereignisse vor oder w\u00e4hrend Ihres Urlaubs abzudecken.<\/li><\/ul>\n<\/div>\n<\/div>\n","protected":false},"excerpt":{"rendered":"<p>Kontakt und Anfahrt zum Campingplatzin Mandelieu-la-Napoule, in der N\u00e4he von Cannes Die Telefonzentrale ist von April bis Ende Oktober von 8:30 bis 12:00 Uhr und von 15:00 bis 18:00 Uhr ge\u00f6ffnet. Derzeit empfehlen wir Ihnen, alle Anfragen vorzugsweise per E-Mail zu stellen. Kontaktieren Sie uns Wegbeschreibung zum Campingplatz: Unser Campingplatz ist mit allen Verkehrsmitteln Leicht [&hellip;]<\/p>\n","protected":false},"author":1,"featured_media":0,"parent":0,"menu_order":0,"comment_status":"closed","ping_status":"closed","template":"","meta":[],"acf":[],"_links":{"self":[{"href":"https:\/\/campingprovencale.com\/de\/wp-json\/wp\/v2\/pages\/992"}],"collection":[{"href":"https:\/\/campingprovencale.com\/de\/wp-json\/wp\/v2\/pages"}],"about":[{"href":"https:\/\/campingprovencale.com\/de\/wp-json\/wp\/v2\/types\/page"}],"author":[{"embeddable":true,"href":"https:\/\/campingprovencale.com\/de\/wp-json\/wp\/v2\/users\/1"}],"replies":[{"embeddable":true,"href":"https:\/\/campingprovencale.com\/de\/wp-json\/wp\/v2\/comments?post=992"}],"version-history":[{"count":6,"href":"https:\/\/campingprovencale.com\/de\/wp-json\/wp\/v2\/pages\/992\/revisions"}],"predecessor-version":[{"id":5736,"href":"https:\/\/campingprovencale.com\/de\/wp-json\/wp\/v2\/pages\/992\/revisions\/5736"}],"wp:attachment":[{"href":"https:\/\/campingprovencale.com\/de\/wp-json\/wp\/v2\/media?parent=992"}],"curies":[{"name":"wp","href":"https:\/\/api.w.org\/{rel}","templated":true}]}}