{"id":998,"date":"2022-09-05T09:48:20","date_gmt":"2022-09-05T07:48:20","guid":{"rendered":"https:\/\/campingprovencale.com\/standorte\/"},"modified":"2025-09-19T15:45:10","modified_gmt":"2025-09-19T13:45:10","slug":"standorte","status":"publish","type":"page","link":"https:\/\/campingprovencale.com\/de\/standorte\/","title":{"rendered":". Emplacements DE"},"content":{"rendered":"\n<div class=\"wp-block-cover alignfull\"><span aria-hidden=\"true\" class=\"wp-block-cover__gradient-background has-background-dim\"><\/span><img width=\"2560\" height=\"1920\" class=\"wp-block-cover__image-background wp-image-3766\" alt=\"camping zelt, wohnwagen, wohnmobil in der N\u00e4he von Cannes\" src=\"https:\/\/campingprovencale.com\/wp-content\/uploads\/2024\/07\/20240714_093015-1-scaled.jpg\" style=\"object-position:57% 68%\" data-object-fit=\"cover\" data-object-position=\"57% 68%\" srcset=\"https:\/\/campingprovencale.com\/wp-content\/uploads\/2024\/07\/20240714_093015-1-scaled.jpg 2560w, https:\/\/campingprovencale.com\/wp-content\/uploads\/2024\/07\/20240714_093015-1-300x225.jpg 300w, https:\/\/campingprovencale.com\/wp-content\/uploads\/2024\/07\/20240714_093015-1-1024x768.jpg 1024w, https:\/\/campingprovencale.com\/wp-content\/uploads\/2024\/07\/20240714_093015-1-768x576.jpg 768w, https:\/\/campingprovencale.com\/wp-content\/uploads\/2024\/07\/20240714_093015-1-1536x1152.jpg 1536w, https:\/\/campingprovencale.com\/wp-content\/uploads\/2024\/07\/20240714_093015-1-2048x1536.jpg 2048w\" sizes=\"(max-width: 2560px) 100vw, 2560px\" \/><div class=\"wp-block-cover__inner-container\">\n<ul class=\"pictos has-white-color has-text-color\"><li><i class=\"fal fa-campground\"><\/i>  Au\u00dfergew\u00f6hnliche Standorte<\/li><li><i class=\"fal fa-mountains\"><\/i>  Wundersch\u00f6ne Umgebung<\/li><li><i class=\"fal fa-stars\"><\/i>  Hochwertiger Campingplatz<\/li><\/ul>\n<\/div><\/div>\n\n\n\n<h1 class=\"has-text-align-center\" id=\"stellplatz-in-der-nahe-von-cannes-an-der-cote-d-azur\">Stellplatz in der N\u00e4he von Cannes, an der Cote d&#8217;Azur<\/h1>\n\n\n\n<p>Der im Herzen der <strong>Provence-Alpes-C\u00f4te d&#8217;Azur<\/strong> gelegene<strong> 4-Sterne-Campingplatz in der N\u00e4he von Cannes<\/strong> bietet ein unvergessliches Erlebnis f\u00fcr Naturliebhaber und Campingbegeisterte. Eingebettet zwischen Mittelmeer und Bergen ist diese Oase der Ruhe der ideale Ort, um auf einem Stellplatz f\u00fcr <strong>Zelt, Wohnwagen oder Wohnmobil<\/strong> zu \u00fcbernachten. Unser Campingplatz im Herzen der Natur bietet den idealen Rahmen f\u00fcr einen Aufenthalt an der <strong>C\u00f4te d&#8217;Azur<\/strong>, der Ihnen wunderbare Erinnerungen mit der Familie, zu zweit oder mit Freunden bescheren wird.<\/p>\n\n\n\n<div class=\"wp-container-69dfc29f2a6a2 wp-block-buttons\">\n<div class=\"wp-block-button btn_resa\"><a class=\"wp-block-button__link\"><i class=\"fal fa-search\"><\/i>  Buchen Sie Ihren Urlaub!<\/a><\/div>\n<\/div>\n\n\n\n<section class=\"wp-container-69dfc29f2b0d6 wp-block-group deco--soleil1-haut\"><div class=\"wp-block-group__inner-container\">\n<div class=\"wp-block-columns\">\n<div class=\"wp-block-column\">\n<div class=\"wp-container-69dfc29f2aa5b wp-block-group\"><div class=\"wp-block-group__inner-container\">\n<figure class=\"wp-block-gallery has-nested-images columns-default is-cropped\">\n<figure class=\"wp-block-image size-large is-style-rounded\"><img width=\"1024\" height=\"768\" src=\"https:\/\/campingprovencale.com\/wp-content\/uploads\/2024\/07\/20240509_110246-1024x768.jpg\" alt=\"Zeltplatz in der N\u00e4he von Cannes\" class=\"wp-image-3703\" srcset=\"https:\/\/campingprovencale.com\/wp-content\/uploads\/2024\/07\/20240509_110246-1024x768.jpg 1024w, https:\/\/campingprovencale.com\/wp-content\/uploads\/2024\/07\/20240509_110246-300x225.jpg 300w, https:\/\/campingprovencale.com\/wp-content\/uploads\/2024\/07\/20240509_110246-768x576.jpg 768w, https:\/\/campingprovencale.com\/wp-content\/uploads\/2024\/07\/20240509_110246-1536x1152.jpg 1536w, https:\/\/campingprovencale.com\/wp-content\/uploads\/2024\/07\/20240509_110246-2048x1536.jpg 2048w\" sizes=\"(max-width: 1024px) 100vw, 1024px\" \/><\/figure>\n\n\n\n<figure class=\"wp-block-image size-full is-style-rounded\"><img width=\"1022\" height=\"737\" src=\"https:\/\/campingprovencale.com\/wp-content\/uploads\/2023\/06\/Sanitaires-modif-2.png\" alt=\"4-Sterne-Campingplatz Cote d'Azur\" class=\"wp-image-1842\" srcset=\"https:\/\/campingprovencale.com\/wp-content\/uploads\/2023\/06\/Sanitaires-modif-2.png 1022w, https:\/\/campingprovencale.com\/wp-content\/uploads\/2023\/06\/Sanitaires-modif-2-300x216.png 300w, https:\/\/campingprovencale.com\/wp-content\/uploads\/2023\/06\/Sanitaires-modif-2-768x554.png 768w\" sizes=\"(max-width: 1022px) 100vw, 1022px\" \/><\/figure>\n<\/figure>\n<\/div><\/div>\n\n\n\n<ul class=\"pictos right\"><li><i class=\"fal fa-campground\"><\/i>  Standorte<br>Natur<\/li><li><i class=\"fal fa-tree-deciduous\"><\/i>  Parzellen<br>schattig<\/li><li><i class=\"fal fa-rv\"><\/i>  Wohnmobil<br>herzlich willkommen!<\/li><\/ul>\n<\/div>\n\n\n\n<div class=\"wp-block-column\" style=\"flex-basis:30%\">\n<h2 class=\"deco--trait1\" id=\"unsere-stellplatze-fur-zelte-wohnwagen-und-wohnmobile-an-der-cote-d-azur\">Unsere Stellpl\u00e4tze f\u00fcr Zelte, Wohnwagen und Wohnmobile an der C\u00f4te d&#8217;Azur<\/h2>\n\n\n\n<p>Unser<strong>&nbsp;<\/strong><a href=\"https:\/\/campingprovencale.com\/de\/campingplatz-bei-cannes\/\" data-type=\"page\" data-id=\"2593\">Campingplatz in der N\u00e4he von Cannes&nbsp;<\/a>bietet Stellpl\u00e4tze f\u00fcr&nbsp;<strong>Zelt, Wohnwagen oder Wohnmobil&nbsp;<\/strong>inmitten der Natur.<\/p>\n\n\n\n<p>Auf<strong>&nbsp;schattigen&nbsp;<\/strong> und dank der umliegenden B\u00e4ume angenehmen Parzellen stellen Sie Ihr Wohnmobil oder Ihr Zelt auf und genie\u00dfen Sie Ihren<strong>&nbsp;Urlaub an der C\u00f4te d&#8217;Azur&nbsp;<\/strong> in aller Ruhe.<\/p>\n\n\n\n<p>Wir bieten Stellpl\u00e4tze f\u00fcr<strong>\u00a02 bis 6 Personen<\/strong>, mit\u00a0<strong>Elektroanschluss 10 Ampere<\/strong>.<\/p>\n\n\n\n<div class=\"wp-container-69dfc29f2adfe wp-block-buttons\">\n<div class=\"wp-block-button btn_resa_empl\"><a class=\"wp-block-button__link\"><i class=\"fal fa-campground\"><\/i>  Einen Standort finden<\/a><\/div>\n<\/div>\n<\/div>\n<\/div>\n<\/div><\/section>\n\n\n\n<section class=\"wp-container-69dfc29f2b4a8 wp-block-group\"><div class=\"wp-block-group__inner-container\">\n<h2 class=\"has-text-align-center deco--trait-bottom\" id=\"aufenthalt-auf-einem-campingplatz-in-der-nahe-von-cannes-im-zelt-wohnwagen-oder-wohnmobil\">Aufenthalt auf einem Campingplatz in der N\u00e4he von Cannes im Zelt, Wohnwagen oder Wohnmobil<\/h2>\n\n\n\n<p>Umgeben von der nat\u00fcrlichen Sch\u00f6nheit der&nbsp;<strong>Alpes-Maritimes<\/strong> werden Sie von der malerischen Landschaft und der Ruhe, die auf diesem&nbsp;<strong>Campingplatz<\/strong>&nbsp;<strong>in Mandelieu la Napoule<\/strong> herrscht, verzaubert sein. Die ger\u00e4umigen und gepflegten Stellpl\u00e4tze bieten allen Komfort, den Sie brauchen, um Ihren&nbsp;<strong>Aufenthalt im Freien<\/strong> in vollen Z\u00fcgen zu genie\u00dfen. Ob Sie auf der Suche nach Abenteuer oder Entspannung sind, auf dem&nbsp;<strong>Campingplatz La Proven\u00e7ale<\/strong> werden Sie Ihr Gl\u00fcck finden.<\/p>\n\n\n\n<p>Zu den Einrichtungen des Campingplatzes geh\u00f6ren moderne&nbsp;<strong>und saubere Sanit\u00e4ranlagen<\/strong>, ein Kinderspielplatz, Aktivit\u00e4ten f\u00fcr die ganze Familie und ein&nbsp;<a href=\"https:\/\/campingprovencale.com\/de\/swimmingpool\/\">Erfrischungspool&nbsp;<\/a>, in dem Sie sich nach einem ereignisreichen Tag entspannen k\u00f6nnen.<\/p>\n\n\n\n<p>Die Umgebung des <strong>Campingplatzes Le Proven\u00e7ale<\/strong> ist voller Sch\u00e4tze, die es zu entdecken gilt. Nur wenige Schritte entfernt laden die<strong> goldenen Str\u00e4nde von Mandelieu-la-Napoule<\/strong> zum Entspannen und zu Wassersportarten ein. Naturbegeisterte k\u00f6nnen das<strong> Massif de l&#8217;Esterel<\/strong> erkunden, das atemberaubende <strong>Wanderwege <\/strong>bietet. Liebhaber von <strong>Kultur <\/strong>werden von den typisch provenzalischen, hochgelegenen D\u00f6rfern wie Mougins oder <strong>Grasse<\/strong>, das f\u00fcr seine D\u00fcfte ber\u00fchmt ist, verzaubert sein.<\/p>\n\n\n\n<p>In der N\u00e4he des<strong> Campingplatzes Le Proven\u00e7ale<\/strong> enth\u00fcllt <a href=\"https:\/\/campingprovencale.com\/de\/campingplatz-bei-cannes\/\">Cannes<\/a> seinen bet\u00f6renden Charme. Bekannt f\u00fcr sein renommiertes <strong>Filmfestival<\/strong>, hat Cannes noch viel mehr zu bieten. Schlendern Sie entlang der ber\u00fchmten <strong>Croisette<\/strong>, wo luxuri\u00f6se Hotels und Designerboutiquen das glitzernde <strong>Mittelmeer<\/strong> s\u00e4umen. Entdecken Sie den lebhaften <strong>Vieux Port<\/strong>, wo die Yachten um die Wette gl\u00e4nzen. <strong>Kunstliebhaber<\/strong> werden das Mus\u00e9e de la Castre zu sch\u00e4tzen wissen, das auf dem H\u00fcgel <strong>Suquet<\/strong> thront und einen Panoramablick auf die Stadt bietet. Zwischen Gourmetrestaurants und glamour\u00f6sem Ambiente verspricht <strong>Cannes<\/strong> einen Ausflug voller Glamour und Kultur, der nur wenige Kilometer vom Campingplatz entfernt ist.<\/p>\n\n\n\n<div style=\"height:20px\" aria-hidden=\"true\" class=\"wp-block-spacer\"><\/div>\n\n\n\n<ctv-availability data-product-id=\"122240\" data-background-color=\"#FFFFFFFF\"><\/ctv-availability>\n<\/div><\/section>\n\n\n\n<div class=\"wp-block-columns\">\n<div class=\"wp-block-column\">\n<h2 id=\"4-sterne-service-an-der-cote-d-azur-in-mandelieu\">4-Sterne-Service an der C\u00f4te d&#8217;Azur in Mandelieu&nbsp;!<\/h2>\n\n\n\n<p>Wir bieten eine Reihe von Einrichtungen und Dienstleistungen, die Ihnen das t\u00e4gliche Leben w\u00e4hrend Ihres Urlaubs <strong>in der N\u00e4he von Cannes <\/strong>erleichtern:<\/p>\n\n\n\n<ul><li>Stromanschluss (10 Ampere, europ\u00e4ische Steckdose),<\/li><li>Vermietung von <strong>Gasgrills <\/strong>(8\u20ac pro Tag),<\/li><li>Vermietung eines <strong>K\u00fchlschranks <\/strong>(kostenpflichtig) (7\u20ac pro Tag \/ 45\u20ac pro Woche),<\/li><li>Ein Bereich f\u00fcr Kinder,<\/li><li><strong>Waschk\u00fcche <\/strong>mit Waschmaschine (5\u20ac Pro Token)<\/li><\/ul>\n\n\n\n<p>Die Sanit\u00e4ranlagen werden regelm\u00e4\u00dfig gereinigt <strong>in der N\u00e4he der<\/strong> <strong>Stellpl\u00e4tze<\/strong>, damit Sie rund um die Uhr warmes Wasser haben.<br>Unser <strong>Campingplatz in der N\u00e4he von Cannes<\/strong> wei\u00df Ihre Bed\u00fcrfnisse vorauszusehen, um die ideale Umgebung f\u00fcr einen perfekt gelungenen Urlaub an der Mittelmeerk\u00fcste zu schaffen.<\/p>\n<\/div>\n\n\n\n<div class=\"wp-block-column\">\n<figure class=\"wp-block-image size-full\"><img width=\"1020\" height=\"800\" src=\"https:\/\/campingprovencale.com\/wp-content\/uploads\/2023\/06\/Sanitaires-modif-1.png\" alt=\"sanit\u00e4re Anlagen 4-Sterne-Campingplatz French Riviera\" class=\"wp-image-1841\" srcset=\"https:\/\/campingprovencale.com\/wp-content\/uploads\/2023\/06\/Sanitaires-modif-1.png 1020w, https:\/\/campingprovencale.com\/wp-content\/uploads\/2023\/06\/Sanitaires-modif-1-300x235.png 300w, https:\/\/campingprovencale.com\/wp-content\/uploads\/2023\/06\/Sanitaires-modif-1-768x602.png 768w\" sizes=\"(max-width: 1020px) 100vw, 1020px\" \/><\/figure>\n<\/div>\n<\/div>\n\n\n\n<div class=\"wp-block-columns\">\n<div class=\"wp-block-column\">\n<figure class=\"wp-block-image size-large\"><img width=\"1024\" height=\"768\" src=\"https:\/\/campingprovencale.com\/wp-content\/uploads\/2025\/09\/20250919_144949-1024x768.jpg\" alt=\"\" class=\"wp-image-5665\" srcset=\"https:\/\/campingprovencale.com\/wp-content\/uploads\/2025\/09\/20250919_144949-1024x768.jpg 1024w, https:\/\/campingprovencale.com\/wp-content\/uploads\/2025\/09\/20250919_144949-300x225.jpg 300w, https:\/\/campingprovencale.com\/wp-content\/uploads\/2025\/09\/20250919_144949-768x576.jpg 768w, https:\/\/campingprovencale.com\/wp-content\/uploads\/2025\/09\/20250919_144949-1536x1152.jpg 1536w, https:\/\/campingprovencale.com\/wp-content\/uploads\/2025\/09\/20250919_144949-2048x1536.jpg 2048w\" sizes=\"(max-width: 1024px) 100vw, 1024px\" \/><\/figure>\n<\/div>\n\n\n\n<div class=\"wp-block-column\">\n<h2 id=\"stellplatz-fur-wohnmobile-auf-dem-campingplatz-in-mandelieu-la-napoule\">Stellplatz f\u00fcr Wohnmobile auf dem Campingplatz in Mandelieu la Napoule<\/h2>\n\n\n\n<p>Auf dem Campingplatz La Proven\u00e7ale in <strong>Mandelieu-la-Napoule<\/strong> werden <strong>Wohnmobile<\/strong> auf <strong>ger\u00e4umigen<\/strong>, gr\u00fcnen und abgegrenzten <strong>Stellpl\u00e4tzen<\/strong> empfangen, um Ihren Komfort w\u00e4hrend Ihres<strong> Aufenthalts an der Cote d&#8217;Azur<\/strong> zu gew\u00e4hrleisten.<\/p>\n\n\n\n<p>Sie profitieren von <strong>Stromanschl\u00fcssen<\/strong> (europ\u00e4ische Steckdosen, 10 Ampere) und Zugang zu den <strong>Sanit\u00e4ranlagen<\/strong> mit <strong>Duschen<\/strong> inklusive. <strong>Haustiere<\/strong> sind unter bestimmten Bedingungen erlaubt: angeleint und gegen einen Aufpreis.<\/p>\n\n\n\n<p>Ein <strong>Gasgrill<\/strong> ist gegen Aufpreis verf\u00fcgbar und <strong>Wi-Fi<\/strong> ist in der gesamten Anlage verf\u00fcgbar, ebenfalls gegen Aufpreis. Genie\u00dfen Sie einen <strong>angenehmen<\/strong> und ruhigen <strong>Aufenthalt<\/strong> unter der <strong>Sonne der C\u00f4te d&#8217;Azur<\/strong>.<\/p>\n<\/div>\n<\/div>\n\n\n\n<div style=\"height:100px\" aria-hidden=\"true\" class=\"wp-block-spacer\"><\/div>\n\n\n\n<div class=\"wp-block-cover alignfull F-10-a\"><span aria-hidden=\"true\" class=\"has-background-dim-60 wp-block-cover__gradient-background has-background-dim\"><\/span><img width=\"2560\" height=\"1920\" class=\"wp-block-cover__image-background wp-image-1961\" alt=\"Mobilheim auf unserem Campingplatz in der N\u00e4he des Schlosses von Mandelieu la Napoule\" src=\"https:\/\/campingprovencale.com\/wp-content\/uploads\/2023\/07\/20230701_104350-scaled.jpg\" data-object-fit=\"cover\" srcset=\"https:\/\/campingprovencale.com\/wp-content\/uploads\/2023\/07\/20230701_104350-scaled.jpg 2560w, https:\/\/campingprovencale.com\/wp-content\/uploads\/2023\/07\/20230701_104350-300x225.jpg 300w, https:\/\/campingprovencale.com\/wp-content\/uploads\/2023\/07\/20230701_104350-1024x768.jpg 1024w, https:\/\/campingprovencale.com\/wp-content\/uploads\/2023\/07\/20230701_104350-768x576.jpg 768w, https:\/\/campingprovencale.com\/wp-content\/uploads\/2023\/07\/20230701_104350-1536x1152.jpg 1536w, https:\/\/campingprovencale.com\/wp-content\/uploads\/2023\/07\/20230701_104350-2048x1536.jpg 2048w\" sizes=\"(max-width: 2560px) 100vw, 2560px\" \/><div class=\"wp-block-cover__inner-container\">\n<h2 id=\"aufenthalt-in-einem-mobilheim-in-der-nahe-von-cannes-french-riviera\">Aufenthalt in einem Mobilheim in der N\u00e4he von Cannes, French Riviera<\/h2>\n\n\n\n<p>Sie bevorzugen den Komfort einer Unterkunft in einem Mobilheim oder einem Chalet? Wir bieten eine gro\u00dfe Auswahl an Unterk\u00fcnften mit 2 bis 3 Schlafzimmern, in<strong> Mobilheimen, Chalets und Loggien<\/strong>. Sie k\u00f6nnen auch in einem eingerichteten Zelt mit dem Samoa-Zelt \u00fcbernachten, das aus zwei Schlafzimmern, einer ausgestatteten K\u00fcche, einem Badezimmer und einer eingerichteten Terrasse besteht.<\/p>\n\n\n\n<p>Nutzen Sie Ihren Aufenthalt auf unserem&nbsp;<strong>Campingplatz an der C\u00f4te d&#8217;Azur<\/strong>&nbsp;um die richtige Unterkunft f\u00fcr Sie zu finden.<\/p>\n\n\n\n<p>Ob Sie die wundersch\u00f6nen<strong>&nbsp;Str\u00e4nde des Mittelmeers<\/strong> erkunden, in den umliegenden Bergen wandern oder die charmanten provenzalischen D\u00f6rfer entdecken m\u00f6chten, der&nbsp;<strong>Campingplatz La Proven\u00e7ale<\/strong>&nbsp;ist der ideale Ausgangspunkt f\u00fcr Ihre Outdoor-Abenteuer in<strong>&nbsp;S\u00fcdfrankreich<\/strong>.<\/p>\n\n\n\n<div class=\"wp-container-69dfc29f2ba8b wp-block-buttons\">\n<div class=\"wp-block-button is-style-outline\"><a class=\"wp-block-button__link\" href=\"https:\/\/campingprovencale.com\/de\/unterkuenfte\/\">Unterk\u00fcnfte ansehen<\/a><\/div>\n<\/div>\n<\/div><\/div>\n","protected":false},"excerpt":{"rendered":"<p>Stellplatz in der N\u00e4he von Cannes, an der Cote d&#8217;Azur Der im Herzen der Provence-Alpes-C\u00f4te d&#8217;Azur gelegene 4-Sterne-Campingplatz in der N\u00e4he von Cannes bietet ein unvergessliches Erlebnis f\u00fcr Naturliebhaber und Campingbegeisterte. Eingebettet zwischen Mittelmeer und Bergen ist diese Oase der Ruhe der ideale Ort, um auf einem Stellplatz f\u00fcr Zelt, Wohnwagen oder Wohnmobil zu \u00fcbernachten. [&hellip;]<\/p>\n","protected":false},"author":1,"featured_media":3685,"parent":0,"menu_order":0,"comment_status":"closed","ping_status":"closed","template":"","meta":[],"acf":[],"_links":{"self":[{"href":"https:\/\/campingprovencale.com\/de\/wp-json\/wp\/v2\/pages\/998"}],"collection":[{"href":"https:\/\/campingprovencale.com\/de\/wp-json\/wp\/v2\/pages"}],"about":[{"href":"https:\/\/campingprovencale.com\/de\/wp-json\/wp\/v2\/types\/page"}],"author":[{"embeddable":true,"href":"https:\/\/campingprovencale.com\/de\/wp-json\/wp\/v2\/users\/1"}],"replies":[{"embeddable":true,"href":"https:\/\/campingprovencale.com\/de\/wp-json\/wp\/v2\/comments?post=998"}],"version-history":[{"count":6,"href":"https:\/\/campingprovencale.com\/de\/wp-json\/wp\/v2\/pages\/998\/revisions"}],"predecessor-version":[{"id":5669,"href":"https:\/\/campingprovencale.com\/de\/wp-json\/wp\/v2\/pages\/998\/revisions\/5669"}],"wp:featuredmedia":[{"embeddable":true,"href":"https:\/\/campingprovencale.com\/de\/wp-json\/wp\/v2\/media\/3685"}],"wp:attachment":[{"href":"https:\/\/campingprovencale.com\/de\/wp-json\/wp\/v2\/media?parent=998"}],"curies":[{"name":"wp","href":"https:\/\/api.w.org\/{rel}","templated":true}]}}