{"id":1016,"date":"2022-09-05T09:50:42","date_gmt":"2022-09-05T07:50:42","guid":{"rendered":"https:\/\/campingprovencale.com\/pool\/"},"modified":"2025-12-11T10:23:06","modified_gmt":"2025-12-11T09:23:06","slug":"pool","status":"publish","type":"page","link":"https:\/\/campingprovencale.com\/en\/pool\/","title":{"rendered":". Aquatic area"},"content":{"rendered":"\n<div class=\"wp-block-cover alignfull\"><span aria-hidden=\"true\" class=\"wp-block-cover__gradient-background has-background-dim\"><\/span><img width=\"2016\" height=\"1512\" class=\"wp-block-cover__image-background wp-image-3731\" alt=\"\" src=\"https:\/\/campingprovencale.com\/wp-content\/uploads\/2024\/07\/photo-piscine-cote-droit.jpg\" style=\"object-position:53% 51%\" data-object-fit=\"cover\" data-object-position=\"53% 51%\" srcset=\"https:\/\/campingprovencale.com\/wp-content\/uploads\/2024\/07\/photo-piscine-cote-droit.jpg 2016w, https:\/\/campingprovencale.com\/wp-content\/uploads\/2024\/07\/photo-piscine-cote-droit-300x225.jpg 300w, https:\/\/campingprovencale.com\/wp-content\/uploads\/2024\/07\/photo-piscine-cote-droit-1024x768.jpg 1024w, https:\/\/campingprovencale.com\/wp-content\/uploads\/2024\/07\/photo-piscine-cote-droit-768x576.jpg 768w, https:\/\/campingprovencale.com\/wp-content\/uploads\/2024\/07\/photo-piscine-cote-droit-1536x1152.jpg 1536w\" sizes=\"(max-width: 2016px) 100vw, 2016px\" \/><div class=\"wp-block-cover__inner-container\">\n<ul class=\"pictos has-white-color has-text-color\"><li><i class=\"fal fa-water-ladder\"><\/i>  Heated outdoor pool<\/li><li><i class=\"fal fa-child\"><\/i> Water play area<\/li><li><i class=\"fal fa-person-sledding\"><\/i> Water slide<\/li><li><i class=\"fal fa-umbrella-beach\"><\/i> Solarium area<\/li><\/ul>\n<\/div><\/div>\n\n\n\n<section class=\"wp-container-6a073e8063914 wp-block-group\"><div class=\"wp-block-group__inner-container\">\n<h1 class=\"has-text-align-center\" id=\"camping-a-mandelieu-la-napoule-avec-piscine-dans-les-alpes-maritimes\">Camping in Mandelieu la Napoule with swimming pool in the Alpes Maritimes<\/h1>\n\n\n\n<p class=\"has-text-align-left\">Want to cool off, dive into deliciously warm water, share water games with friends or family? Our <strong>aquatic area with heated outdoor swimming pool<\/strong> in <strong>Mandelieu la Napoule<\/strong> is designed to meet all your desires! From 2024, discover our<strong> new water slide <\/strong>for thrilling descents, adding even more fun to your <strong>stay in the Alpes Maritimes<\/strong>. Located near Cannes, on the <strong>French Riviera<\/strong> and close to the <strong>Mediterranean<\/strong> Sea, Mandelieu-la-Napoule is the ideal place for a memorable family vacation.   <\/p>\n<\/div><\/section>\n\n\n\n<div class=\"wp-container-6a073e8063d8a wp-block-group F-10-b\"><div class=\"wp-block-group__inner-container\">\n<div class=\"wp-block-cover alignfull is-light\" style=\"min-height:914px\"><span aria-hidden=\"true\" class=\"has-background-dim-0 wp-block-cover__gradient-background has-background-dim has-background-gradient\" style=\"background:linear-gradient(180deg,rgba(61,130,79,0) 0%,rgb(61,130,79) 100%)\"><\/span><img width=\"2016\" height=\"1512\" class=\"wp-block-cover__image-background wp-image-3710\" alt=\"\" src=\"https:\/\/campingprovencale.com\/wp-content\/uploads\/2024\/07\/photo-piscine-nouvelle.jpg\" style=\"object-position:50% 59%\" data-object-fit=\"cover\" data-object-position=\"50% 59%\" srcset=\"https:\/\/campingprovencale.com\/wp-content\/uploads\/2024\/07\/photo-piscine-nouvelle.jpg 2016w, https:\/\/campingprovencale.com\/wp-content\/uploads\/2024\/07\/photo-piscine-nouvelle-300x225.jpg 300w, https:\/\/campingprovencale.com\/wp-content\/uploads\/2024\/07\/photo-piscine-nouvelle-1024x768.jpg 1024w, https:\/\/campingprovencale.com\/wp-content\/uploads\/2024\/07\/photo-piscine-nouvelle-768x576.jpg 768w, https:\/\/campingprovencale.com\/wp-content\/uploads\/2024\/07\/photo-piscine-nouvelle-1536x1152.jpg 1536w\" sizes=\"(max-width: 2016px) 100vw, 2016px\" \/><div class=\"wp-block-cover__inner-container\">\n<p class=\"has-text-align-center has-large-font-size\"><\/p>\n<\/div><\/div>\n\n\n\n<div class=\"wp-block-columns are-vertically-aligned-center\">\n<div class=\"wp-block-column is-vertically-aligned-center has-blanc-background-color has-background\" style=\"flex-basis:50%\">\n<p class=\"has-text-align-center\"><\/p>\n\n\n\n<p class=\"has-text-align-center\"><\/p>\n<\/div>\n\n\n\n<div class=\"wp-block-column is-vertically-aligned-center has-blanc-background-color has-background\" style=\"flex-basis:50%\">\n<h2 id=\"plongez-dans-notre-piscine-exterieure-chauffee-a-mandelieu-la-napoule\">Dive into our heated outdoor pool in Mandelieu<\/h2>\n\n\n\n<p class=\"has-text-align-left\">Our <strong>heated swimming pool<\/strong> is ideal for cooling <strong>off in the sunshine of the C\u00f4te d&#8217;Azur<\/strong> in <strong>the south of France.<\/strong> Enjoy a magnificent setting in Mandelieu-la-Napoule, with its splendid views of the <strong>Mediterranean<\/strong>, for moments of relaxation with the family.<\/p>\n\n\n\n<p class=\"has-text-align-left\">We offer a <strong>190m\u00b2 pool <\/strong>with <strong>anatomical benches<\/strong>, and an aquatic play area, in a privileged setting for swimming in complete peace of mind. Your <strong>campsite on the C\u00f4te d&#8217;Azur with swimming pool<\/strong> is truly the destination to satisfy all your desires. <\/p>\n\n\n\n<p class=\"has-text-align-left\">Parents can <strong>relax on deckchairs in the sun <\/strong>or under a parasol with a good book, while their children play in the pools. Add a touch of adventure with our <strong>water slide<\/strong>, perfect for thrilling rides with family or friends.<\/p>\n\n\n\n<p class=\"has-vert-clair-background-color has-background\">The <strong>water park is open from April 3 to September 30<\/strong>, the <strong>pools are heated<\/strong> between 23\u00b0 to 30\u00b0 depending on weather conditions.<br>Our aquatic area is open from 10 a.m. to 7 p.m. in low season and from 10 a.m. to 8 p.m. in July\/August.<\/p>\n<\/div>\n<\/div>\n<\/div><\/div>\n\n\n\n<div style=\"height:40px\" aria-hidden=\"true\" class=\"wp-block-spacer\"><\/div>\n\n\n\n<section class=\"wp-container-6a073e8064676 wp-block-group deco--soleil1-haut\"><div class=\"wp-block-group__inner-container\">\n<h2 class=\"has-text-align-left\" id=\"des-sensations-fortes-sur-le-toboggan-aquatique-du-camping-dans-les-alpes-maritimes\">Thrills on the water slide at the campsite in the Alpes-Maritimes!<\/h2>\n\n\n\n<div class=\"wp-block-columns\">\n<div class=\"wp-block-column is-vertically-aligned-center\" style=\"flex-basis:30%\">\n<div class=\"wp-block-group encart-citation\"><div class=\"wp-block-group__inner-container\">\n<p>New for 2024: water slide at the campsite! <\/p>\n<\/div><\/div>\n\n\n\n<div style=\"height:26px\" aria-hidden=\"true\" class=\"wp-block-spacer\"><\/div>\n\n\n\n<p>Discover our <strong>aquatic area with heated outdoor swimming pool<\/strong>, ideal for relaxing and cooling off. From 2024, enjoy an even more exciting experience with our<strong> <\/strong><strong>water slide at our campsite in the Alpes Maritimes.<\/strong><\/p>\n\n\n\n<p><strong>Slide open from May to September<\/strong>, depending on weather conditions. Take advantage of the water slide for moments of joy for young and old, between sensations and pleasures during your stay in our magnificent <strong>Provence Alpes C\u00f4te d&#8217;Azur<\/strong> region.<\/p>\n\n\n\n<p>Enjoy every moment <strong>near Cannes<\/strong>, under the <strong>Mediterranean sun<\/strong> for an unforgettable camping holiday in <strong>Mandelieu-la-Napoule.<\/strong><\/p>\n\n\n\n<div class=\"wp-container-6a073e8064262 wp-block-buttons\">\n<div class=\"wp-block-button btn_resa\"><a class=\"wp-block-button__link\"><i class=\"fal fa-search\"><\/i> Book<\/a><\/div>\n<\/div>\n<\/div>\n\n\n\n<div class=\"wp-block-column\">\n<figure class=\"wp-block-gallery has-nested-images columns-default is-cropped\">\n<figure class=\"wp-block-image size-full\"><img width=\"640\" height=\"480\" src=\"https:\/\/campingprovencale.com\/wp-content\/uploads\/2024\/07\/photo-tobogan-avec-arthur.jpg\" alt=\"\" class=\"wp-image-3715\" srcset=\"https:\/\/campingprovencale.com\/wp-content\/uploads\/2024\/07\/photo-tobogan-avec-arthur.jpg 640w, https:\/\/campingprovencale.com\/wp-content\/uploads\/2024\/07\/photo-tobogan-avec-arthur-300x225.jpg 300w\" sizes=\"(max-width: 640px) 100vw, 640px\" \/><\/figure>\n\n\n\n<figure class=\"wp-block-image size-large\"><img width=\"1024\" height=\"768\" src=\"https:\/\/campingprovencale.com\/wp-content\/uploads\/2024\/09\/Aquafun-en-musique-1024x768.png\" alt=\"\" class=\"wp-image-3946\" srcset=\"https:\/\/campingprovencale.com\/wp-content\/uploads\/2024\/09\/Aquafun-en-musique-1024x768.png 1024w, https:\/\/campingprovencale.com\/wp-content\/uploads\/2024\/09\/Aquafun-en-musique-300x225.png 300w, https:\/\/campingprovencale.com\/wp-content\/uploads\/2024\/09\/Aquafun-en-musique-768x576.png 768w, https:\/\/campingprovencale.com\/wp-content\/uploads\/2024\/09\/Aquafun-en-musique-1536x1152.png 1536w, https:\/\/campingprovencale.com\/wp-content\/uploads\/2024\/09\/Aquafun-en-musique.png 2048w\" sizes=\"(max-width: 1024px) 100vw, 1024px\" \/><\/figure>\n<\/figure>\n<\/div>\n<\/div>\n<\/div><\/section>\n\n\n\n<div style=\"height:40px\" aria-hidden=\"true\" class=\"wp-block-spacer\"><\/div>\n\n\n\n<section class=\"wp-container-6a073e8064b20 wp-block-group\"><div class=\"wp-block-group__inner-container\">\n<div class=\"wp-block-columns\">\n<div class=\"wp-block-column\">\n<figure class=\"wp-block-image size-full\"><img width=\"640\" height=\"548\" src=\"https:\/\/campingprovencale.com\/wp-content\/uploads\/2024\/07\/photo-fleur-2.jpg\" alt=\"\" class=\"wp-image-3742\" srcset=\"https:\/\/campingprovencale.com\/wp-content\/uploads\/2024\/07\/photo-fleur-2.jpg 640w, https:\/\/campingprovencale.com\/wp-content\/uploads\/2024\/07\/photo-fleur-2-300x257.jpg 300w\" sizes=\"(max-width: 640px) 100vw, 640px\" \/><\/figure>\n<\/div>\n\n\n\n<div class=\"wp-block-column\">\n<h2 id=\"une-piscine-exterieure-cloturee-pour-vous-baigner-en-toute-securite-1\">A fenced outdoor pool for safe swimming!<\/h2>\n\n\n\n<p>While you relax on the <strong>deckchairs on the terrace<\/strong> in Mandelieu-la-Napoule, your children can play in peace and quiet. <\/p>\n\n\n\n<p>Enjoy <strong>moments of peace and quiet<\/strong> to <strong>recharge your batteries<\/strong> in depth and for the long term at our <strong>campsite near Cannes with swimming pool<\/strong>. Your children can share this safe space according to your recommendations and <strong>you can relax without any worries<\/strong> for a successful family holiday.<\/p>\n\n\n\n<p><strong>Every holidaymaker will find what they are looking for<\/strong>, parents will be able to enjoy <strong>swimming<\/strong> in the large pool while children will enjoy <strong>playing with the water games.<\/strong><\/p>\n\n\n\n<div style=\"height:22px\" aria-hidden=\"true\" class=\"wp-block-spacer\"><\/div>\n\n\n\n<div class=\"wp-block-group encart-citation\"><div class=\"wp-block-group__inner-container\">\n<p>What could be more pleasant than to be able to lounge in a secure space!  <\/p>\n<\/div><\/div>\n\n\n\n<div style=\"height:22px\" aria-hidden=\"true\" class=\"wp-block-spacer\"><\/div>\n\n\n\n<p>Since we regularly monitor the <strong>water quality<\/strong> of our pools, you can enjoy the quality of the water with maximum pleasure. Our campsite provides for all your desires of perfect freshness.<\/p>\n<\/div>\n<\/div>\n<\/div><\/section>\n\n\n\n<div class=\"wp-block-columns\">\n<div class=\"wp-block-column\">\n<figure class=\"wp-block-image size-full is-style-rounded\"><img width=\"640\" height=\"480\" src=\"https:\/\/campingprovencale.com\/wp-content\/uploads\/2024\/07\/nouvelle-photo-jeux.jpg\" alt=\"\" class=\"wp-image-3726\" srcset=\"https:\/\/campingprovencale.com\/wp-content\/uploads\/2024\/07\/nouvelle-photo-jeux.jpg 640w, https:\/\/campingprovencale.com\/wp-content\/uploads\/2024\/07\/nouvelle-photo-jeux-300x225.jpg 300w\" sizes=\"(max-width: 640px) 100vw, 640px\" \/><\/figure>\n\n\n\n<p class=\"has-text-align-center\"><\/p>\n<\/div>\n\n\n\n<div class=\"wp-block-column\">\n<figure class=\"wp-block-image size-large is-style-rounded\"><img width=\"1024\" height=\"768\" src=\"https:\/\/campingprovencale.com\/wp-content\/uploads\/2023\/07\/piscine-animation-1-1024x768.jpg\" alt=\"\" class=\"wp-image-1922\" srcset=\"https:\/\/campingprovencale.com\/wp-content\/uploads\/2023\/07\/piscine-animation-1-1024x768.jpg 1024w, https:\/\/campingprovencale.com\/wp-content\/uploads\/2023\/07\/piscine-animation-1-300x225.jpg 300w, https:\/\/campingprovencale.com\/wp-content\/uploads\/2023\/07\/piscine-animation-1-768x576.jpg 768w, https:\/\/campingprovencale.com\/wp-content\/uploads\/2023\/07\/piscine-animation-1-1536x1152.jpg 1536w, https:\/\/campingprovencale.com\/wp-content\/uploads\/2023\/07\/piscine-animation-1-2048x1536.jpg 2048w\" sizes=\"(max-width: 1024px) 100vw, 1024px\" \/><\/figure>\n\n\n\n<p class=\"has-text-align-center\"><\/p>\n<\/div>\n\n\n\n<div class=\"wp-block-column\">\n<figure class=\"wp-block-image size-large is-style-rounded\"><img width=\"1024\" height=\"768\" src=\"https:\/\/campingprovencale.com\/wp-content\/uploads\/2024\/01\/20240118_110552-1024x768.jpg\" alt=\"\" class=\"wp-image-2659\" srcset=\"https:\/\/campingprovencale.com\/wp-content\/uploads\/2024\/01\/20240118_110552-1024x768.jpg 1024w, https:\/\/campingprovencale.com\/wp-content\/uploads\/2024\/01\/20240118_110552-300x225.jpg 300w, https:\/\/campingprovencale.com\/wp-content\/uploads\/2024\/01\/20240118_110552-768x576.jpg 768w, https:\/\/campingprovencale.com\/wp-content\/uploads\/2024\/01\/20240118_110552-1536x1152.jpg 1536w, https:\/\/campingprovencale.com\/wp-content\/uploads\/2024\/01\/20240118_110552-2048x1536.jpg 2048w\" sizes=\"(max-width: 1024px) 100vw, 1024px\" \/><\/figure>\n\n\n\n<p class=\"has-text-align-center\"><\/p>\n<\/div>\n<\/div>\n\n\n\n<section class=\"wp-container-6a073e806530b wp-block-group\"><div class=\"wp-block-group__inner-container\">\n<div class=\"wp-block-columns\">\n<div class=\"wp-block-column\">\n<h2 class=\"has-text-align-center\" id=\"pataugeoire-et-espace-peu-profond-pour-les-petits-poissons-1\">Water space for children in the Alpes Maritimes<\/h2>\n\n\n\n<p>Your children will also want to enjoy the crystal clear water that attracts them. In order to do so in complete safety, we provide you with an ideal <strong>water playground<\/strong> for children to have fun <strong>in complete safety<\/strong>. They can quickly learn all about swimming with you and dive with delight into a pool under your control.  <\/p>\n\n\n\n<p>Your <strong>campsite in the Alpes Maritimes with a water slide<\/strong> is truly the partner of choice for your children to fully experience their passion for the aquatic element. At the end of your stay, they will have acquired familiarity with the water for the little ones, or will even already know how to swim and will show you their magnificent dives. <\/p>\n\n\n\n<p>Between two swims, also enjoy <strong>the activities and entertainment at the campsite (from July 5, 2026 to August 21, 2026)<\/strong>, without forgetting the <strong>Mediterranean Sea<\/strong> less than 5 kilometers away with its fine sandy beaches and water activities. <\/p>\n\n\n\n<div class=\"wp-container-6a073e8065003 wp-block-buttons\">\n<div class=\"wp-block-button\"><a class=\"wp-block-button__link\" href=\"https:\/\/campingprovencale.com\/en\/photo-gallery\/\">Picture gallery<\/a><\/div>\n<\/div>\n<\/div>\n\n\n\n<div class=\"wp-block-column\">\n<figure class=\"wp-block-image alignfull size-full is-style-rounded\"><img width=\"640\" height=\"620\" src=\"https:\/\/campingprovencale.com\/wp-content\/uploads\/2024\/07\/photo-water-polo.jpg\" alt=\"\" class=\"wp-image-3747\" srcset=\"https:\/\/campingprovencale.com\/wp-content\/uploads\/2024\/07\/photo-water-polo.jpg 640w, https:\/\/campingprovencale.com\/wp-content\/uploads\/2024\/07\/photo-water-polo-300x291.jpg 300w\" sizes=\"(max-width: 640px) 100vw, 640px\" \/><\/figure>\n<\/div>\n<\/div>\n<\/div><\/section>\n\n\n\n<div style=\"height:40px\" aria-hidden=\"true\" class=\"wp-block-spacer\"><\/div>\n\n\n\n<section class=\"wp-container-6a073e8065a4d wp-block-group\"><div class=\"wp-block-group__inner-container\">\n<div class=\"wp-block-columns\">\n<div class=\"wp-block-column\">\n<h2 id=\"a-retenir-sur-la-piscine-chauffee-du-camping\">Things to remember about the campsite&#8217;s heated swimming pool<\/h2>\n\n\n\n<p>There&#8217;s nothing like <strong>the pool<\/strong> for fun in the sun. You&#8217;ll love diving in. Experience truly exceptional sensations in our <strong>campsite near Cannes<\/strong>. For everyone&#8217;s comfort, here are a few recommendations: <\/p>\n\n\n\n<ul><li>Bath sheet recommended for sunbathing,<\/li><li>Swimming trunks compulsory,<\/li><li><strong>Shorts or Bermuda shorts may not be worn,<\/strong><\/li><li>Comply with the water park&#8217;s house rules.<\/li><\/ul>\n\n\n\n<p>When you rent a mobile home at our <strong>4-star campsite<\/strong>, you&#8217;re guaranteed a pleasant holiday in <strong>Provence Alpes C\u00f4te d&#8217;Azur<\/strong>, near Cannes. Our campsite is the ideal place to discover the region, with its nearby beaches, the Massif de l&#8217;Est\u00e9rel, Saint Rapha\u00ebl, Saint Tropez and many other destinations. Our accommodation is fully equipped for the best holidays on the <strong>C\u00f4te d&#8217;Azur<\/strong>, with cicadas singing and <strong>4-star services<\/strong>. Whether you prefer the sea or the hinterland, discover the <strong>riches of Provence<\/strong> and <strong>the Mimosa capital<\/strong>. <\/p>\n\n\n\n<div class=\"wp-container-6a073e806579c wp-block-buttons\"><\/div>\n<\/div>\n<\/div>\n<\/div><\/section>\n\n\n\n<div class=\"wp-block-cover alignfull is-light F-10-a\"><span aria-hidden=\"true\" class=\"has-background-dim-0 wp-block-cover__gradient-background has-background-dim\"><\/span><img width=\"2560\" height=\"1707\" class=\"wp-block-cover__image-background wp-image-3551\" alt=\"transat piscine au camping \u00e0 Mandelieu\" src=\"https:\/\/campingprovencale.com\/wp-content\/uploads\/2024\/06\/AdobeStock_16489786-1-scaled.jpeg\" style=\"object-position:47% 0%\" data-object-fit=\"cover\" data-object-position=\"47% 0%\" srcset=\"https:\/\/campingprovencale.com\/wp-content\/uploads\/2024\/06\/AdobeStock_16489786-1-scaled.jpeg 2560w, https:\/\/campingprovencale.com\/wp-content\/uploads\/2024\/06\/AdobeStock_16489786-1-300x200.jpeg 300w, https:\/\/campingprovencale.com\/wp-content\/uploads\/2024\/06\/AdobeStock_16489786-1-1024x683.jpeg 1024w, https:\/\/campingprovencale.com\/wp-content\/uploads\/2024\/06\/AdobeStock_16489786-1-768x512.jpeg 768w, https:\/\/campingprovencale.com\/wp-content\/uploads\/2024\/06\/AdobeStock_16489786-1-1536x1024.jpeg 1536w, https:\/\/campingprovencale.com\/wp-content\/uploads\/2024\/06\/AdobeStock_16489786-1-2048x1365.jpeg 2048w\" sizes=\"(max-width: 2560px) 100vw, 2560px\" \/><div class=\"wp-block-cover__inner-container\">\n<div class=\"wp-container-6a073e80660b9 wp-block-group has-typo-color has-blanc-background-color has-text-color has-background\"><div class=\"wp-block-group__inner-container\">\n<h2 id=\"activites-au-camping-en-provence-alpes-cote-d-azur\">Camping activities in the PACA region<\/h2>\n\n\n\n<blockquote class=\"wp-block-quote\"><p>Mediterranean Sea less than 5 km away!<\/p><\/blockquote>\n\n\n\n<div style=\"height:20px\" aria-hidden=\"true\" class=\"wp-block-spacer\"><\/div>\n\n\n\n<p>In addition to our aquatic area, our <strong>campsite with swimming pool in Mandelieu<\/strong> offers many activities for children and parents. Enjoy <strong>bowls<\/strong> tournaments while the children play on the <strong>playground.<\/strong><\/p>\n\n\n\n<p>The family can have fun with table tennis, trampoline and bouncy castle <strong>activities<\/strong>. Without forgetting our entertainer<strong> <\/strong>with its activities for children in season (from July 5, 2025 to August 21, 2026). The campsite also offers a <strong>catering service<\/strong> from April to the end of October. <\/p>\n\n\n\n<p>Everything you need for a<strong> peaceful family holiday on the Mediterranean coast <\/strong>near Cannes. Our campsite is only 5 km from the Mediterranean!<\/p>\n\n\n\n<div class=\"wp-container-6a073e8065e06 wp-block-buttons\">\n<div class=\"wp-block-button\"><a class=\"wp-block-button__link\" href=\"https:\/\/campingprovencale.com\/en\/activities-services\/\">Discover our activities<\/a><\/div>\n<\/div>\n<\/div><\/div>\n<\/div><\/div>\n","protected":false},"excerpt":{"rendered":"<p>Camping in Mandelieu la Napoule with swimming pool in the Alpes Maritimes Want to cool off, dive into deliciously warm water, share water games with friends or family? Our aquatic area with heated outdoor swimming pool in Mandelieu la Napoule is designed to meet all your desires! From 2024, discover our new water slide for [&hellip;]<\/p>\n","protected":false},"author":1,"featured_media":3969,"parent":0,"menu_order":0,"comment_status":"closed","ping_status":"closed","template":"","meta":[],"acf":[],"_links":{"self":[{"href":"https:\/\/campingprovencale.com\/en\/wp-json\/wp\/v2\/pages\/1016"}],"collection":[{"href":"https:\/\/campingprovencale.com\/en\/wp-json\/wp\/v2\/pages"}],"about":[{"href":"https:\/\/campingprovencale.com\/en\/wp-json\/wp\/v2\/types\/page"}],"author":[{"embeddable":true,"href":"https:\/\/campingprovencale.com\/en\/wp-json\/wp\/v2\/users\/1"}],"replies":[{"embeddable":true,"href":"https:\/\/campingprovencale.com\/en\/wp-json\/wp\/v2\/comments?post=1016"}],"version-history":[{"count":6,"href":"https:\/\/campingprovencale.com\/en\/wp-json\/wp\/v2\/pages\/1016\/revisions"}],"predecessor-version":[{"id":5913,"href":"https:\/\/campingprovencale.com\/en\/wp-json\/wp\/v2\/pages\/1016\/revisions\/5913"}],"wp:featuredmedia":[{"embeddable":true,"href":"https:\/\/campingprovencale.com\/en\/wp-json\/wp\/v2\/media\/3969"}],"wp:attachment":[{"href":"https:\/\/campingprovencale.com\/en\/wp-json\/wp\/v2\/media?parent=1016"}],"curies":[{"name":"wp","href":"https:\/\/api.w.org\/{rel}","templated":true}]}}