{"id":5747,"date":"2025-09-23T11:05:47","date_gmt":"2025-09-23T09:05:47","guid":{"rendered":"https:\/\/campingprovencale.com\/alpes-maritimes-campsite\/"},"modified":"2025-09-23T11:05:49","modified_gmt":"2025-09-23T09:05:49","slug":"alpes-maritimes-campsite","status":"publish","type":"page","link":"https:\/\/campingprovencale.com\/en\/alpes-maritimes-campsite\/","title":{"rendered":"Alpes-Maritimes campsite"},"content":{"rendered":"\n<div class=\"wp-block-cover alignfull is-light\"><span aria-hidden=\"true\" class=\"has-background-dim-0 wp-block-cover__gradient-background has-background-dim\"><\/span><img width=\"1411\" height=\"939\" class=\"wp-block-cover__image-background wp-image-2843\" alt=\"Cannes\" src=\"https:\/\/campingprovencale.com\/wp-content\/uploads\/2024\/02\/Adobe-Cannes-La-Napoule.png\" style=\"object-position:57% 45%\" data-object-fit=\"cover\" data-object-position=\"57% 45%\" srcset=\"https:\/\/campingprovencale.com\/wp-content\/uploads\/2024\/02\/Adobe-Cannes-La-Napoule.png 1411w, https:\/\/campingprovencale.com\/wp-content\/uploads\/2024\/02\/Adobe-Cannes-La-Napoule-300x200.png 300w, https:\/\/campingprovencale.com\/wp-content\/uploads\/2024\/02\/Adobe-Cannes-La-Napoule-1024x681.png 1024w, https:\/\/campingprovencale.com\/wp-content\/uploads\/2024\/02\/Adobe-Cannes-La-Napoule-768x511.png 768w\" sizes=\"(max-width: 1411px) 100vw, 1411px\" \/><div class=\"wp-block-cover__inner-container\">\n<ul class=\"pictos has-white-color has-text-color\"><li><\/li><\/ul>\n<\/div><\/div>\n\n<h1 id=\"les-alpes-maritimes-pres-du-camping\">The Alpes Maritimes near the campsite<\/h1>\n\n<p>Few departments can match the <strong>Alpes-Maritimes <\/strong>for sunshine and scenic beauty. Its position <strong>between the sea and the mountains<\/strong> offers an incredible diversity of landscapes, making it the destination of choice for <strong>summer holidays on the C\u00f4te d&#8217;Azur<\/strong>! Among the multitude of activities on offer in the Alpes-Maritimes, discover what this d\u00e9partement has to offer holidaymakers to enhance your stay near your family campsite. <\/p>\n\n<div class=\"wp-block-columns\">\n<div class=\"wp-block-column is-vertically-aligned-center\">\n<h2 id=\"choisir-les-meilleurs-campings-des-alpes-maritimes\">Choose the best campsites in Alpes-Maritimes<\/h2>\n\n\n\n<p><strong>Campsites in the Alpes-Maritimes<\/strong> are ideal for <strong>holidays between the Mediterranean Sea and the mountains<\/strong> o<strong>f the Alps.<\/strong> This region, renowned for its sunny climate, offers a variety of star-rated campsites to suit all budgets. <\/p>\n\n\n\n<p>When choosing a campsite, look for those offering modern facilities, comfortable accommodation and activities suitable for all the family.<strong> 4-star campsites <\/strong>stand out for the quality of their services, including entertainment, restaurants and aquatic areas. <\/p>\n\n\n\n<h3 id=\"camping-alpes-maritimes-en-bord-de-mer\">Campsite Alpes Maritimes by the sea<\/h3>\n\n\n\n<p>Optez pour un<strong> camping en bord de mer<\/strong> afin de profiter des <strong>plages de la C\u00f4te d\u2019Azur<\/strong>. Ces \u00e9tablissements offrent un cadre exceptionnel et un acc\u00e8s direct \u00e0 des activit\u00e9s nautiques comme le paddle ou le snorkeling. <\/p>\n\n\n\n<p>Located in the heart of Provence, <strong>Camping La Proven\u00e7ale<\/strong> offers a unique blend of nature and relaxation. With its spacious pitches, comfortable mobile homes and swimming pool, it&#8217;s ideal for <strong>holidays with family or friends<\/strong>. Take advantage of the entertainment, nearby hiking trails and warm welcome to enjoy an authentic experience in the heart of the Proven\u00e7al countryside.  <\/p>\n\n\n\n<p><strong>Book your holiday in the Alpes-Maritimes now!<\/strong><\/p>\n\n\n\n<div class=\"wp-container-69d77d0303c59 wp-block-buttons\">\n<div class=\"wp-block-button\"><a class=\"wp-block-button__link\" href=\"https:\/\/campingprovencale.com\/en\/lodging\/\">Our accommodation<\/a><\/div>\n<\/div>\n<\/div>\n\n\n\n<div class=\"wp-block-column\">\n<figure class=\"wp-block-image size-large\"><img width=\"1024\" height=\"768\" src=\"https:\/\/campingprovencale.com\/wp-content\/uploads\/2024\/05\/20240430_113334-1-1024x768.jpg\" alt=\"\" class=\"wp-image-3245\" srcset=\"https:\/\/campingprovencale.com\/wp-content\/uploads\/2024\/05\/20240430_113334-1-1024x768.jpg 1024w, https:\/\/campingprovencale.com\/wp-content\/uploads\/2024\/05\/20240430_113334-1-300x225.jpg 300w, https:\/\/campingprovencale.com\/wp-content\/uploads\/2024\/05\/20240430_113334-1-768x576.jpg 768w, https:\/\/campingprovencale.com\/wp-content\/uploads\/2024\/05\/20240430_113334-1-1536x1152.jpg 1536w, https:\/\/campingprovencale.com\/wp-content\/uploads\/2024\/05\/20240430_113334-1-2048x1536.jpg 2048w\" sizes=\"(max-width: 1024px) 100vw, 1024px\" \/><\/figure>\n<\/div>\n<\/div>\n\n<div class=\"wp-block-columns has-vert-clair-background-color has-background\">\n<div class=\"wp-block-column\">\n<figure class=\"wp-block-image size-large\"><img width=\"1024\" height=\"683\" src=\"https:\/\/campingprovencale.com\/wp-content\/uploads\/2024\/10\/ADO-Grasse-Cote-dAzur-1024x683.jpeg\" alt=\"\" class=\"wp-image-4334\" srcset=\"https:\/\/campingprovencale.com\/wp-content\/uploads\/2024\/10\/ADO-Grasse-Cote-dAzur-1024x683.jpeg 1024w, https:\/\/campingprovencale.com\/wp-content\/uploads\/2024\/10\/ADO-Grasse-Cote-dAzur-300x200.jpeg 300w, https:\/\/campingprovencale.com\/wp-content\/uploads\/2024\/10\/ADO-Grasse-Cote-dAzur-768x512.jpeg 768w, https:\/\/campingprovencale.com\/wp-content\/uploads\/2024\/10\/ADO-Grasse-Cote-dAzur-1536x1024.jpeg 1536w, https:\/\/campingprovencale.com\/wp-content\/uploads\/2024\/10\/ADO-Grasse-Cote-dAzur-2048x1365.jpeg 2048w\" sizes=\"(max-width: 1024px) 100vw, 1024px\" \/><\/figure>\n<\/div>\n\n\n\n<div class=\"wp-block-column is-vertically-aligned-center\">\n<h2 id=\"decouvrir-les-alpes-maritimes\">Discover Alpes-Maritimes<\/h2>\n\n\n\n<p>The<strong> Alpes-Maritimes <\/strong>is as much about the glitz and glamour of the <strong>Croisette<\/strong> as it is about the authenticity of typical Proven\u00e7al villages. There are countless attractions in the d\u00e9partement, whether you like the majestic buildings on the <strong>Mediterranean coast<\/strong> or the hidden villages high up in the Alps. <\/p>\n\n\n\n<p><a href=\"https:\/\/campingprovencale.com\/camping-proche-cannes\/\" data-type=\"page\" data-id=\"2422\">Cannes<\/a><strong> and<\/strong><a href=\"https:\/\/campingprovencale.com\/nice-camping\/\" data-type=\"page\" data-id=\"5262\"> Nice <\/a>are flagship destinations that have brought international renown to the Alpes-Maritimes. But the other towns are not to be outdone when it comes to charm. <strong>Menton<\/strong>, the lemon capital, and Grasse, the perfume capital, are just two examples. In <strong>Antibes<\/strong>, take advantage of the weekly Provencal market to wander through the old town, which rivals Vieux-Nice in beauty. And then, of course, there&#8217;s <strong>Saint-Tropez<\/strong>, with its incomparable atmosphere of dolce vita.    <\/p>\n\n\n\n<p><a href=\"https:\/\/campingprovencale.com\/camping-mandelieu-la-napoule\/\" data-type=\"page\" data-id=\"1578\">Mandelieu-la-Napoule<\/a><strong> <\/strong>brings together everything that makes the Alpes-Maritimes so beautiful, including beaches, a superb golf course and the famous Corniche d&#8217;Or (Golden Corniche), which runs alongside the sea to <strong>Saint-Rapha\u00ebl<\/strong>. There&#8217;s also a very unusual red stone castle on the water&#8217;s edge &#8211; absolutely fascinating! <\/p>\n\n\n\n<p>There are four of the <strong>Most Beautiful Villages in France in the Alpes-Maritimes<\/strong>, including <strong>Gourdon<\/strong>, 30 km from the campsite, as well as <strong>Coaraze, Sainte-Agn\u00e8s and Saorg<\/strong>e. If you love the Provencal atmosphere of these ancient villages that resemble masterpieces, don&#8217;t miss <strong>Biot, \u00c8ze<\/strong> or <strong>Saint-Paul-de-Vence<\/strong> either. All of which make this dazzling region a veritable explosion of colour!  <\/p>\n<\/div>\n<\/div>\n\n<div class=\"wp-block-columns\">\n<div class=\"wp-block-column is-vertically-aligned-center\">\n<h2 id=\"les-activites-en-famille-dans-les-alpes-maritimes\">Family activities in the Alpes-Maritimes<\/h2>\n\n\n\n<p>If you&#8217;re looking for<strong> cultural activities,<\/strong> a visit to the <a href=\"https:\/\/campingprovencale.com\/alentours-chateau-de-la-napoule\/\" data-type=\"page\" data-id=\"1862\">Ch\u00e2teau de la Napoule<\/a> is a must! <strong>The Mus\u00e9e de la Mer on the Ile Sainte-Marguerite<\/strong> and the exotic <strong>Mus\u00e9e de La Castre<\/strong>, housed in a former ch\u00e2teau in Cannes, are equally enjoyable for families. <\/p>\n\n\n\n<p>Do you want to take advantage of the summer holidays to get some fresh air? Then give in to the pleasure of <strong>exploring the hinterland of the Alpes-Maritimes <\/strong>and the mountains in summer. <a href=\"https:\/\/campingprovencale.com\/massif-de-l-esterel\/\" data-type=\"page\" data-id=\"2755\">The Est\u00e9rel massif,<\/a> for example, is one of the most beautiful sites for <strong>hiking<\/strong> and mountain biking. The Tanneron massif is another gem: carpeted with <strong>mimosa<\/strong>, it lies just above <a href=\"https:\/\/campingprovencale.com\/camping-mandelieu-la-napoule\/\" data-type=\"page\" data-id=\"1578\">Mandelieu-la-Napoule<\/a>. And don&#8217;t miss the <strong>Mercantour National Park<\/strong>, a wonderful site for hiking, climbing and white-water sports.    <\/p>\n\n\n\n<p><strong>The Mediterranean coas<\/strong>t offers other great ideas for excursions. There are also numerous <strong>hiking <\/strong>trails along <strong>the coast<\/strong>, offering superb views. And don&#8217;t hesitate to take a <strong>boat trip.<\/strong> Your dream destination? The <a href=\"https:\/\/campingprovencale.com\/iles-de-lerins\/\" data-type=\"page\" data-id=\"2732\">L\u00e9rins islands<\/a> in the Gulf of La Napoule! In just a few minutes, you&#8217;ll be immersed in a veritable paradise of nature.     <\/p>\n\n\n\n<p>The<strong> Alpes-Maritimes <\/strong>also boasts beaches and coves that rival each other in beauty. Bathing in the powerful blue waters of the <strong>French Riviera<\/strong> is an unrivalled pleasure. On many of them, like the<strong> Est\u00e9rel beache<\/strong>s for example, you can also enjoy a wide variety of water sports.  <\/p>\n\n\n\n<div class=\"wp-container-69d77d0304339 wp-block-buttons\">\n<div class=\"wp-block-button\"><a class=\"wp-block-button__link\" href=\"https:\/\/campingprovencale.com\/en\/pool\/\">Aquatic area<\/a><\/div>\n<\/div>\n<\/div>\n\n\n\n<div class=\"wp-block-column\">\n<figure class=\"wp-block-gallery has-nested-images columns-2 is-cropped\">\n<figure class=\"wp-block-image size-large\"><img width=\"2016\" height=\"1512\" src=\"https:\/\/campingprovencale.com\/wp-content\/uploads\/2024\/09\/IMG_0295-retouchee.jpg\" alt=\"campsite mandelieu la napoule with swimming pool slide\" class=\"wp-image-3958\" srcset=\"https:\/\/campingprovencale.com\/wp-content\/uploads\/2024\/09\/IMG_0295-retouchee.jpg 2016w, https:\/\/campingprovencale.com\/wp-content\/uploads\/2024\/09\/IMG_0295-retouchee-300x225.jpg 300w, https:\/\/campingprovencale.com\/wp-content\/uploads\/2024\/09\/IMG_0295-retouchee-1024x768.jpg 1024w, https:\/\/campingprovencale.com\/wp-content\/uploads\/2024\/09\/IMG_0295-retouchee-768x576.jpg 768w, https:\/\/campingprovencale.com\/wp-content\/uploads\/2024\/09\/IMG_0295-retouchee-1536x1152.jpg 1536w\" sizes=\"(max-width: 2016px) 100vw, 2016px\" \/><\/figure>\n\n\n\n<figure class=\"wp-block-image size-large\"><img width=\"2560\" height=\"1707\" src=\"https:\/\/campingprovencale.com\/wp-content\/uploads\/2024\/05\/AdobeStock_91309342-1-scaled.jpeg\" alt=\"paddle activities mandelieu\" class=\"wp-image-3283\" srcset=\"https:\/\/campingprovencale.com\/wp-content\/uploads\/2024\/05\/AdobeStock_91309342-1-scaled.jpeg 2560w, https:\/\/campingprovencale.com\/wp-content\/uploads\/2024\/05\/AdobeStock_91309342-1-300x200.jpeg 300w, https:\/\/campingprovencale.com\/wp-content\/uploads\/2024\/05\/AdobeStock_91309342-1-1024x683.jpeg 1024w, https:\/\/campingprovencale.com\/wp-content\/uploads\/2024\/05\/AdobeStock_91309342-1-768x512.jpeg 768w, https:\/\/campingprovencale.com\/wp-content\/uploads\/2024\/05\/AdobeStock_91309342-1-1536x1024.jpeg 1536w, https:\/\/campingprovencale.com\/wp-content\/uploads\/2024\/05\/AdobeStock_91309342-1-2048x1365.jpeg 2048w\" sizes=\"(max-width: 2560px) 100vw, 2560px\" \/><\/figure>\n\n\n\n<figure class=\"wp-block-image size-large\"><img width=\"1469\" height=\"937\" src=\"https:\/\/campingprovencale.com\/wp-content\/uploads\/2024\/02\/Adobe-Esteel.png\" alt=\"Massif Est&#xE9;rel Cote d'Azur\" class=\"wp-image-2860\" srcset=\"https:\/\/campingprovencale.com\/wp-content\/uploads\/2024\/02\/Adobe-Esteel.png 1469w, https:\/\/campingprovencale.com\/wp-content\/uploads\/2024\/02\/Adobe-Esteel-300x191.png 300w, https:\/\/campingprovencale.com\/wp-content\/uploads\/2024\/02\/Adobe-Esteel-1024x653.png 1024w, https:\/\/campingprovencale.com\/wp-content\/uploads\/2024\/02\/Adobe-Esteel-768x490.png 768w\" sizes=\"(max-width: 1469px) 100vw, 1469px\" \/><\/figure>\n\n\n\n<figure class=\"wp-block-image size-large\"><img width=\"1416\" height=\"936\" src=\"https:\/\/campingprovencale.com\/wp-content\/uploads\/2024\/02\/Adobe-Mandelieu-La-Napoule.png\" alt=\"Mandelieu la Napoule castle\" class=\"wp-image-2855\" srcset=\"https:\/\/campingprovencale.com\/wp-content\/uploads\/2024\/02\/Adobe-Mandelieu-La-Napoule.png 1416w, https:\/\/campingprovencale.com\/wp-content\/uploads\/2024\/02\/Adobe-Mandelieu-La-Napoule-300x198.png 300w, https:\/\/campingprovencale.com\/wp-content\/uploads\/2024\/02\/Adobe-Mandelieu-La-Napoule-1024x677.png 1024w, https:\/\/campingprovencale.com\/wp-content\/uploads\/2024\/02\/Adobe-Mandelieu-La-Napoule-768x508.png 768w\" sizes=\"(max-width: 1416px) 100vw, 1416px\" \/><\/figure>\n<\/figure>\n<\/div>\n<\/div>\n\n<p><\/p>\n\n<div class=\"wp-block-cover alignfull is-light F-10-a\"><span aria-hidden=\"true\" class=\"has-background-dim-20 wp-block-cover__gradient-background has-background-dim\"><\/span><img width=\"1280\" height=\"853\" class=\"wp-block-cover__image-background wp-image-3498\" alt=\"plage camping mandelieu la napoule\" src=\"https:\/\/campingprovencale.com\/wp-content\/uploads\/2024\/06\/beach-3369140_1280.jpg\" style=\"object-position:51% 35%\" data-object-fit=\"cover\" data-object-position=\"51% 35%\" srcset=\"https:\/\/campingprovencale.com\/wp-content\/uploads\/2024\/06\/beach-3369140_1280.jpg 1280w, https:\/\/campingprovencale.com\/wp-content\/uploads\/2024\/06\/beach-3369140_1280-300x200.jpg 300w, https:\/\/campingprovencale.com\/wp-content\/uploads\/2024\/06\/beach-3369140_1280-1024x682.jpg 1024w, https:\/\/campingprovencale.com\/wp-content\/uploads\/2024\/06\/beach-3369140_1280-768x512.jpg 768w\" sizes=\"(max-width: 1280px) 100vw, 1280px\" \/><div class=\"wp-block-cover__inner-container\">\n<div class=\"wp-container-69d77d03048fb wp-block-group has-blanc-background-color has-background\"><div class=\"wp-block-group__inner-container\">\n<h2 id=\"sejourner-au-camping-a-mandelieu-la-napoule\">Camping in Mandelieu la Napoule<\/h2>\n\n\n\n<p>For a successful holiday in the <strong>Alpes-Maritimes,<\/strong> choose a campsite with a good location. Choose a shady pitch, close to amenities, ideal for a comfortable <strong>mobile home<\/strong>. Plan your stay in advance, especially during the school holidays, to guarantee the best availability and take advantage of activities suitable for families or groups of friends. Choose campsites in the heart of nature to combine peace and relaxation with easy access to beaches or hiking trails. Make sure you have the right equipment and enjoy a unique setting for a memorable holiday on the C\u00f4te d&#8217;Azur.     <strong>Plan ahead and make the most of your stay!<\/strong><\/p>\n\n\n\n<p><strong>During your summer holidays<\/strong>, put down your bags at La Proven\u00e7ale campsite, in Mandelieu-la-Napoule. Our family campsite offers a natural and friendly setting for a memorable stay with friends or family. Families with children will love the water park with its swimming pool and waterslide, as well as the playgrounds and petanque area.  <\/p>\n\n\n\n<p>Make the most of the facilities and services on offer at ou<strong>r 4-star campsite<\/strong> as you explore the region. You can book a traditional <strong>campsite pitch<\/strong> if you prefer to stay in a tent or camper van. For maximum comfort, we also offer mobile homes and chalets to rent, with all the necessary equipment.  <\/p>\n\n\n\n<p>With <strong>5 hectares of campsite La Proven\u00e7ale,<\/strong> you&#8217;ll find the ideal environment to spend y<strong>our summer holidays with your family<\/strong> in the Alpes-Maritimes. Between the sea and the mountains, the department is a constant source of wonder and is overflowing with possible summer activities. There&#8217;s something for everyone, and the hardest part is choosing!  <\/p>\n<\/div><\/div>\n<\/div><\/div>\n\n<div class=\"wp-block-columns\">\n<div class=\"wp-block-column\"><\/div>\n\n\n\n<div class=\"wp-block-column\"><\/div>\n<\/div>\n\n<div style=\"height:50px\" aria-hidden=\"true\" class=\"wp-block-spacer\"><\/div>\n","protected":false},"excerpt":{"rendered":"<p>The Alpes Maritimes near the campsite Few departments can match the Alpes-Maritimes for sunshine and scenic beauty. Its position between the sea and the mountains offers an incredible diversity of landscapes, making it the destination of choice for summer holidays on the C\u00f4te d&#8217;Azur! Among the multitude of activities on offer in the Alpes-Maritimes, discover [&hellip;]<\/p>\n","protected":false},"author":1,"featured_media":3335,"parent":0,"menu_order":0,"comment_status":"closed","ping_status":"closed","template":"","meta":[],"acf":[],"_links":{"self":[{"href":"https:\/\/campingprovencale.com\/en\/wp-json\/wp\/v2\/pages\/5747"}],"collection":[{"href":"https:\/\/campingprovencale.com\/en\/wp-json\/wp\/v2\/pages"}],"about":[{"href":"https:\/\/campingprovencale.com\/en\/wp-json\/wp\/v2\/types\/page"}],"author":[{"embeddable":true,"href":"https:\/\/campingprovencale.com\/en\/wp-json\/wp\/v2\/users\/1"}],"replies":[{"embeddable":true,"href":"https:\/\/campingprovencale.com\/en\/wp-json\/wp\/v2\/comments?post=5747"}],"version-history":[{"count":3,"href":"https:\/\/campingprovencale.com\/en\/wp-json\/wp\/v2\/pages\/5747\/revisions"}],"predecessor-version":[{"id":5750,"href":"https:\/\/campingprovencale.com\/en\/wp-json\/wp\/v2\/pages\/5747\/revisions\/5750"}],"wp:featuredmedia":[{"embeddable":true,"href":"https:\/\/campingprovencale.com\/en\/wp-json\/wp\/v2\/media\/3335"}],"wp:attachment":[{"href":"https:\/\/campingprovencale.com\/en\/wp-json\/wp\/v2\/media?parent=5747"}],"curies":[{"name":"wp","href":"https:\/\/api.w.org\/{rel}","templated":true}]}}