{"id":2522,"date":"2023-11-21T10:33:07","date_gmt":"2023-11-21T09:33:07","guid":{"rendered":"https:\/\/campingprovencale.com\/?page_id=2522"},"modified":"2025-04-24T12:26:57","modified_gmt":"2025-04-24T10:26:57","slug":"mandelieu-la-napoule-frankrijk","status":"publish","type":"page","link":"https:\/\/campingprovencale.com\/nl\/mandelieu-la-napoule-frankrijk\/","title":{"rendered":"Mandelieu la Napoule NL"},"content":{"rendered":"\n<h1 id=\"ontdek-mandelieu-la-napoule-aan-de-cote-d-azur\">Ontdek Mandelieu-la Napoule aan de C\u00f4te d&#8217;Azur<\/h1>\n\n\n\n<p>La&nbsp;<strong>C\u00f4te d\u2019Azur<\/strong>, la nature et les&nbsp;<strong>plages de m\u00e9diterran\u00e9e<\/strong>&nbsp;vous font r\u00eaver ? D\u00e9couvrez Mandelieu la Napoule lors de votre&nbsp;<strong>s\u00e9jour en famille<\/strong>&nbsp;dans les Alpes Maritimes.<strong>&nbsp;La capitale du mimosa<\/strong>&nbsp;est le lieu id\u00e9al pour poser vos valises en \u00e9t\u00e9. Farniente, balades nature, sports et visites culturelles s\u2019invitent au programme lors de vos vacances en famille au&nbsp;<strong>camping \u00e0 Mandelieu la Napoule&nbsp;<\/strong>!<\/p>\n\n\n\n<div class=\"wp-block-columns\">\n<div class=\"wp-block-column\">\n<figure class=\"wp-block-image size-large\"><img width=\"1024\" height=\"677\" src=\"https:\/\/campingprovencale.com\/wp-content\/uploads\/2024\/02\/Adobe-Mandelieu-La-Napoule-1024x677.png\" alt=\"Mandelieu la Napoule chateau\" class=\"wp-image-2853\" srcset=\"https:\/\/campingprovencale.com\/wp-content\/uploads\/2024\/02\/Adobe-Mandelieu-La-Napoule-1024x677.png 1024w, https:\/\/campingprovencale.com\/wp-content\/uploads\/2024\/02\/Adobe-Mandelieu-La-Napoule-300x198.png 300w, https:\/\/campingprovencale.com\/wp-content\/uploads\/2024\/02\/Adobe-Mandelieu-La-Napoule-768x508.png 768w, https:\/\/campingprovencale.com\/wp-content\/uploads\/2024\/02\/Adobe-Mandelieu-La-Napoule.png 1416w\" sizes=\"(max-width: 1024px) 100vw, 1024px\" \/><\/figure>\n<\/div>\n\n\n\n<div class=\"wp-block-column\">\n<h2 id=\"jouw-vakantie-in-mandelieu-la-napoule-aan-de-riviera\">Jouw vakantie in Mandelieu-la Napoule aan de Rivi\u00e8ra<\/h2>\n\n\n\n<p>Mandelieu-la Napoule is een bekende bestemming aan zee en heeft zeven stranden met verschillende charmes. Van<strong>familie-, sport- of meer intieme stranden<\/strong>, er is voor elk wat wils! Fijn zand en uitzicht op de prachtige&nbsp;<strong>Isles de L\u00e9rins<\/strong>&nbsp;zijn echter gemeenschappelijke kenmerken die uw momenten<strong>aan zee<\/strong> zullen sublimeren. Er worden meer dan dertig <strong>wateractiviteiten<\/strong> aangeboden. Zeilen, duiken, peddelen of windsurfen: u zult keuze te over hebben!<\/p>\n\n\n\n<p>Na een frisse duik geven de&nbsp;<strong>berges de Siagne&nbsp;<\/strong> je een bucolisch uitje. De kustrivier verbindt de zee met de wijk Mimosistes. Een paar muzieknoten die ontsnappen uit de <strong>guinguettes<\/strong> en de geur van mimosa zullen je wandeling verrijken. Elektrische boten en zwanen kruisen elkaar harmonieus in deze <strong>unieke natuurlijke ruimte<\/strong>.<\/p>\n\n\n\n<p>In het <strong>quartier de la Napoule<\/strong> wachten de pittoreske pleintjes, <strong>kunstnijverheidswinkels<\/strong> en <strong>zomerse designermarkt<\/strong> op je. Kunst en cultuur nemen een belangrijke plaats in. Dat ontdek je als je het &nbsp;<strong>ch\u00e2teau&nbsp;<\/strong> bezoekt, dat wordt beschouwd als een van de beste kunstenaarsresidenties ter wereld. De&nbsp;<strong>beruchte Riviera Golf<\/strong>&nbsp;de Barbossi is ook zeker een bezoekje waard, dankzij de monumentale kunstwerken die op de baan staan tentoongesteld.<\/p>\n<\/div>\n<\/div>\n\n\n\n<h2 id=\"mandelieu-la-napoule-een-natuurbestemming-aan-de-cote-d-azur\">Mandelieu la Napoule, een natuurbestemming aan de C\u00f4te d&#8217;Azur<\/h2>\n\n\n\n<p><strong>Destination Nature Mandelieu-La Napoule<\/strong>&nbsp;heet u welkom voor een vakantie in het hart van gevarieerde landschappen. Tussen de<strong>&nbsp;stranden van de Middellandse Zee<\/strong>, de rode rotsen van het&nbsp;<strong>Massif de l&#8217;Est\u00e9rel<\/strong>&nbsp;en het<strong>&nbsp;mimosabos<\/strong>&nbsp;van Tanneron, geniet 365 dagen van natuurlijke schoonheid. Het Massif de l&#8217;Est\u00e9rel, met 400 km gemarkeerde paden, is een paradijs voor wandelaars en mountainbikers. Ontdek ook de&nbsp;<strong>Caldeira de Maure Vieil<\/strong>, een geologisch overblijfsel van de oude vulkaan.<\/p>\n\n\n\n<p>Bij de <strong>Mont San Peyre<\/strong> biedt een park van 18 hectare een 360\u00b0 panoramisch uitzicht op de <strong>Golfe de la Napoule<\/strong>&nbsp;en de <strong>\u00celes de L\u00e9rins<\/strong>. Een wandelpad van 3,4 km loopt door de typische maquisvegetatie. Het<strong>&nbsp;woud van de Grand Duc en het massief van Tanneron<\/strong>, bekend om hun mimosa&#8217;s, zijn vooral in januari en februari het ontdekken waard. De oevers van de Siagne, de rivier die door Mandelieu stroomt, bieden een rustige wandeling door de dichte vegetatie, ideaal voor het observeren van de lokale fauna. Verken tot slot de<strong>Middellandse Zee<\/strong> en zijn wilde baaien, of ga de zee op om kennis te maken met de grote onderwaterfauna.<\/p>\n\n\n\n<p>Mandelieu-La Napoule, \u00a0<strong>sportresort<\/strong>, biedt een veelheid aan activiteiten. Met \u00a0<strong>400 km gemarkeerde paden in het Est\u00e9rel massief<\/strong>, is het een paradijs voor \u00a0<strong>wandelaars\u00a0<\/strong> en mountainbikers. De stad wordt doorkruist door de enige bevaarbare rivier van het departement, ideaal voor\u00a0<strong>kajakken\u00a0<\/strong>en\u00a0<strong>boottochtjes<\/strong>. De langeafstandswandelpaden GR 51 en GR 653A trekken langeafstandswandelaars aan, terwijl\u00a0<strong>de EuroV\u00e9lo 8\u00a0<\/strong> fietstoeristen aantrekt. De<strong>\u00a0Golfe de La Napoule\u00a0<\/strong> biedt een verscheidenheid aan activiteiten op het water. Bovendien omringen \u00a0<strong>twee van de iconische golfbanen van de regio<\/strong>\u00a0de stad, met respect voor het milieu. In de zomer komt Mandelieu tot leven met ambachtelijke markten, vuurwerkshows, shows en tentoonstellingen. Sportevenementen zoals de <strong>\u00a0Trail des Balcons d&#8217;Azur\u00a0<\/strong> en de\u00a0<strong>Race<\/strong>\u00a0<strong>Across France\u00a0<\/strong> ritmeren het jaar en trekken hardlopers, fietsers en liefhebbers van sportieve uitdagingen in de buitenlucht.<\/p>\n\n\n\n<p>Dankzij het zonnige <a href=\"https:\/\/campingprovencale.com\/nl\/mandelieu-weer\/\" data-type=\"page\" data-id=\"4889\">weer <\/a>bijna het hele jaar door kun je optimaal genieten van de stranden en buitenactiviteiten in Mandelieu-la-Napoule.<\/p>\n\n\n\n<h3 id=\"de-havens-van-mandelieu-la-napoule\">DE HAVENS VAN MANDELIEU la Napoule<\/h3>\n\n\n\n<p><strong>In Mandelieu-La Napoule<\/strong>,&nbsp;<strong>bootters&nbsp;<\/strong>vinden een waar paradijs met bijna 6.000 ligplaatsen verspreid over<strong>&nbsp;7 havens gewijd aan yachting<\/strong>. De zeehavens, zowel op de rivier als op het droge, bieden diensten van topkwaliteit. Tijdens een wandeling langs de kades van <strong>Port la Napoule<\/strong> of <strong>&nbsp;Port de la Rague<\/strong>&nbsp;kunt u een aantal bijzondere boten bewonderen en verse vis kopen op de markten. Elektrische boten zonder vaarbewijs zijn ideaal voor <strong>kleine, gezellige cruises<\/strong>. Elk jaar in april vindt in Port la Napoule de Napoule Boat Show plaats, een groot evenement voor bootliefhebbers. Mandelieu, een eersteklas bootbestemming.<\/p>\n\n\n\n<p>De&nbsp;<strong>Napoule Boat Show<\/strong>&nbsp;is h\u00e9t evenement aan de C\u00f4te d&#8217;Azur voor&nbsp;<strong>liefhebbers van plezierboten<\/strong>. Er zijn meer dan 100 internationale merken te zien, waaronder Beneteau, Jeanneau, Sunseeker en Zodiac. In de tentoonstellingsruimte van 10.000 m\u00b2 zijn 200 boten van 4 tot 26 meter lang te zien, waarvan 60% tweedehands. Bezoekers kunnen een verscheidenheid aan nautische producten en diensten ontdekken.&nbsp;<strong>De haven van La Napoule<\/strong>, gelegen tussen de rode rotsen van&nbsp;<strong>l&#8217;Est\u00e9re&nbsp;<\/strong>en de gouden heuvels van&nbsp;<strong>Tanneron<\/strong>, is gastheer van dit evenement&nbsp;<strong>elk voorjaar in april<\/strong>, en biedt een idyllische omgeving en hoogwaardige faciliteiten voor zeilers.<\/p>\n\n\n\n<div class=\"wp-block-columns\">\n<div class=\"wp-block-column\">\n<h2 id=\"een-bezoek-aan-de-omgeving-van-mandelieu-la-napoule\">Een bezoek aan de omgeving van Mandelieu-la Napoule<\/h2>\n\n\n\n<p>Veroverd door de magie van de plek, ben je klaar om de uitlopers van het <strong>Massif de&nbsp;l&#8217;Est\u00e9rel&nbsp;<\/strong> op slechts een paar kilometer van de camping te verkennen? Te voet of op de fiets, de&nbsp;<strong>wandelroutes<\/strong>&nbsp;die zijn uitgestippeld zijn talrijk. De charme van de Scarlet Rock, de<strong>adembenemende panorama&#8217;s<\/strong>, de grotten en uitkijkposten zullen onvergetelijke herinneringen achterlaten.<\/p>\n\n\n\n<p>Neem na je wandeling de <strong>route touristique de la Corniche d&#8217;Or<\/strong>. De<strong>mediterrane zee<\/strong> aan de ene kant, het Est\u00e9rel massief aan de andere: u zult versteld staan van de explosie van kleuren in de rotsen en het water. Om het landschap te bewonderen is een stop op een van de rode zandstranden verscholen in de baaien een welkome traktatie.<\/p>\n\n\n\n<p>De&nbsp;<strong>port de la Napoule<\/strong>&nbsp;is het vertrekpunt voor de&nbsp;<strong>\u00eeles de L\u00e9rins<\/strong>. Een waar concentraat van natuur en cultuur, de archipel is een must-see tijdens uw verblijf.<\/p>\n\n\n\n<p>Rust en spiritualiteit bepalen de sfeer op&nbsp;<strong>het eiland Saint-Honorat<\/strong>, getekend door zestien eeuwen kloosterleven. Op het <strong>eiland Sainte-Marguerite<\/strong> word je overspoeld door natuur en geschiedenis.<\/p>\n\n\n\n<p>De&nbsp;<strong>Fort Royal<\/strong>, gevangenis van de beroemde&nbsp;<strong>man met het ijzeren masker<\/strong>, neemt je mee terug in de tijd. Na een verkwikkende wandeling door het 152 hectare grote staatsbos kun je aan boord gaan van een pendeldienst naar <a href=\"https:\/\/campingprovencale.com\/nl\/camping-cannes\/\">Cannes<\/a>. De stad staat bekend om zijn festivals en is een charmante tussenstop.&nbsp;<strong>Een wandeling over de Croisette<\/strong>&nbsp;of een wandeling door de smalle straatjes van de oude stad: wat een geweldige manier om je zomerdag af te ronden!<\/p>\n<\/div>\n\n\n\n<div class=\"wp-block-column\">\n<figure class=\"wp-block-image size-large\"><img width=\"1024\" height=\"653\" src=\"https:\/\/campingprovencale.com\/wp-content\/uploads\/2024\/02\/Adobe-Esteel-1024x653.png\" alt=\"Massif Est\u00e9rel Cote d'Azur\" class=\"wp-image-2858\" srcset=\"https:\/\/campingprovencale.com\/wp-content\/uploads\/2024\/02\/Adobe-Esteel-1024x653.png 1024w, https:\/\/campingprovencale.com\/wp-content\/uploads\/2024\/02\/Adobe-Esteel-300x191.png 300w, https:\/\/campingprovencale.com\/wp-content\/uploads\/2024\/02\/Adobe-Esteel-768x490.png 768w, https:\/\/campingprovencale.com\/wp-content\/uploads\/2024\/02\/Adobe-Esteel.png 1469w\" sizes=\"(max-width: 1024px) 100vw, 1024px\" \/><\/figure>\n<\/div>\n<\/div>\n\n\n\n<div class=\"wp-block-columns\">\n<div class=\"wp-block-column\">\n<h2 id=\"mandelieu-la-napoule-en-zijn-kastelen\">Mandelieu la Napoule en zijn kastelen<\/h2>\n\n\n\n<p><strong>Mandelieu-la-Napoule<\/strong>, juweel van de <strong>C\u00f4te d&#8217;Azur<\/strong>, fascineert door zijn historische erfgoed, belichaamd door de twee kastelen: het <em>Ch\u00e2teau de la Napoule<\/em> en het <strong>Ch\u00e2teau d&#8217;Agecroft<\/strong>. Deze gebouwen, genesteld tussen zee en bergen, vertellen het verhaal van de eeuwenoude geschiedenis van de regio, bieden een prachtig uitzicht op de Middellandse Zee en nodigen uit tot verrijkende culturele verkenning.<\/p>\n\n\n\n<h3 id=\"bezoek-het-chateau-de-la-napoule\">Bezoek het Ch\u00e2teau de la Napoule<\/h3>\n\n\n\n<p>Je kunt niet anders dan gefascineerd zijn door de duizend levens die het<strong> Ch\u00e2teau de la Napoule<\/strong> heeft gehad! Het werd meer dan 2000 jaar geleden bewoond door de Romeinen, voordat het een middeleeuws fort werd. Het had in verval kunnen raken, maar een paar Amerikaanse kunstenaars, Henry en Marie Clews, werden in 1918 verliefd op de plek en redden het. Het kasteel werd uitgebreid gerestaureerd en verfraaid met een veelheid aan creatieve architectonische details om er een uiterst origineel gebouw van te maken. Met zijn&nbsp;<strong>rode steen<\/strong>, enorme terras en mysterieuze hoekjes en gaatjes is het een filmset op zich: je hebt het waarschijnlijk zelfs gezien in&nbsp;<strong>En attendant Bojangles<\/strong>&nbsp;! De ziel van de eigenaars lijkt nog steeds rond te zweven in dit verbazingwekkende kasteel. Je kunt hier zelfs werken bewonderen van Henry Clews, een beeldhouwer die samenwerkte met Rodin. De uitzonderlijke locatie draagt bij aan de magie van de plek, met een spectaculair uitzicht op de zee. Prachtige geklasseerde tuinen, aangelegd door Marie Clews, versterken deze betoverende omgeving. Ze zijn verdeeld in verschillende sferen over 2,5 hectare en zijn zeker aantrekkelijk voor kinderen dankzij een schattenjacht.<\/p>\n\n\n\n<h3 id=\"bezoek-kasteel-agecroft\">Bezoek Kasteel Agecroft<\/h3>\n\n\n\n<p>Agecroft Castle, met zijn muren getekend door de tijd, nodigt uit tot nadenken. In dit gebouw vertelt elke steen een verhaal en roept vervlogen tijden op. Wandelend door de&nbsp;<strong>tuin<\/strong> ontdek je een&nbsp;<strong>vari\u00ebteit aan bloemen<\/strong>&nbsp;die uitnodigt tot een&nbsp;<strong>serene wandeling<\/strong>. Het landgoed beperkt zich niet tot zijn gebouwen: het vibreert van activiteit op het ritme van de seizoenen. Van&nbsp;<strong>kunst- en ambachtsworkshops tot geschiedenislezingen<\/strong>, elk evenement onthult een rijk cultureel erfgoed. En met&nbsp;<strong>concerten in het park<\/strong> mengt muziek zich met het gezang van de natuur, voor een harmonieus moment. Agecroft Castle&nbsp;<strong>biedt&nbsp;<strong>entertainment gericht op de allerkleinsten<\/strong>, weeft de tijdperken samen en laat een nieuwe generatie kennismaken met het rijke erfgoed van het landgoed. Hier beginnen bezoekers aan een reis door de tijd, waarbij hun nieuwsgierigheid en leergierigheid wordt geprikkeld. Bovendien biedt de&nbsp;<strong>kalmte van het terrein<\/strong>&nbsp;een prachtige ontsnapping aan de drukte van alledag.<\/strong><\/p>\n<\/div>\n<\/div>\n\n\n\n<div class=\"wp-block-columns\">\n<div class=\"wp-block-column\">\n<figure class=\"wp-block-image size-large\"><img width=\"1024\" height=\"682\" src=\"https:\/\/campingprovencale.com\/wp-content\/uploads\/2023\/10\/Paddle-2-1024x682.jpg\" alt=\"\" class=\"wp-image-2396\" srcset=\"https:\/\/campingprovencale.com\/wp-content\/uploads\/2023\/10\/Paddle-2-1024x682.jpg 1024w, https:\/\/campingprovencale.com\/wp-content\/uploads\/2023\/10\/Paddle-2-300x200.jpg 300w, https:\/\/campingprovencale.com\/wp-content\/uploads\/2023\/10\/Paddle-2-768x512.jpg 768w, https:\/\/campingprovencale.com\/wp-content\/uploads\/2023\/10\/Paddle-2.jpg 1280w\" sizes=\"(max-width: 1024px) 100vw, 1024px\" \/><\/figure>\n<\/div>\n\n\n\n<div class=\"wp-block-column\">\n<h2 id=\"stranden-en-watersporten-in-mandelieu-la-napoule-aan-de-cote-d-azur\">Stranden en watersporten in Mandelieu la Napoule aan de C\u00f4te d&#8217;Azur<\/h2>\n\n\n\n<p>Mandelieu la Napoule heeft 7<strong>&nbsp;stranden<\/strong>! Deze stukken fijn zand zijn echte ansichtkaart achtergronden met hun uitzicht op<strong>&nbsp;de L\u00e9rins eilanden<\/strong>&nbsp;en de rode rotsen van&nbsp;<strong>l&#8217;Est\u00e9rel<\/strong>.<\/p>\n\n\n\n<p>Voor een gezinsvriendelijk strand dat ook sportief is, spreid je je handdoek uit op Plage des Dauphins, Plage du Sable d&#8217;Or of Plage de Robinson. Hier vind je een watersportcentrum en beachvolleybalvelden. Als je een veiliger strand wilt voor je kinderen, ga dan naar de oevers van het kustpad. De <strong>plage de la Raguette<\/strong> of de<strong> plage du Ch\u00e2teau de la Napoule<\/strong> bieden een zachte helling. Ideaal voor kinderen, die zich kunnen vermaken terwijl ze hun voeten lang genoeg omhoog houden.<\/p>\n\n\n\n<p>Naast<strong>&nbsp;fijne zandstranden<\/strong>&nbsp;is Mandelieu-la-Napoule de ideale plek om met het hele gezin te genieten van een grote verscheidenheid aan watersporten. Voor liefhebbers van&nbsp;<strong>watersport<\/strong> biedt de regio eindeloze mogelijkheden. Je kunt je uitleven met activiteiten als waterski\u00ebn, jetski\u00ebn, zeilen, paddleboarden, duiken en zelfs vissen. Zeil- en duikscholen bieden cursussen voor alle niveaus, ook voor beginners.<\/p>\n<\/div>\n<\/div>\n\n\n\n<div class=\"wp-block-cover alignfull is-light F-10-a\"><span aria-hidden=\"true\" class=\"has-background-dim-20 wp-block-cover__gradient-background has-background-dim\"><\/span><img width=\"2560\" height=\"1920\" class=\"wp-block-cover__image-background wp-image-3075\" alt=\"\" src=\"https:\/\/campingprovencale.com\/wp-content\/uploads\/2024\/04\/20240417_100247-scaled.jpg\" style=\"object-position:50% 71%\" data-object-fit=\"cover\" data-object-position=\"50% 71%\" srcset=\"https:\/\/campingprovencale.com\/wp-content\/uploads\/2024\/04\/20240417_100247-scaled.jpg 2560w, https:\/\/campingprovencale.com\/wp-content\/uploads\/2024\/04\/20240417_100247-300x225.jpg 300w, https:\/\/campingprovencale.com\/wp-content\/uploads\/2024\/04\/20240417_100247-1024x768.jpg 1024w, https:\/\/campingprovencale.com\/wp-content\/uploads\/2024\/04\/20240417_100247-768x576.jpg 768w, https:\/\/campingprovencale.com\/wp-content\/uploads\/2024\/04\/20240417_100247-1536x1152.jpg 1536w, https:\/\/campingprovencale.com\/wp-content\/uploads\/2024\/04\/20240417_100247-2048x1536.jpg 2048w\" sizes=\"(max-width: 2560px) 100vw, 2560px\" \/><div class=\"wp-block-cover__inner-container\">\n<div class=\"wp-container-69e74672028ef wp-block-group has-blanc-background-color has-background\"><div class=\"wp-block-group__inner-container\">\n<h2 id=\"verblijf-op-camping-la-provencale-in-mandelieu-la-napoule\">Verblijf op camping La Proven\u00e7ale in Mandelieu-la Napoule<\/h2>\n\n\n\n<p>Dicht bij de stranden en het dorpscentrum is onze<a href=\"https:\/\/campingprovencale.com\/nl\/\">&nbsp;camping in Mandelieu-la Napoule<\/a>&nbsp;ideaal gelegen. Geniet na een heerlijke dag&nbsp;<strong>familievakantie<\/strong> van ons&nbsp;<strong>waterpark&nbsp;<\/strong> en neem een duik in een van onze twee verwarmde zwembaden. Kinderen zullen zich vermaken op de glijbanen en in de speeltuin die speciaal voor hen is ontworpen. In de zomer biedt onze&nbsp;<strong>4-sterrencamping<\/strong>&nbsp;entertainment. Laat ze met een gerust hart achter en neem wat tijd voor jezelf, dat is waar vakantie om draait! Qua accommodatie biedt de camping <strong>verhuur van stacaravans en chalets<\/strong> die van alle gemakken zijn voorzien, sommige met halfoverdekt terras, airconditioning, enz.&nbsp;<\/p>\n\n\n\n<p>Je kunt ook genieten van volledig uitgeruste tenten voor een<strong>&nbsp;meer ongebruikelijke gezinsvakantie<\/strong>&nbsp;en schaduwrijke kampeerplaatsen voor<strong>&nbsp;vakanties dichter bij de natuur&nbsp;<\/strong> met <strong>4-sterrenservice<\/strong>.<\/p>\n\n\n\n<p>Bent u op zoek naar een <strong>familiecamping<\/strong> voor een zonnige vakantie in het zuiden van Frankrijk? De&nbsp;<strong>camping La Proven\u00e7ale<\/strong>&nbsp;zal aan uw verwachtingen voldoen dankzij de kwaliteit van zijn diensten en zijn perfecte ligging&nbsp;<strong>in de buurt van Cannes<\/strong>. Onze camping is het ideale vertrekpunt om de <strong>Provence Alpes C\u00f4te d&#8217;Azur<\/strong>&nbsp;en zijn must-see bestemmingen te ontdekken: Saint Rapha\u00ebl, Saint Tropez, Nice, Cannes etc.&nbsp;<br>Boek en begin met dromen:&nbsp;Mandelieu-la-Napoule, zijn stranden en unieke omgeving wachten op u deze zomer!<\/p>\n<\/div><\/div>\n<\/div><\/div>\n\n\n\n<div style=\"height:43px\" aria-hidden=\"true\" class=\"wp-block-spacer\"><\/div>\n","protected":false},"excerpt":{"rendered":"<p>Ontdek Mandelieu-la Napoule aan de C\u00f4te d&#8217;Azur La&nbsp;C\u00f4te d\u2019Azur, la nature et les&nbsp;plages de m\u00e9diterran\u00e9e&nbsp;vous font r\u00eaver ? D\u00e9couvrez Mandelieu la Napoule lors de votre&nbsp;s\u00e9jour en famille&nbsp;dans les Alpes Maritimes.&nbsp;La capitale du mimosa&nbsp;est le lieu id\u00e9al pour poser vos valises en \u00e9t\u00e9. Farniente, balades nature, sports et visites culturelles s\u2019invitent au programme lors de vos [&hellip;]<\/p>\n","protected":false},"author":1,"featured_media":2015,"parent":0,"menu_order":0,"comment_status":"closed","ping_status":"closed","template":"","meta":[],"acf":[],"_links":{"self":[{"href":"https:\/\/campingprovencale.com\/nl\/wp-json\/wp\/v2\/pages\/2522"}],"collection":[{"href":"https:\/\/campingprovencale.com\/nl\/wp-json\/wp\/v2\/pages"}],"about":[{"href":"https:\/\/campingprovencale.com\/nl\/wp-json\/wp\/v2\/types\/page"}],"author":[{"embeddable":true,"href":"https:\/\/campingprovencale.com\/nl\/wp-json\/wp\/v2\/users\/1"}],"replies":[{"embeddable":true,"href":"https:\/\/campingprovencale.com\/nl\/wp-json\/wp\/v2\/comments?post=2522"}],"version-history":[{"count":6,"href":"https:\/\/campingprovencale.com\/nl\/wp-json\/wp\/v2\/pages\/2522\/revisions"}],"predecessor-version":[{"id":4920,"href":"https:\/\/campingprovencale.com\/nl\/wp-json\/wp\/v2\/pages\/2522\/revisions\/4920"}],"wp:featuredmedia":[{"embeddable":true,"href":"https:\/\/campingprovencale.com\/nl\/wp-json\/wp\/v2\/media\/2015"}],"wp:attachment":[{"href":"https:\/\/campingprovencale.com\/nl\/wp-json\/wp\/v2\/media?parent=2522"}],"curies":[{"name":"wp","href":"https:\/\/api.w.org\/{rel}","templated":true}]}}