{"id":3598,"date":"2024-06-24T16:52:19","date_gmt":"2024-06-24T14:52:19","guid":{"rendered":"https:\/\/campingprovencale.com\/?page_id=3598"},"modified":"2025-04-24T12:25:54","modified_gmt":"2025-04-24T10:25:54","slug":"mandelieu-la-napoule-plages","status":"publish","type":"page","link":"https:\/\/campingprovencale.com\/nl\/mandelieu-la-napoule-plages\/","title":{"rendered":"Mandelieu plages NL"},"content":{"rendered":"\n<div class=\"wp-block-cover alignfull is-light\"><span aria-hidden=\"true\" class=\"wp-block-cover__gradient-background has-background-dim\"><\/span><img width=\"1411\" height=\"939\" class=\"wp-block-cover__image-background wp-image-2843\" alt=\"Cannes\" src=\"https:\/\/campingprovencale.com\/wp-content\/uploads\/2024\/02\/Adobe-Cannes-La-Napoule.png\" style=\"object-position:57% 45%\" data-object-fit=\"cover\" data-object-position=\"57% 45%\" srcset=\"https:\/\/campingprovencale.com\/wp-content\/uploads\/2024\/02\/Adobe-Cannes-La-Napoule.png 1411w, https:\/\/campingprovencale.com\/wp-content\/uploads\/2024\/02\/Adobe-Cannes-La-Napoule-300x200.png 300w, https:\/\/campingprovencale.com\/wp-content\/uploads\/2024\/02\/Adobe-Cannes-La-Napoule-1024x681.png 1024w, https:\/\/campingprovencale.com\/wp-content\/uploads\/2024\/02\/Adobe-Cannes-La-Napoule-768x511.png 768w\" sizes=\"(max-width: 1411px) 100vw, 1411px\" \/><div class=\"wp-block-cover__inner-container\">\n<ul class=\"pictos has-white-color has-text-color\"><li><\/li><\/ul>\n<\/div><\/div>\n\n\n\n<div class=\"wp-container-69e736cb78608 wp-block-group\"><div class=\"wp-block-group__inner-container\">\n<h1 class=\"has-text-align-center\" id=\"de-stranden-van-mandelieu-la-napoule-aan-de-cote-d-azur\">De stranden van Mandelieu la Napoule, aan de C\u00f4te d&#8217;Azur<\/h1>\n\n\n\n<p>Bezoek vanaf camping La Proven\u00e7ale in Mandelieu la Napoule de stad, <strong>hoofdstad van de mimosa<\/strong>, maar ook een <strong>badplaats aan de C\u00f4te d&#8217;Azur<\/strong> die gewaardeerd wordt om zijn 7 stranden met helder water. Verblijf in<strong>comfortabele vakantiehuizen in de buurt van Cannes<\/strong> en geniet van de nabijheid van deze prachtige stukken fijn zand.<\/p>\n<\/div><\/div>\n\n\n\n<div class=\"wp-block-columns\">\n<div class=\"wp-block-column\">\n<figure class=\"wp-block-image size-large\"><img width=\"1024\" height=\"682\" src=\"https:\/\/campingprovencale.com\/wp-content\/uploads\/2024\/05\/ADO-plage-1024x682.jpeg\" alt=\"plage m\u00e9diterran\u00e9e\" class=\"wp-image-3289\" srcset=\"https:\/\/campingprovencale.com\/wp-content\/uploads\/2024\/05\/ADO-plage-1024x682.jpeg 1024w, https:\/\/campingprovencale.com\/wp-content\/uploads\/2024\/05\/ADO-plage-300x200.jpeg 300w, https:\/\/campingprovencale.com\/wp-content\/uploads\/2024\/05\/ADO-plage-768x512.jpeg 768w, https:\/\/campingprovencale.com\/wp-content\/uploads\/2024\/05\/ADO-plage-1536x1023.jpeg 1536w, https:\/\/campingprovencale.com\/wp-content\/uploads\/2024\/05\/ADO-plage-2048x1365.jpeg 2048w\" sizes=\"(max-width: 1024px) 100vw, 1024px\" \/><\/figure>\n<\/div>\n\n\n\n<div class=\"wp-block-column\">\n<h2 id=\"geniet-van-de-stranden-van-mandelieu-la-napoule-aan-de-cote-d-azur\">Geniet van de stranden van Mandelieu la Napoule aan de C\u00f4te d&#8217;Azur<\/h2>\n\n\n\n<p>Mandelieu la Napoule bij Cannes is de thuisbasis van<strong>7 fijne zandstranden<\/strong> elk verschillend van de volgende. Wat de stranden gemeen hebben is hun idyllische omgeving <strong>met de L\u00e9rins eilanden en de rode rotsen van het Esterel<\/strong> als achtergrond.<\/p>\n\n\n\n<p>Gezinnen genieten vooral van de <strong>plage de la Raguette<\/strong> en het strand bij Ch\u00e2teau de la Napoule. Deze zandstranden langs de kust hebben namelijk ondiep water over een vrij lange afstand, waardoor kinderen er rustiger kunnen spelen.<\/p>\n\n\n\n<p>Andere, meer sportieve stranden zijn ook aantrekkelijk voor gezinnen, zoals het <strong>Plage des Dauphins<\/strong>, het <strong>Plage de Robinson<\/strong>, het <strong>Plage de Fon Marina<\/strong> of het <strong>Plage du Sable d&#8217;Or<\/strong>. Deze stranden hebben een <strong>nautische basis<\/strong> en beachvolleybalvelden. Deze stranden nodigen uit tot tal van <strong>watersportactiviteiten<\/strong> (peddelen, kajakken, jetski\u00ebn, enz.) en om te ontspannen <strong>onder de zon van de Alpes-Maritimes<\/strong>!<\/p>\n\n\n\n<p>Haal het meeste uit uw <strong>dagen aan het strand<\/strong> voor een onvergetelijk avontuur voor het hele gezin. Begin met een ochtend <strong>yoga<\/strong> of een ontspannen <strong>paddle<\/strong> tocht om jezelf onder te dompelen in de schoonheid van de <strong>Middellandse Zee<\/strong>. Ontdek de <strong>wateractiviteiten<\/strong> die worden aangeboden op de plaatselijke basis: catamaran, kajak, peddelen, er is voor elk wat wils. Na de lunch met je voeten in het zand, laat je de verbeelding van de kinderen de vrije loop met <strong>spelletjes op het strand<\/strong> of een verkenning van de omgeving. Sluit de dag af met een <strong>ontspannende wandeling<\/strong> in de schemering, gevolgd door wat ontspannen tijd met het gezin bij het kijken naar de <strong>zonsondergang<\/strong>.<\/p>\n<\/div>\n<\/div>\n\n\n\n<div class=\"wp-block-columns\">\n<div class=\"wp-block-column\">\n<h2 id=\"allerlei-activiteiten-in-en-rond-mandelieu\">Allerlei activiteiten in en rond Mandelieu<\/h2>\n\n\n\n<p><strong>Op Mandelieu la Napoule<\/strong> ontdek je het Ch\u00e2teau de la Napoule en zijn weelderige tuinen of het Ch\u00e2teau d&#8217;Agecroft. Slenter vervolgens door de smalle straatjes van de stad, waar je kleine musea, ambachtelijke werkplaatsen en mooie pleintjes vindt om te ontspannen.<\/p>\n\n\n\n<p>Zet vanuit Mandelieu la Napoule koers naar de<strong>L\u00e9rins eilanden<\/strong> tegenover <a href=\"https:\/\/campingprovencale.com\/nl\/camping-cannes\/\">Cannes<\/a>. Geniet van paradijselijke stranden en ongerepte natuur op de eilanden Sainte-Marguerite en Saint-Honorat, die samen de L\u00e9rins-eilanden vormen.<\/p>\n\n\n\n<p>Om verder te genieten van een prachtige ongerepte natuur, ontdek je alle rijkdommen van het <strong>massief van l&#8217;Esterel<\/strong>. Dit massief, met zijn rode rotsen en steile hellingen, biedt 400 km bewegwijzerde wandelpaden om te voet of met de mountainbike te verkennen.<\/p>\n\n\n\n<p>En mis <strong>een uitstapje naar Cannes<\/strong> niet tijdens uw kampeervakantie. Cannes staat bekend om het internationale filmfestival dat er elk jaar plaatsvindt, maar is ook een bezoek waard vanwege de pittoreske wijken, zoals het <strong>Suquet<\/strong>, de beroemde boulevard de la <strong>Croisette<\/strong>, de luxe paleizen of de <strong>march\u00e9 Forville<\/strong> en de lokale kwaliteitsproducten.<\/p>\n\n\n\n<p>Niet ver van onze camping in Mandelieu la Napoule zijn er tal van activiteiten voor het hele gezin om met de kinderen van te genieten: watersporten, golf, wandelen, enz.<\/p>\n\n\n\n<p>Met zijn milde, aangename <a href=\"https:\/\/campingprovencale.com\/nl\/mandelieu-weer\/\" data-type=\"page\" data-id=\"4889\">weer is Mandelieu<\/a> de ideale bestemming voor een kampeervakantie aan zee.<\/p>\n<\/div>\n\n\n\n<div class=\"wp-block-column\">\n<figure class=\"wp-block-image size-large\"><img width=\"1024\" height=\"683\" src=\"https:\/\/campingprovencale.com\/wp-content\/uploads\/2024\/05\/AdobeStock_91309342-1-1024x683.jpeg\" alt=\"paddle activit\u00e9s mandelieu\" class=\"wp-image-3283\" srcset=\"https:\/\/campingprovencale.com\/wp-content\/uploads\/2024\/05\/AdobeStock_91309342-1-1024x683.jpeg 1024w, https:\/\/campingprovencale.com\/wp-content\/uploads\/2024\/05\/AdobeStock_91309342-1-300x200.jpeg 300w, https:\/\/campingprovencale.com\/wp-content\/uploads\/2024\/05\/AdobeStock_91309342-1-768x512.jpeg 768w, https:\/\/campingprovencale.com\/wp-content\/uploads\/2024\/05\/AdobeStock_91309342-1-1536x1024.jpeg 1536w, https:\/\/campingprovencale.com\/wp-content\/uploads\/2024\/05\/AdobeStock_91309342-1-2048x1365.jpeg 2048w\" sizes=\"(max-width: 1024px) 100vw, 1024px\" \/><\/figure>\n<\/div>\n<\/div>\n\n\n\n<div class=\"wp-block-cover alignfull F-10-a\"><span aria-hidden=\"true\" class=\"has-background-dim-20 wp-block-cover__gradient-background has-background-dim\"><\/span><img width=\"1469\" height=\"937\" class=\"wp-block-cover__image-background wp-image-2860\" alt=\"Massif Est\u00e9rel Cote d'Azur\" src=\"https:\/\/campingprovencale.com\/wp-content\/uploads\/2024\/02\/Adobe-Esteel.png\" style=\"object-position:47% 23%\" data-object-fit=\"cover\" data-object-position=\"47% 23%\" srcset=\"https:\/\/campingprovencale.com\/wp-content\/uploads\/2024\/02\/Adobe-Esteel.png 1469w, https:\/\/campingprovencale.com\/wp-content\/uploads\/2024\/02\/Adobe-Esteel-300x191.png 300w, https:\/\/campingprovencale.com\/wp-content\/uploads\/2024\/02\/Adobe-Esteel-1024x653.png 1024w, https:\/\/campingprovencale.com\/wp-content\/uploads\/2024\/02\/Adobe-Esteel-768x490.png 768w\" sizes=\"(max-width: 1469px) 100vw, 1469px\" \/><div class=\"wp-block-cover__inner-container\">\n<div class=\"wp-container-69e736cb78c54 wp-block-group\"><div class=\"wp-block-group__inner-container\">\n<h2 id=\"verblijf-op-een-camping-in-de-buurt-van-de-stranden-van-mandelieu-la-napoule\">Verblijf op een camping in de buurt van de stranden van Mandelieu la Napoule<\/h2>\n\n\n\n<p>Camping La Proven\u00e7ale heeft alles in huis voor een geslaagde vakantie aan de C\u00f4te d&#8217;Azur. Deze<strong>4 sterren camping<\/strong> is namelijk ideaal gelegen <strong>tussen de stranden van Mandelieu la Napoule en het Esterel massief<\/strong>.<\/p>\n\n\n\n<p>Geniet bovendien van een <strong>grote keuze aan accommodaties<\/strong> (stacaravans of chalets met halfoverdekt terras en tuinmeubilair) en ruime plaatsen om je tent, caravan of camper neer te zetten. Profiteer tijdens je verblijf van het <em>waterpark<\/em> met verwarmd zwembad, glijbanen en waterspelletjes. Je kunt ook profiteren van een breed scala aan diensten: restaurantgedeelte in de zomer, Wi-Fi, wasserette, enz.<\/p>\n\n\n\n<p>De <strong>zonneschijn van de C\u00f4te d&#8217;Azur<\/strong>, paradijselijke stranden en activiteiten voor het hele gezin, wat wil je nog meer op een<strong>vakantie in de Alpes-Maritimes<\/strong>? Kwaliteitsaccommodatie en een verwarmd zwembad? Boek dan snel uw verblijf in <a href=\"https:\/\/campingprovencale.com\/nl\/mandelieu-la-napoule-frankrijk\/\">camping La Proven\u00e7ale in Mandelieu la Napoule<\/a> en geniet van uw beste vakantie ooit!<\/p>\n<\/div><\/div>\n<\/div><\/div>\n","protected":false},"excerpt":{"rendered":"<p>De stranden van Mandelieu la Napoule, aan de C\u00f4te d&#8217;Azur Bezoek vanaf camping La Proven\u00e7ale in Mandelieu la Napoule de stad, hoofdstad van de mimosa, maar ook een badplaats aan de C\u00f4te d&#8217;Azur die gewaardeerd wordt om zijn 7 stranden met helder water. Verblijf incomfortabele vakantiehuizen in de buurt van Cannes en geniet van de [&hellip;]<\/p>\n","protected":false},"author":1,"featured_media":3290,"parent":0,"menu_order":0,"comment_status":"closed","ping_status":"closed","template":"","meta":[],"acf":[],"_links":{"self":[{"href":"https:\/\/campingprovencale.com\/nl\/wp-json\/wp\/v2\/pages\/3598"}],"collection":[{"href":"https:\/\/campingprovencale.com\/nl\/wp-json\/wp\/v2\/pages"}],"about":[{"href":"https:\/\/campingprovencale.com\/nl\/wp-json\/wp\/v2\/types\/page"}],"author":[{"embeddable":true,"href":"https:\/\/campingprovencale.com\/nl\/wp-json\/wp\/v2\/users\/1"}],"replies":[{"embeddable":true,"href":"https:\/\/campingprovencale.com\/nl\/wp-json\/wp\/v2\/comments?post=3598"}],"version-history":[{"count":6,"href":"https:\/\/campingprovencale.com\/nl\/wp-json\/wp\/v2\/pages\/3598\/revisions"}],"predecessor-version":[{"id":4919,"href":"https:\/\/campingprovencale.com\/nl\/wp-json\/wp\/v2\/pages\/3598\/revisions\/4919"}],"wp:featuredmedia":[{"embeddable":true,"href":"https:\/\/campingprovencale.com\/nl\/wp-json\/wp\/v2\/media\/3290"}],"wp:attachment":[{"href":"https:\/\/campingprovencale.com\/nl\/wp-json\/wp\/v2\/media?parent=3598"}],"curies":[{"name":"wp","href":"https:\/\/api.w.org\/{rel}","templated":true}]}}