{"id":5147,"date":"2025-05-15T10:30:40","date_gmt":"2025-05-15T08:30:40","guid":{"rendered":"https:\/\/campingprovencale.com\/?page_id=5147"},"modified":"2025-06-24T16:07:50","modified_gmt":"2025-06-24T14:07:50","slug":"saint-raphael-camping","status":"publish","type":"page","link":"https:\/\/campingprovencale.com\/nl\/saint-raphael-camping\/","title":{"rendered":"Alentours St Raphael NL"},"content":{"rendered":"\n<h1 id=\"ontdek-saint-raphael-aan-de-cote-d-azur\">Ontdek Saint-Rapha\u00ebl aan de C\u00f4te d&#8217;Azur<\/h1>\n\n\n\n<p><strong>Saint-Rapha\u00ebl<\/strong>, gelegen tussen <a href=\"https:\/\/campingprovencale.com\/nl\/camping-cannes\/\" data-type=\"page\" data-id=\"2611\">Cannes<\/a> en Saint-Tropez, wordt gekenmerkt door zijn gevarieerde landschappen, zijn zonnige Proven\u00e7aalse klimaat en zijn vele activiteiten voor jong en oud. Tussen stranden, natuur en erfgoed is deze badplaats aan de <a href=\"https:\/\/campingprovencale.com\/nl\/french-riviera\/\" data-type=\"page\" data-id=\"4181\"><a href=\"https:\/\/campingprovencale.com\/nl\/french-riviera\/\" data-type=\"page\" data-id=\"4181\">Franse Riviera<\/a><\/a> een droombestemming voor gezinnen op zoek naar ontspanning, ontdekking en avontuur.<\/p>\n\n\n\n<div class=\"wp-block-columns\">\n<div class=\"wp-block-column\">\n<figure class=\"wp-block-image size-large is-style-rounded\"><img width=\"1024\" height=\"683\" src=\"https:\/\/campingprovencale.com\/wp-content\/uploads\/2025\/05\/ADO-St-Raphael-PACA-1024x683.jpeg\" alt=\"\" class=\"wp-image-5057\" srcset=\"https:\/\/campingprovencale.com\/wp-content\/uploads\/2025\/05\/ADO-St-Raphael-PACA-1024x683.jpeg 1024w, https:\/\/campingprovencale.com\/wp-content\/uploads\/2025\/05\/ADO-St-Raphael-PACA-300x200.jpeg 300w, https:\/\/campingprovencale.com\/wp-content\/uploads\/2025\/05\/ADO-St-Raphael-PACA-768x512.jpeg 768w, https:\/\/campingprovencale.com\/wp-content\/uploads\/2025\/05\/ADO-St-Raphael-PACA-1536x1024.jpeg 1536w, https:\/\/campingprovencale.com\/wp-content\/uploads\/2025\/05\/ADO-St-Raphael-PACA-2048x1365.jpeg 2048w\" sizes=\"(max-width: 1024px) 100vw, 1024px\" \/><\/figure>\n<\/div>\n\n\n\n<div class=\"wp-block-column is-vertically-aligned-center\">\n<h2 id=\"st-raphael-een-mooie-badplaats-aan-de-cote-d-azur\">St Raphael, een mooie badplaats aan de Cote d&#8217;Azur<\/h2>\n\n\n\n<p>Zodra je aankomt in <strong>Saint-Rapha\u00ebl<\/strong> ontvouwt de charme zich: een <strong>levendige boulevard<\/strong>, fijne zandstranden en afgelegen baaien. De stad heeft <strong>36 kilometer mediterrane kustlijn<\/strong> met talloze plekken die perfect zijn om te zwemmen of watersporten te beoefenen. <strong>Het strand van Veillat<\/strong>, gelegen in het stadscentrum, is ideaal voor gezinnen dankzij het kalme water en de nabijgelegen faciliteiten.<\/p>\n\n\n\n<p>Saint-Rapha\u00ebl biedt het hele jaar door een <strong>rijk en gevarieerd animatieprogramma<\/strong>: shows, festivals, avondmarkten, maar ook natuuractiviteiten in het Massif de l&#8217;Est\u00e9rel. Dit uitzonderlijke natuurlandschap met vulkanisch reli\u00ebf biedt talloze wandel- en fietstochten met adembenemende panoramische uitzichten over de Middellandse Zee.<\/p>\n<\/div>\n<\/div>\n\n\n\n<div class=\"wp-block-columns\">\n<div class=\"wp-block-column is-vertically-aligned-center\">\n<h2 id=\"cultuur-erfgoed-en-vrije-tijd-voor-iedereen-in-st-raphael\">Cultuur, erfgoed en vrije tijd voor iedereen in St Raphael<\/h2>\n\n\n\n<p>Nieuwsgierige gezinnen zullen de culturele bezoeken op prijs stellen: het archeologisch museum, de kerk van San Raf\u00e9u en het panorama vanaf de toren of de Gallo-Romeinse overblijfselen in de wijk Les Platanes. Op het gebied van vrije tijd zijn het kleine toeristische treintje, boottochten of kanotochten andere manieren om de stad te ontdekken en te genieten van <strong>Zuid-Frankrijk<\/strong>.<\/p>\n\n\n\n<p>Als u ervoor kiest om <strong>Saint-Rapha\u00ebl te ontdekken<\/strong>, kiest u voor een <strong>gezinsvakantie<\/strong> die ontspanning, ontdekking en onvergetelijke herinneringen combineert. Een concentraat van de Middellandse Zee dat levendig, toegankelijk en vol charme is.<\/p>\n<\/div>\n\n\n\n<div class=\"wp-block-column\">\n<figure class=\"wp-block-image size-large is-style-rounded\"><img width=\"1024\" height=\"683\" src=\"https:\/\/campingprovencale.com\/wp-content\/uploads\/2025\/05\/ADO-St-Raphael-PACA-2-1024x683.jpeg\" alt=\"\" class=\"wp-image-5061\" srcset=\"https:\/\/campingprovencale.com\/wp-content\/uploads\/2025\/05\/ADO-St-Raphael-PACA-2-1024x683.jpeg 1024w, https:\/\/campingprovencale.com\/wp-content\/uploads\/2025\/05\/ADO-St-Raphael-PACA-2-300x200.jpeg 300w, https:\/\/campingprovencale.com\/wp-content\/uploads\/2025\/05\/ADO-St-Raphael-PACA-2-768x512.jpeg 768w, https:\/\/campingprovencale.com\/wp-content\/uploads\/2025\/05\/ADO-St-Raphael-PACA-2-1536x1024.jpeg 1536w, https:\/\/campingprovencale.com\/wp-content\/uploads\/2025\/05\/ADO-St-Raphael-PACA-2-2048x1366.jpeg 2048w\" sizes=\"(max-width: 1024px) 100vw, 1024px\" \/><\/figure>\n<\/div>\n<\/div>\n\n\n\n<div class=\"wp-block-cover alignfull F-10-a\"><span aria-hidden=\"true\" class=\"has-background-dim-60 wp-block-cover__gradient-background has-background-dim\"><\/span><img width=\"2032\" height=\"1620\" class=\"wp-block-cover__image-background wp-image-1227\" alt=\"Mandelieu la Napoule camping location mobil home\" src=\"https:\/\/campingprovencale.com\/wp-content\/uploads\/2023\/02\/photos-MH44et-46-2.jpg\" style=\"object-position:51% 72%\" data-object-fit=\"cover\" data-object-position=\"51% 72%\" srcset=\"https:\/\/campingprovencale.com\/wp-content\/uploads\/2023\/02\/photos-MH44et-46-2.jpg 2032w, https:\/\/campingprovencale.com\/wp-content\/uploads\/2023\/02\/photos-MH44et-46-2-300x239.jpg 300w, https:\/\/campingprovencale.com\/wp-content\/uploads\/2023\/02\/photos-MH44et-46-2-1024x816.jpg 1024w, https:\/\/campingprovencale.com\/wp-content\/uploads\/2023\/02\/photos-MH44et-46-2-768x612.jpg 768w, https:\/\/campingprovencale.com\/wp-content\/uploads\/2023\/02\/photos-MH44et-46-2-1536x1225.jpg 1536w\" sizes=\"(max-width: 2032px) 100vw, 2032px\" \/><div class=\"wp-block-cover__inner-container\">\n<div class=\"wp-container-69e9d9e8a6d6a wp-block-group has-blanc-background-color has-background\"><div class=\"wp-block-group__inner-container\">\n<h2 class=\"has-vert-color has-text-color\" id=\"verblijf-op-een-camping-in-de-buurt-van-saint-raphael-in-de-maritieme-alpen\">Verblijf op een camping in de buurt van Saint Raphael in de Maritieme Alpen<\/h2>\n\n\n\n<p class=\"has-typo-color has-text-color\">Breng je vakantie door op onze <strong>camping <\/strong>bij <strong>Saint Raphael<\/strong> met een ruime keuze aan stacaravans en kampeerplaatsen. Het hele gezin kan genieten van het waterpark met <strong>zwembad <\/strong>en glijbaan en van de activiteiten en animaties van de <a href=\"https:\/\/campingprovencale.com\/nl\/mandelieu-la-napoule-frankrijk\/\" data-type=\"page\" data-id=\"2522\">4-sterrencamping bij Mandelieu la Napoule<\/a>. Onze 4-sterrenservice maakt van uw gezinsvakantie in <strong>de Provence <\/strong>een aangename ervaring.<\/p>\n\n\n\n<p class=\"has-typo-color has-text-color\">Een verblijf op onze <strong>4-sterrencamping in Mandelieu-la-Napoule met zwembad<\/strong> is een ideale uitvalsbasis om <strong>de <\/strong><a href=\"https:\/\/campingprovencale.com\/nl\/campings-cote-dazur\/\" data-type=\"page\" data-id=\"3866\">C\u00f4te d&#8217;Azur<\/a> <strong>te verkennen<\/strong>. Ontspannen op de stranden van <a href=\"https:\/\/campingprovencale.com\/nl\/vakantie-frejus\/\">Fr\u00e9jus<\/a>, <a href=\"https:\/\/campingprovencale.com\/nl\/camping-esterel-caravaning\/\" data-type=\"page\" data-id=\"4483\">Esterel massief<\/a>, slenteren door de bloemrijke straten van <a href=\"https:\/\/campingprovencale.com\/nl\/grasse-frankrijk\/\">Grasse<\/a>, flaneren over de Croisette in <strong>Cannes <\/strong>of een bezoek brengen aan het oude <a href=\"https:\/\/campingprovencale.com\/nl\/camping-bij-nice-aan-zee\/\" data-type=\"page\" data-id=\"5141\">Nice<\/a>: elke dag biedt een nieuwe escapade. Er is geen tekort aan gezinsactiviteiten, van luieren tot culturele ontdekkingen en gastronomische hoogstandjes. <\/p>\n\n\n\n<p class=\"has-typo-color has-text-color\">Vanuit <a href=\"https:\/\/campingprovencale.com\/nl\/mandelieu-la-napoule-plages\/\" data-type=\"page\" data-id=\"3598\">Mandelieu<\/a> kunt u gemakkelijk de mooiste steden langs de kust bereiken, terwijl u geniet van het comfort en de vriendelijkheid van onze vestiging <strong>aan de C\u00f4te d&#8217;Azur<\/strong>.<\/p>\n\n\n\n<p><\/p>\n\n\n\n<div class=\"wp-container-69e9d9e8a6a9b wp-block-buttons\">\n<div class=\"wp-block-button\"><a class=\"wp-block-button__link\" href=\"https:\/\/campingprovencale.com\/nl\/accommodatie\/\">Onze accommodatie<\/a><\/div>\n<\/div>\n<\/div><\/div>\n<\/div><\/div>\n","protected":false},"excerpt":{"rendered":"<p>Ontdek Saint-Rapha\u00ebl aan de C\u00f4te d&#8217;Azur Saint-Rapha\u00ebl, gelegen tussen Cannes en Saint-Tropez, wordt gekenmerkt door zijn gevarieerde landschappen, zijn zonnige Proven\u00e7aalse klimaat en zijn vele activiteiten voor jong en oud. Tussen stranden, natuur en erfgoed is deze badplaats aan de Franse Riviera een droombestemming voor gezinnen op zoek naar ontspanning, ontdekking en avontuur. St Raphael, [&hellip;]<\/p>\n","protected":false},"author":1,"featured_media":5058,"parent":0,"menu_order":0,"comment_status":"closed","ping_status":"closed","template":"","meta":[],"acf":[],"_links":{"self":[{"href":"https:\/\/campingprovencale.com\/nl\/wp-json\/wp\/v2\/pages\/5147"}],"collection":[{"href":"https:\/\/campingprovencale.com\/nl\/wp-json\/wp\/v2\/pages"}],"about":[{"href":"https:\/\/campingprovencale.com\/nl\/wp-json\/wp\/v2\/types\/page"}],"author":[{"embeddable":true,"href":"https:\/\/campingprovencale.com\/nl\/wp-json\/wp\/v2\/users\/1"}],"replies":[{"embeddable":true,"href":"https:\/\/campingprovencale.com\/nl\/wp-json\/wp\/v2\/comments?post=5147"}],"version-history":[{"count":6,"href":"https:\/\/campingprovencale.com\/nl\/wp-json\/wp\/v2\/pages\/5147\/revisions"}],"predecessor-version":[{"id":5341,"href":"https:\/\/campingprovencale.com\/nl\/wp-json\/wp\/v2\/pages\/5147\/revisions\/5341"}],"wp:featuredmedia":[{"embeddable":true,"href":"https:\/\/campingprovencale.com\/nl\/wp-json\/wp\/v2\/media\/5058"}],"wp:attachment":[{"href":"https:\/\/campingprovencale.com\/nl\/wp-json\/wp\/v2\/media?parent=5147"}],"curies":[{"name":"wp","href":"https:\/\/api.w.org\/{rel}","templated":true}]}}