{"id":5314,"date":"2025-06-24T15:32:24","date_gmt":"2025-06-24T13:32:24","guid":{"rendered":"https:\/\/campingprovencale.com\/?page_id=5314"},"modified":"2025-06-24T15:33:53","modified_gmt":"2025-06-24T13:33:53","slug":"vakantie-frejus","status":"publish","type":"page","link":"https:\/\/campingprovencale.com\/nl\/vakantie-frejus\/","title":{"rendered":"Frejus NL"},"content":{"rendered":"\n<h1 id=\"ontdek-frejus-als-gezin-aan-de-cote-d-azur\">Ontdek Fr\u00e9jus als gezin aan de C\u00f4te d&#8217;Azur<\/h1>\n\n\n\n<p><strong>Fr\u00e9jus<\/strong> ligt tussen <a href=\"https:\/\/campingprovencale.com\/nl\/camping-cannes\/\" data-type=\"page\" data-id=\"2611\">Cannes<\/a> en Saint-Tropez en trekt gezinnen aan met zijn rijke Romeinse verleden, zonnige landschappen en ontspannen levensstijl. Deze <strong>stad in de Var,<\/strong> in het hart van de <a href=\"https:\/\/campingprovencale.com\/nl\/french-riviera\/\" data-type=\"page\" data-id=\"4181\">C\u00f4te d&#8217;Azur<\/a>, biedt een perfecte balans tussen cultuur, vrijetijdsactiviteiten in de buitenlucht en luieren aan de Middellandse Zeekust.<\/p>\n\n\n\n<div class=\"wp-block-columns\">\n<div class=\"wp-block-column\">\n<figure class=\"wp-block-image size-large is-style-rounded\"><img width=\"1024\" height=\"590\" src=\"https:\/\/campingprovencale.com\/wp-content\/uploads\/2025\/06\/ADO-Frejus-1024x590.jpeg\" alt=\"\" class=\"wp-image-5303\" srcset=\"https:\/\/campingprovencale.com\/wp-content\/uploads\/2025\/06\/ADO-Frejus-1024x590.jpeg 1024w, https:\/\/campingprovencale.com\/wp-content\/uploads\/2025\/06\/ADO-Frejus-300x173.jpeg 300w, https:\/\/campingprovencale.com\/wp-content\/uploads\/2025\/06\/ADO-Frejus-768x443.jpeg 768w, https:\/\/campingprovencale.com\/wp-content\/uploads\/2025\/06\/ADO-Frejus-1536x885.jpeg 1536w, https:\/\/campingprovencale.com\/wp-content\/uploads\/2025\/06\/ADO-Frejus-2048x1180.jpeg 2048w\" sizes=\"(max-width: 1024px) 100vw, 1024px\" \/><\/figure>\n<\/div>\n\n\n\n<div class=\"wp-block-column is-vertically-aligned-center\">\n<h2 id=\"het-historische-erfgoed-van-frejus-aan-de-cote-d-azur\">Het historische erfgoed van Fr\u00e9jus aan de C\u00f4te d&#8217;Azur<\/h2>\n\n\n\n<p>Fr\u00e9jus is een echt openluchtmuseum. Het oude <em>Forum Julii<\/em>, gesticht door Julius Caesar, herbergt nog steeds <strong>talloze Romeinse overblijfselen<\/strong>, waaronder het indrukwekkende <strong>amfitheater en het aquaduct<\/strong>, dat kilometers ver te zien is.<\/p>\n\n\n\n<p>Mis een bezoek aan <strong>de kathedraal Saint-L\u00e9once <\/strong>en de kloostergang niet, een juweel van Proven\u00e7aalse Romaanse kunst. Deze monumenten, die open zijn voor het publiek, stellen gezinnen in staat om zich onder te dompelen in meer dan 2000 jaar geschiedenis terwijl ze de smalle straatjes van het oude stadscentrum verkennen.<\/p>\n<\/div>\n<\/div>\n\n\n\n<div class=\"wp-block-columns\">\n<div class=\"wp-block-column is-vertically-aligned-center\">\n<h2 id=\"genieten-van-buitenactiviteiten\">Genieten van buitenactiviteiten<\/h2>\n\n\n\n<p>Met meer dan 300 dagen zon per jaar is <strong>Fr\u00e9jus <\/strong>een ideale speeltuin voor natuurliefhebbers. Het <a href=\"https:\/\/campingprovencale.com\/nl\/camping-esterel-caravaning\/\">Est\u00e9rel massief,<\/a> met zijn rode rotsen en bewegwijzerde paden, is perfect om <strong>te wandelen <\/strong>en te mountainbiken.<\/p>\n\n\n\n<p>De <strong>fijne zandstranden<\/strong> van<strong> Fr\u00e9jus-Plage<\/strong> en <strong>Saint-Aygulf<\/strong> zijn perfect om te zwemmen, met het gezin te spelen en watersporten te beoefenen. Het <strong>Parc Ar\u00e9ca<\/strong>, een mediterrane tuin aan zee, biedt een rustige omgeving voor een schaduwrijke wandeling.<\/p>\n\n\n\n<p>Fr\u00e9jus biedt tal van leuke activiteiten voor jong en oud. Themaparken zoals <strong>Aqualand <\/strong>en <strong>Luna Park<\/strong> staan garant voor een spannend dagje uit. Voor een moment van ontspanning ga je naar de <strong>Base Nature Fran\u00e7ois L\u00e9otard<\/strong>, een enorm recreatiegebied van 135 hectare met een skatepark, speeltuinen, fietspaden en stranden. Deze groene ruimte aan zee is ideaal voor familiebijeenkomsten in een veilige, natuurlijke omgeving.<\/p>\n<\/div>\n\n\n\n<div class=\"wp-block-column\">\n<figure class=\"wp-block-image size-large is-style-rounded\"><img width=\"1024\" height=\"653\" src=\"https:\/\/campingprovencale.com\/wp-content\/uploads\/2024\/02\/Adobe-Esteel-1024x653.png\" alt=\"Massif Est\u00e9rel Cote d'Azur\" class=\"wp-image-2861\" srcset=\"https:\/\/campingprovencale.com\/wp-content\/uploads\/2024\/02\/Adobe-Esteel-1024x653.png 1024w, https:\/\/campingprovencale.com\/wp-content\/uploads\/2024\/02\/Adobe-Esteel-300x191.png 300w, https:\/\/campingprovencale.com\/wp-content\/uploads\/2024\/02\/Adobe-Esteel-768x490.png 768w, https:\/\/campingprovencale.com\/wp-content\/uploads\/2024\/02\/Adobe-Esteel.png 1469w\" sizes=\"(max-width: 1024px) 100vw, 1024px\" \/><\/figure>\n<\/div>\n<\/div>\n\n\n\n<h2 id=\"dompel-jezelf-onder-in-de-plaatselijke-cultuur\">Dompel jezelf onder in de plaatselijke cultuur<\/h2>\n\n\n\n<p><strong>Fr\u00e9jus<\/strong> bruist het hele jaar door van de markten, festivals en culturele evenementen. De<strong> Proven\u00e7aalse markt<\/strong> in het stadscentrum nodigt bezoekers uit om lokale producten en smaken te ontdekken. In de <strong>arena&#8217;s <\/strong>en op de pleinen worden voorstellingen georganiseerd, terwijl musea zoals de <strong>Troupes de Marine<\/strong> het culturele aanbod compleet maken. In de zomer houden openluchtevenementen en gratis concerten het gezin bezig.<\/p>\n\n\n\n<div class=\"wp-block-cover alignfull F-10-a\"><span aria-hidden=\"true\" class=\"has-background-dim-20 wp-block-cover__gradient-background has-background-dim\"><\/span><img width=\"1469\" height=\"937\" class=\"wp-block-cover__image-background wp-image-2860\" alt=\"Massif Est\u00e9rel Cote d'Azur\" src=\"https:\/\/campingprovencale.com\/wp-content\/uploads\/2024\/02\/Adobe-Esteel.png\" style=\"object-position:47% 23%\" data-object-fit=\"cover\" data-object-position=\"47% 23%\" srcset=\"https:\/\/campingprovencale.com\/wp-content\/uploads\/2024\/02\/Adobe-Esteel.png 1469w, https:\/\/campingprovencale.com\/wp-content\/uploads\/2024\/02\/Adobe-Esteel-300x191.png 300w, https:\/\/campingprovencale.com\/wp-content\/uploads\/2024\/02\/Adobe-Esteel-1024x653.png 1024w, https:\/\/campingprovencale.com\/wp-content\/uploads\/2024\/02\/Adobe-Esteel-768x490.png 768w\" sizes=\"(max-width: 1469px) 100vw, 1469px\" \/><div class=\"wp-block-cover__inner-container\">\n<div class=\"wp-container-69e9db50888c6 wp-block-group has-typo-color has-blanc-background-color has-text-color has-background\"><div class=\"wp-block-group__inner-container\">\n<h2 id=\"verblijf-op-een-camping-bij-frejus-aan-de-franse-riviera\">Verblijf op een camping bij Fr\u00e9jus aan de Franse Rivi\u00e8ra<\/h2>\n\n\n\n<p>Breng je vakantie door op een <strong>4-sterrencamping<\/strong> <strong>in de buurt van Fr\u00e9jus<\/strong> met een ruime keuze aan huuraccommodaties in stacaravans of chalets en staanplaatsen voor tenten, caravans en campers. Profiteer van de activiteiten, het zwembad en de diensten op de <a href=\"https:\/\/campingprovencale.com\/nl\/mandelieu-la-napoule-frankrijk\/\" data-type=\"page\" data-id=\"2522\">camping in Mandelieu la Napoule<\/a>.<\/p>\n\n\n\n<p>Ontdek vanaf onze camping de <a href=\"https:\/\/campingprovencale.com\/nl\/campings-cote-dazur\/\" data-type=\"page\" data-id=\"3866\">C\u00f4te d&#8217;Azur <\/a>: de Middellandse Zeekust, <a href=\"https:\/\/campingprovencale.com\/nl\/camping-cannes\/\" data-type=\"page\" data-id=\"2611\">Cannes <\/a>en zijn beroemde festival, <a href=\"https:\/\/campingprovencale.com\/nl\/grasse-frankrijk\/\" data-type=\"page\" data-id=\"4327\">Grasse<\/a> en zijn parfums, Nice, Saint Tropez, enz.<\/p>\n\n\n\n<div class=\"wp-container-69e9db50885b3 wp-block-buttons\">\n<div class=\"wp-block-button\"><a class=\"wp-block-button__link\" href=\"https:\/\/campingprovencale.com\/nl\/accommodatie\/\">Onze accommodatie<\/a><\/div>\n<\/div>\n<\/div><\/div>\n<\/div><\/div>\n","protected":false},"excerpt":{"rendered":"<p>Ontdek Fr\u00e9jus als gezin aan de C\u00f4te d&#8217;Azur Fr\u00e9jus ligt tussen Cannes en Saint-Tropez en trekt gezinnen aan met zijn rijke Romeinse verleden, zonnige landschappen en ontspannen levensstijl. Deze stad in de Var, in het hart van de C\u00f4te d&#8217;Azur, biedt een perfecte balans tussen cultuur, vrijetijdsactiviteiten in de buitenlucht en luieren aan de Middellandse [&hellip;]<\/p>\n","protected":false},"author":1,"featured_media":5304,"parent":0,"menu_order":0,"comment_status":"closed","ping_status":"closed","template":"","meta":[],"acf":[],"_links":{"self":[{"href":"https:\/\/campingprovencale.com\/nl\/wp-json\/wp\/v2\/pages\/5314"}],"collection":[{"href":"https:\/\/campingprovencale.com\/nl\/wp-json\/wp\/v2\/pages"}],"about":[{"href":"https:\/\/campingprovencale.com\/nl\/wp-json\/wp\/v2\/types\/page"}],"author":[{"embeddable":true,"href":"https:\/\/campingprovencale.com\/nl\/wp-json\/wp\/v2\/users\/1"}],"replies":[{"embeddable":true,"href":"https:\/\/campingprovencale.com\/nl\/wp-json\/wp\/v2\/comments?post=5314"}],"version-history":[{"count":5,"href":"https:\/\/campingprovencale.com\/nl\/wp-json\/wp\/v2\/pages\/5314\/revisions"}],"predecessor-version":[{"id":5336,"href":"https:\/\/campingprovencale.com\/nl\/wp-json\/wp\/v2\/pages\/5314\/revisions\/5336"}],"wp:featuredmedia":[{"embeddable":true,"href":"https:\/\/campingprovencale.com\/nl\/wp-json\/wp\/v2\/media\/5304"}],"wp:attachment":[{"href":"https:\/\/campingprovencale.com\/nl\/wp-json\/wp\/v2\/media?parent=5314"}],"curies":[{"name":"wp","href":"https:\/\/api.w.org\/{rel}","templated":true}]}}