{"id":982,"date":"2022-09-05T09:46:09","date_gmt":"2022-09-05T07:46:09","guid":{"rendered":"https:\/\/campingprovencale.com\/omgeving\/"},"modified":"2025-11-03T16:52:23","modified_gmt":"2025-11-03T15:52:23","slug":"omgeving","status":"publish","type":"page","link":"https:\/\/campingprovencale.com\/nl\/omgeving\/","title":{"rendered":". Alentours NL"},"content":{"rendered":"\n<div class=\"wp-block-cover alignfull is-light\"><span aria-hidden=\"true\" class=\"wp-block-cover__gradient-background has-background-dim\"><\/span><img width=\"1411\" height=\"939\" class=\"wp-block-cover__image-background wp-image-2844\" alt=\"Cannes\" src=\"https:\/\/campingprovencale.com\/wp-content\/uploads\/2024\/02\/Adobe-Cannes-La-Napoule.png\" style=\"object-position:50% 57%\" data-object-fit=\"cover\" data-object-position=\"50% 57%\" srcset=\"https:\/\/campingprovencale.com\/wp-content\/uploads\/2024\/02\/Adobe-Cannes-La-Napoule.png 1411w, https:\/\/campingprovencale.com\/wp-content\/uploads\/2024\/02\/Adobe-Cannes-La-Napoule-300x200.png 300w, https:\/\/campingprovencale.com\/wp-content\/uploads\/2024\/02\/Adobe-Cannes-La-Napoule-1024x681.png 1024w, https:\/\/campingprovencale.com\/wp-content\/uploads\/2024\/02\/Adobe-Cannes-La-Napoule-768x511.png 768w\" sizes=\"(max-width: 1411px) 100vw, 1411px\" \/><div class=\"wp-block-cover__inner-container\">\n<ul class=\"pictos has-white-color has-text-color\"><li><i class=\"fal fa-mountains\"><\/i>  Een vakantie in de bergen<\/li><li><i class=\"fal fa-binoculars\"><\/i>  Interessante plaatsen om te ontdekken<\/li><li><i class=\"fal fa-family\"><\/i>  Familieherinneringen<\/li><li><i class=\"fal fa-camera\"><\/i>  Bezoeken &amp; activiteiten in de regio<\/li><\/ul>\n<\/div><\/div>\n\n\n\n<h1 class=\"has-text-align-center\" id=\"ontdek-de-omgeving-van-de-camping-aan-de-cote-d-azur\">Ontdek de omgeving van de camping aan de C\u00f4te d&#8217;Azur<\/h1>\n\n\n\n<p class=\"has-text-align-left\">Hou je van onze camping, onze activiteiten en alles wat je er kunt doen? Ontdek met plezier de omgeving en alle<strong> natuurlijke en architectonische bezienswaardigheden <\/strong>die de <strong>Alpes-Maritimes<\/strong> te bieden heeft.<br>Profiteer van <strong>de natuur <\/strong>met het <strong>massief van Est\u00e9rel<\/strong> of het <strong>massief van Tanneron<\/strong>, de <strong>stranden aan de Middellandse Zee<\/strong> en de <strong>oevers van de Siagne<\/strong>. Ontdek de twee <strong>kastelen van Mandelieu<\/strong> met uitzicht op de Middellandse Zee. Van toeristische attracties tot wandelingen en trektochten, stranduitstapjes en watersportactiviteiten, je zult je zeker vermaken in een unieke omgeving. Je zult veel zonnige herinneringen hebben aan de <strong>C\u00f4te d&#8217;<\/strong>Azur.<\/p>\n\n\n\n<div class=\"wp-block-cover alignfull F-10-a\"><span aria-hidden=\"true\" class=\"has-background-dim-60 wp-block-cover__gradient-background has-background-dim\"><\/span><img width=\"2560\" height=\"853\" class=\"wp-block-cover__image-background wp-image-3845\" alt=\"Cannes cote d'azur\" src=\"https:\/\/campingprovencale.com\/wp-content\/uploads\/2024\/07\/AdobeStock_165480002-1-scaled.jpeg\" data-object-fit=\"cover\" srcset=\"https:\/\/campingprovencale.com\/wp-content\/uploads\/2024\/07\/AdobeStock_165480002-1-scaled.jpeg 2560w, https:\/\/campingprovencale.com\/wp-content\/uploads\/2024\/07\/AdobeStock_165480002-1-300x100.jpeg 300w, https:\/\/campingprovencale.com\/wp-content\/uploads\/2024\/07\/AdobeStock_165480002-1-1024x341.jpeg 1024w, https:\/\/campingprovencale.com\/wp-content\/uploads\/2024\/07\/AdobeStock_165480002-1-768x256.jpeg 768w, https:\/\/campingprovencale.com\/wp-content\/uploads\/2024\/07\/AdobeStock_165480002-1-1536x512.jpeg 1536w, https:\/\/campingprovencale.com\/wp-content\/uploads\/2024\/07\/AdobeStock_165480002-1-2048x683.jpeg 2048w\" sizes=\"(max-width: 2560px) 100vw, 2560px\" \/><div class=\"wp-block-cover__inner-container\">\n<div class=\"wp-container-69d7682e540de wp-block-group has-blanc-background-color has-background\"><div class=\"wp-block-group__inner-container\">\n<h2 class=\"has-vert-color has-text-color\" id=\"wandelen-rond-mandelieu-la-napoule-aan-de-cote-d-azur\">Wandelen rond Mandelieu la Napoule aan de C\u00f4te d&#8217;Azur<\/h2>\n\n\n\n<p class=\"has-typo-color has-text-color\">Er zijn tal van<strong> toeristische attracties<\/strong> in de buurt van de camping om je te verrassen en te bekoren. Maak een wandeling in de buurt van onze camping in Mandelieu la Napoule en ontdek vele bezienswaardigheden :<\/p>\n\n\n\n<ul class=\"has-typo-color has-text-color\"><li>Het nabijgelegen <strong>Ch\u00e2teau de la Napoule<\/strong>, een oud middeleeuws fort gerestaureerd door de Amerikaanse kunstenaars Henry en Marie Clews tijdens de Roaring Twenties, is een unieke plek om te verkennen. Weelderige tuinen versterken dit tijdloze bezoek. Gratis voor kinderen onder de 8 jaar, panorama&#8217;s, parken en natuurgebieden,<\/li><li>Het <strong>Ch\u00e2teau d&#8217;Agecroft in Mandelieu<\/strong> nodigt je uit om zijn geschiedenis te ontdekken en te ontspannen.<\/li><li><strong>Parc de la pointe de l&#8217;Aiguille<\/strong>: de Corniche d&#8217;or leidt je via een pad over steile baaien naar het strand van de Aiguille. Een prachtige omgeving voor een heldere wandeling over turquoise wateren.<\/li><\/ul>\n\n\n\n<p class=\"has-typo-color has-text-color\">Met&nbsp;<a href=\"https:\/\/campingprovencale.com\/nl\/mandelieu-la-napoule-plages\/\" data-type=\"page\" data-id=\"3598\">7 fijne zandstranden in Mandelieu<\/a><strong>,<\/strong>&nbsp;heb je genoeg keuze om je handdoeken neer te leggen en lekker te luieren. Je kunt ook genieten van de verschillende watersporten&nbsp;in de stad. Vissen, duiken, excursies&#8230;, alles staat tot je beschikking om te genieten van de zee in al haar facetten aan de&nbsp;<strong>Cote d&#8217;Azur<\/strong>. <\/p>\n\n\n\n<p class=\"has-typo-color has-text-color\">Aan land vind je in Mandelieu ook meer nuchtere sportactiviteiten zoals tennis, paardrijden, fitness, yoga, golf&nbsp;enz. Niets wordt aan het toeval overgelaten om ervoor te zorgen dat je een absoluut perfect verblijf hebt in deze omgeving die volledig gewijd is aan jouw plezier in de&nbsp;<strong>Alpes Maritimes<\/strong>&nbsp;! Tussen sightseeing, wandelingen, stranduitstapjes en <a href=\"https:\/\/campingprovencale.com\/nl\/watersportactiviteiten-mandelieu-la-napoule\/\">watersportactiviteiten<\/a> beleef je onge\u00ebvenaarde momenten in een unieke omgeving. Geniet van zonnige herinneringen&nbsp;aan de&nbsp;<strong>C\u00f4te d&#8217;Azur<\/strong>.<\/p>\n\n\n\n<p class=\"has-typo-color has-text-color\">Het aangename <a href=\"https:\/\/campingprovencale.com\/nl\/mandelieu-weer\/\" data-type=\"page\" data-id=\"4889\">weer <\/a>van Mandelieu-la-Napoule vergezelt je op al je uitstapjes om de omgeving te ontdekken, tussen zee, bergen en typische dorpjes.4o<\/p>\n\n\n\n<div class=\"wp-container-69d7682e53db3 wp-block-buttons\">\n<div class=\"wp-block-button\"><a class=\"wp-block-button__link\" href=\"https:\/\/campingprovencale.com\/nl\/mandelieu-la-napoule-frankrijk\/\">Ontdek Mandelieu la Napoule<\/a><\/div>\n<\/div>\n<\/div><\/div>\n<\/div><\/div>\n\n\n\n<section class=\"wp-container-69d7682e548b0 wp-block-group F-15-a\"><div class=\"wp-block-group__inner-container\">\n<div class=\"wp-block-columns deco--soleil2\">\n<div class=\"wp-block-column\">\n<figure class=\"wp-block-image size-large\"><img width=\"1024\" height=\"682\" src=\"https:\/\/campingprovencale.com\/wp-content\/uploads\/2024\/05\/ADO-plage-1024x682.jpeg\" alt=\"plage m\u00e9diterran\u00e9e\" class=\"wp-image-3290\" srcset=\"https:\/\/campingprovencale.com\/wp-content\/uploads\/2024\/05\/ADO-plage-1024x682.jpeg 1024w, https:\/\/campingprovencale.com\/wp-content\/uploads\/2024\/05\/ADO-plage-300x200.jpeg 300w, https:\/\/campingprovencale.com\/wp-content\/uploads\/2024\/05\/ADO-plage-768x512.jpeg 768w, https:\/\/campingprovencale.com\/wp-content\/uploads\/2024\/05\/ADO-plage-1536x1023.jpeg 1536w, https:\/\/campingprovencale.com\/wp-content\/uploads\/2024\/05\/ADO-plage-2048x1365.jpeg 2048w\" sizes=\"(max-width: 1024px) 100vw, 1024px\" \/><\/figure>\n<\/div>\n\n\n\n<div class=\"wp-block-column\">\n<figure class=\"wp-block-image size-large deco--cadre-droite\"><img width=\"1024\" height=\"653\" src=\"https:\/\/campingprovencale.com\/wp-content\/uploads\/2024\/02\/Adobe-Esteel-1024x653.png\" alt=\"Massif Est\u00e9rel Cote d'Azur\" class=\"wp-image-2858\" srcset=\"https:\/\/campingprovencale.com\/wp-content\/uploads\/2024\/02\/Adobe-Esteel-1024x653.png 1024w, https:\/\/campingprovencale.com\/wp-content\/uploads\/2024\/02\/Adobe-Esteel-300x191.png 300w, https:\/\/campingprovencale.com\/wp-content\/uploads\/2024\/02\/Adobe-Esteel-768x490.png 768w, https:\/\/campingprovencale.com\/wp-content\/uploads\/2024\/02\/Adobe-Esteel.png 1469w\" sizes=\"(max-width: 1024px) 100vw, 1024px\" \/><\/figure>\n\n\n\n<div class=\"wp-container-69d7682e54560 wp-block-buttons\">\n<div class=\"wp-block-button btn_galerie\"><a class=\"wp-block-button__link\" href=\"https:\/\/campingprovencale.com\/nl\/foto-galerij\/\"><i class=\"fal fa-camera\"><\/i> Zie de fotogalerij<\/a><\/div>\n<\/div>\n<\/div>\n<\/div>\n<\/div><\/section>\n\n\n\n<section class=\"wp-container-69d7682e54d54 wp-block-group\"><div class=\"wp-block-group__inner-container\">\n<div class=\"wp-block-columns\">\n<div class=\"wp-block-column\">\n<figure class=\"wp-block-image alignfull size-large\"><img width=\"1024\" height=\"677\" src=\"https:\/\/campingprovencale.com\/wp-content\/uploads\/2024\/02\/Adobe-Mandelieu-La-Napoule-1024x677.png\" alt=\"Mandelieu la Napoule chateau\" class=\"wp-image-2853\" srcset=\"https:\/\/campingprovencale.com\/wp-content\/uploads\/2024\/02\/Adobe-Mandelieu-La-Napoule-1024x677.png 1024w, https:\/\/campingprovencale.com\/wp-content\/uploads\/2024\/02\/Adobe-Mandelieu-La-Napoule-300x198.png 300w, https:\/\/campingprovencale.com\/wp-content\/uploads\/2024\/02\/Adobe-Mandelieu-La-Napoule-768x508.png 768w, https:\/\/campingprovencale.com\/wp-content\/uploads\/2024\/02\/Adobe-Mandelieu-La-Napoule.png 1416w\" sizes=\"(max-width: 1024px) 100vw, 1024px\" \/><\/figure>\n<\/div>\n\n\n\n<div class=\"wp-block-column\">\n<h2 id=\"mandelieu-een-natuurlijke-bestemming-aan-de-franse-riviera\">Mandelieu, een natuurlijke bestemming aan de Franse Rivi\u00e8ra<\/h2>\n\n\n\n<p>Onze camping ligt in een&nbsp;<strong>natuurlijk landschap<\/strong>&nbsp;dat talloze mogelijkheden biedt voor&nbsp;<strong>wandelen<\/strong>&nbsp;voor iedereen die van wandelen houdt aan zee of in het achterland, dat prachtige panorama&#8217;s biedt.<\/p>\n\n\n\n<p>Wandel langs de &nbsp;<strong>Mimosa Route<\/strong>&nbsp;tussen&nbsp;<strong>Bormes les Mimosas en <\/strong>Grasse. De 130 kilometer lange geurroute wordt voornamelijk tussen januari en maart afgelegd en nodigt je uit voor een reis tussen geuren, proeverijen en ontmoetingen. Stop in P\u00e9gomas op de mimosa-route om je zintuigen te prikkelen tussen de mimosa&#8217;s, rozen en jasmijn.<\/p>\n\n\n\n<p>De oevers<strong>&nbsp;van de Siagne<\/strong>&nbsp;die vredig door Mandelieu slingert en uitmondt in de&nbsp;<strong>Middellandse Zee<\/strong>&nbsp;ontvouwen hun groene oevers, uitgerust met speeltoestellen voor kinderen, voor een<strong>&nbsp;moment van ontspanning<\/strong>&nbsp;om te delen met familie of vrienden.<\/p>\n\n\n\n<p><strong>Roquette sur Siagne<\/strong>&nbsp;op een paar kilometer van de camping, biedt wandelingen met prachtig uitzicht op de baai van Cannes.<\/p>\n<\/div>\n<\/div>\n<\/div><\/section>\n\n\n\n<div class=\"wp-block-columns has-vert-clair-background-color has-background\">\n<div class=\"wp-block-column\">\n<h2 id=\"ontdek-cannes-in-de-buurt-van-de-camping\">Ontdek Cannes in de buurt van de camping<\/h2>\n\n\n\n<p>Een bezoek aan Cannes tijdens uw verblijf op\u00a0<strong>camping in Mandelieu-la-Napoule<\/strong>\u00a0biedt een onvergetelijke ervaring. Ontdek de beroemde\u00a0<strong>Croisette\u00a0<\/strong>met luxe boetieks en chique restaurants. Verken de <strong>Palais des Festivals<\/strong>, de thuisbasis van het prestigieuze\u00a0<a href=\"https:\/\/campingprovencale.com\/nl\/cannes-film-festival\/\" data-type=\"page\" data-id=\"3934\">Festival de Cannes<\/a>. Geniet van de zandstranden en het kristalheldere water van de Middellandse Zee.<\/p>\n\n\n\n<p>Bewonder de&nbsp;<strong>luxe jachten<\/strong>&nbsp;in de haven van <a href=\"https:\/\/campingprovencale.com\/nl\/vakantie-cannes\/\" data-type=\"page\" data-id=\"3857\">vakantie Cannes<\/a>. Geniet van de glamoureuze sfeer en charme van deze iconische stad. Bezoek de historische wijk Le Suquet voor zijn pittoreske steegjes en panoramisch uitzicht. Proef de<strong>&nbsp;Proven\u00e7aalse keuken&nbsp;<\/strong> in de vele restaurants. Cannes biedt een culturele en toeristische diversiteit om te ontdekken tijdens je verblijf op de camping bij cannes.<\/p>\n\n\n\n<p>Andere interessante plekken om te ontdekken zijn het Scandia aquarium in Cannes of het achterland met de stad van het parfum:\u00a0<strong>Grasse<\/strong>.<\/p>\n\n\n\n<div class=\"wp-container-69d7682e55188 wp-block-buttons\">\n<div class=\"wp-block-button\"><a class=\"wp-block-button__link\" href=\"https:\/\/campingprovencale.com\/nl\/camping-cannes\/\">Ontdek Cannes in de buurt van de camping<\/a><\/div>\n<\/div>\n<\/div>\n\n\n\n<div class=\"wp-block-column\">\n<figure class=\"wp-block-image size-large\"><img width=\"1024\" height=\"682\" src=\"https:\/\/campingprovencale.com\/wp-content\/uploads\/2024\/05\/AdobeStock_122361474-1-1024x682.jpeg\" alt=\"Cannes\" class=\"wp-image-3334\" srcset=\"https:\/\/campingprovencale.com\/wp-content\/uploads\/2024\/05\/AdobeStock_122361474-1-1024x682.jpeg 1024w, https:\/\/campingprovencale.com\/wp-content\/uploads\/2024\/05\/AdobeStock_122361474-1-300x200.jpeg 300w, https:\/\/campingprovencale.com\/wp-content\/uploads\/2024\/05\/AdobeStock_122361474-1-768x512.jpeg 768w, https:\/\/campingprovencale.com\/wp-content\/uploads\/2024\/05\/AdobeStock_122361474-1-1536x1024.jpeg 1536w, https:\/\/campingprovencale.com\/wp-content\/uploads\/2024\/05\/AdobeStock_122361474-1-2048x1365.jpeg 2048w\" sizes=\"(max-width: 1024px) 100vw, 1024px\" \/><\/figure>\n<\/div>\n<\/div>\n\n\n\n<section class=\"wp-container-69d7682e55be9 wp-block-group\"><div class=\"wp-block-group__inner-container\">\n<h2 id=\"ontdek-de-maritieme-alpen-en-de-cote-d-azur\">Ontdek de Maritieme Alpen en de C\u00f4te d&#8217;Azur<\/h2>\n\n\n\n<p>Het departement <strong>Alpes-Maritimes<\/strong>, gelegen in het hart van de Provence, charmeert door zijn unieke contrasten. Tussen de glinsterende Middellandse Zee en de toppen van de Alpen biedt het een moza\u00efek van landschappen die het tot een droombestemming maken voor een gezinsvakantie. De <strong>kust van de Alpes-Maritimes<\/strong> nodigt uit tot onvergetelijke momenten met het hele gezin. Tussen zwemmen op de bewaakte stranden van Nice of Antibes, wandelingen langs de zee en boottochtjes, vindt iedereen wel iets van zijn gading. Kinderen zullen zich vermaken tijdens een boottocht naar de L\u00e9rins-eilanden, terwijl ouders kunnen genieten van de pittoreske haventjes en Proven\u00e7aalse markten. De goed uitgeruste badplaatsen combineren veiligheid en animatie voor jong en oud.<\/p>\n\n\n\n<p>Op enkele kilometers van de kust onthult het achterland een authentiek decor: <strong>hooggelegen dorpjes<\/strong> met middeleeuwse charme, <strong>lavendelvelden<\/strong>, olijfgaarden en adembenemende vergezichten. Het <strong>nationaal park Mercantour<\/strong>, met zijn vele wandelpaden en bergmeren, belooft <strong>wandelaars <\/strong>een totale onderdompeling in het hart van een ongerepte natuur. Een verblijf in een accommodatie aan de C\u00f4te d&#8217;Azur op een camping met zwembad is ideaal om de regio te ontdekken.<\/p>\n\n\n\n<div class=\"wp-container-69d7682e555f9 wp-block-buttons\">\n<div class=\"wp-block-button\"><a class=\"wp-block-button__link\" href=\"https:\/\/campingprovencale.com\/nl\/campings-cote-dazur\/\">Ontdek de C\u00f4te d&#8217;Azur<\/a><\/div>\n<\/div>\n\n\n\n<div style=\"height:30px\" aria-hidden=\"true\" class=\"wp-block-spacer\"><\/div>\n\n\n\n<div class=\"wp-block-columns\">\n<div class=\"wp-block-column is-vertically-aligned-center\">\n<h3 id=\"bezienswaardigheden-rond-de-camping-aan-de-cote-d-azur\">Bezienswaardigheden rond de camping aan de C\u00f4te d&#8217;Azur :<\/h3>\n\n\n\n<ul id=\"block-c20dbff4-a703-4d14-8af8-da04c52944ee\"><li><a href=\"https:\/\/campingprovencale.com\/nl\/camping-bij-nice-aan-zee\/\">Nice<\/a>, die gr\u00f6\u00dfte Stadt, strahlt mit seiner ber\u00fchmten Strandpromenade, der Promenade des Anglais, und seinem reichen k\u00fcnstlerischen Erbe. Die Altstadt von Nizza bezaubert mit ihren engen Gassen und lebhaften M\u00e4rkten.<\/li><li><strong>Cannes <\/strong>steht f\u00fcr Glamour und Festivals, insbesondere die <a href=\"https:\/\/campingprovencale.com\/nl\/cannes-walk-of-fame\/\" data-type=\"page\" data-id=\"5889\">Filmfestspiele von Cannes<\/a>.<\/li><li><a href=\"https:\/\/campingprovencale.com\/nl\/grasse-frankrijk\/\">Grasse<\/a>, das f\u00fcr seine Parf\u00fcms weltber\u00fchmt ist.<\/li><li><a href=\"https:\/\/campingprovencale.com\/nl\/antibes-camping\/\">Antibes <\/a>besticht durch sein mittelalterliches Zentrum, seine Stadtmauer und seine Str\u00e4nde mit kristallklarem Wasser.<\/li><li><a href=\"https:\/\/campingprovencale.com\/nl\/saint-raphael-camping\/\">Saint-Rapha\u00ebl<\/a> is een zonnige badplaats aan de <strong>C\u00f4te d&#8217;Azur<\/strong>, ideaal voor een gezinsvakantie tussen stranden, ongerepte natuur en culturele ontdekkingen.<\/li><li>Ga op avontuur in het spectaculaire <a href=\"https:\/\/campingprovencale.com\/nl\/camping-esterel-caravaning\/\">Esterelmassief<\/a>, tussen rode rotsen, wilde baaien en adembenemende uitzichten op de<strong> Middellandse Zee<\/strong>.<\/li><li><a href=\"https:\/\/campingprovencale.com\/nl\/vakantie-frejus\/\">Fr\u00e9jus <\/a>maakt indruk met zijn rijke Romeinse erfgoed, zijn fijne zandstranden en de gezellige sfeer aan zee.<\/li><li><a href=\"https:\/\/campingprovencale.com\/nl\/camping-saint-tropez\/\" data-type=\"page\" data-id=\"5574\">Saint-Tropez<\/a> betovert met zijn emblematische haven, levendige straten en beroemde mediterrane stranden.<\/li><li>Eingebettet zwischen Meer und Bergen besticht <a href=\"https:\/\/campingprovencale.com\/nl\/monaco\/\" data-type=\"page\" data-id=\"5886\">Monaco <\/a>durch seine Eleganz, sein f\u00fcrstliches Erbe und seine mediterranen Panoramen und bietet einen einzigartigen Ausflug zwischen Kultur, Natur und Glamour an der <strong>C\u00f4te d\u2019Azur<\/strong>.<\/li><\/ul>\n<\/div>\n\n\n\n<div class=\"wp-block-column\">\n<figure class=\"wp-block-image size-full\"><img width=\"640\" height=\"424\" src=\"https:\/\/campingprovencale.com\/wp-content\/uploads\/2024\/09\/menton-7093335_640.jpg\" alt=\"Menton cote d'azur\" class=\"wp-image-4188\" srcset=\"https:\/\/campingprovencale.com\/wp-content\/uploads\/2024\/09\/menton-7093335_640.jpg 640w, https:\/\/campingprovencale.com\/wp-content\/uploads\/2024\/09\/menton-7093335_640-300x199.jpg 300w\" sizes=\"(max-width: 640px) 100vw, 640px\" \/><\/figure>\n<\/div>\n<\/div>\n\n\n\n<div class=\"wp-block-columns are-vertically-aligned-center\">\n<div class=\"wp-block-column is-vertically-aligned-center\">\n<figure class=\"wp-block-image size-large\"><img width=\"1024\" height=\"576\" src=\"https:\/\/campingprovencale.com\/wp-content\/uploads\/2023\/12\/Massif-Esterel-1024x576.jpeg\" alt=\"camping Massif Esterel Provence\" class=\"wp-image-2580\" srcset=\"https:\/\/campingprovencale.com\/wp-content\/uploads\/2023\/12\/Massif-Esterel-1024x576.jpeg 1024w, https:\/\/campingprovencale.com\/wp-content\/uploads\/2023\/12\/Massif-Esterel-300x169.jpeg 300w, https:\/\/campingprovencale.com\/wp-content\/uploads\/2023\/12\/Massif-Esterel-768x432.jpeg 768w, https:\/\/campingprovencale.com\/wp-content\/uploads\/2023\/12\/Massif-Esterel-1536x864.jpeg 1536w, https:\/\/campingprovencale.com\/wp-content\/uploads\/2023\/12\/Massif-Esterel-2048x1152.jpeg 2048w, https:\/\/campingprovencale.com\/wp-content\/uploads\/2023\/12\/Massif-Esterel-1920x1080.jpeg 1920w\" sizes=\"(max-width: 1024px) 100vw, 1024px\" \/><\/figure>\n<\/div>\n\n\n\n<div class=\"wp-block-column is-vertically-aligned-center\">\n<h3 id=\"het-esterel-massief\">Het Esterel-massief<\/h3>\n\n\n\n<p>De Alpes-Maritimes zijn de perfecte combinatie van de <strong>Proven\u00e7aalse charme<\/strong> en de <strong>Alpenpracht<\/strong>, een onmisbare bestemming voor liefhebbers van natuur, cultuur en zon. Trakteer uzelf op een rustige nacht in een comfortabele kamer of op een schaduwrijke kampeerplaats, ideaal voor uw <strong>vakantie in de buitenlucht<\/strong>. Geniet van het zwemparadijs met zwembad, perfect voor jong en oud.<\/p>\n\n\n\n<p>Met het<strong>&nbsp;<\/strong><a href=\"https:\/\/campingprovencale.com\/nl\/camping-esterel-caravaning\/\">Esterel massief&nbsp;<\/a>ontdek&nbsp;<strong>400 kilometer aan gemarkeerde wandelpaden<\/strong>&nbsp;die je te voet of per mountainbike kunt afleggen. Het hoogste punt is de Mont Vinaigre met een hoogte van meer dan 600 meter. Je kunt ook gaan wandelen in &nbsp;<strong>Maure Vieil&nbsp;<\/strong>en zijn caldera, Mont San Peyre en zijn prachtige panorama of het&nbsp;<strong>Massif du Tanneron<\/strong>&nbsp;en het&nbsp;<strong>grootste mimosabos van Europa<\/strong>.<\/p>\n\n\n\n<p id=\"notre-camping-de-mandelieu-la-napoule-la-provencale-offre-un-point-de-depart-ideal-pour-les-amoureux-de-la-nature-en-quete-d-exploration-notamment-celui-du-superbe-massif-de-l-esterel-repute-pour-ses-nombreuses-activites-points-de-vue-et-sa-beaute-vous-saurez-vous-laisser-seduire-par-ce-massif-montagneux-tout-d-abord-les-amateurs-de-randonnees-seront-combles-en-decouvrant-les-sentiers-balises-a-travers-tous-les-paysages-de-l-esterel-il-y-en-a-pour-tous-les-niveaux-que-vous-soyez-un-debutant-ou-plus-experimente-chacun-pourra-trouver-son-itineraire-ideal-a-travers-les-forets-les-falaises-et-les-vues-panoramiques-a-couper-le-souffle-sur-la-cote-et-les-alpes-maritimes\">Onze <strong>4-sterrencamping<\/strong> is een ideaal vertrekpunt voor natuurliefhebbers die op ontdekkingstocht willen gaan, met name in het Est\u00e9rel-massief. Dit bergmassief staat bekend om zijn vele activiteiten, uitzichtpunten en schoonheid en zal u zeker bekoren. Liefhebbers van <strong>wandelen<\/strong> kunnen hun hart ophalen op de gemarkeerde paden door alle landschappen van het Est\u00e9rel. Er is voor elk niveau wat wils, of u nu een beginner bent of meer ervaring heeft, iedereen kan zijn ideale route vinden door de bossen, langs de kliffen en met adembenemende panoramische uitzichten over de kust en de <strong>Alpes-Maritimes<\/strong>.<\/p>\n\n\n\n<p>Voor liefhebbers van watersportactiviteiten bieden de <strong>stranden van Est\u00e9rel<\/strong> een perfecte omgeving om te zwemmen, duiken, zeilen of kajakken op het kristalheldere water. De afgelegen baaien zijn een ideale plek om te genieten van de mediterrane zon.<\/p>\n<\/div>\n<\/div>\n\n\n\n<figure class=\"wp-block-gallery has-nested-images columns-2 is-cropped deco--soleil1-bas\">\n<figure class=\"wp-block-image size-large\"><img width=\"891\" height=\"371\" src=\"https:\/\/campingprovencale.com\/wp-content\/uploads\/2022\/07\/Camping-provencale_ile-de-lerins.jpg\" alt=\"camping Alpes Maritieme eilanden van Lerins\" class=\"wp-image-715\" srcset=\"https:\/\/campingprovencale.com\/wp-content\/uploads\/2022\/07\/Camping-provencale_ile-de-lerins.jpg 891w, https:\/\/campingprovencale.com\/wp-content\/uploads\/2022\/07\/Camping-provencale_ile-de-lerins-300x125.jpg 300w, https:\/\/campingprovencale.com\/wp-content\/uploads\/2022\/07\/Camping-provencale_ile-de-lerins-768x320.jpg 768w\" sizes=\"(max-width: 891px) 100vw, 891px\" \/><\/figure>\n\n\n\n<figure class=\"wp-block-image size-large\"><img width=\"1024\" height=\"685\" src=\"https:\/\/campingprovencale.com\/wp-content\/uploads\/2023\/10\/plages-1024x685.jpg\" alt=\"plage C\u00f4te d'Azur\" class=\"wp-image-2390\" srcset=\"https:\/\/campingprovencale.com\/wp-content\/uploads\/2023\/10\/plages-1024x685.jpg 1024w, https:\/\/campingprovencale.com\/wp-content\/uploads\/2023\/10\/plages-300x201.jpg 300w, https:\/\/campingprovencale.com\/wp-content\/uploads\/2023\/10\/plages-768x514.jpg 768w, https:\/\/campingprovencale.com\/wp-content\/uploads\/2023\/10\/plages-1536x1028.jpg 1536w, https:\/\/campingprovencale.com\/wp-content\/uploads\/2023\/10\/plages-2048x1371.jpg 2048w\" sizes=\"(max-width: 1024px) 100vw, 1024px\" \/><\/figure>\n<\/figure>\n<\/div><\/section>\n\n\n\n<p><\/p>\n","protected":false},"excerpt":{"rendered":"<p>Ontdek de omgeving van de camping aan de C\u00f4te d&#8217;Azur Hou je van onze camping, onze activiteiten en alles wat je er kunt doen? Ontdek met plezier de omgeving en alle natuurlijke en architectonische bezienswaardigheden die de Alpes-Maritimes te bieden heeft.Profiteer van de natuur met het massief van Est\u00e9rel of het massief van Tanneron, de [&hellip;]<\/p>\n","protected":false},"author":1,"featured_media":3334,"parent":0,"menu_order":0,"comment_status":"closed","ping_status":"closed","template":"","meta":[],"acf":[],"_links":{"self":[{"href":"https:\/\/campingprovencale.com\/nl\/wp-json\/wp\/v2\/pages\/982"}],"collection":[{"href":"https:\/\/campingprovencale.com\/nl\/wp-json\/wp\/v2\/pages"}],"about":[{"href":"https:\/\/campingprovencale.com\/nl\/wp-json\/wp\/v2\/types\/page"}],"author":[{"embeddable":true,"href":"https:\/\/campingprovencale.com\/nl\/wp-json\/wp\/v2\/users\/1"}],"replies":[{"embeddable":true,"href":"https:\/\/campingprovencale.com\/nl\/wp-json\/wp\/v2\/comments?post=982"}],"version-history":[{"count":6,"href":"https:\/\/campingprovencale.com\/nl\/wp-json\/wp\/v2\/pages\/982\/revisions"}],"predecessor-version":[{"id":5893,"href":"https:\/\/campingprovencale.com\/nl\/wp-json\/wp\/v2\/pages\/982\/revisions\/5893"}],"wp:featuredmedia":[{"embeddable":true,"href":"https:\/\/campingprovencale.com\/nl\/wp-json\/wp\/v2\/media\/3334"}],"wp:attachment":[{"href":"https:\/\/campingprovencale.com\/nl\/wp-json\/wp\/v2\/media?parent=982"}],"curies":[{"name":"wp","href":"https:\/\/api.w.org\/{rel}","templated":true}]}}